{"id":32,"date":"2014-09-18T12:31:33","date_gmt":"2014-09-18T11:31:33","guid":{"rendered":"http:\/\/agora.xtec.cat\/escolaflorestasabadell\/?page_id=32"},"modified":"2025-11-11T09:46:50","modified_gmt":"2025-11-11T08:46:50","slug":"calendari-del-curs","status":"publish","type":"page","link":"https:\/\/agora.xtec.cat\/escolaflorestasabadell\/calendari-del-curs\/","title":{"rendered":"Calendari del curs i horaris"},"content":{"rendered":"<p style=\"text-align: justify;\">L\u2019<b>horari lectiu<\/b> del centre \u00e9s de 9h a 12,30 h i de 15,00h a 16,30h per a tots els alumnes del centre.<\/p>\n<p><b>TOTS L&#8217;ALUMNAT ENTRARAN SOLS<\/b><span style=\"font-weight: 400;\"> pel pati de davant. Els alumnes d\u2019 Infantil i inicial faran filera amb els mestres responsables abans d\u2019entrar, la resta de cursos pujaran sols fins a la seva aula.\u00a0<\/span><\/p>\n<p style=\"text-align: justify;\">Per l&#8217;alumnat que inicien l\u2019escolaritzaci\u00f3 a I3, s\u2019organitza un breu per\u00edode d\u2019adaptaci\u00f3 que suposa una certa modificaci\u00f3 dels horaris dels dos primers dies de classe, i que es fa saber a les fam\u00edlies en les reunions pr\u00e8vies corresponents.<\/p>\n<p><strong>Inici de curs:<\/strong> 9 de setembre de 2025<\/p>\n<p><strong>Vacances:<\/strong><\/p>\n<ul>\n<li>Nadal: del 20 de desembre de 2025 al 7 de gener de 2026 (ambd\u00f3s inclosos)<\/li>\n<li>Setmana Santa: del 28 de mar\u00e7 al 6 d&#8217;abril de 2026 (ambd\u00f3s inclosos)<\/li>\n<li>Vacances d&#8217;estiu: a partir del 20 de juny de 2026<\/li>\n<\/ul>\n<p><strong>Dies festius locals i de lliure disposici\u00f3:<\/strong><\/p>\n<ul>\n<li>11 i 12 de setembre de 2025<\/li>\n<li>3 de novembre de 2025<\/li>\n<li>8 de desembre de 2025<\/li>\n<li>16 de febrer de 2026<\/li>\n<li>13 de mar\u00e7 de 2026<\/li>\n<li>30 d&#8217;abril i 1 de maig de 2026<\/li>\n<li>11 de maig de 2026<\/li>\n<\/ul>\n<p><strong>Jornada compactada (de 9h a 13h):<\/strong> A partir del 8 de juny de 2026.<\/p>\n","protected":false},"excerpt":{"rendered":"<p>L\u2019horari lectiu del centre \u00e9s de 9h a 12,30 h i de 15,00h a 16,30h per a tots els alumnes del centre.<br \/>\nTOTS L&#8217;ALUMNAT ENTRARAN SOLS pel pati de davant. Els alumnes d\u2019 Infantil i inicial faran filera amb els mestres responsables abans d\u2019entrar, la resta&hellip;  <a href=\"https:\/\/agora.xtec.cat\/escolaflorestasabadell\/calendari-del-curs\/\" title=\"Read Calendari del curs i horaris\">Llegeix m\u00e9s\u00bb<\/a><\/p>\n","protected":false},"author":2,"featured_media":0,"parent":0,"menu_order":2,"comment_status":"closed","ping_status":"closed","template":"page-templates\/side-menu.php","meta":{"_bbp_topic_count":0,"_bbp_reply_count":0,"_bbp_total_topic_count":0,"_bbp_total_reply_count":0,"_bbp_voice_count":0,"_bbp_anonymous_reply_count":0,"_bbp_topic_count_hidden":0,"_bbp_reply_count_hidden":0,"_bbp_forum_subforum_count":0,"footnotes":""},"class_list":["post-32","page","type-page","status-publish","hentry"],"post_mailing_queue_ids":[],"_links":{"self":[{"href":"https:\/\/agora.xtec.cat\/escolaflorestasabadell\/wp-json\/wp\/v2\/pages\/32","targetHints":{"allow":["GET"]}}],"collection":[{"href":"https:\/\/agora.xtec.cat\/escolaflorestasabadell\/wp-json\/wp\/v2\/pages"}],"about":[{"href":"https:\/\/agora.xtec.cat\/escolaflorestasabadell\/wp-json\/wp\/v2\/types\/page"}],"author":[{"embeddable":true,"href":"https:\/\/agora.xtec.cat\/escolaflorestasabadell\/wp-json\/wp\/v2\/users\/2"}],"replies":[{"embeddable":true,"href":"https:\/\/agora.xtec.cat\/escolaflorestasabadell\/wp-json\/wp\/v2\/comments?post=32"}],"version-history":[{"count":5,"href":"https:\/\/agora.xtec.cat\/escolaflorestasabadell\/wp-json\/wp\/v2\/pages\/32\/revisions"}],"predecessor-version":[{"id":9666,"href":"https:\/\/agora.xtec.cat\/escolaflorestasabadell\/wp-json\/wp\/v2\/pages\/32\/revisions\/9666"}],"wp:attachment":[{"href":"https:\/\/agora.xtec.cat\/escolaflorestasabadell\/wp-json\/wp\/v2\/media?parent=32"}],"curies":[{"name":"wp","href":"https:\/\/api.w.org\/{rel}","templated":true}]}}