{"id":26,"date":"2014-09-18T12:24:32","date_gmt":"2014-09-18T12:24:32","guid":{"rendered":"http:\/\/agora.xtec.cat\/escolaflorestasabadell\/?page_id=26"},"modified":"2016-09-15T08:25:34","modified_gmt":"2016-09-15T07:25:34","slug":"historia","status":"publish","type":"page","link":"https:\/\/agora.xtec.cat\/escolaflorestasabadell\/lescola\/historia\/","title":{"rendered":"Hist\u00f2ria"},"content":{"rendered":"<h2><strong>Els inicis de l&#8217;escola Floresta<\/strong><\/h2>\n<p style=\"text-align: justify;\">La hist\u00f2ria de la nostra escola est\u00e0 estretament lligada a la del barri de Can Deu. Entre els anys 1973 i 1974 el barri, acabat d\u2019estrenar, es va omplir de fam\u00edlies joves amb molta canalla en edat escolar. Com que l\u2019escola encara s\u2019estava construint, els alumnes es van escolaritzar en locals comercials del barri improvisats fent torns de mat\u00ed i tarda.<br \/>\nResponent a la pressi\u00f3 dels pares, el centre es va inaugurar al novembre del 74 amb alguns problemes pendents: manca de mobiliari, manca de professorat&#8230; Tot i que representava una gran millora i oferia molts serveis com el gimn\u00e0s, la cuina i el menjador, el laboratori o la biblioteca, aviat es van adonar que era insuficient ja que estava dissenyat per dues l\u00ednies \u2013 a40 per aula! &#8211; i, des del principi, s&#8217;en van haver de fer tres, tancant espais oberts i ocupant sales d\u2019\u00fas m\u00faltiple.<\/p>\n\r\n\t<div class=\"slideshow_container slideshow_container_style-light\" style=\" \" data-slideshow-id=\"279\" data-style-name=\"style-light\" data-style-version=\"2.3.1\" >\r\n\r\n\t\t\t\t\t<div class=\"slideshow_loading_icon\"><\/div>\r\n\t\t\r\n\t\t<div class=\"slideshow_content\" style=\"display: none;\">\r\n\r\n\t\t\t<div class=\"slideshow_view\">\r\n\t\t\t\t<div class=\"slideshow_slide slideshow_slide_image\">\r\n\t\t\t\t\t\t\t\t\t\t\t<img src=\"https:\/\/agora.xtec.cat\/escolaflorestasabadell\/wp-content\/uploads\/usu478\/2015\/11\/expo11.jpg\" alt=\"mestres\" width=\"607\" height=\"422\" \/>\r\n\t\t\t\t\t\t\t\t\t\t<div class=\"slideshow_description_box slideshow_transparent\">\r\n\t\t\t\t\t\t<div class=\"slideshow_title\">mestres<\/div>\t\t\t\t\t\t\t\t\t\t\t<\/div>\r\n\t\t\t\t<\/div>\r\n\r\n\t\t\t\t\t\t<div style=\"clear: both;\"><\/div><\/div><div class=\"slideshow_view\">\r\n\t\t\t\t<div class=\"slideshow_slide slideshow_slide_image\">\r\n\t\t\t\t\t\t\t\t\t\t\t<img src=\"https:\/\/agora.xtec.cat\/escolaflorestasabadell\/wp-content\/uploads\/usu478\/2015\/11\/expo10.jpg\" alt=\"aula\" width=\"966\" height=\"619\" \/>\r\n\t\t\t\t\t\t\t\t\t\t<div class=\"slideshow_description_box slideshow_transparent\">\r\n\t\t\t\t\t\t<div class=\"slideshow_title\">aula<\/div>\t\t\t\t\t\t\t\t\t\t\t<\/div>\r\n\t\t\t\t<\/div>\r\n\r\n\t\t\t\t\t\t<div style=\"clear: both;\"><\/div><\/div><div class=\"slideshow_view\">\r\n\t\t\t\t<div class=\"slideshow_slide slideshow_slide_image\">\r\n\t\t\t\t\t\t\t\t\t\t\t<img src=\"https:\/\/agora.xtec.cat\/escolaflorestasabadell\/wp-content\/uploads\/usu478\/2015\/11\/expo9.jpg\" alt=\"Claustre\" width=\"932\" height=\"586\" \/>\r\n\t\t\t\t\t\t\t\t\t\t<div class=\"slideshow_description_box slideshow_transparent\">\r\n\t\t\t\t\t\t<div class=\"slideshow_title\">Claustre<\/div>\t\t\t\t\t\t\t\t\t\t\t<\/div>\r\n\t\t\t\t<\/div>\r\n\r\n\t\t\t\t\t\t<div style=\"clear: both;\"><\/div><\/div><div class=\"slideshow_view\">\r\n\t\t\t\t<div class=\"slideshow_slide slideshow_slide_image\">\r\n\t\t\t\t\t\t\t\t\t\t\t<img src=\"https:\/\/agora.xtec.cat\/escolaflorestasabadell\/wp-content\/uploads\/usu478\/2015\/11\/expo8.jpg\" alt=\"aula\" width=\"895\" height=\"600\" \/>\r\n\t\t\t\t\t\t\t\t\t\t<div class=\"slideshow_description_box slideshow_transparent\">\r\n\t\t\t\t\t\t<div class=\"slideshow_title\">aula<\/div>\t\t\t\t\t\t\t\t\t\t\t<\/div>\r\n\t\t\t\t<\/div>\r\n\r\n\t\t\t\t\t\t<div style=\"clear: both;\"><\/div><\/div><div class=\"slideshow_view\">\r\n\t\t\t\t<div class=\"slideshow_slide slideshow_slide_image\">\r\n\t\t\t\t\t\t\t\t\t\t\t<img src=\"https:\/\/agora.xtec.cat\/escolaflorestasabadell\/wp-content\/uploads\/usu478\/2015\/11\/expo7.jpg\" alt=\"aula\" width=\"919\" height=\"602\" \/>\r\n\t\t\t\t\t\t\t\t\t\t<div class=\"slideshow_description_box slideshow_transparent\">\r\n\t\t\t\t\t\t<div class=\"slideshow_title\">aula<\/div>\t\t\t\t\t\t\t\t\t\t\t<\/div>\r\n\t\t\t\t<\/div>\r\n\r\n\t\t\t\t\t\t<div style=\"clear: both;\"><\/div><\/div><div class=\"slideshow_view\">\r\n\t\t\t\t<div class=\"slideshow_slide slideshow_slide_image\">\r\n\t\t\t\t\t\t\t\t\t\t\t<img src=\"https:\/\/agora.xtec.cat\/escolaflorestasabadell\/wp-content\/uploads\/usu478\/2015\/11\/expo6.jpg\" alt=\"aula\" width=\"957\" height=\"640\" \/>\r\n\t\t\t\t\t\t\t\t\t\t<div class=\"slideshow_description_box slideshow_transparent\">\r\n\t\t\t\t\t\t<div class=\"slideshow_title\">aula<\/div>\t\t\t\t\t\t\t\t\t\t\t<\/div>\r\n\t\t\t\t<\/div>\r\n\r\n\t\t\t\t\t\t<div style=\"clear: both;\"><\/div><\/div><div class=\"slideshow_view\">\r\n\t\t\t\t<div class=\"slideshow_slide slideshow_slide_image\">\r\n\t\t\t\t\t\t\t\t\t\t\t<img src=\"https:\/\/agora.xtec.cat\/escolaflorestasabadell\/wp-content\/uploads\/usu478\/2015\/11\/expo5.jpg\" alt=\"aula\" width=\"963\" height=\"584\" \/>\r\n\t\t\t\t\t\t\t\t\t\t<div class=\"slideshow_description_box slideshow_transparent\">\r\n\t\t\t\t\t\t<div class=\"slideshow_title\">aula<\/div>\t\t\t\t\t\t\t\t\t\t\t<\/div>\r\n\t\t\t\t<\/div>\r\n\r\n\t\t\t\t\t\t<div style=\"clear: both;\"><\/div><\/div><div class=\"slideshow_view\">\r\n\t\t\t\t<div class=\"slideshow_slide slideshow_slide_image\">\r\n\t\t\t\t\t\t\t\t\t\t\t<img src=\"https:\/\/agora.xtec.cat\/escolaflorestasabadell\/wp-content\/uploads\/usu478\/2015\/11\/expo4.jpg\" alt=\"aula\" width=\"953\" height=\"654\" \/>\r\n\t\t\t\t\t\t\t\t\t\t<div class=\"slideshow_description_box slideshow_transparent\">\r\n\t\t\t\t\t\t<div class=\"slideshow_title\">aula<\/div>\t\t\t\t\t\t\t\t\t\t\t<\/div>\r\n\t\t\t\t<\/div>\r\n\r\n\t\t\t\t\t\t<div style=\"clear: both;\"><\/div><\/div><div class=\"slideshow_view\">\r\n\t\t\t\t<div class=\"slideshow_slide slideshow_slide_image\">\r\n\t\t\t\t\t\t\t\t\t\t\t<img src=\"https:\/\/agora.xtec.cat\/escolaflorestasabadell\/wp-content\/uploads\/usu478\/2015\/11\/expo3.jpg\" alt=\"aula\" width=\"959\" height=\"645\" \/>\r\n\t\t\t\t\t\t\t\t\t\t<div class=\"slideshow_description_box slideshow_transparent\">\r\n\t\t\t\t\t\t<div class=\"slideshow_title\">aula<\/div>\t\t\t\t\t\t\t\t\t\t\t<\/div>\r\n\t\t\t\t<\/div>\r\n\r\n\t\t\t\t\t\t<div style=\"clear: both;\"><\/div><\/div><div class=\"slideshow_view\">\r\n\t\t\t\t<div class=\"slideshow_slide slideshow_slide_image\">\r\n\t\t\t\t\t\t\t\t\t\t\t<img src=\"https:\/\/agora.xtec.cat\/escolaflorestasabadell\/wp-content\/uploads\/usu478\/2015\/11\/expo2.jpg\" alt=\"aula\" width=\"891\" height=\"547\" \/>\r\n\t\t\t\t\t\t\t\t\t\t<div class=\"slideshow_description_box slideshow_transparent\">\r\n\t\t\t\t\t\t<div class=\"slideshow_title\">aula<\/div>\t\t\t\t\t\t\t\t\t\t\t<\/div>\r\n\t\t\t\t<\/div>\r\n\r\n\t\t\t\t\t\t<div style=\"clear: both;\"><\/div><\/div><div class=\"slideshow_view\">\r\n\t\t\t\t<div class=\"slideshow_slide slideshow_slide_image\">\r\n\t\t\t\t\t\t\t\t\t\t\t<img src=\"https:\/\/agora.xtec.cat\/escolaflorestasabadell\/wp-content\/uploads\/usu478\/2015\/11\/expo1.jpg\" alt=\"pati\" width=\"824\" height=\"556\" \/>\r\n\t\t\t\t\t\t\t\t\t\t<div class=\"slideshow_description_box slideshow_transparent\">\r\n\t\t\t\t\t\t<div class=\"slideshow_title\">pati<\/div>\t\t\t\t\t\t\t\t\t\t\t<\/div>\r\n\t\t\t\t<\/div>\r\n\r\n\t\t\t\t\t\t<div style=\"clear: both;\"><\/div><\/div>\r\n\t\t<\/div>\r\n\r\n\t\t<div class=\"slideshow_controlPanel slideshow_transparent\" style=\"display: none;\"><ul><li class=\"slideshow_togglePlay\" data-play-text=\"Visualitza\" data-pause-text=\"Pausa\"><\/li><\/ul><\/div>\r\n\r\n\t\t<div class=\"slideshow_button slideshow_previous slideshow_transparent\" role=\"button\" data-previous-text=\"Anterior\" style=\"display: none;\"><\/div>\r\n\t\t<div class=\"slideshow_button slideshow_next slideshow_transparent\" role=\"button\" data-next-text=\"Seg\u00fcent\" style=\"display: none;\"><\/div>\r\n\r\n\t\t<div class=\"slideshow_pagination\" style=\"display: none;\" data-go-to-text=\"V\u00e9s a la diapositiva\"><div class=\"slideshow_pagination_center\"><\/div><\/div>\r\n\r\n\t\t<!-- WordPress Slideshow Version 2.3.1 -->\r\n\r\n\t\t\t<\/div>\r\n\r\n\n<p style=\"text-align: justify;\">Per\u00f2 els veritables problemes es van comen\u00e7ar a detectar al curs 75-76 quan l\u2019escola, constru\u00efda sobre un barranc, es va esquerdar. Aquest fet provoc\u00e0 l\u2019alarma dels ve\u00efns i origin\u00e0 una lluita per aconseguir que es fes una revisi\u00f3 dels fonaments. La resposta de l\u2019empresa constructora va ser limitar-se a tapar les esquerdes. Al llarg del curs 76-77 aquestes tornen a apar\u00e8ixer de forma progressiva.<\/p>\n<p style=\"text-align: justify;\">Paral\u00b7lelament es consolida un claustre amb una majoria de mestres compromesos amb la lluita per la renovaci\u00f3 de l\u2019escola p\u00fablica i oberts a la col\u00b7laboraci\u00f3 amb els pares. Quan a l\u2019octubre del 77 es produeix el cessament de tots els directors per donar pas a l\u2019elecci\u00f3 democr\u00e0tica, el claustre decideix organitzar-se de forma autogestionaria i es nega a nomenar un director. S\u2019aproven tamb\u00e9 altres decisions importants com la supressi\u00f3 de les \u201cperman\u00e8ncies\u201d, la matriculaci\u00f3 d\u2019un m\u00e0xim de 30 alumnes per aula, la participaci\u00f3 dels pares a les decisions importants de l\u2019escola i la socialitzaci\u00f3 dels llibres i el material escolar.<\/p>\n<p style=\"text-align: justify;\">A comen\u00e7aments del curs 77-78 les esquerdes s\u2019estenen per tota la zona nord. Pares i mestres, assessorats per l\u2019arquitecte Jordi Costa, exigeixen a la Unitat T\u00e8cnica d\u2019Educaci\u00f3 que certifiqui per escrit l\u2019habilitat de l\u2019edifici. Els arquitectes del Ministeri es neguen per\u00f2 es comprometen a fer una revisi\u00f3 mensual seguida d\u2019una reuni\u00f3 amb la participaci\u00f3 de l\u2019Ajuntament, l\u2019empresa constructora (Huarte), i els representants dels pares i dels mestres. Al llarg de tot el proc\u00e9s es produeixen fortes mobilitzacions tant a nivell de Sabadell com a la delegaci\u00f3 d\u2019Educaci\u00f3 de Barcelona on es posa de manifest la solidaritat entre ve\u00efns.<\/p>\n<p style=\"text-align: justify;\">A totes les reunions es constata la feblesa dels fonaments i la responsabilitat de l\u2019empresa constructora, per\u00f2 aquesta no es presenta. Davant d&#8217;aquest fet, a la reuni\u00f3 de novembre del 77 es decideix per part dels pares i dels mestres romandre a l\u2019escola ininterrompudament fins que l\u2019empresa comparegui. En aquesta acci\u00f3 participen la majoria dels pares que organitzen torns per ocupar l\u2019escola. Finalment, despr\u00e9s de passar moments de molta tensi\u00f3, el representant de Huarte es presenta cap a les vuit de la tarda i es compromet a reparar els fonaments.<\/p>\n<p style=\"text-align: justify;\">Per tal de fer les obres van haver de deixar l\u2019escola durant un curs i mig (primavera del 79 i tot el curs 79-80) i traslladar-nos als Col\u00b7legis Sant Juli\u00e0, Can Deu i en cinc locals de la Pla\u00e7a Castanyers.<\/p>\n<p style=\"text-align: justify;\">La col\u00b7laboraci\u00f3 dels pares es va estendre tamb\u00e9 a l\u2019\u00e0mbit pedag\u00f2gic participant en la preparaci\u00f3 de festes, sortides, col\u00f2nies, tallers&#8230; i organitzant el menjador i moltes activitats extraescolars, especialment m\u00fasica i els esports.<\/p>\n<p style=\"text-align: justify;\">Finalment, el curs 80-81 l&#8217;escola torna a acollir dues de les tres l\u00ednies inicials, deixant la tercera a l&#8217;Escola Sant Juli\u00e0.<\/p>\n<p>&nbsp;<\/p>\n<ul>\n<li style=\"text-align: left;\">\n<h3><a href=\"http:\/\/www.xtec.cat\/centres\/a8024832\/25_aniversari\/25aniversari.htm\">25\u00e8 aniversari 1975-2000<\/a><\/h3>\n<\/li>\n<\/ul>\n<p>&nbsp;<\/p>\n<ul>\n<li style=\"text-align: left;\">\n<h3><a href=\"http:\/\/agora.xtec.cat\/escolaflorestasabadell\/projecte-40-aniversari-de-lescola-floresta\/\">40\u00e8 aniversari 1975-2015: <\/a>Projecte-Eix Transversal del curs 2015-2016<\/h3>\n<\/li>\n<\/ul>\n","protected":false},"excerpt":{"rendered":"<p>Els inicis de l&#8217;escola Floresta<br \/>\nLa hist\u00f2ria de la nostra escola est\u00e0 estretament lligada a la del barri de Can Deu. Entre els anys 1973 i 1974 el barri, acabat d\u2019estrenar, es va omplir de fam\u00edlies joves amb molta canalla en edat escolar. Com que l\u2019escola&hellip;  <a href=\"https:\/\/agora.xtec.cat\/escolaflorestasabadell\/lescola\/historia\/\" title=\"Read Hist\u00f2ria\">Llegeix m\u00e9s\u00bb<\/a><\/p>\n","protected":false},"author":2,"featured_media":0,"parent":22,"menu_order":3,"comment_status":"closed","ping_status":"closed","template":"page-templates\/side-menu.php","meta":{"_bbp_topic_count":0,"_bbp_reply_count":0,"_bbp_total_topic_count":0,"_bbp_total_reply_count":0,"_bbp_voice_count":0,"_bbp_anonymous_reply_count":0,"_bbp_topic_count_hidden":0,"_bbp_reply_count_hidden":0,"_bbp_forum_subforum_count":0,"footnotes":""},"class_list":["post-26","page","type-page","status-publish","hentry"],"post_mailing_queue_ids":[],"_links":{"self":[{"href":"https:\/\/agora.xtec.cat\/escolaflorestasabadell\/wp-json\/wp\/v2\/pages\/26","targetHints":{"allow":["GET"]}}],"collection":[{"href":"https:\/\/agora.xtec.cat\/escolaflorestasabadell\/wp-json\/wp\/v2\/pages"}],"about":[{"href":"https:\/\/agora.xtec.cat\/escolaflorestasabadell\/wp-json\/wp\/v2\/types\/page"}],"author":[{"embeddable":true,"href":"https:\/\/agora.xtec.cat\/escolaflorestasabadell\/wp-json\/wp\/v2\/users\/2"}],"replies":[{"embeddable":true,"href":"https:\/\/agora.xtec.cat\/escolaflorestasabadell\/wp-json\/wp\/v2\/comments?post=26"}],"version-history":[{"count":3,"href":"https:\/\/agora.xtec.cat\/escolaflorestasabadell\/wp-json\/wp\/v2\/pages\/26\/revisions"}],"predecessor-version":[{"id":2232,"href":"https:\/\/agora.xtec.cat\/escolaflorestasabadell\/wp-json\/wp\/v2\/pages\/26\/revisions\/2232"}],"up":[{"embeddable":true,"href":"https:\/\/agora.xtec.cat\/escolaflorestasabadell\/wp-json\/wp\/v2\/pages\/22"}],"wp:attachment":[{"href":"https:\/\/agora.xtec.cat\/escolaflorestasabadell\/wp-json\/wp\/v2\/media?parent=26"}],"curies":[{"name":"wp","href":"https:\/\/api.w.org\/{rel}","templated":true}]}}