{"id":2030,"date":"2016-05-23T11:27:48","date_gmt":"2016-05-23T10:27:48","guid":{"rendered":"http:\/\/agora.xtec.cat\/escolaflorestasabadell\/?page_id=2030"},"modified":"2016-06-14T10:04:18","modified_gmt":"2016-06-14T09:04:18","slug":"5ea","status":"publish","type":"page","link":"https:\/\/agora.xtec.cat\/escolaflorestasabadell\/projecte-40-aniversari-de-lescola-floresta\/5ea\/","title":{"rendered":"5\u00e8A: L&#8217;escola abans i ara"},"content":{"rendered":"<h6 style=\"text-align: justify;\">Ha canviat la manera d&#8217;ensenyar? han canviat els mestres al llarg de 40 anys?<\/h6>\n<p style=\"text-align: justify;\">Els nens i nenes de 5\u00e8A recreem escenes de com era l&#8217;escola abans i com \u00e9s actualment! Tamb\u00e9 podeu veure quines s\u00f3n les nostres reflexions en relaci\u00f3 a com ha canviat l&#8217;escola al llarg de 40 anys.<\/p>\n<p><iframe loading=\"lazy\" src=\"https:\/\/player.vimeo.com\/video\/169080710\" width=\"640\" height=\"360\" frameborder=\"0\" allowfullscreen=\"allowfullscreen\"><\/iframe><\/p>\n<p>&nbsp;<\/p>\n<h3>PROPOSTA DID\u00c0CTICA: Com ho hem fet?<\/h3>\n<p>&nbsp;<\/p>\n<p><iframe loading=\"lazy\" src=\"https:\/\/docs.google.com\/presentation\/d\/1aUJYHXMsdZx-4_tKMctOLJEuDavgYjP5QFyPgUMWiCI\/embed?start=false&amp;loop=false&amp;delayms=10000\" width=\"960\" height=\"629\" frameborder=\"0\" allowfullscreen=\"allowfullscreen\"><\/iframe><\/p>\n<p><span style=\"border-radius: 2px; text-indent: 20px; width: auto; padding: 0px 4px 0px 0px; text-align: center; font: bold 11px\/20px 'Helvetica Neue',Helvetica,sans-serif; color: #ffffff; background: #bd081c no-repeat scroll 3px 50% \/ 14px 14px; position: absolute; opacity: 1; z-index: 8675309; display: none; cursor: pointer;\">Save<\/span><\/p>\n<h3><\/h3>\n<h3><\/h3>\n<h3>FITXA T\u00c8CNICA<\/h3>\n<p><iframe loading=\"lazy\" src=\"https:\/\/docs.google.com\/document\/d\/1xc1X_ErZ3HVNUySgWNq1RRjgZOx5zkcxlAMvZPHc8xM\/pub?embedded=true\" width=\"700\" height=\"700\"><\/iframe><\/p>\n<p><span style=\"border-radius: 2px; text-indent: 20px; width: auto; padding: 0px 4px 0px 0px; text-align: center; font: bold 11px\/20px 'Helvetica Neue',Helvetica,sans-serif; color: #ffffff; background: #bd081c no-repeat scroll 3px 50% \/ 14px 14px; position: absolute; opacity: 1; z-index: 8675309; display: none; cursor: pointer;\">Save<\/span><\/p>\n<p><span style=\"border-radius: 2px; text-indent: 20px; width: auto; padding: 0px 4px 0px 0px; text-align: center; font: bold 11px\/20px 'Helvetica Neue',Helvetica,sans-serif; color: #ffffff; background: #bd081c  no-repeat scroll 3px 50% \/ 14px 14px; position: absolute; opacity: 1; z-index: 8675309; display: none; cursor: pointer;\">Save<\/span><\/p>\n","protected":false},"excerpt":{"rendered":"<p>Ha canviat la manera d&#8217;ensenyar? han canviat els mestres al llarg de 40 anys?<br \/>\nEls nens i nenes de 5\u00e8A recreem escenes de com era l&#8217;escola abans i com \u00e9s actualment! Tamb\u00e9 podeu veure quines s\u00f3n les nostres reflexions en relaci\u00f3 a com ha canviat l&#8217;escola&hellip;  <a href=\"https:\/\/agora.xtec.cat\/escolaflorestasabadell\/projecte-40-aniversari-de-lescola-floresta\/5ea\/\" title=\"Read 5\u00e8A: L&#8217;escola abans i ara\">Llegeix m\u00e9s\u00bb<\/a><\/p>\n","protected":false},"author":3,"featured_media":0,"parent":1997,"menu_order":11,"comment_status":"closed","ping_status":"closed","template":"page-templates\/side-menu.php","meta":{"_bbp_topic_count":0,"_bbp_reply_count":0,"_bbp_total_topic_count":0,"_bbp_total_reply_count":0,"_bbp_voice_count":0,"_bbp_anonymous_reply_count":0,"_bbp_topic_count_hidden":0,"_bbp_reply_count_hidden":0,"_bbp_forum_subforum_count":0,"footnotes":""},"class_list":["post-2030","page","type-page","status-publish","hentry"],"post_mailing_queue_ids":[],"_links":{"self":[{"href":"https:\/\/agora.xtec.cat\/escolaflorestasabadell\/wp-json\/wp\/v2\/pages\/2030","targetHints":{"allow":["GET"]}}],"collection":[{"href":"https:\/\/agora.xtec.cat\/escolaflorestasabadell\/wp-json\/wp\/v2\/pages"}],"about":[{"href":"https:\/\/agora.xtec.cat\/escolaflorestasabadell\/wp-json\/wp\/v2\/types\/page"}],"author":[{"embeddable":true,"href":"https:\/\/agora.xtec.cat\/escolaflorestasabadell\/wp-json\/wp\/v2\/users\/3"}],"replies":[{"embeddable":true,"href":"https:\/\/agora.xtec.cat\/escolaflorestasabadell\/wp-json\/wp\/v2\/comments?post=2030"}],"version-history":[{"count":4,"href":"https:\/\/agora.xtec.cat\/escolaflorestasabadell\/wp-json\/wp\/v2\/pages\/2030\/revisions"}],"predecessor-version":[{"id":2163,"href":"https:\/\/agora.xtec.cat\/escolaflorestasabadell\/wp-json\/wp\/v2\/pages\/2030\/revisions\/2163"}],"up":[{"embeddable":true,"href":"https:\/\/agora.xtec.cat\/escolaflorestasabadell\/wp-json\/wp\/v2\/pages\/1997"}],"wp:attachment":[{"href":"https:\/\/agora.xtec.cat\/escolaflorestasabadell\/wp-json\/wp\/v2\/media?parent=2030"}],"curies":[{"name":"wp","href":"https:\/\/api.w.org\/{rel}","templated":true}]}}