{"id":2027,"date":"2016-05-23T11:27:03","date_gmt":"2016-05-23T10:27:03","guid":{"rendered":"http:\/\/agora.xtec.cat\/escolaflorestasabadell\/?page_id=2027"},"modified":"2016-06-10T09:23:27","modified_gmt":"2016-06-10T08:23:27","slug":"6eb","status":"publish","type":"page","link":"https:\/\/agora.xtec.cat\/escolaflorestasabadell\/projecte-40-aniversari-de-lescola-floresta\/6eb\/","title":{"rendered":"6\u00e8B: Digital Floresta"},"content":{"rendered":"<h6 style=\"text-align: justify;\">Els nens i nenes de 6\u00e8 ens hem interessat en descobrir diversos successos que han anat passant al llarg de 40 anys a l&#8217;escola. Fem d&#8217;investigadors? fem de reporters? FEM UN DIARI DIGITAL!<\/h6>\n<p style=\"text-align: justify;\">Hem cercat informaci\u00f3 en diversos diaris antics, hem fet entrevistes a mestres i exalumnes, hem buscat a l&#8217;arxiu fotogr\u00e0fic, &#8230; i hem desenvolupat 11 not\u00edcies que hem considerat importants per la hist\u00f2ria de l&#8217;escola. Hem hagut de fer un treball de redacci\u00f3 i edici\u00f3 dels textos i aquest \u00e9s el resultat: us presentem el <strong>Digital Floresta<\/strong><\/p>\n<p>&nbsp;<\/p>\n<div class=\"issuuembed\" style=\"width: 725px; height: 571px;\" data-configid=\"25175993\/36362639\"><\/div>\n<p><script src=\"\/\/e.issuu.com\/embed.js\" async=\"true\" type=\"text\/javascript\"><\/script><\/p>\n<h3>PROPOSTA DID\u00c0CTICA: Com ho hem fet?<\/h3>\n<p><iframe loading=\"lazy\" src=\"https:\/\/docs.google.com\/presentation\/d\/12OHMKkM2hL4xSd15aM3cpwSs_ZiqbnzswmnN9aBZVtM\/embed?start=false&amp;loop=false&amp;delayms=10000\" width=\"960\" height=\"629\" frameborder=\"0\" allowfullscreen=\"allowfullscreen\"><\/iframe><\/p>\n<p>&nbsp;<\/p>\n<h3>FITXA T\u00c8CNICA:<br \/>\n<iframe loading=\"lazy\" src=\"https:\/\/docs.google.com\/document\/d\/1BuTGcrvdgtQqo10DsCglQ6tuZ7oMaYLZD9cW0Q29WY4\/pub?embedded=true\" width=\"700\" height=\"700\"><\/iframe><\/h3>\n","protected":false},"excerpt":{"rendered":"<p>Els nens i nenes de 6\u00e8 ens hem interessat en descobrir diversos successos que han anat passant al llarg de 40 anys a l&#8217;escola. Fem d&#8217;investigadors? fem de reporters? FEM UN DIARI DIGITAL!<br \/>\nHem cercat informaci\u00f3 en diversos diaris antics, hem fet entrevistes a mestres i&hellip;  <a href=\"https:\/\/agora.xtec.cat\/escolaflorestasabadell\/projecte-40-aniversari-de-lescola-floresta\/6eb\/\" title=\"Read 6\u00e8B: Digital Floresta\">Llegeix m\u00e9s\u00bb<\/a><\/p>\n","protected":false},"author":3,"featured_media":0,"parent":1997,"menu_order":14,"comment_status":"closed","ping_status":"closed","template":"page-templates\/side-menu.php","meta":{"_bbp_topic_count":0,"_bbp_reply_count":0,"_bbp_total_topic_count":0,"_bbp_total_reply_count":0,"_bbp_voice_count":0,"_bbp_anonymous_reply_count":0,"_bbp_topic_count_hidden":0,"_bbp_reply_count_hidden":0,"_bbp_forum_subforum_count":0,"footnotes":""},"class_list":["post-2027","page","type-page","status-publish","hentry"],"post_mailing_queue_ids":[],"_links":{"self":[{"href":"https:\/\/agora.xtec.cat\/escolaflorestasabadell\/wp-json\/wp\/v2\/pages\/2027","targetHints":{"allow":["GET"]}}],"collection":[{"href":"https:\/\/agora.xtec.cat\/escolaflorestasabadell\/wp-json\/wp\/v2\/pages"}],"about":[{"href":"https:\/\/agora.xtec.cat\/escolaflorestasabadell\/wp-json\/wp\/v2\/types\/page"}],"author":[{"embeddable":true,"href":"https:\/\/agora.xtec.cat\/escolaflorestasabadell\/wp-json\/wp\/v2\/users\/3"}],"replies":[{"embeddable":true,"href":"https:\/\/agora.xtec.cat\/escolaflorestasabadell\/wp-json\/wp\/v2\/comments?post=2027"}],"version-history":[{"count":3,"href":"https:\/\/agora.xtec.cat\/escolaflorestasabadell\/wp-json\/wp\/v2\/pages\/2027\/revisions"}],"predecessor-version":[{"id":2142,"href":"https:\/\/agora.xtec.cat\/escolaflorestasabadell\/wp-json\/wp\/v2\/pages\/2027\/revisions\/2142"}],"up":[{"embeddable":true,"href":"https:\/\/agora.xtec.cat\/escolaflorestasabadell\/wp-json\/wp\/v2\/pages\/1997"}],"wp:attachment":[{"href":"https:\/\/agora.xtec.cat\/escolaflorestasabadell\/wp-json\/wp\/v2\/media?parent=2027"}],"curies":[{"name":"wp","href":"https:\/\/api.w.org\/{rel}","templated":true}]}}