{"id":2024,"date":"2016-05-23T11:25:54","date_gmt":"2016-05-23T10:25:54","guid":{"rendered":"http:\/\/agora.xtec.cat\/escolaflorestasabadell\/?page_id=2024"},"modified":"2016-06-14T10:26:53","modified_gmt":"2016-06-14T09:26:53","slug":"6ea-eix-cronologic-1974-2016","status":"publish","type":"page","link":"https:\/\/agora.xtec.cat\/escolaflorestasabadell\/projecte-40-aniversari-de-lescola-floresta\/6ea-eix-cronologic-1974-2016\/","title":{"rendered":"6\u00e8A: 40 anys a trav\u00e9s de les imatges"},"content":{"rendered":"<h6 style=\"text-align: justify;\">Els alumnes de 6\u00e8A hem realitzat una l\u00ednia del temps basant-nos en els fets m\u00e9s importants d\u2019aquest 40 anys de l\u2019escola.<\/h6>\n<p style=\"text-align: justify;\">Hem buscat informaci\u00f3 sobre els 40 anys de l\u2019escola en not\u00edcies antigues que s\u2019han anat a buscar a la hemeroteca, tamb\u00e9 a internet, en llibres, a la biblioteca, informaci\u00f3 oral dels familiars\u2026 Hem hagut tamb\u00e9 de buscar imatges a l&#8217;arxiu fotogr\u00e0fic de l&#8217;escola i finalment hem ordenat la infomaci\u00f3 i l&#8217;hem publicat amb l&#8217;eina <a href=\"http:\/\/www.capzles.com\/\" target=\"_blank\">Capzles. <\/a><\/p>\n<p><b><a href=\"http:\/\/www.capzles.com\/ee860418-dcbb-483e-b90d-fdd9323f1100\" target=\"_blank\">L\u00ednia del Temps &#8211; Escola Floresta 40 aniversari. <\/a>Obriu l&#8217;aplicaci\u00f3 en finestra sencera per poder veure tots els continguts!!<\/b><\/p>\n<p>&nbsp;<\/p>\n<div id=\"442b41d1-bc8d-420d-925c-6c5ab4277a71_c\" style=\"width: 640px; height: 400px;\"><object id=\"442b41d1-bc8d-420d-925c-6c5ab4277a71\" width=\"640\" height=\"400\"><param name=\"movie\" value=\"http:\/\/widget.capzles.com\/e.aspx\/id=ee860418-dcbb-483e-b90d-fdd9323f1100,wid=442b41d1-bc8d-420d-925c-6c5ab4277a71,muteAudio=true\" \/><param name=\"allowScriptAccess\" value=\"always\" \/><param name=\"allowFullScreen\" value=\"true\" \/><param name=\"wmode\" value=\"opaque\" \/><embed id=\"442b41d1-bc8d-420d-925c-6c5ab4277a71_e\" name=\"442b41d1-bc8d-420d-925c-6c5ab4277a71\" width=\"640\" height=\"400\" src=\"http:\/\/widget.capzles.com\/e.aspx\/id=ee860418-dcbb-483e-b90d-fdd9323f1100,wid=442b41d1-bc8d-420d-925c-6c5ab4277a71,muteAudio=true\" type=\"application\/x-shockwave-flash\" allowscriptaccess=\"always\" allowfullscreen=\"allowfullscreen\" wmode=\"opaque\" \/><\/object><\/div>\n<p>&nbsp;<\/p>\n<p>&nbsp;<\/p>\n<h3><\/h3>\n<h3><\/h3>\n<h3><\/h3>\n<h3><\/h3>\n<h3><\/h3>\n<h3><\/h3>\n<h3><\/h3>\n<h3>\u00a0PROPOSTA DID\u00c0CTICA: Com hem treballat?<\/h3>\n<p><iframe loading=\"lazy\" src=\"https:\/\/docs.google.com\/presentation\/d\/13YiLVXzc4rqTuKVGmqNagazycMbcqFP39BbLr_7ZlxE\/embed?start=false&amp;loop=false&amp;delayms=10000\" width=\"960\" height=\"629\" frameborder=\"0\" allowfullscreen=\"allowfullscreen\"><\/iframe><\/p>\n<p>&nbsp;<\/p>\n<h3>FITXA T\u00c8CNICA<\/h3>\n<p><iframe loading=\"lazy\" src=\"https:\/\/docs.google.com\/document\/d\/1qIfnM-HhN-_ej_OPDLHA4jNt_vvkLICGtwvH4BizZ_Q\/pub?embedded=true\" width=\"701\" height=\"701\"><\/iframe><\/p>\n<p>&nbsp;<\/p>\n<p><span style=\"border-radius: 2px; text-indent: 20px; width: auto; padding: 0px 4px 0px 0px; text-align: center; font: bold 11px\/20px 'Helvetica Neue',Helvetica,sans-serif; color: #ffffff; background: #bd081c no-repeat scroll 3px 50% \/ 14px 14px; position: absolute; opacity: 1; z-index: 8675309; display: none; cursor: pointer;\">Save<\/span><\/p>\n<p><span style=\"border-radius: 2px; text-indent: 20px; width: auto; padding: 0px 4px 0px 0px; text-align: center; font: bold 11px\/20px 'Helvetica Neue',Helvetica,sans-serif; color: #ffffff; background: #bd081c  no-repeat scroll 3px 50% \/ 14px 14px; position: absolute; opacity: 1; z-index: 8675309; display: none; cursor: pointer;\">Save<\/span><\/p>\n","protected":false},"excerpt":{"rendered":"<p>Els alumnes de 6\u00e8A hem realitzat una l\u00ednia del temps basant-nos en els fets m\u00e9s importants d\u2019aquest 40 anys de l\u2019escola.<br \/>\nHem buscat informaci\u00f3 sobre els 40 anys de l\u2019escola en not\u00edcies antigues que s\u2019han anat a buscar a la hemeroteca, tamb\u00e9 a internet, en llibres,&hellip;  <a href=\"https:\/\/agora.xtec.cat\/escolaflorestasabadell\/projecte-40-aniversari-de-lescola-floresta\/6ea-eix-cronologic-1974-2016\/\" title=\"Read 6\u00e8A: 40 anys a trav\u00e9s de les imatges\">Llegeix m\u00e9s\u00bb<\/a><\/p>\n","protected":false},"author":3,"featured_media":0,"parent":1997,"menu_order":13,"comment_status":"closed","ping_status":"closed","template":"page-templates\/side-menu.php","meta":{"_bbp_topic_count":0,"_bbp_reply_count":0,"_bbp_total_topic_count":0,"_bbp_total_reply_count":0,"_bbp_voice_count":0,"_bbp_anonymous_reply_count":0,"_bbp_topic_count_hidden":0,"_bbp_reply_count_hidden":0,"_bbp_forum_subforum_count":0,"footnotes":""},"class_list":["post-2024","page","type-page","status-publish","hentry"],"post_mailing_queue_ids":[],"_links":{"self":[{"href":"https:\/\/agora.xtec.cat\/escolaflorestasabadell\/wp-json\/wp\/v2\/pages\/2024","targetHints":{"allow":["GET"]}}],"collection":[{"href":"https:\/\/agora.xtec.cat\/escolaflorestasabadell\/wp-json\/wp\/v2\/pages"}],"about":[{"href":"https:\/\/agora.xtec.cat\/escolaflorestasabadell\/wp-json\/wp\/v2\/types\/page"}],"author":[{"embeddable":true,"href":"https:\/\/agora.xtec.cat\/escolaflorestasabadell\/wp-json\/wp\/v2\/users\/3"}],"replies":[{"embeddable":true,"href":"https:\/\/agora.xtec.cat\/escolaflorestasabadell\/wp-json\/wp\/v2\/comments?post=2024"}],"version-history":[{"count":4,"href":"https:\/\/agora.xtec.cat\/escolaflorestasabadell\/wp-json\/wp\/v2\/pages\/2024\/revisions"}],"predecessor-version":[{"id":2169,"href":"https:\/\/agora.xtec.cat\/escolaflorestasabadell\/wp-json\/wp\/v2\/pages\/2024\/revisions\/2169"}],"up":[{"embeddable":true,"href":"https:\/\/agora.xtec.cat\/escolaflorestasabadell\/wp-json\/wp\/v2\/pages\/1997"}],"wp:attachment":[{"href":"https:\/\/agora.xtec.cat\/escolaflorestasabadell\/wp-json\/wp\/v2\/media?parent=2024"}],"curies":[{"name":"wp","href":"https:\/\/api.w.org\/{rel}","templated":true}]}}