{"id":2019,"date":"2016-05-23T10:16:27","date_gmt":"2016-05-23T09:16:27","guid":{"rendered":"http:\/\/agora.xtec.cat\/escolaflorestasabadell\/?page_id=2019"},"modified":"2016-06-14T09:52:41","modified_gmt":"2016-06-14T08:52:41","slug":"3rb","status":"publish","type":"page","link":"https:\/\/agora.xtec.cat\/escolaflorestasabadell\/projecte-40-aniversari-de-lescola-floresta\/3rb\/","title":{"rendered":"3rB: El que m\u00e9s m&#8217;agrada de l&#8217;escola \u00e9s&#8230;"},"content":{"rendered":"<h6>Ha canviat l&#8217;escola en 40 anys? s&#8217;ensenya de la mateixa manera?<\/h6>\n<p>Els nens i nenes de tercer B recreem algunes de les situacions que pod\u00edem trobar a l&#8217;escola fa 40 anys. S&#8217;assemblen amb com \u00e9s actualment?<\/p>\n<p><iframe loading=\"lazy\" src=\"https:\/\/player.vimeo.com\/video\/168775154\" width=\"640\" height=\"360\" frameborder=\"0\" allowfullscreen=\"allowfullscreen\"><\/iframe><\/p>\n<p>&nbsp;<\/p>\n<p>Qu\u00e8 t&#8217;agrada m\u00e9s de l&#8217;escola? Hi veus moltes difer\u00e8ncies en com s&#8217;ensenyava abans i actualment? aprenem millor ara o abans?<\/p>\n<p>Les opinions dels nens i nenes de 3r:<\/p>\n<p><iframe loading=\"lazy\" src=\"https:\/\/player.vimeo.com\/video\/168774492\" width=\"640\" height=\"360\" frameborder=\"0\" allowfullscreen=\"allowfullscreen\"><\/iframe><\/p>\n<h3><\/h3>\n<h3>PROPOSTA DID\u00c0CTICA: Com ho hem fet?<\/h3>\n<p>&nbsp;<\/p>\n<p><iframe loading=\"lazy\" src=\"https:\/\/docs.google.com\/presentation\/d\/1KCDdW6s0uEEHBQZ1gtLrZUJtXU_p4ebDw9UsA4SUTsI\/embed?start=false&#038;loop=false&#038;delayms=10000\" frameborder=\"0\" width=\"960\" height=\"629\" allowfullscreen=\"true\" mozallowfullscreen=\"true\" webkitallowfullscreen=\"true\"><\/iframe><\/p>\n<p>&nbsp;<\/p>\n<h3>FITXA T\u00c8CNICA<\/h3>\n<p><iframe loading=\"lazy\" src=\"https:\/\/docs.google.com\/document\/d\/1SoyS4LrpeSdBQpp--AvYy7V3-YB7EF8SRIQt5r6dZjE\/pub?embedded=true\" width=\"700\" height=\"700\"><\/iframe><\/p>\n<p><span style=\"border-radius: 2px; text-indent: 20px; width: auto; padding: 0px 4px 0px 0px; text-align: center; font: bold 11px\/20px 'Helvetica Neue',Helvetica,sans-serif; color: #ffffff; background: #bd081c no-repeat scroll 3px 50% \/ 14px 14px; position: absolute; opacity: 1; z-index: 8675309; display: none; cursor: pointer;\">Save<\/span><\/p>\n<p><span style=\"border-radius: 2px; text-indent: 20px; width: auto; padding: 0px 4px 0px 0px; text-align: center; font: bold 11px\/20px 'Helvetica Neue',Helvetica,sans-serif; color: #ffffff; background: #bd081c  no-repeat scroll 3px 50% \/ 14px 14px; position: absolute; opacity: 1; z-index: 8675309; display: none; cursor: pointer;\">Save<\/span><\/p>\n","protected":false},"excerpt":{"rendered":"<p>Ha canviat l&#8217;escola en 40 anys? s&#8217;ensenya de la mateixa manera?<br \/>\nEls nens i nenes de tercer B recreem algunes de les situacions que pod\u00edem trobar a l&#8217;escola fa 40 anys. S&#8217;assemblen amb com \u00e9s actualment?<\/p>\n<p>&nbsp;<br \/>\nQu\u00e8 t&#8217;agrada m\u00e9s de l&#8217;escola? Hi veus moltes difer\u00e8ncies en com&hellip;  <a href=\"https:\/\/agora.xtec.cat\/escolaflorestasabadell\/projecte-40-aniversari-de-lescola-floresta\/3rb\/\" title=\"Read 3rB: El que m\u00e9s m&#8217;agrada de l&#8217;escola \u00e9s&#8230;\">Llegeix m\u00e9s\u00bb<\/a><\/p>\n","protected":false},"author":3,"featured_media":0,"parent":1997,"menu_order":8,"comment_status":"closed","ping_status":"closed","template":"page-templates\/side-menu.php","meta":{"_bbp_topic_count":0,"_bbp_reply_count":0,"_bbp_total_topic_count":0,"_bbp_total_reply_count":0,"_bbp_voice_count":0,"_bbp_anonymous_reply_count":0,"_bbp_topic_count_hidden":0,"_bbp_reply_count_hidden":0,"_bbp_forum_subforum_count":0,"footnotes":""},"class_list":["post-2019","page","type-page","status-publish","hentry"],"post_mailing_queue_ids":[],"_links":{"self":[{"href":"https:\/\/agora.xtec.cat\/escolaflorestasabadell\/wp-json\/wp\/v2\/pages\/2019","targetHints":{"allow":["GET"]}}],"collection":[{"href":"https:\/\/agora.xtec.cat\/escolaflorestasabadell\/wp-json\/wp\/v2\/pages"}],"about":[{"href":"https:\/\/agora.xtec.cat\/escolaflorestasabadell\/wp-json\/wp\/v2\/types\/page"}],"author":[{"embeddable":true,"href":"https:\/\/agora.xtec.cat\/escolaflorestasabadell\/wp-json\/wp\/v2\/users\/3"}],"replies":[{"embeddable":true,"href":"https:\/\/agora.xtec.cat\/escolaflorestasabadell\/wp-json\/wp\/v2\/comments?post=2019"}],"version-history":[{"count":3,"href":"https:\/\/agora.xtec.cat\/escolaflorestasabadell\/wp-json\/wp\/v2\/pages\/2019\/revisions"}],"predecessor-version":[{"id":2159,"href":"https:\/\/agora.xtec.cat\/escolaflorestasabadell\/wp-json\/wp\/v2\/pages\/2019\/revisions\/2159"}],"up":[{"embeddable":true,"href":"https:\/\/agora.xtec.cat\/escolaflorestasabadell\/wp-json\/wp\/v2\/pages\/1997"}],"wp:attachment":[{"href":"https:\/\/agora.xtec.cat\/escolaflorestasabadell\/wp-json\/wp\/v2\/media?parent=2019"}],"curies":[{"name":"wp","href":"https:\/\/api.w.org\/{rel}","templated":true}]}}