{"id":2013,"date":"2016-05-23T10:15:14","date_gmt":"2016-05-23T09:15:14","guid":{"rendered":"http:\/\/agora.xtec.cat\/escolaflorestasabadell\/?page_id=2013"},"modified":"2016-06-13T13:03:08","modified_gmt":"2016-06-13T12:03:08","slug":"2na","status":"publish","type":"page","link":"https:\/\/agora.xtec.cat\/escolaflorestasabadell\/projecte-40-aniversari-de-lescola-floresta\/2na\/","title":{"rendered":"2n A. Els canvis tecnol\u00f2gics a l&#8217;escola"},"content":{"rendered":"<h6 style=\"text-align: justify;\"><strong>Els nens i nenes de 2n hem descobert quins elements tecnol\u00f2gics tenim a l&#8217;escola i com ens ajuden a treballar m\u00e9s c\u00f2modament. Per\u00f2&#8230; sempre ha estat aix\u00ed?<\/strong><\/h6>\n<h6 style=\"text-align: justify;\"><strong>Hem creat uns p\u00f2sters digitals que mostren com ha anat canviant la tecnologia al llarg de 40 anys!<\/strong><\/h6>\n<p style=\"text-align: justify;\">Hem hagut de descobrir quines m\u00e0quines hi ha per tota l&#8217;escola, saber perqu\u00e8 serveixen i provar-les i tamb\u00e9 buscar fotos als arxius de fotografies de l\u2019escola per veure si antigament aquestes m\u00e0quines tamb\u00e9 hi eren fa 40 anys. Per muntar els murals hem fet servir tauletes i l\u2019aplicaci\u00f3 Pic Collage.<\/p>\n<div class=\"issuuembed\" style=\"width: 525px; height: 383px;\" data-configid=\"25175993\/36254523\"><\/div>\n<p><script src=\"\/\/e.issuu.com\/embed.js\" async=\"true\" type=\"text\/javascript\"><\/script><\/p>\n<h3 style=\"text-align: justify;\"><\/h3>\n<h3 style=\"text-align: justify;\">PROPOSTA DID\u00c0CTICA: Com ho hem fet?<\/h3>\n<p><iframe loading=\"lazy\" src=\"https:\/\/docs.google.com\/presentation\/d\/17kMKDHcbb1y42CtcIuc5jvlYjTetbVNCbPcq5iP3C3E\/embed?start=false&amp;loop=false&amp;delayms=10000\" width=\"960\" height=\"629\" frameborder=\"0\" allowfullscreen=\"allowfullscreen\"><\/iframe><\/p>\n<h3>FITXA T\u00c8CNICA:<br \/>\n<iframe loading=\"lazy\" src=\"https:\/\/docs.google.com\/document\/d\/1V_3B94vED2miPM0TbJ0HNPabx8cn2FHKUJV64-EpyzI\/pub?embedded=true\" width=\"700\" height=\"700\"><\/iframe><\/h3>\n<p><span style=\"border-radius: 2px; text-indent: 20px; width: auto; padding: 0px 4px 0px 0px; text-align: center; font: bold 11px\/20px 'Helvetica Neue',Helvetica,sans-serif; color: #ffffff; background: #bd081c  no-repeat scroll 3px 50% \/ 14px 14px; position: absolute; opacity: 1; z-index: 8675309; display: none; cursor: pointer;\">Save<\/span><\/p>\n","protected":false},"excerpt":{"rendered":"<p>Els nens i nenes de 2n hem descobert quins elements tecnol\u00f2gics tenim a l&#8217;escola i com ens ajuden a treballar m\u00e9s c\u00f2modament. Per\u00f2&#8230; sempre ha estat aix\u00ed?<br \/>\nHem creat uns p\u00f2sters digitals que mostren com ha anat canviant la tecnologia al llarg de 40 anys!<br \/>\nHem hagut&hellip;  <a href=\"https:\/\/agora.xtec.cat\/escolaflorestasabadell\/projecte-40-aniversari-de-lescola-floresta\/2na\/\" title=\"Read 2n A. Els canvis tecnol\u00f2gics a l&#8217;escola\">Llegeix m\u00e9s\u00bb<\/a><\/p>\n","protected":false},"author":3,"featured_media":0,"parent":1997,"menu_order":5,"comment_status":"closed","ping_status":"closed","template":"page-templates\/side-menu.php","meta":{"_bbp_topic_count":0,"_bbp_reply_count":0,"_bbp_total_topic_count":0,"_bbp_total_reply_count":0,"_bbp_voice_count":0,"_bbp_anonymous_reply_count":0,"_bbp_topic_count_hidden":0,"_bbp_reply_count_hidden":0,"_bbp_forum_subforum_count":0,"footnotes":""},"class_list":["post-2013","page","type-page","status-publish","hentry"],"post_mailing_queue_ids":[],"_links":{"self":[{"href":"https:\/\/agora.xtec.cat\/escolaflorestasabadell\/wp-json\/wp\/v2\/pages\/2013","targetHints":{"allow":["GET"]}}],"collection":[{"href":"https:\/\/agora.xtec.cat\/escolaflorestasabadell\/wp-json\/wp\/v2\/pages"}],"about":[{"href":"https:\/\/agora.xtec.cat\/escolaflorestasabadell\/wp-json\/wp\/v2\/types\/page"}],"author":[{"embeddable":true,"href":"https:\/\/agora.xtec.cat\/escolaflorestasabadell\/wp-json\/wp\/v2\/users\/3"}],"replies":[{"embeddable":true,"href":"https:\/\/agora.xtec.cat\/escolaflorestasabadell\/wp-json\/wp\/v2\/comments?post=2013"}],"version-history":[{"count":4,"href":"https:\/\/agora.xtec.cat\/escolaflorestasabadell\/wp-json\/wp\/v2\/pages\/2013\/revisions"}],"predecessor-version":[{"id":2151,"href":"https:\/\/agora.xtec.cat\/escolaflorestasabadell\/wp-json\/wp\/v2\/pages\/2013\/revisions\/2151"}],"up":[{"embeddable":true,"href":"https:\/\/agora.xtec.cat\/escolaflorestasabadell\/wp-json\/wp\/v2\/pages\/1997"}],"wp:attachment":[{"href":"https:\/\/agora.xtec.cat\/escolaflorestasabadell\/wp-json\/wp\/v2\/media?parent=2013"}],"curies":[{"name":"wp","href":"https:\/\/api.w.org\/{rel}","templated":true}]}}