{"id":71,"date":"2014-09-18T12:44:56","date_gmt":"2014-09-18T12:44:56","guid":{"rendered":"http:\/\/agora.xtec.cat\/escolafeliuivegues\/?page_id=71"},"modified":"2016-11-08T14:04:28","modified_gmt":"2016-11-08T13:04:28","slug":"serveis-digitals","status":"publish","type":"page","link":"https:\/\/agora.xtec.cat\/escolafeliuivegues\/serveis\/serveis-digitals\/","title":{"rendered":"Serveis digitals"},"content":{"rendered":"<p>A m\u00e9s a m\u00e9s d&#8217;aquest web, l&#8217;escola t\u00e9 en funcionament altres serveis digitals com:<\/p>\n<p><a href=\"http:\/\/agora.xtec.cat\/escolafeliuivegues\/moodle\/\" target=\"_blank\"><img loading=\"lazy\" decoding=\"async\" class=\"alignnone wp-image-233 size-full\" src=\"http:\/\/agora.xtec.cat\/escolafeliuivegues\/wp-content\/uploads\/usu212\/2014\/09\/logo_moodle.jpg\" alt=\"logo_moodle\" width=\"478\" height=\"112\" \/><\/a><\/p>\n<p><a href=\"http:\/\/blocs.xtec.cat\/bibliofeliu\/\" target=\"_blank\"><img loading=\"lazy\" decoding=\"async\" class=\"alignnone wp-image-212\" src=\"http:\/\/agora.xtec.cat\/escolafeliuivegues\/wp-content\/uploads\/usu212\/2014\/09\/bloc_biblioteca-300x79.jpg\" alt=\"bloc_biblioteca\" width=\"478\" height=\"126\" \/><\/a><\/p>\n<p><a href=\"http:\/\/blocs.xtec.cat\/feliudiari\/\" target=\"_blank\"><img loading=\"lazy\" decoding=\"async\" class=\"alignnone wp-image-218\" src=\"http:\/\/agora.xtec.cat\/escolafeliuivegues\/wp-content\/uploads\/usu212\/2014\/09\/bloc_noticies.jpg\" alt=\"bloc_noticies\" width=\"478\" height=\"126\" \/><\/a><\/p>\n<p>Si voleu veure articles amb not\u00edcies i activitats de cursos anteriors al curs 2015-16 podeu consultar aquests altres blocs:<\/p>\n<p><a href=\"http:\/\/blocs.xtec.cat\/infantilfeliu\/\" target=\"_blank\"><img loading=\"lazy\" decoding=\"async\" class=\"alignnone wp-image-216\" src=\"http:\/\/agora.xtec.cat\/escolafeliuivegues\/wp-content\/uploads\/usu212\/2014\/09\/bloc_ei-300x79.jpg\" alt=\"bloc_ei\" width=\"478\" height=\"126\" \/><\/a><\/p>\n<p><a href=\"http:\/\/blocs.xtec.cat\/feliuinicial\/\" target=\"_blank\"><img loading=\"lazy\" decoding=\"async\" class=\"alignnone wp-image-213\" src=\"http:\/\/agora.xtec.cat\/escolafeliuivegues\/wp-content\/uploads\/usu212\/2014\/09\/bloc_ci-300x79.jpg\" alt=\"bloc_ci\" width=\"478\" height=\"126\" srcset=\"https:\/\/agora.xtec.cat\/escolafeliuivegues\/wp-content\/uploads\/usu212\/2014\/09\/bloc_ci-300x79.jpg 300w, https:\/\/agora.xtec.cat\/escolafeliuivegues\/wp-content\/uploads\/usu212\/2014\/09\/bloc_ci.jpg 940w\" sizes=\"auto, (max-width: 478px) 100vw, 478px\" \/><\/a><\/p>\n<p><a href=\"http:\/\/blocs.xtec.cat\/feliumitja\/\" target=\"_blank\"><img loading=\"lazy\" decoding=\"async\" class=\"alignnone wp-image-214\" src=\"http:\/\/agora.xtec.cat\/escolafeliuivegues\/wp-content\/uploads\/usu212\/2014\/09\/bloc_cm-300x79.jpg\" alt=\"bloc_cm\" width=\"478\" height=\"126\" srcset=\"https:\/\/agora.xtec.cat\/escolafeliuivegues\/wp-content\/uploads\/usu212\/2014\/09\/bloc_cm-300x79.jpg 300w, https:\/\/agora.xtec.cat\/escolafeliuivegues\/wp-content\/uploads\/usu212\/2014\/09\/bloc_cm.jpg 940w\" sizes=\"auto, (max-width: 478px) 100vw, 478px\" \/><\/a><\/p>\n<p><a href=\"http:\/\/blocs.xtec.cat\/feliusuperior\/\" target=\"_blank\"><img loading=\"lazy\" decoding=\"async\" class=\"alignnone wp-image-215\" src=\"http:\/\/agora.xtec.cat\/escolafeliuivegues\/wp-content\/uploads\/usu212\/2014\/09\/bloc_cs-300x79.jpg\" alt=\"bloc_cs\" width=\"478\" height=\"126\" srcset=\"https:\/\/agora.xtec.cat\/escolafeliuivegues\/wp-content\/uploads\/usu212\/2014\/09\/bloc_cs-300x79.jpg 300w, https:\/\/agora.xtec.cat\/escolafeliuivegues\/wp-content\/uploads\/usu212\/2014\/09\/bloc_cs.jpg 940w\" sizes=\"auto, (max-width: 478px) 100vw, 478px\" \/><\/a><\/p>\n<p><a href=\"http:\/\/blocs.xtec.cat\/musicaalfeliu\/\" target=\"_blank\"><img loading=\"lazy\" decoding=\"async\" class=\"alignnone wp-image-217\" src=\"http:\/\/agora.xtec.cat\/escolafeliuivegues\/wp-content\/uploads\/usu212\/2014\/09\/bloc_musica-300x79.jpg\" alt=\"bloc_musica\" width=\"478\" height=\"126\" \/><\/a><\/p>\n<p>&nbsp;<\/p>\n","protected":false},"excerpt":{"rendered":"<p>A m\u00e9s a m\u00e9s d&#8217;aquest web, l&#8217;escola t\u00e9 en funcionament altres serveis digitals com:<br \/>\n<a href=\"http:\/\/agora.xtec.cat\/escolafeliuivegues\/moodle\/\" target=\"_blank\"><\/a><br \/>\n<a href=\"http:\/\/blocs.xtec.cat\/bibliofeliu\/\" target=\"_blank\"><\/a><br \/>\n<a href=\"http:\/\/blocs.xtec.cat\/feliudiari\/\" target=\"_blank\"><\/a><br \/>\nSi voleu veure articles amb not\u00edcies i activitats de cursos anteriors al curs 2015-16 podeu consultar aquests altres blocs:<br \/>\n<a href=\"http:\/\/blocs.xtec.cat\/infantilfeliu\/\" target=\"_blank\"><\/a><br \/>\n<a href=\"http:\/\/blocs.xtec.cat\/feliuinicial\/\" target=\"_blank\"><\/a><br \/>\n<a href=\"http:\/\/blocs.xtec.cat\/feliumitja\/\" target=\"_blank\"><\/a><br \/>\n<a href=\"http:\/\/blocs.xtec.cat\/feliusuperior\/\"&hellip;  <a href=\"https:\/\/agora.xtec.cat\/escolafeliuivegues\/serveis\/serveis-digitals\/\" title=\"Read Serveis digitals\">Llegeix m\u00e9s\u00bb<\/a><\/p>\n","protected":false},"author":2,"featured_media":0,"parent":66,"menu_order":10,"comment_status":"closed","ping_status":"closed","template":"page-templates\/side-menu.php","meta":{"_bbp_topic_count":0,"_bbp_reply_count":0,"_bbp_total_topic_count":0,"_bbp_total_reply_count":0,"_bbp_voice_count":0,"_bbp_anonymous_reply_count":0,"_bbp_topic_count_hidden":0,"_bbp_reply_count_hidden":0,"_bbp_forum_subforum_count":0,"footnotes":""},"class_list":["post-71","page","type-page","status-publish","hentry"],"post_mailing_queue_ids":[],"_links":{"self":[{"href":"https:\/\/agora.xtec.cat\/escolafeliuivegues\/wp-json\/wp\/v2\/pages\/71","targetHints":{"allow":["GET"]}}],"collection":[{"href":"https:\/\/agora.xtec.cat\/escolafeliuivegues\/wp-json\/wp\/v2\/pages"}],"about":[{"href":"https:\/\/agora.xtec.cat\/escolafeliuivegues\/wp-json\/wp\/v2\/types\/page"}],"author":[{"embeddable":true,"href":"https:\/\/agora.xtec.cat\/escolafeliuivegues\/wp-json\/wp\/v2\/users\/2"}],"replies":[{"embeddable":true,"href":"https:\/\/agora.xtec.cat\/escolafeliuivegues\/wp-json\/wp\/v2\/comments?post=71"}],"version-history":[{"count":4,"href":"https:\/\/agora.xtec.cat\/escolafeliuivegues\/wp-json\/wp\/v2\/pages\/71\/revisions"}],"predecessor-version":[{"id":2997,"href":"https:\/\/agora.xtec.cat\/escolafeliuivegues\/wp-json\/wp\/v2\/pages\/71\/revisions\/2997"}],"up":[{"embeddable":true,"href":"https:\/\/agora.xtec.cat\/escolafeliuivegues\/wp-json\/wp\/v2\/pages\/66"}],"wp:attachment":[{"href":"https:\/\/agora.xtec.cat\/escolafeliuivegues\/wp-json\/wp\/v2\/media?parent=71"}],"curies":[{"name":"wp","href":"https:\/\/api.w.org\/{rel}","templated":true}]}}