{"id":38,"date":"2014-09-18T12:34:08","date_gmt":"2014-09-18T12:34:08","guid":{"rendered":"http:\/\/agora.xtec.cat\/escolafeliuivegues\/?page_id=38"},"modified":"2015-11-10T16:55:40","modified_gmt":"2015-11-10T15:55:40","slug":"salut","status":"publish","type":"page","link":"https:\/\/agora.xtec.cat\/escolafeliuivegues\/lescola\/salut\/","title":{"rendered":"Salut"},"content":{"rendered":"<p><strong>Esmorzars: <\/strong>\u00c9s recomanable que els alumnes portin di\u00e0riament entrepans o fruita per l&#8217;esmorzar durant l\u2019estona d\u2019esbarjo.<\/p>\n<p><strong>Medicacions:<\/strong> Cal evitar tant com sigui possible que s\u2019hagi d\u2019administrar medicaci\u00f3 dins de l\u2019horari escolar.<\/p>\n<p>En cas de necessitat \u00e9s imprescindible portar prescripci\u00f3 m\u00e8dica i ser\u00e0 imprescindible\u00a0 portar la fitxa d\u2019autoritzaci\u00f3 degudament complimentada.<\/p>\n<p>&nbsp;<\/p>\n<p>&nbsp;<\/p>\n<p>&nbsp;<\/p>\n<p>&nbsp;<\/p>\n<p>&nbsp;<\/p>\n","protected":false},"excerpt":{"rendered":"<p>Esmorzars: \u00c9s recomanable que els alumnes portin di\u00e0riament entrepans o fruita per l&#8217;esmorzar durant l\u2019estona d\u2019esbarjo.<br \/>\nMedicacions: Cal evitar tant com sigui possible que s\u2019hagi d\u2019administrar medicaci\u00f3 dins de l\u2019horari escolar.<br \/>\nEn cas de necessitat \u00e9s imprescindible portar prescripci\u00f3 m\u00e8dica i ser\u00e0 imprescindible\u00a0 portar la fitxa d\u2019autoritzaci\u00f3&hellip;  <a href=\"https:\/\/agora.xtec.cat\/escolafeliuivegues\/lescola\/salut\/\" title=\"Read Salut\">Llegeix m\u00e9s\u00bb<\/a><\/p>\n","protected":false},"author":2,"featured_media":0,"parent":22,"menu_order":80,"comment_status":"closed","ping_status":"closed","template":"page-templates\/side-menu.php","meta":{"_bbp_topic_count":0,"_bbp_reply_count":0,"_bbp_total_topic_count":0,"_bbp_total_reply_count":0,"_bbp_voice_count":0,"_bbp_anonymous_reply_count":0,"_bbp_topic_count_hidden":0,"_bbp_reply_count_hidden":0,"_bbp_forum_subforum_count":0,"footnotes":""},"class_list":["post-38","page","type-page","status-publish","hentry"],"post_mailing_queue_ids":[],"_links":{"self":[{"href":"https:\/\/agora.xtec.cat\/escolafeliuivegues\/wp-json\/wp\/v2\/pages\/38","targetHints":{"allow":["GET"]}}],"collection":[{"href":"https:\/\/agora.xtec.cat\/escolafeliuivegues\/wp-json\/wp\/v2\/pages"}],"about":[{"href":"https:\/\/agora.xtec.cat\/escolafeliuivegues\/wp-json\/wp\/v2\/types\/page"}],"author":[{"embeddable":true,"href":"https:\/\/agora.xtec.cat\/escolafeliuivegues\/wp-json\/wp\/v2\/users\/2"}],"replies":[{"embeddable":true,"href":"https:\/\/agora.xtec.cat\/escolafeliuivegues\/wp-json\/wp\/v2\/comments?post=38"}],"version-history":[{"count":3,"href":"https:\/\/agora.xtec.cat\/escolafeliuivegues\/wp-json\/wp\/v2\/pages\/38\/revisions"}],"predecessor-version":[{"id":191,"href":"https:\/\/agora.xtec.cat\/escolafeliuivegues\/wp-json\/wp\/v2\/pages\/38\/revisions\/191"}],"up":[{"embeddable":true,"href":"https:\/\/agora.xtec.cat\/escolafeliuivegues\/wp-json\/wp\/v2\/pages\/22"}],"wp:attachment":[{"href":"https:\/\/agora.xtec.cat\/escolafeliuivegues\/wp-json\/wp\/v2\/media?parent=38"}],"curies":[{"name":"wp","href":"https:\/\/api.w.org\/{rel}","templated":true}]}}