{"id":36,"date":"2014-09-18T12:33:11","date_gmt":"2014-09-18T12:33:11","guid":{"rendered":"http:\/\/agora.xtec.cat\/escolafeliuivegues\/?page_id=36"},"modified":"2024-06-30T19:41:14","modified_gmt":"2024-06-30T17:41:14","slug":"material-escolar","status":"publish","type":"page","link":"https:\/\/agora.xtec.cat\/escolafeliuivegues\/lescola\/material-escolar\/","title":{"rendered":"Material escolar"},"content":{"rendered":"<p>A les reunions de classe s&#8217;explicar\u00e0 la descripci\u00f3 i enumeraci\u00f3 del material escolar que els alumnes necessitaran per al nivell educatiu corresponent.<\/p>\n<p>El llistat de llibres de text est\u00e0 penjat a &#8220;Documents&#8221;.<\/p>\n<p>Cal pagar la quota de material durant el 1r trimestre del curs.<\/p>\n<p>Quan feu el pagament \u00e9s molt important que hi feu constar el nom de l\u2019alumne\/a.<br \/>\nCal que porteu el comprovant de pagament a l\u2019escola per tal de facilitar la gesti\u00f3.<\/p>\n<p>A l&#8217;escola tenim un Projecte de socialitzaci\u00f3 de material escolar i llibres. \u00c9s el Banc de llibres.<\/p>\n<p>Aquesta activitat compta amb el recol\u00e7ament de l&#8217;Ajuntament de Badalona i el Departament d&#8217;Educaci\u00f3.<\/p>\n<p><a href=\"https:\/\/agora.xtec.cat\/escolafeliuivegues\/lescola\/material-escolar\/attachment\/222\/\" rel=\"attachment wp-att-8553\"><img loading=\"lazy\" decoding=\"async\" class=\"alignnone size-full wp-image-8553\" src=\"https:\/\/agora.xtec.cat\/escolafeliuivegues\/wp-content\/uploads\/usu212\/2021\/10\/222.png\" alt=\"\" width=\"262\" height=\"182\" \/><\/a>\u00a0 \u00a0 \u00a0 \u00a0 \u00a0 \u00a0 \u00a0 \u00a0<a href=\"https:\/\/agora.xtec.cat\/escolafeliuivegues\/lescola\/material-escolar\/attachment\/444\/\" rel=\"attachment wp-att-8556\"><img loading=\"lazy\" decoding=\"async\" class=\"alignnone size-full wp-image-8556\" src=\"https:\/\/agora.xtec.cat\/escolafeliuivegues\/wp-content\/uploads\/usu212\/2021\/10\/444.png\" alt=\"\" width=\"217\" height=\"100\" \/><\/a><\/p>\n<p><a href=\"https:\/\/agora.xtec.cat\/escolafeliuivegues\/docs\/normes-dus-dels-llibres-de-text\/?bp-attachment=Normes-d%C3%BAs-llibres.pdf\" target=\"_blank\" rel=\"noopener noreferrer\">Normes d&#8217;\u00fas dels libres de text<\/a>.<\/p>\n<p><a href=\"https:\/\/agora.xtec.cat\/escolafeliuivegues\/wp-content\/uploads\/usu212\/2024\/01\/Aportacions-families-curs-23-24.pdf\">Aportacions-families-curs 23-24<\/a><\/p>\n","protected":false},"excerpt":{"rendered":"<p>A les reunions de classe s&#8217;explicar\u00e0 la descripci\u00f3 i enumeraci\u00f3 del material escolar que els alumnes necessitaran per al nivell educatiu corresponent.<br \/>\nEl llistat de llibres de text est\u00e0 penjat a &#8220;Documents&#8221;.<br \/>\nCal pagar la quota de material durant el 1r trimestre del curs.<br \/>\nQuan feu el pagament&hellip;  <a href=\"https:\/\/agora.xtec.cat\/escolafeliuivegues\/lescola\/material-escolar\/\" title=\"Read Material escolar\">Llegeix m\u00e9s\u00bb<\/a><\/p>\n","protected":false},"author":2,"featured_media":0,"parent":22,"menu_order":70,"comment_status":"closed","ping_status":"closed","template":"page-templates\/side-menu.php","meta":{"_bbp_topic_count":0,"_bbp_reply_count":0,"_bbp_total_topic_count":0,"_bbp_total_reply_count":0,"_bbp_voice_count":0,"_bbp_anonymous_reply_count":0,"_bbp_topic_count_hidden":0,"_bbp_reply_count_hidden":0,"_bbp_forum_subforum_count":0,"footnotes":""},"class_list":["post-36","page","type-page","status-publish","hentry"],"post_mailing_queue_ids":[],"_links":{"self":[{"href":"https:\/\/agora.xtec.cat\/escolafeliuivegues\/wp-json\/wp\/v2\/pages\/36","targetHints":{"allow":["GET"]}}],"collection":[{"href":"https:\/\/agora.xtec.cat\/escolafeliuivegues\/wp-json\/wp\/v2\/pages"}],"about":[{"href":"https:\/\/agora.xtec.cat\/escolafeliuivegues\/wp-json\/wp\/v2\/types\/page"}],"author":[{"embeddable":true,"href":"https:\/\/agora.xtec.cat\/escolafeliuivegues\/wp-json\/wp\/v2\/users\/2"}],"replies":[{"embeddable":true,"href":"https:\/\/agora.xtec.cat\/escolafeliuivegues\/wp-json\/wp\/v2\/comments?post=36"}],"version-history":[{"count":5,"href":"https:\/\/agora.xtec.cat\/escolafeliuivegues\/wp-json\/wp\/v2\/pages\/36\/revisions"}],"predecessor-version":[{"id":11245,"href":"https:\/\/agora.xtec.cat\/escolafeliuivegues\/wp-json\/wp\/v2\/pages\/36\/revisions\/11245"}],"up":[{"embeddable":true,"href":"https:\/\/agora.xtec.cat\/escolafeliuivegues\/wp-json\/wp\/v2\/pages\/22"}],"wp:attachment":[{"href":"https:\/\/agora.xtec.cat\/escolafeliuivegues\/wp-json\/wp\/v2\/media?parent=36"}],"curies":[{"name":"wp","href":"https:\/\/api.w.org\/{rel}","templated":true}]}}