{"id":34,"date":"2014-09-18T12:32:18","date_gmt":"2014-09-18T12:32:18","guid":{"rendered":"http:\/\/agora.xtec.cat\/escolafeliuivegues\/?page_id=34"},"modified":"2023-06-22T10:23:03","modified_gmt":"2023-06-22T08:23:03","slug":"oferta-educativa","status":"publish","type":"page","link":"https:\/\/agora.xtec.cat\/escolafeliuivegues\/lescola\/oferta-educativa\/","title":{"rendered":"Oferta educativa"},"content":{"rendered":"<p>La nostra escola \u00e9s una escola p\u00fablica d\u2019ensenyament infantil i primari amb tots els serveis que d\u00f3na l&#8217;Administraci\u00f3 educatiu per donar un ensenyament de qualitat. A m\u00e9s:<\/p>\n<ul>\n<li>Estudiem l&#8217;ANG com a llengua estrangera.<\/li>\n<li>Tenim Aula d&#8217;acollida per aprendre les lleng\u00fces que s&#8217;ensenyen al centre a l&#8217;alumnat nouvingut .<\/li>\n<li>Tenim una TEI per ajudar en la seva adaptaci\u00f3 i autonomia a P-3.<\/li>\n<li>Tenim una TIS per:<\/li>\n<\/ul>\n<p>&#8211;\u00a0\u00a0\u00a0\u00a0\u00a0\u00a0\u00a0\u00a0\u00a0 Prevenir l\u2019abandonament prematur i el frac\u00e0s escolar Procurar el benestar emocional dels alumnes<\/p>\n<p>&#8211;\u00a0\u00a0\u00a0\u00a0\u00a0\u00a0\u00a0\u00a0\u00a0 Facilitar una bona conviv\u00e8ncia en els centres educatius.<\/p>\n<p>&#8211;\u00a0\u00a0\u00a0\u00a0\u00a0 \u00a0\u00a0\u00a0\u00a0Contribuir a l\u2019orientaci\u00f3 dels alumnes<\/p>\n<p>&#8211;\u00a0\u00a0\u00a0\u00a0\u00a0\u00a0\u00a0\u00a0\u00a0 Fomentar la implicaci\u00f3 de les fam\u00edlies<\/p>\n<p>&#8211;\u00a0\u00a0\u00a0\u00a0\u00a0\u00a0\u00a0\u00a0\u00a0 Fomentar el vincle entre l\u2019escola i el seu entorn.<\/p>\n<p>&#8211;\u00a0\u00a0\u00a0\u00a0\u00a0\u00a0\u00a0\u00a0\u00a0 Contribuir al desenvolupament de plans d\u2019\u00e0mbit comunitari.<\/p>\n<p>El resultat esperat del programa \u00e9s reduir l\u2019absentisme escolar i l\u2019abandonament prematur.<\/p>\n<p>La incorporaci\u00f3 de t\u00e8cnics d\u2019integraci\u00f3 social i educador socials<strong> t\u00e9 com a objecte<\/strong> suplementar amb professionals d&#8217;atenci\u00f3 educativa l&#8217;activitat que es presta en els centres docents<span style=\"text-decoration: line-through;\">,<\/span> amb la finalitat de garantir l&#8217;equitat en l&#8217;acc\u00e9s a l\u2019educaci\u00f3.<\/p>\n<p>La contractaci\u00f3 d\u2019aquests professionals est\u00e0 cofinan\u00e7at en un 40% per la Uni\u00f3 Europea i la resta pel Departament d\u2019Educaci\u00f3 aix\u00f2 comporta el compliment d\u2019unes mesures de publicitat i comunicaci\u00f3.<\/p>\n<p><a href=\"https:\/\/agora.xtec.cat\/escolafeliuivegues\/lescola\/oferta-educativa\/attachment\/logos-programa-pae\/\" rel=\"attachment wp-att-10904\"><img loading=\"lazy\" decoding=\"async\" class=\"wp-image-10904 aligncenter\" src=\"https:\/\/agora.xtec.cat\/escolafeliuivegues\/wp-content\/uploads\/usu212\/2023\/06\/logos-programa-PAE.png\" alt=\"\" width=\"605\" height=\"62\" srcset=\"https:\/\/agora.xtec.cat\/escolafeliuivegues\/wp-content\/uploads\/usu212\/2023\/06\/logos-programa-PAE.png 976w, https:\/\/agora.xtec.cat\/escolafeliuivegues\/wp-content\/uploads\/usu212\/2023\/06\/logos-programa-PAE-300x31.png 300w, https:\/\/agora.xtec.cat\/escolafeliuivegues\/wp-content\/uploads\/usu212\/2023\/06\/logos-programa-PAE-768x79.png 768w\" sizes=\"auto, (max-width: 605px) 100vw, 605px\" \/><\/a><\/p>\n","protected":false},"excerpt":{"rendered":"<p>La nostra escola \u00e9s una escola p\u00fablica d\u2019ensenyament infantil i primari amb tots els serveis que d\u00f3na l&#8217;Administraci\u00f3 educatiu per donar un ensenyament de qualitat. A m\u00e9s:<\/p>\n<ul>\n<li>Estudiem l&#8217;ANG com a llengua estrangera.<\/li>\n<li>Tenim Aula d&#8217;acollida per aprendre les lleng\u00fces que s&#8217;ensenyen al centre a l&#8217;alumnat nouvingut&hellip;  <a href=\"https:\/\/agora.xtec.cat\/escolafeliuivegues\/lescola\/oferta-educativa\/\" title=\"Read Oferta educativa\">Llegeix m\u00e9s\u00bb<\/a><br \/>\n","protected":false},"author":2,"featured_media":0,"parent":22,"menu_order":60,"comment_status":"closed","ping_status":"closed","template":"page-templates\/side-menu.php","meta":{"_bbp_topic_count":0,"_bbp_reply_count":0,"_bbp_total_topic_count":0,"_bbp_total_reply_count":0,"_bbp_voice_count":0,"_bbp_anonymous_reply_count":0,"_bbp_topic_count_hidden":0,"_bbp_reply_count_hidden":0,"_bbp_forum_subforum_count":0,"footnotes":""},"class_list":["post-34","page","type-page","status-publish","hentry"],"post_mailing_queue_ids":[],"_links":{"self":[{"href":"https:\/\/agora.xtec.cat\/escolafeliuivegues\/wp-json\/wp\/v2\/pages\/34","targetHints":{"allow":["GET"]}}],"collection":[{"href":"https:\/\/agora.xtec.cat\/escolafeliuivegues\/wp-json\/wp\/v2\/pages"}],"about":[{"href":"https:\/\/agora.xtec.cat\/escolafeliuivegues\/wp-json\/wp\/v2\/types\/page"}],"author":[{"embeddable":true,"href":"https:\/\/agora.xtec.cat\/escolafeliuivegues\/wp-json\/wp\/v2\/users\/2"}],"replies":[{"embeddable":true,"href":"https:\/\/agora.xtec.cat\/escolafeliuivegues\/wp-json\/wp\/v2\/comments?post=34"}],"version-history":[{"count":3,"href":"https:\/\/agora.xtec.cat\/escolafeliuivegues\/wp-json\/wp\/v2\/pages\/34\/revisions"}],"predecessor-version":[{"id":10905,"href":"https:\/\/agora.xtec.cat\/escolafeliuivegues\/wp-json\/wp\/v2\/pages\/34\/revisions\/10905"}],"up":[{"embeddable":true,"href":"https:\/\/agora.xtec.cat\/escolafeliuivegues\/wp-json\/wp\/v2\/pages\/22"}],"wp:attachment":[{"href":"https:\/\/agora.xtec.cat\/escolafeliuivegues\/wp-json\/wp\/v2\/media?parent=34"}],"curies":[{"name":"wp","href":"https:\/\/api.w.org\/{rel}","templated":true}]}}