{"id":32,"date":"2014-09-18T12:31:33","date_gmt":"2014-09-18T12:31:33","guid":{"rendered":"http:\/\/agora.xtec.cat\/escolafeliuivegues\/?page_id=32"},"modified":"2025-10-30T13:48:21","modified_gmt":"2025-10-30T12:48:21","slug":"calendari-del-curs","status":"publish","type":"page","link":"https:\/\/agora.xtec.cat\/escolafeliuivegues\/lescola\/calendari-del-curs\/","title":{"rendered":"Calendari del curs 2025-26"},"content":{"rendered":"<h4>Benvinguts al curs 2025-2026<\/h4>\n<h4><\/h4>\n<h4><strong>Inici de curs:<\/strong><\/h4>\n<p>8 de setembre de 2025<\/p>\n<h4><strong>Vacances:<\/strong><\/h4>\n<p>Del 20 de desembre de 2025 al 7 de gener de 2026 (ambd\u00f3s inclosos).<\/p>\n<p>Del 28 de mar\u00e7 al 6 d&#8217;abril de 2026 (ambd\u00f3s inclosos).<\/p>\n<p>Final de curs el 19 de juny de 2026.<\/p>\n<h4><strong>Dies festius i de lliure disposici\u00f3:<\/strong><\/h4>\n<p>11 de setembre de 2025 (Festiu)<\/p>\n<p>3 de novembre de 2025 (Festa de lliure disposici\u00f3)<\/p>\n<p>5\u00a0 de desembre de 2025 (Festa de lliure disposici\u00f3)<\/p>\n<p>8 de desembre de 2025 (Festiu)<\/p>\n<p>16 de febrer de 2026 (Festa de lliure disposici\u00f3)<\/p>\n<p>6 d&#8217;abril de 2026 (Festiu)<\/p>\n<p>30 d&#8217;abril de 2026 (Festa de lliure disposici\u00f3)<\/p>\n<p>1 de maig de 2026 (Festiu)<\/p>\n<p>11 de maig de 2026 (Festiu)<\/p>\n<p>26 de maig de 2026 (Festa de lliure disposici\u00f3)<\/p>\n<h4><strong>Horari lectiu:<\/strong><\/h4>\n<p>L\u2019<b>horari lectiu<\/b> del centre \u00e9s de 9 a 13 h i de 15 a 17 h\u00a0 per l&#8217;alumnat de prim\u00e0ria. Pels alumnes d&#8217;infantil fan de 9 a 12 h i de 15 a 17 h.<\/p>\n<p>Per als alumnes que inicien l\u2019escolaritzaci\u00f3 a I-3 s\u2019organitza un breu per\u00edode d\u2019adaptaci\u00f3 que suposa una certa modificaci\u00f3 dels horaris dels primers dies de classe que es fa saber a les fam\u00edlies en les reunions pr\u00e8vies corresponents.<\/p>\n<h4><strong>Jornada intensiva:<br \/>\n<\/strong><\/h4>\n<p><span style=\"color: #000000;\">19 de desembre de 2025<\/span> i del 8 al 19 de juny de 2025 (ambd\u00f3s inclosos).<\/p>\n<p>L&#8217;horari ser\u00e0 de 9 a 13 h (Pot variar).<\/p>\n<p>Els alumnes que utilitzen el servei de menjador surten a les 15 h (Pot variar).<\/p>\n<p><img loading=\"lazy\" decoding=\"async\" class=\"aligncenter wp-image-12990\" src=\"https:\/\/agora.xtec.cat\/escolafeliuivegues\/wp-content\/uploads\/usu212\/2025\/10\/CALENDARI-25-26-1024x724.jpg\" alt=\"\" width=\"1250\" height=\"884\" srcset=\"https:\/\/agora.xtec.cat\/escolafeliuivegues\/wp-content\/uploads\/usu212\/2025\/10\/CALENDARI-25-26-1024x724.jpg 1024w, https:\/\/agora.xtec.cat\/escolafeliuivegues\/wp-content\/uploads\/usu212\/2025\/10\/CALENDARI-25-26-300x212.jpg 300w, https:\/\/agora.xtec.cat\/escolafeliuivegues\/wp-content\/uploads\/usu212\/2025\/10\/CALENDARI-25-26-768x543.jpg 768w, https:\/\/agora.xtec.cat\/escolafeliuivegues\/wp-content\/uploads\/usu212\/2025\/10\/CALENDARI-25-26-1536x1086.jpg 1536w, https:\/\/agora.xtec.cat\/escolafeliuivegues\/wp-content\/uploads\/usu212\/2025\/10\/CALENDARI-25-26.jpg 2000w\" sizes=\"auto, (max-width: 1250px) 100vw, 1250px\" \/><\/p>\n","protected":false},"excerpt":{"rendered":"<p>Benvinguts al curs 2025-2026<\/p>\n<p>Inici de curs:<br \/>\n8 de setembre de 2025<br \/>\nVacances:<br \/>\nDel 20 de desembre de 2025 al 7 de gener de 2026 (ambd\u00f3s inclosos).<br \/>\nDel 28 de mar\u00e7 al 6 d&#8217;abril de 2026 (ambd\u00f3s inclosos).<br \/>\nFinal de curs el 19 de juny de 2026.<br \/>\nDies festius i de lliure&hellip;  <a href=\"https:\/\/agora.xtec.cat\/escolafeliuivegues\/lescola\/calendari-del-curs\/\" title=\"Read Calendari del curs 2025-26\">Llegeix m\u00e9s\u00bb<\/a><\/p>\n","protected":false},"author":2,"featured_media":0,"parent":22,"menu_order":50,"comment_status":"closed","ping_status":"closed","template":"page-templates\/side-menu.php","meta":{"_bbp_topic_count":0,"_bbp_reply_count":0,"_bbp_total_topic_count":0,"_bbp_total_reply_count":0,"_bbp_voice_count":0,"_bbp_anonymous_reply_count":0,"_bbp_topic_count_hidden":0,"_bbp_reply_count_hidden":0,"_bbp_forum_subforum_count":0,"footnotes":""},"class_list":["post-32","page","type-page","status-publish","hentry"],"post_mailing_queue_ids":[],"_links":{"self":[{"href":"https:\/\/agora.xtec.cat\/escolafeliuivegues\/wp-json\/wp\/v2\/pages\/32","targetHints":{"allow":["GET"]}}],"collection":[{"href":"https:\/\/agora.xtec.cat\/escolafeliuivegues\/wp-json\/wp\/v2\/pages"}],"about":[{"href":"https:\/\/agora.xtec.cat\/escolafeliuivegues\/wp-json\/wp\/v2\/types\/page"}],"author":[{"embeddable":true,"href":"https:\/\/agora.xtec.cat\/escolafeliuivegues\/wp-json\/wp\/v2\/users\/2"}],"replies":[{"embeddable":true,"href":"https:\/\/agora.xtec.cat\/escolafeliuivegues\/wp-json\/wp\/v2\/comments?post=32"}],"version-history":[{"count":7,"href":"https:\/\/agora.xtec.cat\/escolafeliuivegues\/wp-json\/wp\/v2\/pages\/32\/revisions"}],"predecessor-version":[{"id":12991,"href":"https:\/\/agora.xtec.cat\/escolafeliuivegues\/wp-json\/wp\/v2\/pages\/32\/revisions\/12991"}],"up":[{"embeddable":true,"href":"https:\/\/agora.xtec.cat\/escolafeliuivegues\/wp-json\/wp\/v2\/pages\/22"}],"wp:attachment":[{"href":"https:\/\/agora.xtec.cat\/escolafeliuivegues\/wp-json\/wp\/v2\/media?parent=32"}],"curies":[{"name":"wp","href":"https:\/\/api.w.org\/{rel}","templated":true}]}}