{"id":26,"date":"2014-09-18T12:24:32","date_gmt":"2014-09-18T12:24:32","guid":{"rendered":"http:\/\/agora.xtec.cat\/escolafeliuivegues\/?page_id=26"},"modified":"2015-11-10T16:55:11","modified_gmt":"2015-11-10T15:55:11","slug":"historia","status":"publish","type":"page","link":"https:\/\/agora.xtec.cat\/escolafeliuivegues\/lescola\/historia\/","title":{"rendered":"Hist\u00f2ria"},"content":{"rendered":"<p class=\"titol\"><strong>El nostre nom: Feliu i Vegu\u00e9s<\/strong><\/p>\n<p class=\"text\">A finals del segle XIX Badalona tenia uns 15.000 habitants.<br \/>\nHi havia poques escoles p\u00fabliques: 1 de p\u00e0rvuls, 4 d\u2019elementals (2 de nois i 2 de noies) i 1 escola superior.<br \/>\nUn dels mestres d\u2019aquella \u00e8poca era en <strong>Francesc Feliu i Vegu\u00e9s<\/strong>, anomenat per tothom \u201c<strong><em>el senyor Feliu<\/em><\/strong>\u201c.<\/p>\n<p class=\"text\" style=\"text-align: center;\"><a href=\"http:\/\/agora.xtec.cat\/escolafeliuivegues\/wp-content\/uploads\/usu212\/2014\/09\/francesc_feliu.jpg\"><img loading=\"lazy\" decoding=\"async\" class=\"alignnone size-medium wp-image-180\" src=\"http:\/\/agora.xtec.cat\/escolafeliuivegues\/wp-content\/uploads\/usu212\/2014\/09\/francesc_feliu-212x300.jpg\" alt=\"francesc_feliu\" width=\"212\" height=\"300\" \/><\/a><\/p>\n<p class=\"text\">En Francesc Feliu i Vegu\u00e9s havia nascut l\u2019any 1829 a Aitona, un petit poble del Segri\u00e0.<br \/>\nHavia estudiat molts anys i era enginyer agr\u00f2nom, membre de la Reial Acad\u00e8mia de Ci\u00e8ncies de Barcelona i catedr\u00e0tic de la Universitat.<br \/>\nDurant 40 anys va ser mestre i director de l\u2019Escola P\u00fablica Superior de Badalona.<br \/>\nEls seus alumnes el van recordar sempre com una persona a qui havien respectat, admirat i estimat, que els havia ajudat a aprendre i a cr\u00e9ixer.<br \/>\nMolts anys m\u00e9s tard l\u2019Ajuntament de Badalona va recordar-lo posant el seu nom a la nostra escola.<\/p>\n","protected":false},"excerpt":{"rendered":"<p>El nostre nom: Feliu i Vegu\u00e9s<br \/>\nA finals del segle XIX Badalona tenia uns 15.000 habitants.<br \/>\nHi havia poques escoles p\u00fabliques: 1 de p\u00e0rvuls, 4 d\u2019elementals (2 de nois i 2 de noies) i 1 escola superior.<br \/>\nUn dels mestres d\u2019aquella \u00e8poca era en Francesc Feliu i Vegu\u00e9s,&hellip;  <a href=\"https:\/\/agora.xtec.cat\/escolafeliuivegues\/lescola\/historia\/\" title=\"Read Hist\u00f2ria\">Llegeix m\u00e9s\u00bb<\/a><\/p>\n","protected":false},"author":2,"featured_media":0,"parent":22,"menu_order":20,"comment_status":"closed","ping_status":"closed","template":"page-templates\/side-menu.php","meta":{"_bbp_topic_count":0,"_bbp_reply_count":0,"_bbp_total_topic_count":0,"_bbp_total_reply_count":0,"_bbp_voice_count":0,"_bbp_anonymous_reply_count":0,"_bbp_topic_count_hidden":0,"_bbp_reply_count_hidden":0,"_bbp_forum_subforum_count":0,"footnotes":""},"class_list":["post-26","page","type-page","status-publish","hentry"],"post_mailing_queue_ids":[],"_links":{"self":[{"href":"https:\/\/agora.xtec.cat\/escolafeliuivegues\/wp-json\/wp\/v2\/pages\/26","targetHints":{"allow":["GET"]}}],"collection":[{"href":"https:\/\/agora.xtec.cat\/escolafeliuivegues\/wp-json\/wp\/v2\/pages"}],"about":[{"href":"https:\/\/agora.xtec.cat\/escolafeliuivegues\/wp-json\/wp\/v2\/types\/page"}],"author":[{"embeddable":true,"href":"https:\/\/agora.xtec.cat\/escolafeliuivegues\/wp-json\/wp\/v2\/users\/2"}],"replies":[{"embeddable":true,"href":"https:\/\/agora.xtec.cat\/escolafeliuivegues\/wp-json\/wp\/v2\/comments?post=26"}],"version-history":[{"count":2,"href":"https:\/\/agora.xtec.cat\/escolafeliuivegues\/wp-json\/wp\/v2\/pages\/26\/revisions"}],"predecessor-version":[{"id":181,"href":"https:\/\/agora.xtec.cat\/escolafeliuivegues\/wp-json\/wp\/v2\/pages\/26\/revisions\/181"}],"up":[{"embeddable":true,"href":"https:\/\/agora.xtec.cat\/escolafeliuivegues\/wp-json\/wp\/v2\/pages\/22"}],"wp:attachment":[{"href":"https:\/\/agora.xtec.cat\/escolafeliuivegues\/wp-json\/wp\/v2\/media?parent=26"}],"curies":[{"name":"wp","href":"https:\/\/api.w.org\/{rel}","templated":true}]}}