{"id":1806,"date":"2015-09-29T11:14:23","date_gmt":"2015-09-29T10:14:23","guid":{"rendered":"http:\/\/agora.xtec.cat\/escolafeliuivegues\/?page_id=1806"},"modified":"2017-02-08T16:29:56","modified_gmt":"2017-02-08T15:29:56","slug":"trets-didentitat","status":"publish","type":"page","link":"https:\/\/agora.xtec.cat\/escolafeliuivegues\/projecte-educatiu\/trets-didentitat\/","title":{"rendered":"Trets d&#8217;identitat"},"content":{"rendered":"<p><strong>Caracter\u00edstiques del Centre<\/strong><br \/>\n<img loading=\"lazy\" decoding=\"async\" class=\"alignright wp-image-238 size-medium\" src=\"http:\/\/agora.xtec.cat\/escolafeliuivegues\/wp-content\/uploads\/usu212\/2014\/09\/foto-escola-300x225.jpg\" alt=\"foto escola\" width=\"300\" height=\"225\" srcset=\"https:\/\/agora.xtec.cat\/escolafeliuivegues\/wp-content\/uploads\/usu212\/2014\/09\/foto-escola-300x225.jpg 300w, https:\/\/agora.xtec.cat\/escolafeliuivegues\/wp-content\/uploads\/usu212\/2014\/09\/foto-escola-200x150.jpg 200w, https:\/\/agora.xtec.cat\/escolafeliuivegues\/wp-content\/uploads\/usu212\/2014\/09\/foto-escola.jpg 480w\" sizes=\"auto, (max-width: 300px) 100vw, 300px\" \/>La nostra escola es defineix com a catalana, democr\u00e0tica i laica.<br \/>\nEst\u00e0 fortament arrelada al barri (Llefi\u00e0) i vol educar en el desenvolupament integral de l&#8217;alumnat tenint en compte les seves caracter\u00edstiques individuals per a preparar-lo per la seva integraci\u00f3 social, mitjan\u00e7ant una educaci\u00f3 pluralista, solid\u00e0ria, no competitiva, no discriminat\u00f2ria i tolerant.<br \/>\nL\u2019escola t\u00e9 la llengua catalana com a mitj\u00e0 d\u2019expressi\u00f3 i transmissi\u00f3 de coneixements. L\u2019escola ofereix a tots els alumnes un bagatge cultural i ling\u00fc\u00edstic catal\u00e0 i posa els mitjans i el temps necessaris per a qu\u00e8 tothom hi pugui participar, cr\u00e9ixer i desenvolupar-se en aquesta cultura. Tot aix\u00f2, partint del respecte i la valoraci\u00f3 de cada alumne\/a i de la seva cultura.<br \/>\nL\u2019escola actua per aconseguir que tots els alumnes tinguin l\u2019oportunitat de desenvolupar al m\u00e0xim les pr\u00f2pies capacitats.<br \/>\nConsiderem l\u2019educaci\u00f3 com un proc\u00e9s integral que contempla els aspectes emocional, intel\u00b7lectual i de conviv\u00e8ncia; per tant l&#8217;escola treballa h\u00e0bits, valors, conceptes i procediments.<br \/>\nL\u2019escola fomenta la participaci\u00f3 de pares, professors, alumnes i personal no docent en la seva gesti\u00f3.<br \/>\nL\u2019escola considera molt important la relaci\u00f3 entre els tots els membres de la comunitat escolar i t\u00e9 cura dels procediments i canals de comunicaci\u00f3 i participaci\u00f3.<\/p>\n<p><strong>La l\u00ednia metodol\u00f2gica<\/strong><br \/>\nL\u2019escola desenvolupa una metodologia basada en:<\/p>\n<ul>\n<li>L\u2019acci\u00f3 tutorial.<\/li>\n<li>L\u2019atenci\u00f3 i el respecte a la diversitat.<\/li>\n<li>La significativitat de l\u2019aprenentatge i la participaci\u00f3 activa de l\u2019alumne en el proc\u00e9s ensenyament-aprenentatge tant a nivell individual com col\u00b7lectiu.<\/li>\n<li>La no competitivitat i la solidaritat.<\/li>\n<li>El treball cooperatiu.<\/li>\n<li>L\u2019aprenentatge amb i dels companys, juntament amb l\u2019\u00fas did\u00e0ctic de l\u2019entorn, i del material.<\/li>\n<li>L\u2019est\u00edmul de la curiositat i de l\u2019esperit cient\u00edfic.<\/li>\n<li>La sostenibilitat.<\/li>\n<\/ul>\n<p><strong>Aspectes generals<\/strong><\/p>\n<ul>\n<li>Ensenyament de l&#8217;angl\u00e8s des dels 5 anys.<\/li>\n<li>Atenci\u00f3 psicopedag\u00f2gica i logop\u00e8dica.<\/li>\n<li>Programa de salut infantil.<\/li>\n<li>Sortides.<\/li>\n<li>Celebraci\u00f3 de les festes populars i de la setmana cultural.<\/li>\n<li>Entrevistes peri\u00f2diques entre fam\u00edlia i professorat.<\/li>\n<li>Participaci\u00f3 dels diferents sectors en el consell escolar.<\/li>\n<li>Associaci\u00f3 de mares i pares.<\/li>\n<li>Continuaci\u00f3 assegurada dels estudis en un institut p\u00fablic d&#8217;educaci\u00f3 secund\u00e0ria.<\/li>\n<\/ul>\n<p>&nbsp;<br \/>\n<iframe loading=\"lazy\" style=\"border: 1px solid #CCC; border-width: 1px; margin-bottom: 5px; max-width: 100%;\" src=\"\/\/www.slideshare.net\/slideshow\/embed_code\/key\/LTKwqXtIgDmzGy\" width=\"595\" height=\"485\" frameborder=\"0\" marginwidth=\"0\" marginheight=\"0\" scrolling=\"no\" allowfullscreen=\"allowfullscreen\"> <\/iframe><\/p>\n<div style=\"margin-bottom: 5px;\"><\/div>\n","protected":false},"excerpt":{"rendered":"<p>Caracter\u00edstiques del Centre<br \/>\nLa nostra escola es defineix com a catalana, democr\u00e0tica i laica.<br \/>\nEst\u00e0 fortament arrelada al barri (Llefi\u00e0) i vol educar en el desenvolupament integral de l&#8217;alumnat tenint en compte les seves caracter\u00edstiques individuals per a preparar-lo per la seva integraci\u00f3 social, mitjan\u00e7ant una educaci\u00f3&hellip;  <a href=\"https:\/\/agora.xtec.cat\/escolafeliuivegues\/projecte-educatiu\/trets-didentitat\/\" title=\"Read Trets d&#8217;identitat\">Llegeix m\u00e9s\u00bb<\/a><\/p>\n","protected":false},"author":3,"featured_media":0,"parent":64,"menu_order":0,"comment_status":"closed","ping_status":"closed","template":"page-templates\/side-menu.php","meta":{"_bbp_topic_count":0,"_bbp_reply_count":0,"_bbp_total_topic_count":0,"_bbp_total_reply_count":0,"_bbp_voice_count":0,"_bbp_anonymous_reply_count":0,"_bbp_topic_count_hidden":0,"_bbp_reply_count_hidden":0,"_bbp_forum_subforum_count":0,"footnotes":""},"class_list":["post-1806","page","type-page","status-publish","hentry"],"post_mailing_queue_ids":[],"_links":{"self":[{"href":"https:\/\/agora.xtec.cat\/escolafeliuivegues\/wp-json\/wp\/v2\/pages\/1806","targetHints":{"allow":["GET"]}}],"collection":[{"href":"https:\/\/agora.xtec.cat\/escolafeliuivegues\/wp-json\/wp\/v2\/pages"}],"about":[{"href":"https:\/\/agora.xtec.cat\/escolafeliuivegues\/wp-json\/wp\/v2\/types\/page"}],"author":[{"embeddable":true,"href":"https:\/\/agora.xtec.cat\/escolafeliuivegues\/wp-json\/wp\/v2\/users\/3"}],"replies":[{"embeddable":true,"href":"https:\/\/agora.xtec.cat\/escolafeliuivegues\/wp-json\/wp\/v2\/comments?post=1806"}],"version-history":[{"count":3,"href":"https:\/\/agora.xtec.cat\/escolafeliuivegues\/wp-json\/wp\/v2\/pages\/1806\/revisions"}],"predecessor-version":[{"id":3169,"href":"https:\/\/agora.xtec.cat\/escolafeliuivegues\/wp-json\/wp\/v2\/pages\/1806\/revisions\/3169"}],"up":[{"embeddable":true,"href":"https:\/\/agora.xtec.cat\/escolafeliuivegues\/wp-json\/wp\/v2\/pages\/64"}],"wp:attachment":[{"href":"https:\/\/agora.xtec.cat\/escolafeliuivegues\/wp-json\/wp\/v2\/media?parent=1806"}],"curies":[{"name":"wp","href":"https:\/\/api.w.org\/{rel}","templated":true}]}}