{"id":1791,"date":"2015-09-29T09:39:54","date_gmt":"2015-09-29T08:39:54","guid":{"rendered":"http:\/\/agora.xtec.cat\/escolafeliuivegues\/?page_id=1791"},"modified":"2015-11-10T16:56:50","modified_gmt":"2015-11-10T15:56:50","slug":"biblioteca-escolar","status":"publish","type":"page","link":"https:\/\/agora.xtec.cat\/escolafeliuivegues\/projecte-educatiu\/biblioteca-escolar\/","title":{"rendered":"Biblioteca escolar"},"content":{"rendered":"<p align=\"center\"><span style=\"font-size: large;\"><span style=\"color: #780000;\">Biblioteca escolar: Puntedu<\/span><\/span><\/p>\n<p>El programa t\u00e9 per objectiu potenciar <strong>la biblioteca escolar &#8220;puntedu&#8221;<\/strong> com un espai de recursos on poder trobar tot tipus d&#8217;informaci\u00f3 en diferents tipus de suport a l&#8217;abast de l&#8217;alumnat, del professorat i de la comunitat educativa, prioritzar el seu \u00fas com a espai d&#8217;aprenentatge en el desenvolupament de les diferents \u00e0rees curriculars, per tal que l&#8217;alumnat es formi com a persona aut\u00f2noma, cr\u00edtica i constructora del seu propi coneixement a trav\u00e9s de la cerca, la investigaci\u00f3 i el treball en diferents fonts d&#8217;informaci\u00f3, i promoure l&#8217;h\u00e0bit lector.<\/p>\n<p style=\"text-align: center;\"><a href=\"https:\/\/agora.xtec.cat\/escolafeliuivegues\/docs\/pla-de-lectura-de-centre\/\" target=\"_blank\">Document del projecte<\/a><\/p>\n<p style=\"text-align: center;\"><a href=\"https:\/\/agora.xtec.cat\/escolafeliuivegues\/docs\/pla-de-lectura-de-centre\/\" target=\"_blank\"><img loading=\"lazy\" decoding=\"async\" class=\"alignnone size-medium wp-image-228\" src=\"http:\/\/agora.xtec.cat\/escolafeliuivegues\/wp-content\/uploads\/usu212\/2014\/09\/pdf.jpg\" alt=\"pdf\" width=\"56\" height=\"64\" \/><\/a><\/p>\n<p style=\"text-align: center;\"><img loading=\"lazy\" decoding=\"async\" class=\"alignnone size-medium wp-image-1800\" src=\"http:\/\/agora.xtec.cat\/escolafeliuivegues\/wp-content\/uploads\/usu212\/2015\/09\/biblio2-300x225.jpg\" alt=\"biblio2\" width=\"300\" height=\"225\" \/> <img loading=\"lazy\" decoding=\"async\" class=\"alignnone size-medium wp-image-1799\" src=\"http:\/\/agora.xtec.cat\/escolafeliuivegues\/wp-content\/uploads\/usu212\/2015\/09\/biblio1-300x225.jpg\" alt=\"biblio1\" width=\"300\" height=\"225\" \/><\/p>\n<p style=\"text-align: center;\"><img loading=\"lazy\" decoding=\"async\" class=\"alignnone size-medium wp-image-1798\" src=\"http:\/\/agora.xtec.cat\/escolafeliuivegues\/wp-content\/uploads\/usu212\/2015\/09\/biblio3-300x225.jpg\" alt=\"biblio3\" width=\"300\" height=\"225\" \/><span style=\"font-size: large;\"><span style=\"color: #780000;\"> <img loading=\"lazy\" decoding=\"async\" class=\"alignnone size-medium wp-image-1802\" src=\"http:\/\/agora.xtec.cat\/escolafeliuivegues\/wp-content\/uploads\/usu212\/2015\/09\/biblio4-300x225.jpg\" alt=\"biblio4\" width=\"300\" height=\"225\" \/><\/span><\/span><\/p>\n","protected":false},"excerpt":{"rendered":"<p>Biblioteca escolar: Puntedu<br \/>\nEl programa t\u00e9 per objectiu potenciar la biblioteca escolar &#8220;puntedu&#8221; com un espai de recursos on poder trobar tot tipus d&#8217;informaci\u00f3 en diferents tipus de suport a l&#8217;abast de l&#8217;alumnat, del professorat i de la comunitat educativa, prioritzar el seu \u00fas com a&hellip;  <a href=\"https:\/\/agora.xtec.cat\/escolafeliuivegues\/projecte-educatiu\/biblioteca-escolar\/\" title=\"Read Biblioteca escolar\">Llegeix m\u00e9s\u00bb<\/a><\/p>\n","protected":false},"author":3,"featured_media":0,"parent":64,"menu_order":0,"comment_status":"closed","ping_status":"closed","template":"page-templates\/side-menu.php","meta":{"_bbp_topic_count":0,"_bbp_reply_count":0,"_bbp_total_topic_count":0,"_bbp_total_reply_count":0,"_bbp_voice_count":0,"_bbp_anonymous_reply_count":0,"_bbp_topic_count_hidden":0,"_bbp_reply_count_hidden":0,"_bbp_forum_subforum_count":0,"footnotes":""},"class_list":["post-1791","page","type-page","status-publish","hentry"],"post_mailing_queue_ids":[],"_links":{"self":[{"href":"https:\/\/agora.xtec.cat\/escolafeliuivegues\/wp-json\/wp\/v2\/pages\/1791","targetHints":{"allow":["GET"]}}],"collection":[{"href":"https:\/\/agora.xtec.cat\/escolafeliuivegues\/wp-json\/wp\/v2\/pages"}],"about":[{"href":"https:\/\/agora.xtec.cat\/escolafeliuivegues\/wp-json\/wp\/v2\/types\/page"}],"author":[{"embeddable":true,"href":"https:\/\/agora.xtec.cat\/escolafeliuivegues\/wp-json\/wp\/v2\/users\/3"}],"replies":[{"embeddable":true,"href":"https:\/\/agora.xtec.cat\/escolafeliuivegues\/wp-json\/wp\/v2\/comments?post=1791"}],"version-history":[{"count":3,"href":"https:\/\/agora.xtec.cat\/escolafeliuivegues\/wp-json\/wp\/v2\/pages\/1791\/revisions"}],"predecessor-version":[{"id":1805,"href":"https:\/\/agora.xtec.cat\/escolafeliuivegues\/wp-json\/wp\/v2\/pages\/1791\/revisions\/1805"}],"up":[{"embeddable":true,"href":"https:\/\/agora.xtec.cat\/escolafeliuivegues\/wp-json\/wp\/v2\/pages\/64"}],"wp:attachment":[{"href":"https:\/\/agora.xtec.cat\/escolafeliuivegues\/wp-json\/wp\/v2\/media?parent=1791"}],"curies":[{"name":"wp","href":"https:\/\/api.w.org\/{rel}","templated":true}]}}