{"id":10646,"date":"2023-04-24T16:15:37","date_gmt":"2023-04-24T14:15:37","guid":{"rendered":"https:\/\/agora.xtec.cat\/escolafeliuivegues\/?page_id=10646"},"modified":"2023-04-26T01:36:50","modified_gmt":"2023-04-25T23:36:50","slug":"acollida","status":"publish","type":"page","link":"https:\/\/agora.xtec.cat\/escolafeliuivegues\/estrategia-digital-de-centre\/part-estrategica\/acollida\/","title":{"rendered":"Comunicaci\u00f3 amb la comunitat educativa"},"content":{"rendered":"<div align=\"left\">\n<table class=\"alignleft\" style=\"height: 826px; width: 61.8486%; border-collapse: collapse; border: 3px solid #000000;\" border=\"3px solid rgb(0, 0, 0)\">\n<tbody>\n<tr style=\"height: 34px;\">\n<td style=\"text-align: center; border: 3px solid #000000; background-color: #4dffd3; height: 34px;\"><span style=\"font-family: Tahoma,Geneva, sans-serif;\"><strong>CANAL<\/strong><\/span><\/td>\n<td style=\"text-align: center; border: 3px solid #000000; background-color: #4dffd3; height: 34px;\"><span style=\"font-family: Tahoma,Geneva, sans-serif;\"><strong>FINALITAT<\/strong><\/span><\/td>\n<td style=\"text-align: center; border: 3px solid #000000; background-color: #4dffd3; height: 34px;\"><span style=\"font-family: Tahoma,Geneva, sans-serif;\"><strong>RESPONSABLES<\/strong><\/span><\/td>\n<\/tr>\n<tr style=\"height: 99px;\">\n<td style=\"text-align: center; border: 3px solid #000000; height: 99px;\"><span style=\"font-family: Tahoma,Geneva, sans-serif;\">Web del Centre<\/span><\/td>\n<td style=\"text-align: center; border: 3px solid #000000; height: 99px;\"><span style=\"font-family: Tahoma,Geneva, sans-serif;\">Projecci\u00f3 de centre a la comunitat educativa, l\u2019entorn i sistema educatiu. <\/span><\/td>\n<td style=\"text-align: center; border: 3px solid #000000; height: 99px;\"><span style=\"font-family: Tahoma,Geneva, sans-serif;\">Equip directiu<\/span><\/p>\n<p><span style=\"font-family: Tahoma,Geneva, sans-serif;\">Professorat<\/span><\/td>\n<\/tr>\n<tr style=\"height: 99px;\">\n<td style=\"text-align: center; border: 3px solid #000000; height: 99px;\"><span style=\"font-family: Tahoma,Geneva, sans-serif;\">WhatsApp , m\u00f2bil i tel\u00e8fon fixe<\/span><\/td>\n<td style=\"text-align: center; border: 3px solid #000000; height: 99px;\"><span style=\"font-family: Tahoma,Geneva, sans-serif;\">Comunicaci\u00f3 instant\u00e0nia amb les fam\u00edlies. <\/span><\/td>\n<td style=\"text-align: center; border: 3px solid #000000; height: 99px;\"><span style=\"font-family: Tahoma,Geneva, sans-serif;\">Equip directiu<\/span><\/p>\n<p><span style=\"font-family: Tahoma,Geneva, sans-serif;\">Professorat<\/span><\/td>\n<\/tr>\n<tr style=\"height: 139px;\">\n<td style=\"text-align: center; border: 3px solid #000000; height: 139px;\"><span style=\"font-family: Tahoma,Geneva, sans-serif;\">Circulars i cartellera del Centre<\/span><\/td>\n<td style=\"text-align: center; border: 3px solid #000000; height: 139px;\"><span style=\"font-family: Tahoma,Geneva, sans-serif;\">Comunicaci\u00f3 amb les fam\u00edlies i l\u2019alumnat.<\/span><\/td>\n<td style=\"text-align: center; border: 3px solid #000000; height: 139px;\"><span style=\"font-family: Tahoma,Geneva, sans-serif;\">Equip directiu\u00a0<\/span><\/p>\n<p><span style=\"font-family: Tahoma,Geneva, sans-serif;\">Administraci\u00f3<\/span><\/p>\n<p><span style=\"font-family: Tahoma,Geneva, sans-serif;\">Professorat<\/span><\/td>\n<\/tr>\n<tr style=\"height: 139px;\">\n<td style=\"text-align: center; border: 3px solid #000000; height: 139px;\"><span style=\"font-family: Tahoma,Geneva, sans-serif;\">G-Suite for Education<\/span><\/td>\n<td style=\"text-align: center; border: 3px solid #000000; height: 139px;\"><span style=\"font-family: Tahoma,Geneva, sans-serif;\">Comunicaci\u00f3 equip professional. Entorn virtual d\u2019aprenentatge de l\u2019alumnat.<\/span><\/td>\n<td style=\"text-align: center; border: 3px solid #000000; height: 139px;\"><span style=\"font-family: Tahoma,Geneva, sans-serif;\">Equip directiu<\/span><\/p>\n<p><span style=\"font-family: Tahoma,Geneva, sans-serif;\">Coordinadora digital<\/span><\/p>\n<p><span style=\"font-family: Tahoma,Geneva, sans-serif;\">Professorat<\/span><\/td>\n<\/tr>\n<tr style=\"height: 34px;\">\n<td style=\"text-align: center; border: 3px solid #000000; height: 34px;\"><span style=\"font-family: Tahoma,Geneva, sans-serif;\">Correu electr\u00f2nic corporatiu<\/span><\/td>\n<td style=\"text-align: center; border: 3px solid #000000; height: 34px;\"><span style=\"font-family: Tahoma,Geneva, sans-serif;\">Comunicaci\u00f3 de centre.<\/span><\/td>\n<td style=\"text-align: center; border: 3px solid #000000; height: 34px;\"><span style=\"font-family: Tahoma,Geneva, sans-serif;\">Equip directiu <\/span><\/td>\n<\/tr>\n<tr style=\"height: 50px;\">\n<td style=\"text-align: center; border: 3px solid #000000; height: 50px;\"><span style=\"font-family: Tahoma,Geneva, sans-serif;\">Reunions professionals<\/span><\/td>\n<td style=\"text-align: center; border: 3px solid #000000; height: 50px;\"><span style=\"font-family: Tahoma,Geneva, sans-serif;\">Tractament d\u2019informaci\u00f3 d\u2019\u00edndole professional bidireccional.<\/span><\/td>\n<td style=\"text-align: center; border: 3px solid #000000; height: 50px;\"><span style=\"font-family: Tahoma,Geneva, sans-serif;\">Professionals del centre.<\/span><\/td>\n<\/tr>\n<tr style=\"height: 99px;\">\n<td style=\"text-align: center; border: 3px solid #000000; height: 99px;\"><span style=\"font-family: Tahoma,Geneva, sans-serif;\">Reunions fam\u00edlies i acci\u00f3\u00a0<\/span><\/p>\n<p><span style=\"font-family: Tahoma,Geneva, sans-serif;\">tutorial<\/span><\/td>\n<td style=\"text-align: center; border: 3px solid #000000; height: 99px;\"><span style=\"font-family: Tahoma,Geneva, sans-serif;\">Escolta, acompanyament i seguiment de i amb l\u2019alumnat i les fam\u00edlies.<\/span><\/td>\n<td style=\"text-align: center; border: 3px solid #000000; height: 99px;\"><span style=\"font-family: Tahoma,Geneva, sans-serif;\">Tutors\/es<\/span><\/td>\n<\/tr>\n<tr style=\"height: 99px;\">\n<td style=\"text-align: center; border: 3px solid #000000; height: 99px;\"><span style=\"font-family: Tahoma,Geneva, sans-serif;\">Reunions informatives de grup o individuals<\/span><\/td>\n<td style=\"text-align: center; border: 3px solid #000000; height: 99px;\"><span style=\"font-family: Tahoma,Geneva, sans-serif;\">Comunicaci\u00f3 bidireccional amb les fam\u00edlies.<\/span><\/td>\n<td style=\"text-align: center; border: 3px solid #000000; height: 99px;\"><span style=\"font-family: Tahoma,Geneva, sans-serif;\">Equip directiu<\/span><\/p>\n<p><span style=\"font-family: Tahoma,Geneva, sans-serif;\">Professorat<\/span><\/td>\n<\/tr>\n<\/tbody>\n<\/table>\n<\/div>\n","protected":false},"excerpt":{"rendered":"<p>CANAL<br \/>\nFINALITAT<br \/>\nRESPONSABLES<\/p>\n<p>Web del Centre<br \/>\nProjecci\u00f3 de centre a la comunitat educativa, l\u2019entorn i sistema educatiu.<br \/>\nEquip directiu<br \/>\nProfessorat<\/p>\n<p>WhatsApp , m\u00f2bil i tel\u00e8fon fixe<br \/>\nComunicaci\u00f3 instant\u00e0nia amb les fam\u00edlies.<br \/>\nEquip directiu<br \/>\nProfessorat<\/p>\n<p>Circulars i cartellera del Centre<br \/>\nComunicaci\u00f3 amb les fam\u00edlies i l\u2019alumnat.<br \/>\nEquip directiu\u00a0<br \/>\nAdministraci\u00f3<br \/>\nProfessorat<\/p>\n<p>G-Suite for Education<br \/>\nComunicaci\u00f3 equip professional. Entorn virtual d\u2019aprenentatge de l\u2019alumnat.<br \/>\nEquip&hellip;  <a href=\"https:\/\/agora.xtec.cat\/escolafeliuivegues\/estrategia-digital-de-centre\/part-estrategica\/acollida\/\" title=\"Read Comunicaci\u00f3 amb la comunitat educativa\">Llegeix m\u00e9s\u00bb<\/a><\/p>\n","protected":false},"author":12,"featured_media":0,"parent":10643,"menu_order":0,"comment_status":"closed","ping_status":"closed","template":"","meta":{"_bbp_topic_count":0,"_bbp_reply_count":0,"_bbp_total_topic_count":0,"_bbp_total_reply_count":0,"_bbp_voice_count":0,"_bbp_anonymous_reply_count":0,"_bbp_topic_count_hidden":0,"_bbp_reply_count_hidden":0,"_bbp_forum_subforum_count":0,"footnotes":""},"class_list":["post-10646","page","type-page","status-publish","hentry"],"post_mailing_queue_ids":[],"_links":{"self":[{"href":"https:\/\/agora.xtec.cat\/escolafeliuivegues\/wp-json\/wp\/v2\/pages\/10646","targetHints":{"allow":["GET"]}}],"collection":[{"href":"https:\/\/agora.xtec.cat\/escolafeliuivegues\/wp-json\/wp\/v2\/pages"}],"about":[{"href":"https:\/\/agora.xtec.cat\/escolafeliuivegues\/wp-json\/wp\/v2\/types\/page"}],"author":[{"embeddable":true,"href":"https:\/\/agora.xtec.cat\/escolafeliuivegues\/wp-json\/wp\/v2\/users\/12"}],"replies":[{"embeddable":true,"href":"https:\/\/agora.xtec.cat\/escolafeliuivegues\/wp-json\/wp\/v2\/comments?post=10646"}],"version-history":[{"count":3,"href":"https:\/\/agora.xtec.cat\/escolafeliuivegues\/wp-json\/wp\/v2\/pages\/10646\/revisions"}],"predecessor-version":[{"id":10721,"href":"https:\/\/agora.xtec.cat\/escolafeliuivegues\/wp-json\/wp\/v2\/pages\/10646\/revisions\/10721"}],"up":[{"embeddable":true,"href":"https:\/\/agora.xtec.cat\/escolafeliuivegues\/wp-json\/wp\/v2\/pages\/10643"}],"wp:attachment":[{"href":"https:\/\/agora.xtec.cat\/escolafeliuivegues\/wp-json\/wp\/v2\/media?parent=10646"}],"curies":[{"name":"wp","href":"https:\/\/api.w.org\/{rel}","templated":true}]}}