{"id":10632,"date":"2023-04-24T15:38:08","date_gmt":"2023-04-24T13:38:08","guid":{"rendered":"https:\/\/agora.xtec.cat\/escolafeliuivegues\/?page_id=10632"},"modified":"2023-05-03T16:43:44","modified_gmt":"2023-05-03T14:43:44","slug":"estrategia-digital-de-centre","status":"publish","type":"page","link":"https:\/\/agora.xtec.cat\/escolafeliuivegues\/estrategia-digital-de-centre\/","title":{"rendered":"Estrat\u00e8gia Digital de Centre"},"content":{"rendered":"<p><span style=\"font-weight: 400;\"><strong>L\u2019Estrat\u00e8gia Digita de Centre (EDC)\u00a0<\/strong> defineix i concreta les l\u00ednies d\u2019actuaci\u00f3 d\u2019un centre per tal de fer\u00a0 possible que docents, alumnat i centre assoleixin la compet\u00e8ncia digital. Per aconseguir aquesta compet\u00e8ncia digital, l\u2019EDC compr\u00e8n tots els \u00e0mbits del centre: organitzatius, metodol\u00f2gics, curriculars i comunicatius, els quals s\u2019han de veure necess\u00e0riament implicats i, si escau, transformats, des d\u2019una perspectiva d\u2019innovaci\u00f3 i de millora cont\u00ednua.<\/span><\/p>\n<p><b>La nostra EDC <\/b><span style=\"font-weight: 400;\">recull totes les accions que es realitzen\u00a0 i les que es realitzaran a mitj\u00e0 termini en el nostre centre per aconseguir la compet\u00e8ncia digital de l\u2019alumnat, del professorat i del centre educatiu. D&#8217;acord amb el <\/span><b>Pla d\u2019educaci\u00f3 digital de Catalunya (PEDC)<\/b><span style=\"font-weight: 400;\">, assumim la necessitat d\u2019assolir la fita d\u2019una societat digitalment competent, fent \u00e8mfasi en l\u2019equitat i tenint en compte l\u2019evoluci\u00f3 del context social i tecnol\u00f2gic.<\/span><\/p>\n<p><span style=\"font-weight: 400;\">Cal tenir en compte que la nostra escola fa temps\u00a0 que ha fet una clara aposta per la digitalitzaci\u00f3 i es dediquen moltes hores a fer-ho possible i s\u2019ha fet visible als documents del centre com el PEC i\u00a0 el PdD (llarg termini) i PGAC i Mem\u00f2ria anual (curt termini).<\/span><\/p>\n<p><span style=\"font-weight: 400;\">La nostra EDC <\/span><span style=\"font-weight: 400;\">t\u00e9\u00a0 dues parts.<\/span><span style=\"font-weight: 400;\"> Una primera <\/span><span style=\"font-weight: 400;\">part \u00e9s m\u00e9s estrat\u00e8gica <\/span><span style=\"font-weight: 400;\">(objectius, activitats, planificaci\u00f3, etc.), on es defineix on vol arribar el centre digitalment parlant. La segona part mostra la cultura digital, on es recull tot all\u00f2 que el centre ja t\u00e9 establert en aquest sentit.\u00a0<\/span><\/p>\n<p>&nbsp;<\/p>\n<table style=\"width: 96%; border-collapse: collapse; border: 3px solid #000000; font-size: 20px; height: 244px;\">\n<tbody>\n<tr style=\"height: 33px;\">\n<td style=\"width: 99.8145%; background-color: #04a47d; border: 3px solid #000000; padding: 5px; height: 33px;\" colspan=\"2\">\n<div style=\"text-align: center;\"><strong><span style=\"font-family: Tahoma, Geneva, sans-serif; font-size: 19px; text-shadow: rgba(23, 8, 17, 0.35) 6px -3px 8px; color: #ffffff;\">Estrat\u00e8gia Digital de Centre<\/span><\/strong><\/div>\n<\/td>\n<\/tr>\n<tr style=\"height: 43px;\">\n<td style=\"width: 49.323%; text-align: center; background-color: #4dffd3; border: 3px solid #000000; height: 43px;\"><a href=\"https:\/\/agora.xtec.cat\/escolafeliuivegues\/projecte-educatiu\/estrategia-digital-de-centre\/part-estrategica-2\/\" target=\"_blank\" rel=\"noopener\"><span style=\"font-family: Tahoma,Geneva, sans-serif;\"><strong>Part estrat\u00e8gica<\/strong><\/span><\/a><\/td>\n<td style=\"width: 50.2902%; text-align: center; background-color: #4dffd3; border: 3px solid #000000; padding: 10px 40px; height: 43px;\"><a href=\"https:\/\/agora.xtec.cat\/escolafeliuivegues\/projecte-educatiu\/estrategia-digital-de-centre\/part-estrategica\/\" target=\"_blank\" rel=\"noopener\"><span style=\"font-family: Tahoma,Geneva, sans-serif;\"><strong>Cultura digital<\/strong><\/span><\/a><\/td>\n<\/tr>\n<tr style=\"height: 42px;\">\n<td style=\"width: 49.323%; text-align: center; background-color: #c2fff0; border: 3px solid #000000; height: 84px;\" rowspan=\"2\"><a href=\"https:\/\/agora.xtec.cat\/escolafeliuivegues\/projecte-educatiu\/estrategia-digital-de-centre\/diagnosi\/\" target=\"_blank\" rel=\"noopener\"><span style=\"font-family: Tahoma,Geneva, sans-serif;\">Diagnosi<\/span><\/a><\/td>\n<td style=\"width: 50.2902%; text-align: center; background-color: #c2fff0; border: 3px solid #000000; height: 42px;\"><a href=\"https:\/\/agora.xtec.cat\/escolafeliuivegues\/projecte-educatiu\/estrategia-digital-de-centre\/part-estrategica\/us-dels-dispositius\/\" target=\"_blank\" rel=\"noopener\"><span style=\"font-family: Tahoma,Geneva, sans-serif;\">\u00das dels dispositius<\/span><\/a><\/td>\n<\/tr>\n<tr style=\"height: 42px;\">\n<td style=\"width: 50.2902%; text-align: center; background-color: #c2fff0; border: 3px solid #000000; height: 42px;\"><a href=\"https:\/\/agora.xtec.cat\/escolafeliuivegues\/projecte-educatiu\/estrategia-digital-de-centre\/part-estrategica\/pla-dacollida-digital\/\" target=\"_blank\" rel=\"noopener\"><span style=\"font-family: Tahoma,Geneva, sans-serif;\">Pla d&#8217;acollida digital <\/span><\/a><\/td>\n<\/tr>\n<tr style=\"height: 42px;\">\n<td style=\"width: 49.323%; text-align: center; background-color: #c2fff0; border: 3px solid #000000; height: 84px;\" rowspan=\"2\"><a href=\"https:\/\/agora.xtec.cat\/escolafeliuivegues\/projecte-educatiu\/estrategia-digital-de-centre\/objectiu\/\" target=\"_blank\" rel=\"noopener\"><span style=\"font-family: Tahoma,Geneva, sans-serif;\">Objectius<\/span><\/a><\/td>\n<td style=\"width: 50.2902%; text-align: center; background-color: #c2fff0; border: 3px solid #000000; height: 42px;\"><a href=\"https:\/\/agora.xtec.cat\/escolafeliuivegues\/projecte-educatiu\/estrategia-digital-de-centre\/part-estrategica\/acollida\/\" target=\"_blank\" rel=\"noopener\"><span style=\"font-family: Tahoma,Geneva, sans-serif;\">Comunicaci\u00f3 amb la comunitat educativa<\/span><\/a><\/td>\n<\/tr>\n<tr style=\"height: 42px;\">\n<td style=\"width: 50.2902%; text-align: center; background-color: #c2fff0; border: 3px solid #000000; height: 42px;\"><a href=\"https:\/\/agora.xtec.cat\/escolafeliuivegues\/projecte-educatiu\/estrategia-digital-de-centre\/part-estrategica\/practiques-al-centre\/\" target=\"_blank\" rel=\"noopener\"><span style=\"font-family: Tahoma,Geneva, sans-serif;\">Pr\u00e0ctiques al centre<\/span><\/a><\/td>\n<\/tr>\n<\/tbody>\n<\/table>\n","protected":false},"excerpt":{"rendered":"<p>L\u2019Estrat\u00e8gia Digita de Centre (EDC)\u00a0 defineix i concreta les l\u00ednies d\u2019actuaci\u00f3 d\u2019un centre per tal de fer\u00a0 possible que docents, alumnat i centre assoleixin la compet\u00e8ncia digital. Per aconseguir aquesta compet\u00e8ncia digital, l\u2019EDC compr\u00e8n tots els \u00e0mbits del centre: organitzatius, metodol\u00f2gics, curriculars i comunicatius, els&hellip;  <a href=\"https:\/\/agora.xtec.cat\/escolafeliuivegues\/estrategia-digital-de-centre\/\" title=\"Read Estrat\u00e8gia Digital de Centre\">Llegeix m\u00e9s\u00bb<\/a><\/p>\n","protected":false},"author":12,"featured_media":0,"parent":0,"menu_order":0,"comment_status":"closed","ping_status":"closed","template":"","meta":{"_bbp_topic_count":0,"_bbp_reply_count":0,"_bbp_total_topic_count":0,"_bbp_total_reply_count":0,"_bbp_voice_count":0,"_bbp_anonymous_reply_count":0,"_bbp_topic_count_hidden":0,"_bbp_reply_count_hidden":0,"_bbp_forum_subforum_count":0,"footnotes":""},"class_list":["post-10632","page","type-page","status-publish","hentry"],"post_mailing_queue_ids":[],"_links":{"self":[{"href":"https:\/\/agora.xtec.cat\/escolafeliuivegues\/wp-json\/wp\/v2\/pages\/10632","targetHints":{"allow":["GET"]}}],"collection":[{"href":"https:\/\/agora.xtec.cat\/escolafeliuivegues\/wp-json\/wp\/v2\/pages"}],"about":[{"href":"https:\/\/agora.xtec.cat\/escolafeliuivegues\/wp-json\/wp\/v2\/types\/page"}],"author":[{"embeddable":true,"href":"https:\/\/agora.xtec.cat\/escolafeliuivegues\/wp-json\/wp\/v2\/users\/12"}],"replies":[{"embeddable":true,"href":"https:\/\/agora.xtec.cat\/escolafeliuivegues\/wp-json\/wp\/v2\/comments?post=10632"}],"version-history":[{"count":4,"href":"https:\/\/agora.xtec.cat\/escolafeliuivegues\/wp-json\/wp\/v2\/pages\/10632\/revisions"}],"predecessor-version":[{"id":10695,"href":"https:\/\/agora.xtec.cat\/escolafeliuivegues\/wp-json\/wp\/v2\/pages\/10632\/revisions\/10695"}],"wp:attachment":[{"href":"https:\/\/agora.xtec.cat\/escolafeliuivegues\/wp-json\/wp\/v2\/media?parent=10632"}],"curies":[{"name":"wp","href":"https:\/\/api.w.org\/{rel}","templated":true}]}}