{"id":73,"date":"2014-09-18T14:01:51","date_gmt":"2014-09-18T13:01:51","guid":{"rendered":"http:\/\/agora.xtec.cat\/escolafanalsdaro\/?page_id=73"},"modified":"2026-03-23T09:13:01","modified_gmt":"2026-03-23T08:13:01","slug":"menjador-escolar","status":"publish","type":"page","link":"https:\/\/agora.xtec.cat\/escolafanalsdaro\/serveis\/menjador-escolar\/","title":{"rendered":"Menjador escolar"},"content":{"rendered":"<p class=\"zfr3Q CDt4Ke \" dir=\"ltr\"><span class=\"C9DxTc \">El menjador escolar est\u00e0 gestionat pel Consell Comarcal del Baix Empord\u00e0 a trav\u00e9s de l&#8217;empresa\u00a0<\/span><span class=\"C9DxTc \">Aliment Art<\/span><span class=\"C9DxTc \">.<\/span><\/p>\n<p class=\"zfr3Q CDt4Ke \" dir=\"ltr\"><span class=\"C9DxTc \">El servei de menjador aquest any es\u00a0<\/span><span class=\"C9DxTc \">continua fent<\/span><span class=\"C9DxTc \">\u00a0a la nostra Escola Fanals d&#8217;Aro i la recollida dels alumnes es fa per la porta principal a les 16h.\u00a0<\/span><\/p>\n<p class=\"zfr3Q CDt4Ke \" dir=\"ltr\"><span class=\"C9DxTc \">L&#8217;horari \u00e9s de 14 a 16 hores i les monitores s\u00f3n la Vero i la Fina.<\/span><\/p>\n<p class=\"zfr3Q CDt4Ke \" dir=\"ltr\"><span class=\"C9DxTc \">Per qualsevol dubte disposeu de l&#8217;atenci\u00f3 personalitzada de la Fina (coordinadora) cada mat\u00ed de 9 a 9:30 h.<\/span><\/p>\n<p class=\"zfr3Q CDt4Ke \" dir=\"ltr\"><span class=\"C9DxTc \">Podeu utilitzar el servei amb dues modalitats:<\/span><\/p>\n<p class=\"zfr3Q CDt4Ke \" dir=\"ltr\"><span class=\"C9DxTc \">\u00a0<\/span><span class=\"C9DxTc \">1)<\/span><span class=\"C9DxTc \">\u00a0Fix, fix discontinu &#8211; A trav\u00e9s d&#8217;inscripci\u00f3 i domiciliaci\u00f3 banc\u00e0ria a un preu de\u00a0<\/span><span class=\"C9DxTc \">6,54\u00a0<\/span><span class=\"C9DxTc \">euros per dia o tamb\u00e9 per tiquets al mateix preu.<\/span><\/p>\n<p class=\"zfr3Q CDt4Ke \" dir=\"ltr\"><span class=\"C9DxTc \">2)<\/span><span class=\"C9DxTc \">\u00a0Eventual &#8211; Amb la compra de tiquets al servei &#8220;Servicaixa&#8221; de La Caixa a un preu de\u00a0<\/span><span class=\"C9DxTc \">7,15<\/span><span class=\"C9DxTc \">\u00a0euros per dia.<\/span><\/p>\n<p class=\"zfr3Q CDt4Ke \" dir=\"ltr\"><span class=\"C9DxTc \">En el segon cas caldr\u00e0 posar el tiquet corresponent dins l&#8217;agenda o (dins el sobre<\/span><span class=\"C9DxTc \">\u00a0a Infantil)<\/span><span class=\"C9DxTc \">\u00a0cada mat\u00ed<\/span><span class=\"C9DxTc \">.<\/span><\/p>\n<p class=\"zfr3Q CDt4Ke \" dir=\"ltr\"><span class=\"C9DxTc \">(En el cas d&#8217;escollir l&#8217;opci\u00f3 per tiquets, us caldr\u00e0 omplir tamb\u00e9 una sol\u00b7licitud online a la\u00a0<\/span><a class=\"XqQF9c\" href=\"https:\/\/www.baixemporda.cat\/ca\/arees\/ensenyament\/menjador-escolar\/\" target=\"_blank\" rel=\"noopener\"><span class=\"C9DxTc aw5Odc \">web del\u00a0<\/span><span class=\"C9DxTc aw5Odc \">Consell Comarcal del Baix Empord\u00e0<\/span><\/a><span class=\"C9DxTc \">).<\/span><\/p>\n<p class=\"zfr3Q CDt4Ke \" dir=\"ltr\"><span class=\"C9DxTc \">A continuaci\u00f3 trobareu els enlla\u00e7os on us podeu descarregar documents diversos com ara: Men\u00fa del mes, sol\u00b7licitud d&#8217;inscripci\u00f3 i domiciliaci\u00f3 banc\u00e0ria, tiquets fix i <\/span><span class=\"C9DxTc \">espor\u00e0dic<\/span><span class=\"C9DxTc \">, normativa&#8230;<\/span><\/p>\n<table style=\"border-collapse: collapse; width: 100%;\">\n<tbody>\n<tr>\n<td style=\"width: 100%;\">\n<p class=\"zfr3Q CDt4Ke \" dir=\"ltr\" style=\"font-family: 'Helvetica Neue', Helvetica, Helvetica, Arial, sans-serif; font-size: 16px; text-align: center;\"><a class=\"XqQF9c\" style=\"color: #2795b6;\" href=\"https:\/\/www.baixemporda.cat\/ca\/arees\/ensenyament\/menjador-escolar\/\" target=\"_blank\" rel=\"noopener\"><span class=\"C9DxTc aw5Odc \">MENJADOR CONSELL COMARCAL BAIX EMPORD\u00c0\u00a0<\/span><\/a><\/p>\n<p dir=\"ltr\" style=\"text-align: center;\"><a href=\"https:\/\/www.baixemporda.cat\/ca\/arees\/ensenyament\/menus-escolars\/escola-fanals-d-aro\/\">Informaci\u00f3 per consultar els men\u00fas del mes des de l&#8217;aplicaci\u00f3<\/a><\/p>\n<p style=\"text-align: center;\"><a href=\"https:\/\/drive.google.com\/file\/d\/1l0L9CR3WrgOh9ZeclYPdO-IPcI7mZzYe\/view?usp=drive_link\">Men\u00fa mar\u00e7<\/a><\/p>\n<p style=\"text-align: center;\"><a href=\"https:\/\/drive.google.com\/file\/d\/1jK83B5-YiE5iEVOD7hWHb2CEeUNwi6L_\/view?usp=drive_link\">Men\u00fa abril<\/a><\/p>\n<p style=\"font-family: 'Helvetica Neue', Helvetica, Helvetica, Arial, sans-serif; font-size: 16px; text-align: center;\"><a href=\"https:\/\/drive.google.com\/file\/d\/1uJ9dchTNIMRGjKzS_qcmmdLgFxtpXc1L\/view\">Normativa del menjador escolar<\/a><\/p>\n<p style=\"font-family: 'Helvetica Neue', Helvetica, Helvetica, Arial, sans-serif; font-size: 16px; text-align: center;\"><a href=\"https:\/\/drive.google.com\/file\/d\/1Nbna2snHqj8SyoZp-JWANaF3AGDDXuAz\/view?usp=drive_link\">Pla de funcionament del menjador<\/a><\/p>\n<\/td>\n<\/tr>\n<tr>\n<td style=\"width: 100%;\">\n<p class=\"zfr3Q CDt4Ke \" dir=\"ltr\" style=\"font-family: 'Helvetica Neue', Helvetica, Helvetica, Arial, sans-serif; font-size: 16px; text-align: center;\"><span class=\"C9DxTc aw5Odc \">\u00a0<\/span><\/p>\n<\/td>\n<\/tr>\n<\/tbody>\n<\/table>\n<p><iframe loading=\"lazy\" src=\"https:\/\/drive.google.com\/file\/d\/1Nbna2snHqj8SyoZp-JWANaF3AGDDXuAz\/preview\" width=\"640\" height=\"480\"><\/iframe><\/p>\n","protected":false},"excerpt":{"rendered":"<p>El menjador escolar est\u00e0 gestionat pel Consell Comarcal del Baix Empord\u00e0 a trav\u00e9s de l&#8217;empresa\u00a0Aliment Art. El servei de menjador [&hellip;]<\/p>\n","protected":false},"author":1,"featured_media":0,"parent":66,"menu_order":30,"comment_status":"closed","ping_status":"closed","template":"","meta":{"_bbp_topic_count":0,"_bbp_reply_count":0,"_bbp_total_topic_count":0,"_bbp_total_reply_count":0,"_bbp_voice_count":0,"_bbp_anonymous_reply_count":0,"_bbp_topic_count_hidden":0,"_bbp_reply_count_hidden":0,"_bbp_forum_subforum_count":0,"site-sidebar-layout":"default","site-content-layout":"","ast-site-content-layout":"default","site-content-style":"default","site-sidebar-style":"default","ast-global-header-display":"","ast-banner-title-visibility":"","ast-main-header-display":"","ast-hfb-above-header-display":"","ast-hfb-below-header-display":"","ast-hfb-mobile-header-display":"","site-post-title":"","ast-breadcrumbs-content":"","ast-featured-img":"","footer-sml-layout":"","theme-transparent-header-meta":"default","adv-header-id-meta":"","stick-header-meta":"","header-above-stick-meta":"","header-main-stick-meta":"","header-below-stick-meta":"","astra-migrate-meta-layouts":"set","ast-page-background-enabled":"default","ast-page-background-meta":{"desktop":{"background-color":"var(--ast-global-color-4)","background-image":"","background-repeat":"repeat","background-position":"center center","background-size":"auto","background-attachment":"scroll","background-type":"","background-media":"","overlay-type":"","overlay-color":"","overlay-opacity":"","overlay-gradient":""},"tablet":{"background-color":"","background-image":"","background-repeat":"repeat","background-position":"center center","background-size":"auto","background-attachment":"scroll","background-type":"","background-media":"","overlay-type":"","overlay-color":"","overlay-opacity":"","overlay-gradient":""},"mobile":{"background-color":"","background-image":"","background-repeat":"repeat","background-position":"center center","background-size":"auto","background-attachment":"scroll","background-type":"","background-media":"","overlay-type":"","overlay-color":"","overlay-opacity":"","overlay-gradient":""}},"ast-content-background-meta":{"desktop":{"background-color":"var(--ast-global-color-5)","background-image":"","background-repeat":"repeat","background-position":"center center","background-size":"auto","background-attachment":"scroll","background-type":"","background-media":"","overlay-type":"","overlay-color":"","overlay-opacity":"","overlay-gradient":""},"tablet":{"background-color":"var(--ast-global-color-5)","background-image":"","background-repeat":"repeat","background-position":"center center","background-size":"auto","background-attachment":"scroll","background-type":"","background-media":"","overlay-type":"","overlay-color":"","overlay-opacity":"","overlay-gradient":""},"mobile":{"background-color":"var(--ast-global-color-5)","background-image":"","background-repeat":"repeat","background-position":"center center","background-size":"auto","background-attachment":"scroll","background-type":"","background-media":"","overlay-type":"","overlay-color":"","overlay-opacity":"","overlay-gradient":""}},"footnotes":""},"class_list":["post-73","page","type-page","status-publish","hentry"],"post_mailing_queue_ids":[],"_links":{"self":[{"href":"https:\/\/agora.xtec.cat\/escolafanalsdaro\/wp-json\/wp\/v2\/pages\/73","targetHints":{"allow":["GET"]}}],"collection":[{"href":"https:\/\/agora.xtec.cat\/escolafanalsdaro\/wp-json\/wp\/v2\/pages"}],"about":[{"href":"https:\/\/agora.xtec.cat\/escolafanalsdaro\/wp-json\/wp\/v2\/types\/page"}],"author":[{"embeddable":true,"href":"https:\/\/agora.xtec.cat\/escolafanalsdaro\/wp-json\/wp\/v2\/users\/1"}],"replies":[{"embeddable":true,"href":"https:\/\/agora.xtec.cat\/escolafanalsdaro\/wp-json\/wp\/v2\/comments?post=73"}],"version-history":[{"count":7,"href":"https:\/\/agora.xtec.cat\/escolafanalsdaro\/wp-json\/wp\/v2\/pages\/73\/revisions"}],"predecessor-version":[{"id":1225,"href":"https:\/\/agora.xtec.cat\/escolafanalsdaro\/wp-json\/wp\/v2\/pages\/73\/revisions\/1225"}],"up":[{"embeddable":true,"href":"https:\/\/agora.xtec.cat\/escolafanalsdaro\/wp-json\/wp\/v2\/pages\/66"}],"wp:attachment":[{"href":"https:\/\/agora.xtec.cat\/escolafanalsdaro\/wp-json\/wp\/v2\/media?parent=73"}],"curies":[{"name":"wp","href":"https:\/\/api.w.org\/{rel}","templated":true}]}}