{"id":949,"date":"2022-01-30T16:21:34","date_gmt":"2022-01-30T15:21:34","guid":{"rendered":"https:\/\/agora.xtec.cat\/escolafalguera\/?page_id=949"},"modified":"2026-02-22T18:22:38","modified_gmt":"2026-02-22T17:22:38","slug":"projecte-steam","status":"publish","type":"page","link":"https:\/\/agora.xtec.cat\/escolafalguera\/projecte-educatiu\/cultura-digital\/projecte-steam\/","title":{"rendered":"Projecte STEAM"},"content":{"rendered":"\n<div style=\"width: 100%;\">\n<div style=\"position: relative; padding-bottom: 56.25%; padding-top: 0; height: 0;\"><iframe loading=\"lazy\" style=\"position: absolute; top: 0; left: 0; width: 100%; height: 100%;\" title=\"Aula STEAM Falguera\" src=\"https:\/\/view.genially.com\/6715464c77fb4132382eb780\" width=\"1200\" height=\"675\" frameborder=\"0\" scrolling=\"yes\" allowfullscreen=\"allowfullscreen\"><\/iframe><\/div>\n<\/div>\n\n\n\n<hr class=\"wp-block-separator has-alpha-channel-opacity\"\/>\n\n\n\n<h3 class=\"wp-block-heading\"><strong>Lli\u00e7ons Lego:<\/strong><br><a href=\"https:\/\/education.lego.com\/es-es\/lessons\/bricq-motion-prime\" target=\"_blank\" rel=\"noopener\">Lli\u00e7ons BricQ Motion Prime (La ciencia del deporte)<\/a><\/h3>\n\n\n\n<div class=\"wp-block-getwid-image-box getwid-animation has-text-center has-mobile-layout-default has-mobile-alignment-default\" data-animation=\"zoomSmall\"><div class=\"wp-block-getwid-image-box__image-container is-position-top\"><a href=\"https:\/\/education.lego.com\/es-es\/lessons\/bricq-motion-prime\/\" target=\"_blank\" rel=\"noreferrer noopener\" class=\"wp-block-getwid-image-box__image-wrapper\"><img loading=\"lazy\" decoding=\"async\" width=\"2916\" height=\"1144\" src=\"https:\/\/agora.xtec.cat\/escolafalguera\/wp-content\/uploads\/usu2427\/2024\/10\/Captura-de-pantalla-2024-10-20-a-las-20.54.08.png\" alt=\"\" class=\"wp-block-getwid-image-box__image wp-image-2509\" srcset=\"https:\/\/agora.xtec.cat\/escolafalguera\/wp-content\/uploads\/usu2427\/2024\/10\/Captura-de-pantalla-2024-10-20-a-las-20.54.08.png 2916w, https:\/\/agora.xtec.cat\/escolafalguera\/wp-content\/uploads\/usu2427\/2024\/10\/Captura-de-pantalla-2024-10-20-a-las-20.54.08-300x118.png 300w, https:\/\/agora.xtec.cat\/escolafalguera\/wp-content\/uploads\/usu2427\/2024\/10\/Captura-de-pantalla-2024-10-20-a-las-20.54.08-1024x402.png 1024w, https:\/\/agora.xtec.cat\/escolafalguera\/wp-content\/uploads\/usu2427\/2024\/10\/Captura-de-pantalla-2024-10-20-a-las-20.54.08-768x301.png 768w, https:\/\/agora.xtec.cat\/escolafalguera\/wp-content\/uploads\/usu2427\/2024\/10\/Captura-de-pantalla-2024-10-20-a-las-20.54.08-1536x603.png 1536w, https:\/\/agora.xtec.cat\/escolafalguera\/wp-content\/uploads\/usu2427\/2024\/10\/Captura-de-pantalla-2024-10-20-a-las-20.54.08-2048x803.png 2048w\" sizes=\"auto, (max-width: 2916px) 100vw, 2916px\" \/><\/a><\/div><div class=\"wp-block-getwid-image-box__content\">\n<h3 class=\"wp-block-heading\"><\/h3>\n\n\n\n<p><\/p>\n<\/div><\/div>\n\n\n\n<p><\/p>\n\n\n\n<h3 class=\"wp-block-heading\"><a href=\"https:\/\/education.lego.com\/es-es\/lessons\" target=\"_blank\" rel=\"noopener\">Totes les lli\u00e7ons que treballem a l&#8217;escola (a banda de les pr\u00f2pies que dissenyen els nostres alumnes): Preparar-se amb les lli\u00e7ons<\/a><\/h3>\n\n\n\n<div class=\"wp-block-getwid-image-box getwid-animation has-text-center has-mobile-layout-default has-mobile-alignment-default\" data-animation=\"zoomSmall\"><div class=\"wp-block-getwid-image-box__image-container is-position-top\"><a href=\"https:\/\/education.lego.com\/es-es\/lessons\/\" target=\"_blank\" rel=\"noreferrer noopener\" class=\"wp-block-getwid-image-box__image-wrapper\"><img loading=\"lazy\" decoding=\"async\" width=\"2600\" height=\"1017\" src=\"https:\/\/agora.xtec.cat\/escolafalguera\/wp-content\/uploads\/usu2427\/2024\/10\/llicons.png\" alt=\"\" class=\"wp-block-getwid-image-box__image wp-image-2514\" srcset=\"https:\/\/agora.xtec.cat\/escolafalguera\/wp-content\/uploads\/usu2427\/2024\/10\/llicons.png 2600w, https:\/\/agora.xtec.cat\/escolafalguera\/wp-content\/uploads\/usu2427\/2024\/10\/llicons-300x117.png 300w, https:\/\/agora.xtec.cat\/escolafalguera\/wp-content\/uploads\/usu2427\/2024\/10\/llicons-1024x401.png 1024w, https:\/\/agora.xtec.cat\/escolafalguera\/wp-content\/uploads\/usu2427\/2024\/10\/llicons-768x300.png 768w, https:\/\/agora.xtec.cat\/escolafalguera\/wp-content\/uploads\/usu2427\/2024\/10\/llicons-1536x601.png 1536w, https:\/\/agora.xtec.cat\/escolafalguera\/wp-content\/uploads\/usu2427\/2024\/10\/llicons-2048x801.png 2048w\" sizes=\"auto, (max-width: 2600px) 100vw, 2600px\" \/><\/a><\/div><div class=\"wp-block-getwid-image-box__content\">\n<h3 class=\"wp-block-heading\"><\/h3>\n\n\n\n<p><\/p>\n<\/div><\/div>\n\n\n\n<div class=\"alignfull\" style=\"max-width: 100%; margin: 0;\">\n<div style=\"position: relative; padding-bottom: 56.25%; height: 0; overflow: hidden;\"><iframe style=\"position: absolute; top: 0; left: 0; width: 100%; height: 100%;\" src=\"https:\/\/www.youtube.com\/embed\/A3yLtJXJM6E?rel=0&amp;modestbranding=1\" frameborder=\"0\" allowfullscreen=\"allowfullscreen\"> <\/iframe><\/div>\n<\/div>\n\n\n\n<hr class=\"wp-block-separator has-alpha-channel-opacity\"\/>\n\n\n\n<h3 class=\"wp-block-heading\"><a href=\"https:\/\/drive.google.com\/file\/d\/1ENGzoCecANkdcrC8eXCZLK04YlNnmciV\/view\" target=\"_blank\" rel=\"noreferrer noopener\">La programaci\u00f3 de rob\u00f2tica de l&#8217;escola:<\/a><\/h3>\n\n\n\n<div class=\"wp-block-getwid-image-box getwid-animation has-text-center has-mobile-layout-default has-mobile-alignment-default\" data-animation=\"zoomSmall\"><div class=\"wp-block-getwid-image-box__image-container is-position-top\"><a href=\"https:\/\/drive.google.com\/file\/d\/1ENGzoCecANkdcrC8eXCZLK04YlNnmciV\/view\" target=\"_blank\" rel=\"noreferrer noopener\" class=\"wp-block-getwid-image-box__image-wrapper\"><img loading=\"lazy\" decoding=\"async\" width=\"2156\" height=\"838\" src=\"https:\/\/agora.xtec.cat\/escolafalguera\/wp-content\/uploads\/usu2427\/2026\/02\/Programcio-Robotica-Steam.png\" alt=\"\" class=\"wp-block-getwid-image-box__image wp-image-3747\" srcset=\"https:\/\/agora.xtec.cat\/escolafalguera\/wp-content\/uploads\/usu2427\/2026\/02\/Programcio-Robotica-Steam.png 2156w, https:\/\/agora.xtec.cat\/escolafalguera\/wp-content\/uploads\/usu2427\/2026\/02\/Programcio-Robotica-Steam-300x117.png 300w, https:\/\/agora.xtec.cat\/escolafalguera\/wp-content\/uploads\/usu2427\/2026\/02\/Programcio-Robotica-Steam-1024x398.png 1024w, https:\/\/agora.xtec.cat\/escolafalguera\/wp-content\/uploads\/usu2427\/2026\/02\/Programcio-Robotica-Steam-768x299.png 768w, https:\/\/agora.xtec.cat\/escolafalguera\/wp-content\/uploads\/usu2427\/2026\/02\/Programcio-Robotica-Steam-1536x597.png 1536w, https:\/\/agora.xtec.cat\/escolafalguera\/wp-content\/uploads\/usu2427\/2026\/02\/Programcio-Robotica-Steam-2048x796.png 2048w\" sizes=\"auto, (max-width: 2156px) 100vw, 2156px\" \/><\/a><\/div><div class=\"wp-block-getwid-image-box__content\">\n<h3 class=\"wp-block-heading\"><\/h3>\n\n\n\n<p><\/p>\n<\/div><\/div>\n\n\n\n<div class=\"wp-block-group alignfull is-content-justification-center\" style=\"margin-top:0;margin-bottom:0\"><div class=\"wp-block-group__inner-container is-layout-constrained wp-block-group-is-layout-constrained\">\n<div style=\"height:var(--wp--preset--spacing--20)\" aria-hidden=\"true\" class=\"wp-block-spacer\"><\/div>\n\n\n\n<div style=\"height:var(--wp--preset--spacing--20)\" aria-hidden=\"true\" class=\"wp-block-spacer\"><\/div>\n<\/div><\/div>\n\n\n\n<div>&nbsp;<\/div>\n\n\n\n<div class=\"alignfull\" style=\"max-width: 100%; margin: 0;\">\n<div style=\"position: relative; padding-bottom: 56.25%; height: 0; overflow: hidden;\"><iframe style=\"position: absolute; top: 0; left: 0; width: 100%; height: 100%;\" src=\"https:\/\/www.youtube.com\/embed\/UlD8n-AZ9oE?rel=0&amp;modestbranding=1\" frameborder=\"0\" allowfullscreen=\"allowfullscreen\"> <\/iframe><\/div>\n<\/div>\n\n\n\n<hr class=\"wp-block-separator has-alpha-channel-opacity\"\/>\n\n\n\n<h3 class=\"wp-block-heading\"><strong>Tutorial d&#8217;inciaci\u00f3 per programar amb Lego&#8230;<\/strong><\/h3>\n\n\n\n<div style=\"width: 100%;\">\n<div style=\"width: 100%;\">\n<div style=\"position: relative; padding-bottom: 56.25%; padding-top: 0; height: 0;\"><iframe loading=\"lazy\" style=\"position: absolute; top: 0; left: 0; width: 100%; height: 100%;\" title=\"Rob\u00f2tica amb lego\" src=\"https:\/\/view.genially.com\/5fd14a8bd292600d903cf6ea\" width=\"1200\" height=\"675\" frameborder=\"0\" scrolling=\"yes\" allowfullscreen=\"allowfullscreen\"><\/iframe><\/div>\n<\/div>\n<h3>&nbsp;<\/h3>\n<h3><span style=\"color: #000000;\">I seguim a:<\/span>&nbsp;<a href=\"https:\/\/agora.xtec.cat\/escolafalguera\/projecte-educatiu\/cultura-digital\/steiam-falguera\/\">STE(IA)M Falguera<\/a><\/h3>\n<\/div>\n","protected":false},"excerpt":{"rendered":"<p>Lli\u00e7ons Lego:<a href=\"https:\/\/education.lego.com\/es-es\/lessons\/bricq-motion-prime\" target=\"_blank\" rel=\"noopener\">Lli\u00e7ons BricQ Motion Prime (La ciencia del deporte)<\/a><\/p>\n<p><a href=\"https:\/\/education.lego.com\/es-es\/lessons\/bricq-motion-prime\/\" target=\"_blank\" rel=\"noreferrer noopener\" class=\"wp-block-getwid-image-box__image-wrapper\"><\/a><\/p>\n<p><a href=\"https:\/\/education.lego.com\/es-es\/lessons\" target=\"_blank\" rel=\"noopener\">Totes les lli\u00e7ons que treballem a l&#8217;escola (a banda de les pr\u00f2pies que dissenyen els nostres alumnes): Preparar-se amb les lli\u00e7ons<\/a><\/p>\n<p><a href=\"https:\/\/education.lego.com\/es-es\/lessons\/\" target=\"_blank\" rel=\"noreferrer noopener\" class=\"wp-block-getwid-image-box__image-wrapper\"><\/a><\/p>\n<p>&hellip;  <a href=\"https:\/\/agora.xtec.cat\/escolafalguera\/projecte-educatiu\/cultura-digital\/projecte-steam\/\" title=\"Read Projecte STEAM\">Llegeix m\u00e9s\u00bb<\/a><\/p>\n","protected":false},"author":1,"featured_media":0,"parent":1939,"menu_order":20,"comment_status":"closed","ping_status":"closed","template":"","meta":{"_bbp_topic_count":0,"_bbp_reply_count":0,"_bbp_total_topic_count":0,"_bbp_total_reply_count":0,"_bbp_voice_count":0,"_bbp_anonymous_reply_count":0,"_bbp_topic_count_hidden":0,"_bbp_reply_count_hidden":0,"_bbp_forum_subforum_count":0,"footnotes":""},"class_list":["post-949","page","type-page","status-publish","hentry"],"post_mailing_queue_ids":[],"_links":{"self":[{"href":"https:\/\/agora.xtec.cat\/escolafalguera\/wp-json\/wp\/v2\/pages\/949","targetHints":{"allow":["GET"]}}],"collection":[{"href":"https:\/\/agora.xtec.cat\/escolafalguera\/wp-json\/wp\/v2\/pages"}],"about":[{"href":"https:\/\/agora.xtec.cat\/escolafalguera\/wp-json\/wp\/v2\/types\/page"}],"author":[{"embeddable":true,"href":"https:\/\/agora.xtec.cat\/escolafalguera\/wp-json\/wp\/v2\/users\/1"}],"replies":[{"embeddable":true,"href":"https:\/\/agora.xtec.cat\/escolafalguera\/wp-json\/wp\/v2\/comments?post=949"}],"version-history":[{"count":6,"href":"https:\/\/agora.xtec.cat\/escolafalguera\/wp-json\/wp\/v2\/pages\/949\/revisions"}],"predecessor-version":[{"id":3749,"href":"https:\/\/agora.xtec.cat\/escolafalguera\/wp-json\/wp\/v2\/pages\/949\/revisions\/3749"}],"up":[{"embeddable":true,"href":"https:\/\/agora.xtec.cat\/escolafalguera\/wp-json\/wp\/v2\/pages\/1939"}],"wp:attachment":[{"href":"https:\/\/agora.xtec.cat\/escolafalguera\/wp-json\/wp\/v2\/media?parent=949"}],"curies":[{"name":"wp","href":"https:\/\/api.w.org\/{rel}","templated":true}]}}