{"id":80,"date":"2014-09-18T14:09:48","date_gmt":"2014-09-18T12:09:48","guid":{"rendered":"http:\/\/agora.xtec.cat\/escolafalguera\/?page_id=80"},"modified":"2022-11-20T23:37:28","modified_gmt":"2022-11-20T22:37:28","slug":"la-piscina","status":"publish","type":"page","link":"https:\/\/agora.xtec.cat\/escolafalguera\/del-projecte\/la-piscina\/","title":{"rendered":"La Piscina"},"content":{"rendered":"<div class=\"page\" title=\"Page 1\">\n<div class=\"section\">\n<div class=\"layoutArea\">\n<div class=\"column\">\n<h2><strong>L\u2019activitat f\u00edsica millora\u00a0l\u2019aprenentatge i el\u00a0rendiment escolar.<\/strong><\/h2>\n<p>Els beneficis de l\u2019exercici en la salut integral dels infants els trobem a nivell f\u00edsic, mental i en la generaci\u00f3 de valors. I s&#8217;ho passen genial!<\/p>\n<\/div>\n<p><img loading=\"lazy\" decoding=\"async\" class=\"aligncenter size-large wp-image-1627\" src=\"https:\/\/agora.xtec.cat\/escolafalguera\/wp-content\/uploads\/usu2427\/2022\/11\/piscina-1024x1024.jpg\" alt=\"\" width=\"1024\" height=\"1024\" srcset=\"https:\/\/agora.xtec.cat\/escolafalguera\/wp-content\/uploads\/usu2427\/2022\/11\/piscina-1024x1024.jpg 1024w, https:\/\/agora.xtec.cat\/escolafalguera\/wp-content\/uploads\/usu2427\/2022\/11\/piscina-300x300.jpg 300w, https:\/\/agora.xtec.cat\/escolafalguera\/wp-content\/uploads\/usu2427\/2022\/11\/piscina-150x150.jpg 150w, https:\/\/agora.xtec.cat\/escolafalguera\/wp-content\/uploads\/usu2427\/2022\/11\/piscina-768x768.jpg 768w, https:\/\/agora.xtec.cat\/escolafalguera\/wp-content\/uploads\/usu2427\/2022\/11\/piscina-1536x1536.jpg 1536w, https:\/\/agora.xtec.cat\/escolafalguera\/wp-content\/uploads\/usu2427\/2022\/11\/piscina-2048x2048.jpg 2048w\" sizes=\"auto, (max-width: 1024px) 100vw, 1024px\" \/><\/p>\n<\/div>\n<\/div>\n<\/div>\n<h2><strong>Aqu\u00ed teniu un \u00e0lbum fotogr\u00e0fic de la piscina, aneu passant imatges&#8230; \ud83d\ude09 <\/strong><\/h2>\n<p><a data-flickr-embed=\"true\" href=\"https:\/\/www.flickr.com\/photos\/escolafalguera\/albums\/72177720301749414\" title=\"21-22 Piscina\"><img loading=\"lazy\" decoding=\"async\" src=\"https:\/\/live.staticflickr.com\/65535\/52324634432_b2c629f5d8_h.jpg\" width=\"1600\" height=\"1200\" alt=\"21-22 Piscina\"><\/a><script async src=\"\/\/embedr.flickr.com\/assets\/client-code.js\" charset=\"utf-8\"><\/script><\/p>\n","protected":false},"excerpt":{"rendered":"<p>L\u2019activitat f\u00edsica millora\u00a0l\u2019aprenentatge i el\u00a0rendiment escolar.<br \/>\nEls beneficis de l\u2019exercici en la salut integral dels infants els trobem a nivell f\u00edsic, mental i en la generaci\u00f3 de valors. I s&#8217;ho passen genial!<\/p>\n<p>Aqu\u00ed teniu un \u00e0lbum fotogr\u00e0fic de la piscina, aneu passant imatges&#8230; \ud83d\ude09<br \/>\n<a data-flickr-embed=\"true\" href=\"https:\/\/www.flickr.com\/photos\/escolafalguera\/albums\/72177720301749414\"&hellip;  <a href=\"https:\/\/agora.xtec.cat\/escolafalguera\/del-projecte\/la-piscina\/\" title=\"Read La Piscina\">Llegeix m\u00e9s\u00bb<\/a><\/p>\n","protected":false},"author":1,"featured_media":0,"parent":66,"menu_order":40,"comment_status":"closed","ping_status":"closed","template":"","meta":{"_bbp_topic_count":0,"_bbp_reply_count":0,"_bbp_total_topic_count":0,"_bbp_total_reply_count":0,"_bbp_voice_count":0,"_bbp_anonymous_reply_count":0,"_bbp_topic_count_hidden":0,"_bbp_reply_count_hidden":0,"_bbp_forum_subforum_count":0,"footnotes":""},"class_list":["post-80","page","type-page","status-publish","hentry"],"post_mailing_queue_ids":[],"_links":{"self":[{"href":"https:\/\/agora.xtec.cat\/escolafalguera\/wp-json\/wp\/v2\/pages\/80","targetHints":{"allow":["GET"]}}],"collection":[{"href":"https:\/\/agora.xtec.cat\/escolafalguera\/wp-json\/wp\/v2\/pages"}],"about":[{"href":"https:\/\/agora.xtec.cat\/escolafalguera\/wp-json\/wp\/v2\/types\/page"}],"author":[{"embeddable":true,"href":"https:\/\/agora.xtec.cat\/escolafalguera\/wp-json\/wp\/v2\/users\/1"}],"replies":[{"embeddable":true,"href":"https:\/\/agora.xtec.cat\/escolafalguera\/wp-json\/wp\/v2\/comments?post=80"}],"version-history":[{"count":3,"href":"https:\/\/agora.xtec.cat\/escolafalguera\/wp-json\/wp\/v2\/pages\/80\/revisions"}],"predecessor-version":[{"id":1634,"href":"https:\/\/agora.xtec.cat\/escolafalguera\/wp-json\/wp\/v2\/pages\/80\/revisions\/1634"}],"up":[{"embeddable":true,"href":"https:\/\/agora.xtec.cat\/escolafalguera\/wp-json\/wp\/v2\/pages\/66"}],"wp:attachment":[{"href":"https:\/\/agora.xtec.cat\/escolafalguera\/wp-json\/wp\/v2\/media?parent=80"}],"curies":[{"name":"wp","href":"https:\/\/api.w.org\/{rel}","templated":true}]}}