{"id":71,"date":"2021-09-18T12:44:56","date_gmt":"2021-09-18T10:44:56","guid":{"rendered":"http:\/\/agora.xtec.cat\/escolafalguera\/?page_id=71"},"modified":"2026-02-12T21:19:10","modified_gmt":"2026-02-12T20:19:10","slug":"on-line","status":"publish","type":"page","link":"https:\/\/agora.xtec.cat\/escolafalguera\/on-line\/","title":{"rendered":"Estem on-line"},"content":{"rendered":"<h1>Aneu al men\u00fa desplegable i feu \u00fas dels links del men\u00fa que surt d\u2019aquesta p\u00e0gina.<\/h1>\n<h1>L&#8217;oferta de <strong>serveis\u00a0digitals<\/strong>\u00a0constitueix un element\u00a0molt important de l&#8217;engranatge d&#8217;un centre educatiu.<\/h1>\n<h1>Al men\u00fa hi teniu un seguit d&#8217;eines digitals amb les quals treballem i formen part del nostre espai web.<\/h1>\n<p>&nbsp;<\/p>\n<p>&nbsp;<\/p>\n","protected":false},"excerpt":{"rendered":"<p>Aneu al men\u00fa desplegable i feu \u00fas dels links del men\u00fa que surt d\u2019aquesta p\u00e0gina.<br \/>\nL&#8217;oferta de serveis\u00a0digitals\u00a0constitueix un element\u00a0molt important de l&#8217;engranatge d&#8217;un centre educatiu.<br \/>\nAl men\u00fa hi teniu un seguit d&#8217;eines digitals amb les quals treballem i formen part del nostre espai web.<br \/>\n&nbsp;<br \/>\n&nbsp;<\/p>\n","protected":false},"author":1,"featured_media":0,"parent":0,"menu_order":0,"comment_status":"closed","ping_status":"closed","template":"","meta":{"_bbp_topic_count":0,"_bbp_reply_count":0,"_bbp_total_topic_count":0,"_bbp_total_reply_count":0,"_bbp_voice_count":0,"_bbp_anonymous_reply_count":0,"_bbp_topic_count_hidden":0,"_bbp_reply_count_hidden":0,"_bbp_forum_subforum_count":0,"footnotes":""},"class_list":["post-71","page","type-page","status-publish","hentry"],"post_mailing_queue_ids":[],"_links":{"self":[{"href":"https:\/\/agora.xtec.cat\/escolafalguera\/wp-json\/wp\/v2\/pages\/71","targetHints":{"allow":["GET"]}}],"collection":[{"href":"https:\/\/agora.xtec.cat\/escolafalguera\/wp-json\/wp\/v2\/pages"}],"about":[{"href":"https:\/\/agora.xtec.cat\/escolafalguera\/wp-json\/wp\/v2\/types\/page"}],"author":[{"embeddable":true,"href":"https:\/\/agora.xtec.cat\/escolafalguera\/wp-json\/wp\/v2\/users\/1"}],"replies":[{"embeddable":true,"href":"https:\/\/agora.xtec.cat\/escolafalguera\/wp-json\/wp\/v2\/comments?post=71"}],"version-history":[{"count":5,"href":"https:\/\/agora.xtec.cat\/escolafalguera\/wp-json\/wp\/v2\/pages\/71\/revisions"}],"predecessor-version":[{"id":3517,"href":"https:\/\/agora.xtec.cat\/escolafalguera\/wp-json\/wp\/v2\/pages\/71\/revisions\/3517"}],"wp:attachment":[{"href":"https:\/\/agora.xtec.cat\/escolafalguera\/wp-json\/wp\/v2\/media?parent=71"}],"curies":[{"name":"wp","href":"https:\/\/api.w.org\/{rel}","templated":true}]}}