{"id":66,"date":"2014-09-18T12:40:47","date_gmt":"2014-09-18T11:40:47","guid":{"rendered":"http:\/\/agora.xtec.cat\/escolafalguera\/?page_id=66"},"modified":"2023-06-18T19:01:50","modified_gmt":"2023-06-18T17:01:50","slug":"del-projecte","status":"publish","type":"page","link":"https:\/\/agora.xtec.cat\/escolafalguera\/del-projecte\/","title":{"rendered":"+ del Projecte"},"content":{"rendered":"<p><a href=\"https:\/\/agora.xtec.cat\/escolafalguera\/\"><img loading=\"lazy\" decoding=\"async\" class=\"aligncenter size-full wp-image-1408\" src=\"https:\/\/agora.xtec.cat\/escolafalguera\/wp-content\/uploads\/usu2427\/2022\/03\/Captura-de-pantalla-2022-03-11-a-las-22.54.38.png\" alt=\"\" width=\"3316\" height=\"420\" srcset=\"https:\/\/agora.xtec.cat\/escolafalguera\/wp-content\/uploads\/usu2427\/2022\/03\/Captura-de-pantalla-2022-03-11-a-las-22.54.38.png 3316w, https:\/\/agora.xtec.cat\/escolafalguera\/wp-content\/uploads\/usu2427\/2022\/03\/Captura-de-pantalla-2022-03-11-a-las-22.54.38-300x38.png 300w, https:\/\/agora.xtec.cat\/escolafalguera\/wp-content\/uploads\/usu2427\/2022\/03\/Captura-de-pantalla-2022-03-11-a-las-22.54.38-1024x130.png 1024w, https:\/\/agora.xtec.cat\/escolafalguera\/wp-content\/uploads\/usu2427\/2022\/03\/Captura-de-pantalla-2022-03-11-a-las-22.54.38-768x97.png 768w, https:\/\/agora.xtec.cat\/escolafalguera\/wp-content\/uploads\/usu2427\/2022\/03\/Captura-de-pantalla-2022-03-11-a-las-22.54.38-1536x195.png 1536w, https:\/\/agora.xtec.cat\/escolafalguera\/wp-content\/uploads\/usu2427\/2022\/03\/Captura-de-pantalla-2022-03-11-a-las-22.54.38-2048x259.png 2048w\" sizes=\"auto, (max-width: 3316px) 100vw, 3316px\" \/><\/a><\/p>\n<h4><span style=\"color: #99cc00;\">Seguim amb el nostre projecte de centre; <span style=\"color: #3366ff;\">en les seg\u00fcents p\u00e0gines del men\u00fa hi podeu trobar molt m\u00e9s<\/span>, som una escola en acci\u00f3 constant!\ud83d\ude1c<\/span><\/h4>\n<p><img loading=\"lazy\" decoding=\"async\" class=\"aligncenter wp-image-1904 size-full\" src=\"https:\/\/agora.xtec.cat\/escolafalguera\/wp-content\/uploads\/usu2427\/2023\/06\/DSC00587.jpg\" alt=\"\" width=\"1378\" height=\"919\" srcset=\"https:\/\/agora.xtec.cat\/escolafalguera\/wp-content\/uploads\/usu2427\/2023\/06\/DSC00587.jpg 1378w, https:\/\/agora.xtec.cat\/escolafalguera\/wp-content\/uploads\/usu2427\/2023\/06\/DSC00587-300x200.jpg 300w, https:\/\/agora.xtec.cat\/escolafalguera\/wp-content\/uploads\/usu2427\/2023\/06\/DSC00587-1024x683.jpg 1024w, https:\/\/agora.xtec.cat\/escolafalguera\/wp-content\/uploads\/usu2427\/2023\/06\/DSC00587-768x512.jpg 768w\" sizes=\"auto, (max-width: 1378px) 100vw, 1378px\" \/><\/p>\n<p>&nbsp;<\/p>\n<p><img loading=\"lazy\" decoding=\"async\" class=\"aligncenter wp-image-1905 size-full\" src=\"https:\/\/agora.xtec.cat\/escolafalguera\/wp-content\/uploads\/usu2427\/2023\/06\/circ-scaled.jpg\" alt=\"\" width=\"2560\" height=\"1707\" srcset=\"https:\/\/agora.xtec.cat\/escolafalguera\/wp-content\/uploads\/usu2427\/2023\/06\/circ-scaled.jpg 2560w, https:\/\/agora.xtec.cat\/escolafalguera\/wp-content\/uploads\/usu2427\/2023\/06\/circ-300x200.jpg 300w, https:\/\/agora.xtec.cat\/escolafalguera\/wp-content\/uploads\/usu2427\/2023\/06\/circ-1024x683.jpg 1024w, https:\/\/agora.xtec.cat\/escolafalguera\/wp-content\/uploads\/usu2427\/2023\/06\/circ-768x512.jpg 768w, https:\/\/agora.xtec.cat\/escolafalguera\/wp-content\/uploads\/usu2427\/2023\/06\/circ-1536x1024.jpg 1536w, https:\/\/agora.xtec.cat\/escolafalguera\/wp-content\/uploads\/usu2427\/2023\/06\/circ-2048x1365.jpg 2048w\" sizes=\"auto, (max-width: 2560px) 100vw, 2560px\" \/><\/p>\n<p>&nbsp;<\/p>\n<p><img loading=\"lazy\" decoding=\"async\" class=\"aligncenter size-full wp-image-1907\" src=\"https:\/\/agora.xtec.cat\/escolafalguera\/wp-content\/uploads\/usu2427\/2023\/06\/DSC06639.jpg\" alt=\"\" width=\"1654\" height=\"1102\" srcset=\"https:\/\/agora.xtec.cat\/escolafalguera\/wp-content\/uploads\/usu2427\/2023\/06\/DSC06639.jpg 1654w, https:\/\/agora.xtec.cat\/escolafalguera\/wp-content\/uploads\/usu2427\/2023\/06\/DSC06639-300x200.jpg 300w, https:\/\/agora.xtec.cat\/escolafalguera\/wp-content\/uploads\/usu2427\/2023\/06\/DSC06639-1024x682.jpg 1024w, https:\/\/agora.xtec.cat\/escolafalguera\/wp-content\/uploads\/usu2427\/2023\/06\/DSC06639-768x512.jpg 768w, https:\/\/agora.xtec.cat\/escolafalguera\/wp-content\/uploads\/usu2427\/2023\/06\/DSC06639-1536x1023.jpg 1536w\" sizes=\"auto, (max-width: 1654px) 100vw, 1654px\" \/><\/p>\n<p>&nbsp;<\/p>\n<p><img loading=\"lazy\" decoding=\"async\" class=\"aligncenter size-full wp-image-1909\" src=\"https:\/\/agora.xtec.cat\/escolafalguera\/wp-content\/uploads\/usu2427\/2023\/06\/IMG_1593-scaled.jpg\" alt=\"\" width=\"2560\" height=\"1707\" srcset=\"https:\/\/agora.xtec.cat\/escolafalguera\/wp-content\/uploads\/usu2427\/2023\/06\/IMG_1593-scaled.jpg 2560w, https:\/\/agora.xtec.cat\/escolafalguera\/wp-content\/uploads\/usu2427\/2023\/06\/IMG_1593-300x200.jpg 300w, https:\/\/agora.xtec.cat\/escolafalguera\/wp-content\/uploads\/usu2427\/2023\/06\/IMG_1593-1024x683.jpg 1024w, https:\/\/agora.xtec.cat\/escolafalguera\/wp-content\/uploads\/usu2427\/2023\/06\/IMG_1593-768x512.jpg 768w, https:\/\/agora.xtec.cat\/escolafalguera\/wp-content\/uploads\/usu2427\/2023\/06\/IMG_1593-1536x1024.jpg 1536w, https:\/\/agora.xtec.cat\/escolafalguera\/wp-content\/uploads\/usu2427\/2023\/06\/IMG_1593-2048x1365.jpg 2048w\" sizes=\"auto, (max-width: 2560px) 100vw, 2560px\" \/><\/p>\n","protected":false},"excerpt":{"rendered":"<p><a href=\"https:\/\/agora.xtec.cat\/escolafalguera\/\"><\/a><br \/>\nSeguim amb el nostre projecte de centre; en les seg\u00fcents p\u00e0gines del men\u00fa hi podeu trobar molt m\u00e9s, som una escola en acci\u00f3 constant!\ud83d\ude1c<\/p>\n<p>&nbsp;<\/p>\n<p>&nbsp;<\/p>\n<p>&nbsp;<\/p>\n","protected":false},"author":1,"featured_media":0,"parent":0,"menu_order":0,"comment_status":"closed","ping_status":"closed","template":"","meta":{"_bbp_topic_count":0,"_bbp_reply_count":0,"_bbp_total_topic_count":0,"_bbp_total_reply_count":0,"_bbp_voice_count":0,"_bbp_anonymous_reply_count":0,"_bbp_topic_count_hidden":0,"_bbp_reply_count_hidden":0,"_bbp_forum_subforum_count":0,"footnotes":""},"class_list":["post-66","page","type-page","status-publish","hentry"],"post_mailing_queue_ids":[],"_links":{"self":[{"href":"https:\/\/agora.xtec.cat\/escolafalguera\/wp-json\/wp\/v2\/pages\/66","targetHints":{"allow":["GET"]}}],"collection":[{"href":"https:\/\/agora.xtec.cat\/escolafalguera\/wp-json\/wp\/v2\/pages"}],"about":[{"href":"https:\/\/agora.xtec.cat\/escolafalguera\/wp-json\/wp\/v2\/types\/page"}],"author":[{"embeddable":true,"href":"https:\/\/agora.xtec.cat\/escolafalguera\/wp-json\/wp\/v2\/users\/1"}],"replies":[{"embeddable":true,"href":"https:\/\/agora.xtec.cat\/escolafalguera\/wp-json\/wp\/v2\/comments?post=66"}],"version-history":[{"count":3,"href":"https:\/\/agora.xtec.cat\/escolafalguera\/wp-json\/wp\/v2\/pages\/66\/revisions"}],"predecessor-version":[{"id":1910,"href":"https:\/\/agora.xtec.cat\/escolafalguera\/wp-json\/wp\/v2\/pages\/66\/revisions\/1910"}],"wp:attachment":[{"href":"https:\/\/agora.xtec.cat\/escolafalguera\/wp-json\/wp\/v2\/media?parent=66"}],"curies":[{"name":"wp","href":"https:\/\/api.w.org\/{rel}","templated":true}]}}