{"id":4139,"date":"2026-03-23T00:01:28","date_gmt":"2026-03-22T23:01:28","guid":{"rendered":"https:\/\/agora.xtec.cat\/escolafalguera\/?page_id=4139"},"modified":"2026-03-23T01:53:23","modified_gmt":"2026-03-23T00:53:23","slug":"steiam-falguera-exemple-diteracio","status":"publish","type":"page","link":"https:\/\/agora.xtec.cat\/escolafalguera\/projecte-educatiu\/cultura-digital\/steiam-falguera-exemple-diteracio\/","title":{"rendered":"STE(IA)M Falguera exemple d&#8217;iteraci\u00f3"},"content":{"rendered":"\n<p class=\"has-text-align-center has-large-font-size\">A partir de la idea de crear un joc en format digital del fam\u00f3s joc del virus v\u00e0rem crear una versi\u00f3 inicial que ens ha ensenyat a millorar cada detall, i a crear noves versions que mantinguin la idea inicial per\u00f2 que afegeixin m\u00e9s juagabilitat.<\/p>\n\n\n\n<p class=\"has-text-align-center has-x-large-font-size\">Virus 1.0<\/p>\n\n\n\n<div class=\"wp-block-getwid-image-box getwid-animation has-text-center has-mobile-layout-default has-mobile-alignment-default\" data-animation=\"zoomSmall\"><div class=\"wp-block-getwid-image-box__image-container is-position-top\"><a href=\"https:\/\/sites.google.com\/xtec.cat\/virus-falguera\/p\u00e0gina-principal\" target=\"_blank\" rel=\"noreferrer noopener\" class=\"wp-block-getwid-image-box__image-wrapper\"><img loading=\"lazy\" decoding=\"async\" width=\"768\" height=\"496\" src=\"https:\/\/agora.xtec.cat\/escolafalguera\/wp-content\/uploads\/usu2427\/2026\/02\/Virus-1-768x496.png\" class=\"wp-block-getwid-image-box__image wp-image-3445\" srcset=\"https:\/\/agora.xtec.cat\/escolafalguera\/wp-content\/uploads\/usu2427\/2026\/02\/Virus-1-768x496.png 768w, https:\/\/agora.xtec.cat\/escolafalguera\/wp-content\/uploads\/usu2427\/2026\/02\/Virus-1-300x194.png 300w, https:\/\/agora.xtec.cat\/escolafalguera\/wp-content\/uploads\/usu2427\/2026\/02\/Virus-1-1024x662.png 1024w, https:\/\/agora.xtec.cat\/escolafalguera\/wp-content\/uploads\/usu2427\/2026\/02\/Virus-1-1536x993.png 1536w, https:\/\/agora.xtec.cat\/escolafalguera\/wp-content\/uploads\/usu2427\/2026\/02\/Virus-1.png 2024w\" sizes=\"auto, (max-width: 768px) 100vw, 768px\" \/><\/a><\/div><div class=\"wp-block-getwid-image-box__content\">\n<h3 class=\"wp-block-heading has-large-font-size\">La versi\u00f3 1.0, amb la seva versi\u00f3 alfa inicial que va ser passada a beta per deixar-hi jugar a la classe de 1r, i d&#8217;aqu\u00ed a la versi\u00f3 1.0 definitiva.<\/h3>\n\n\n\n<p class=\"has-medium-font-size\">Una versi\u00f3 totalment funcional per\u00f2 que ens va ensenyar que el joc podia ser pensat per a cada nen i nena.<\/p>\n<\/div><\/div>\n\n\n\n<hr class=\"wp-block-separator has-alpha-channel-opacity\"\/>\n\n\n\n<p class=\"has-text-align-center has-x-large-font-size\">Virus 2.0<\/p>\n\n\n\n<div class=\"wp-block-getwid-image-box getwid-animation has-text-center has-mobile-layout-default has-mobile-alignment-default\" data-animation=\"zoomSmall\"><div class=\"wp-block-getwid-image-box__image-container is-position-top\"><a href=\"https:\/\/sites.google.com\/xtec.cat\/virusayln\/p\u00e0gina-principal\" target=\"_blank\" rel=\"noreferrer noopener\" class=\"wp-block-getwid-image-box__image-wrapper\"><img loading=\"lazy\" decoding=\"async\" width=\"768\" height=\"492\" src=\"https:\/\/agora.xtec.cat\/escolafalguera\/wp-content\/uploads\/usu2427\/2026\/03\/V-2.0-768x492.png\" class=\"wp-block-getwid-image-box__image wp-image-4170\" srcset=\"https:\/\/agora.xtec.cat\/escolafalguera\/wp-content\/uploads\/usu2427\/2026\/03\/V-2.0-768x492.png 768w, https:\/\/agora.xtec.cat\/escolafalguera\/wp-content\/uploads\/usu2427\/2026\/03\/V-2.0-300x192.png 300w, https:\/\/agora.xtec.cat\/escolafalguera\/wp-content\/uploads\/usu2427\/2026\/03\/V-2.0-1024x655.png 1024w, https:\/\/agora.xtec.cat\/escolafalguera\/wp-content\/uploads\/usu2427\/2026\/03\/V-2.0.png 1428w\" sizes=\"auto, (max-width: 768px) 100vw, 768px\" \/><\/a><\/div><div class=\"wp-block-getwid-image-box__content\">\n<h3 class=\"wp-block-heading has-large-font-size\">La versi\u00f3 2.0, tamb\u00e9 amb la seva versi\u00f3 alfa inicial que va ser passada a beta per deixar-hi jugar a la classe de 1r, i en especial perqu\u00e8 hi jugu\u00e9s una alumna, per a qui el joc va ser repensat.<\/h3>\n\n\n\n<p class=\"has-medium-font-size\">Una versi\u00f3 totalment funcional per\u00f2 que ens va ensenyar que el joc aix\u00ed nom\u00e9s era funcional per a un nen o nena i vol\u00edem que pogu\u00e9s ser jugat per cada nen i nena.<\/p>\n<\/div><\/div>\n\n\n\n<hr class=\"wp-block-separator has-alpha-channel-opacity\"\/>\n\n\n\n<p class=\"has-text-align-center has-x-large-font-size\">Virus 3.0<\/p>\n\n\n\n<div class=\"wp-block-getwid-image-box getwid-animation has-text-center has-mobile-layout-default has-mobile-alignment-default\" data-animation=\"zoomSmall\"><div class=\"wp-block-getwid-image-box__image-container is-position-top\"><a href=\"https:\/\/sites.google.com\/xtec.cat\/virus-3-0\/p\u00e0gina-principal\" target=\"_blank\" rel=\"noreferrer noopener\" class=\"wp-block-getwid-image-box__image-wrapper\"><img loading=\"lazy\" decoding=\"async\" width=\"768\" height=\"492\" src=\"https:\/\/agora.xtec.cat\/escolafalguera\/wp-content\/uploads\/usu2427\/2026\/03\/V-3.0-768x492.png\" class=\"wp-block-getwid-image-box__image wp-image-4171\" srcset=\"https:\/\/agora.xtec.cat\/escolafalguera\/wp-content\/uploads\/usu2427\/2026\/03\/V-3.0-768x492.png 768w, https:\/\/agora.xtec.cat\/escolafalguera\/wp-content\/uploads\/usu2427\/2026\/03\/V-3.0-300x192.png 300w, https:\/\/agora.xtec.cat\/escolafalguera\/wp-content\/uploads\/usu2427\/2026\/03\/V-3.0-1024x655.png 1024w, https:\/\/agora.xtec.cat\/escolafalguera\/wp-content\/uploads\/usu2427\/2026\/03\/V-3.0.png 1428w\" sizes=\"auto, (max-width: 768px) 100vw, 768px\" \/><\/a><\/div><div class=\"wp-block-getwid-image-box__content\">\n<h3 class=\"wp-block-heading has-large-font-size\">La versi\u00f3 3.0, tamb\u00e9 amb la seva versi\u00f3 alfa inicial que va ser passada a beta per deixar-hi jugar a la classe, en aquest cas de 3r. Per comprovar que tothom hi podia jugar, que no estava limitat per la versi\u00f3 2.0 personalitzada.<\/h3>\n\n\n\n<p class=\"has-medium-font-size\">Una versi\u00f3 totalment funcional amb le v\u00e0rem aprendre que els i les alumnes de 3r tenien moltes idees de millora que la creadora d&#8217;aquest joc es va apuntar per crear la quarta iteraci\u00f3 i crear un joc total. Aix\u00ed que properament&#8230; Virus 4.0, estigueu atents!<\/p>\n<\/div><\/div>\n\n\n\n<hr class=\"wp-block-separator has-alpha-channel-opacity\"\/>\n\n\n\n<p class=\"has-text-align-center has-x-large-font-size\">Iterar<\/p>\n\n\n\n<div class=\"wp-block-getwid-section alignfull alignfull getwid-section-content-custom-width\"><div class=\"wp-block-getwid-section__wrapper getwid-padding-left-medium getwid-padding-right-medium\"><div class=\"wp-block-getwid-section__inner-wrapper\" style=\"max-width:1140px\"><div class=\"wp-block-getwid-section__background-holder\"><div class=\"wp-block-getwid-section__background\"><\/div><div class=\"wp-block-getwid-section__foreground\"><\/div><\/div><div class=\"wp-block-getwid-section__content\"><div class=\"wp-block-getwid-section__inner-content\">\n<div class=\"wp-block-columns has-2-columns is-layout-flex wp-container-core-columns-is-layout-1 wp-block-columns-is-layout-flex\">\n<div class=\"wp-block-column is-layout-flow wp-block-column-is-layout-flow\">\n<div class=\"wp-block-getwid-advanced-heading\" style=\"margin-bottom:0px;margin-top:0px\"><span class=\"wp-block-getwid-advanced-heading__content\">Per qu\u00e8 iterar?<\/span><\/div>\n\n\n\n<div class=\"wp-block-getwid-advanced-heading\" style=\"margin-bottom:30px;margin-top:10px\"><h2 class=\"wp-block-getwid-advanced-heading__content\">Imagineu les possibilitats<\/h2><\/div>\n\n\n\n<p>Una situaci\u00f3 global, amb un repte global. Crerar un joc digital i que quedi publicat online. Comprovar que funciona, deixar-lo jugar a altres cursos, agafar idees i millorar-lo versi\u00f3 a versi\u00f3. Un producte final com es faria un producte al m\u00f3n real.<\/p>\n\n\n\n<ul class=\"wp-block-list\">\n<li>Virus 1.0<\/li>\n\n\n\n<li>Virus 2.0<\/li>\n\n\n\n<li>Virus 3.0<\/li>\n<\/ul>\n\n\n\n<div class=\"wp-block-button\"><a class=\"wp-block-button__link has-text-color has-background wp-element-button\" href=\"https:\/\/sites.google.com\/xtec.cat\/virus-3-0\/p\u00e0gina-principal\" style=\"color:#ffffff;background-color:#000000\" target=\"_blank\" rel=\"noreferrer noopener\">Explora la versi\u00f3 3.0  definitiva<\/a><\/div>\n<\/div>\n\n\n\n<div class=\"wp-block-column is-layout-flow wp-block-column-is-layout-flow\">\n<div class=\"wp-block-getwid-images-slider has-cropped-images has-arrows-none has-dots-outside has-images-center has-cropped-images\"><div class=\"wp-block-getwid-images-slider__wrapper\" data-effect=\"slide\" data-slides-show=\"1\" data-slides-show-laptop=\"1\" data-slides-show-tablet=\"1\" data-slides-show-mobile=\"1\" data-slides-scroll=\"1\" data-autoplay=\"false\" data-pause-hover=\"false\" data-autoplay-speed=\"6000\" data-infinite=\"true\" data-animation-speed=\"800\" data-center-mode=\"false\" data-variable-width=\"false\" data-arrows=\"none\" data-dots=\"outside\" data-spacing=\"none\"><div class=\"wp-block-getwid-images-slider__item\"><a href=\"https:\/\/sites.google.com\/xtec.cat\/virus-falguera\/p\u00e0gina-principal\" target=\"_blank\" rel=\"noreferrer noopener\"><figure><img loading=\"lazy\" decoding=\"async\" width=\"2024\" height=\"1308\" src=\"https:\/\/agora.xtec.cat\/escolafalguera\/wp-content\/uploads\/usu2427\/2026\/02\/Virus-1.png\" data-id=\"3445\" data-link=\"https:\/\/agora.xtec.cat\/escolafalguera\/virus-2\/\" data-link-target=\"_blank\" data-link-rel=\"noreferrer noopener\" data-original-link=\"https:\/\/agora.xtec.cat\/escolafalguera\/wp-content\/uploads\/usu2427\/2026\/02\/Virus-1.png\" data-custom-link=\"https:\/\/sites.google.com\/xtec.cat\/virus-falguera\/p\u00e0gina-principal\" class=\"wp-block-getwid-images-slider__image wp-image-3445\" srcset=\"https:\/\/agora.xtec.cat\/escolafalguera\/wp-content\/uploads\/usu2427\/2026\/02\/Virus-1.png 2024w, https:\/\/agora.xtec.cat\/escolafalguera\/wp-content\/uploads\/usu2427\/2026\/02\/Virus-1-300x194.png 300w, https:\/\/agora.xtec.cat\/escolafalguera\/wp-content\/uploads\/usu2427\/2026\/02\/Virus-1-1024x662.png 1024w, https:\/\/agora.xtec.cat\/escolafalguera\/wp-content\/uploads\/usu2427\/2026\/02\/Virus-1-768x496.png 768w, https:\/\/agora.xtec.cat\/escolafalguera\/wp-content\/uploads\/usu2427\/2026\/02\/Virus-1-1536x993.png 1536w\" sizes=\"auto, (max-width: 2024px) 100vw, 2024px\" \/><\/figure><\/a><\/div><div class=\"wp-block-getwid-images-slider__item\"><a href=\"https:\/\/sites.google.com\/xtec.cat\/virusayln\/p\u00e0gina-principal\" target=\"_blank\" rel=\"noreferrer noopener\"><figure><img loading=\"lazy\" decoding=\"async\" width=\"1428\" height=\"914\" src=\"https:\/\/agora.xtec.cat\/escolafalguera\/wp-content\/uploads\/usu2427\/2026\/03\/V-2.0.png\" data-id=\"4170\" data-link=\"https:\/\/agora.xtec.cat\/escolafalguera\/projecte-educatiu\/cultura-digital\/steiam-falguera-exemple-diteracio\/attachment\/v-2-0\/\" data-link-target=\"_blank\" data-link-rel=\"noreferrer noopener\" data-original-link=\"https:\/\/agora.xtec.cat\/escolafalguera\/wp-content\/uploads\/usu2427\/2026\/03\/V-2.0.png\" data-custom-link=\"https:\/\/sites.google.com\/xtec.cat\/virusayln\/p\u00e0gina-principal\" class=\"wp-block-getwid-images-slider__image wp-image-4170\" srcset=\"https:\/\/agora.xtec.cat\/escolafalguera\/wp-content\/uploads\/usu2427\/2026\/03\/V-2.0.png 1428w, https:\/\/agora.xtec.cat\/escolafalguera\/wp-content\/uploads\/usu2427\/2026\/03\/V-2.0-300x192.png 300w, https:\/\/agora.xtec.cat\/escolafalguera\/wp-content\/uploads\/usu2427\/2026\/03\/V-2.0-1024x655.png 1024w, https:\/\/agora.xtec.cat\/escolafalguera\/wp-content\/uploads\/usu2427\/2026\/03\/V-2.0-768x492.png 768w\" sizes=\"auto, (max-width: 1428px) 100vw, 1428px\" \/><\/figure><\/a><\/div><div class=\"wp-block-getwid-images-slider__item\"><a href=\"https:\/\/sites.google.com\/xtec.cat\/virus-3-0\/p\u00e0gina-principal\" target=\"_blank\" rel=\"noreferrer noopener\"><figure><img loading=\"lazy\" decoding=\"async\" width=\"1428\" height=\"914\" src=\"https:\/\/agora.xtec.cat\/escolafalguera\/wp-content\/uploads\/usu2427\/2026\/03\/V-3.0.png\" data-id=\"4171\" data-link=\"https:\/\/agora.xtec.cat\/escolafalguera\/projecte-educatiu\/cultura-digital\/steiam-falguera-exemple-diteracio\/attachment\/v-3-0\/\" data-link-target=\"_blank\" data-link-rel=\"noreferrer noopener\" data-original-link=\"https:\/\/agora.xtec.cat\/escolafalguera\/wp-content\/uploads\/usu2427\/2026\/03\/V-3.0.png\" data-custom-link=\"https:\/\/sites.google.com\/xtec.cat\/virus-3-0\/p\u00e0gina-principal\" class=\"wp-block-getwid-images-slider__image wp-image-4171\" srcset=\"https:\/\/agora.xtec.cat\/escolafalguera\/wp-content\/uploads\/usu2427\/2026\/03\/V-3.0.png 1428w, https:\/\/agora.xtec.cat\/escolafalguera\/wp-content\/uploads\/usu2427\/2026\/03\/V-3.0-300x192.png 300w, https:\/\/agora.xtec.cat\/escolafalguera\/wp-content\/uploads\/usu2427\/2026\/03\/V-3.0-1024x655.png 1024w, https:\/\/agora.xtec.cat\/escolafalguera\/wp-content\/uploads\/usu2427\/2026\/03\/V-3.0-768x492.png 768w\" sizes=\"auto, (max-width: 1428px) 100vw, 1428px\" \/><\/figure><\/a><\/div><\/div><\/div>\n<\/div>\n<\/div>\n<\/div><\/div><\/div><\/div><\/div>\n\n\n\n<hr class=\"wp-block-separator has-alpha-channel-opacity\"\/>\n\n\n\n<p class=\"has-text-align-center has-x-large-font-size\">Virus 4.0 (Properament)<\/p>\n\n\n\n<div class=\"wp-block-getwid-image-box getwid-animation has-text-center has-mobile-layout-default has-mobile-alignment-default\" data-animation=\"zoomSmall\"><div class=\"wp-block-getwid-image-box__image-container is-position-top\"><a href=\"https:\/\/sites.google.com\/xtec.cat\/virus-3-0\/p\u00e0gina-principal\" target=\"_blank\" rel=\"noreferrer noopener\" class=\"wp-block-getwid-image-box__image-wrapper\"><img loading=\"lazy\" decoding=\"async\" width=\"768\" height=\"492\" src=\"https:\/\/agora.xtec.cat\/escolafalguera\/wp-content\/uploads\/usu2427\/2026\/03\/4.0-768x492.png\" class=\"wp-block-getwid-image-box__image wp-image-4199\" srcset=\"https:\/\/agora.xtec.cat\/escolafalguera\/wp-content\/uploads\/usu2427\/2026\/03\/4.0-768x492.png 768w, https:\/\/agora.xtec.cat\/escolafalguera\/wp-content\/uploads\/usu2427\/2026\/03\/4.0-300x192.png 300w, https:\/\/agora.xtec.cat\/escolafalguera\/wp-content\/uploads\/usu2427\/2026\/03\/4.0-1024x655.png 1024w, https:\/\/agora.xtec.cat\/escolafalguera\/wp-content\/uploads\/usu2427\/2026\/03\/4.0.png 1428w\" sizes=\"auto, (max-width: 768px) 100vw, 768px\" \/><\/a><\/div><div class=\"wp-block-getwid-image-box__content\">\n<h3 class=\"wp-block-heading has-large-font-size\">La versi\u00f3 4.0, tamb\u00e9 amb la seva versi\u00f3 alfa inicial ser\u00e0 passada a beta per deixar-hi jugar a la classe de 3r per comprovar que hem encertat amb les millores.<\/h3>\n\n\n\n<p class=\"has-medium-font-size\">Esperem crear na versi\u00f3 totalment funcional que sigui del gust de l&#8217;exigent classe de 3r i que agradi molt a la classe de 1r mentenint tot el quer els va agradar la primera vegada que hi varen jugar.<\/p>\n<\/div><\/div>\n\n\n\n<p><\/p>\n","protected":false},"excerpt":{"rendered":"<p>A partir de la idea de crear un joc en format digital del fam\u00f3s joc del virus v\u00e0rem crear una versi\u00f3 inicial que ens ha ensenyat a millorar cada detall, i a crear noves versions que mantinguin la idea inicial per\u00f2 que afegeixin m\u00e9s juagabilitat.<\/p>\n<p>Virus&hellip;  <a href=\"https:\/\/agora.xtec.cat\/escolafalguera\/projecte-educatiu\/cultura-digital\/steiam-falguera-exemple-diteracio\/\" title=\"Read STE(IA)M Falguera exemple d&#8217;iteraci\u00f3\">Llegeix m\u00e9s\u00bb<\/a><\/p>\n","protected":false},"author":1,"featured_media":0,"parent":1939,"menu_order":8,"comment_status":"closed","ping_status":"closed","template":"","meta":{"_bbp_topic_count":0,"_bbp_reply_count":0,"_bbp_total_topic_count":0,"_bbp_total_reply_count":0,"_bbp_voice_count":0,"_bbp_anonymous_reply_count":0,"_bbp_topic_count_hidden":0,"_bbp_reply_count_hidden":0,"_bbp_forum_subforum_count":0,"footnotes":""},"class_list":["post-4139","page","type-page","status-publish","hentry"],"post_mailing_queue_ids":[],"_links":{"self":[{"href":"https:\/\/agora.xtec.cat\/escolafalguera\/wp-json\/wp\/v2\/pages\/4139","targetHints":{"allow":["GET"]}}],"collection":[{"href":"https:\/\/agora.xtec.cat\/escolafalguera\/wp-json\/wp\/v2\/pages"}],"about":[{"href":"https:\/\/agora.xtec.cat\/escolafalguera\/wp-json\/wp\/v2\/types\/page"}],"author":[{"embeddable":true,"href":"https:\/\/agora.xtec.cat\/escolafalguera\/wp-json\/wp\/v2\/users\/1"}],"replies":[{"embeddable":true,"href":"https:\/\/agora.xtec.cat\/escolafalguera\/wp-json\/wp\/v2\/comments?post=4139"}],"version-history":[{"count":6,"href":"https:\/\/agora.xtec.cat\/escolafalguera\/wp-json\/wp\/v2\/pages\/4139\/revisions"}],"predecessor-version":[{"id":4204,"href":"https:\/\/agora.xtec.cat\/escolafalguera\/wp-json\/wp\/v2\/pages\/4139\/revisions\/4204"}],"up":[{"embeddable":true,"href":"https:\/\/agora.xtec.cat\/escolafalguera\/wp-json\/wp\/v2\/pages\/1939"}],"wp:attachment":[{"href":"https:\/\/agora.xtec.cat\/escolafalguera\/wp-json\/wp\/v2\/media?parent=4139"}],"curies":[{"name":"wp","href":"https:\/\/api.w.org\/{rel}","templated":true}]}}