{"id":38,"date":"2014-09-18T12:34:08","date_gmt":"2014-09-18T10:34:08","guid":{"rendered":"http:\/\/agora.xtec.cat\/escolafalguera\/?page_id=38"},"modified":"2024-11-04T22:58:00","modified_gmt":"2024-11-04T21:58:00","slug":"salut","status":"publish","type":"page","link":"https:\/\/agora.xtec.cat\/escolafalguera\/la-nostra-escola\/salut\/","title":{"rendered":"Salut"},"content":{"rendered":"<h2>Si et trobes en aquesta p\u00e0gina potser \u00e9s que teniu polls a casa?<\/h2>\n<div id=\"id2\" class=\"style_SkipStroke_3 shape-with-text\">\n<div class=\"text-content graphic_textbox_layout_style_default_External_551_141\">\n<div class=\"graphic_textbox_layout_style_default\">\n<p class=\"paragraph_style_1\">Els polls s\u00f3n insectes que poden infectar diferents animals. Cada tipus de poll \u00e9s espec\u00edfic d&#8217;un tipus d&#8217;hoste, per la qual cosa els &#8220;nostres&#8221; polls no infesten altres animals (i viceversa). Els humans poden estar infectats per tres tipus de polls: els polls del cos ( Pediculus humanus corporis ), polls del cap (Pediculus humanus capitis ) i polls del pubis ( Pthirus pubis ).<\/p>\n<p class=\"paragraph_style_1\">Donat que els polls necessiten ingerir sang humana amb freq\u00fc\u00e8ncia, la seva superviv\u00e8ncia no va m\u00e9s enll\u00e0 de dos dies fora del cos hum\u00e0.<\/p>\n<\/div>\n<\/div>\n<\/div>\n<div class=\"tinyText\"><img loading=\"lazy\" decoding=\"async\" class=\"aligncenter size-medium wp-image-2120\" src=\"https:\/\/agora.xtec.cat\/escolafalguera\/wp-content\/uploads\/usu2427\/2023\/10\/poll-parlant-264x300.png\" alt=\"\" width=\"264\" height=\"300\" srcset=\"https:\/\/agora.xtec.cat\/escolafalguera\/wp-content\/uploads\/usu2427\/2023\/10\/poll-parlant-264x300.png 264w, https:\/\/agora.xtec.cat\/escolafalguera\/wp-content\/uploads\/usu2427\/2023\/10\/poll-parlant-900x1024.png 900w, https:\/\/agora.xtec.cat\/escolafalguera\/wp-content\/uploads\/usu2427\/2023\/10\/poll-parlant-768x874.png 768w, https:\/\/agora.xtec.cat\/escolafalguera\/wp-content\/uploads\/usu2427\/2023\/10\/poll-parlant.png 1044w\" sizes=\"auto, (max-width: 264px) 100vw, 264px\" \/><\/div>\n<div><\/div>\n<div><\/div>\n<div id=\"id3\" class=\"style_SkipStroke_3 shape-with-text\">\n<div class=\"text-content graphic_textbox_layout_style_default_External_635_526\">\n<div class=\"graphic_textbox_layout_style_default\">\n<p>&nbsp;<\/p>\n<p class=\"paragraph_style_2\">Si has arribat a aquest p\u00e0gina \u00e9s possible que el teu fill o filla tingui polls.<\/p>\n<p class=\"paragraph_style_3\">Et recomanem que miris aquest v\u00eddeo amb molta atenci\u00f3:<\/p>\n<\/div>\n<p><iframe loading=\"lazy\" title=\"InfoK: Els polls\" src=\"\/\/www.youtube.com\/embed\/mu-MxyLmGtc\" width=\"1280\" height=\"720\" frameborder=\"0\" allowfullscreen=\"allowfullscreen\"><\/iframe><\/p>\n<\/div>\n<\/div>\n<p><img loading=\"lazy\" decoding=\"async\" class=\"aligncenter size-large wp-image-2132\" src=\"https:\/\/agora.xtec.cat\/escolafalguera\/wp-content\/uploads\/usu2427\/2023\/10\/Poll-real-1-946x1024.png\" alt=\"\" width=\"946\" height=\"1024\" srcset=\"https:\/\/agora.xtec.cat\/escolafalguera\/wp-content\/uploads\/usu2427\/2023\/10\/Poll-real-1-946x1024.png 946w, https:\/\/agora.xtec.cat\/escolafalguera\/wp-content\/uploads\/usu2427\/2023\/10\/Poll-real-1-277x300.png 277w, https:\/\/agora.xtec.cat\/escolafalguera\/wp-content\/uploads\/usu2427\/2023\/10\/Poll-real-1-768x831.png 768w, https:\/\/agora.xtec.cat\/escolafalguera\/wp-content\/uploads\/usu2427\/2023\/10\/Poll-real-1.png 1018w\" sizes=\"auto, (max-width: 946px) 100vw, 946px\" \/><\/p>\n<h2 style=\"text-align: center;\">Poll real<\/h2>\n<p>&nbsp;<\/p>\n<p>I aqu\u00ed teniu un altre v\u00eddeo explicatiu que us ajudar\u00e0 a gestionar els polls a casa:<\/p>\n<p><iframe loading=\"lazy\" title=\"Els polls, com detectar-los, com evitar el contagi i com eliminar-los\" src=\"\/\/www.youtube.com\/embed\/rG6s6ZYVfvE\" width=\"1280\" height=\"720\" frameborder=\"0\" allowfullscreen=\"allowfullscreen\"><\/iframe><\/p>\n<p>&nbsp;<\/p>\n<h2 style=\"text-align: center;\">Sempre ens organitzem per intentar garantir la seguretat de tothom.<\/h2>\n<p>&nbsp;<\/p>\n","protected":false},"excerpt":{"rendered":"<p>Si et trobes en aquesta p\u00e0gina potser \u00e9s que teniu polls a casa?<\/p>\n<p>Els polls s\u00f3n insectes que poden infectar diferents animals. Cada tipus de poll \u00e9s espec\u00edfic d&#8217;un tipus d&#8217;hoste, per la qual cosa els &#8220;nostres&#8221; polls no infesten altres animals (i viceversa). Els humans&hellip;  <a href=\"https:\/\/agora.xtec.cat\/escolafalguera\/la-nostra-escola\/salut\/\" title=\"Read Salut\">Llegeix m\u00e9s\u00bb<\/a><\/p>\n","protected":false},"author":1,"featured_media":0,"parent":22,"menu_order":90,"comment_status":"closed","ping_status":"closed","template":"","meta":{"_bbp_topic_count":0,"_bbp_reply_count":0,"_bbp_total_topic_count":0,"_bbp_total_reply_count":0,"_bbp_voice_count":0,"_bbp_anonymous_reply_count":0,"_bbp_topic_count_hidden":0,"_bbp_reply_count_hidden":0,"_bbp_forum_subforum_count":0,"footnotes":""},"class_list":["post-38","page","type-page","status-publish","hentry"],"post_mailing_queue_ids":[],"_links":{"self":[{"href":"https:\/\/agora.xtec.cat\/escolafalguera\/wp-json\/wp\/v2\/pages\/38","targetHints":{"allow":["GET"]}}],"collection":[{"href":"https:\/\/agora.xtec.cat\/escolafalguera\/wp-json\/wp\/v2\/pages"}],"about":[{"href":"https:\/\/agora.xtec.cat\/escolafalguera\/wp-json\/wp\/v2\/types\/page"}],"author":[{"embeddable":true,"href":"https:\/\/agora.xtec.cat\/escolafalguera\/wp-json\/wp\/v2\/users\/1"}],"replies":[{"embeddable":true,"href":"https:\/\/agora.xtec.cat\/escolafalguera\/wp-json\/wp\/v2\/comments?post=38"}],"version-history":[{"count":7,"href":"https:\/\/agora.xtec.cat\/escolafalguera\/wp-json\/wp\/v2\/pages\/38\/revisions"}],"predecessor-version":[{"id":2133,"href":"https:\/\/agora.xtec.cat\/escolafalguera\/wp-json\/wp\/v2\/pages\/38\/revisions\/2133"}],"up":[{"embeddable":true,"href":"https:\/\/agora.xtec.cat\/escolafalguera\/wp-json\/wp\/v2\/pages\/22"}],"wp:attachment":[{"href":"https:\/\/agora.xtec.cat\/escolafalguera\/wp-json\/wp\/v2\/media?parent=38"}],"curies":[{"name":"wp","href":"https:\/\/api.w.org\/{rel}","templated":true}]}}