{"id":3111,"date":"2025-11-09T03:41:50","date_gmt":"2025-11-09T02:41:50","guid":{"rendered":"https:\/\/agora.xtec.cat\/escolafalguera\/?page_id=3111"},"modified":"2026-02-12T20:49:58","modified_gmt":"2026-02-12T19:49:58","slug":"comunicacio-digital","status":"publish","type":"page","link":"https:\/\/agora.xtec.cat\/escolafalguera\/projecte-educatiu\/cultura-digital\/comunicacio-digital\/","title":{"rendered":"Comunicaci\u00f3 digital"},"content":{"rendered":"<div style=\"width: 100%;\">\n<div style=\"position: relative; padding-bottom: 56.25%; padding-top: 0; height: 0;\"><iframe loading=\"lazy\" style=\"position: absolute; top: 0; left: 0; width: 100%; height: 100%;\" title=\"Comunicaci\u00f3 digital Escola Falguera web\" src=\"https:\/\/view.genially.com\/6910aa12ef25846171303ce1\" width=\"1200\" height=\"675\" frameborder=\"0\" scrolling=\"yes\" allowfullscreen=\"allowfullscreen\"><\/iframe><\/div>\n<\/div>\n<p>&nbsp;<\/p>\n<p>&nbsp;<\/p>\n<p><img loading=\"lazy\" decoding=\"async\" class=\"aligncenter wp-image-3147 size-large\" src=\"https:\/\/agora.xtec.cat\/escolafalguera\/wp-content\/uploads\/usu2427\/2025\/11\/Captura-de-pantalla-2025-11-09-a-las-20.42.03-886x1024.png\" alt=\"\" width=\"886\" height=\"1024\" srcset=\"https:\/\/agora.xtec.cat\/escolafalguera\/wp-content\/uploads\/usu2427\/2025\/11\/Captura-de-pantalla-2025-11-09-a-las-20.42.03-886x1024.png 886w, https:\/\/agora.xtec.cat\/escolafalguera\/wp-content\/uploads\/usu2427\/2025\/11\/Captura-de-pantalla-2025-11-09-a-las-20.42.03-259x300.png 259w, https:\/\/agora.xtec.cat\/escolafalguera\/wp-content\/uploads\/usu2427\/2025\/11\/Captura-de-pantalla-2025-11-09-a-las-20.42.03-768x888.png 768w, https:\/\/agora.xtec.cat\/escolafalguera\/wp-content\/uploads\/usu2427\/2025\/11\/Captura-de-pantalla-2025-11-09-a-las-20.42.03.png 1300w\" sizes=\"auto, (max-width: 886px) 100vw, 886px\" \/><\/p>\n<h3>\u00a0<\/h3>\n<h3 style=\"text-align: center;\"><span style=\"color: #000000;\">Com a escola hem de disposar de canals de comunicaci\u00f3 que permetin a tothom, o b\u00e9 accedir a la informaci\u00f3 que necessiten en el moment que la necessiten, o b\u00e9 posar-se en contacte amb les persones que poden donar resposta.<\/span><\/h3>\n<p>&nbsp;<\/p>\n<div style=\"width: 100%;\">\n<div style=\"position: relative; padding-bottom: 200%; padding-top: 0; height: 0;\"><iframe loading=\"lazy\" style=\"position: absolute; top: 0; left: 0; width: 100%; height: 100%;\" title=\"Comunicaci\u00f3 digital Escola Falguera per compartir\" src=\"https:\/\/view.genially.com\/690f56501eeef8659f3f2a76\" width=\"800\" height=\"1600\" frameborder=\"0\" scrolling=\"yes\" allowfullscreen=\"allowfullscreen\"><\/iframe><\/div>\n<\/div>\n<p>&nbsp;<\/p>\n<h3>\u00a0<\/h3>\n<h3><span style=\"color: #000000;\">I seguim a:<\/span> <a href=\"https:\/\/agora.xtec.cat\/escolafalguera\/projecte-educatiu\/cultura-digital\/admin-digital\/\">(Admin) digital<\/a><\/h3>\n","protected":false},"excerpt":{"rendered":"<p>&nbsp;<br \/>\n&nbsp;<\/p>\n<p>\u00a0<br \/>\nCom a escola hem de disposar de canals de comunicaci\u00f3 que permetin a tothom, o b\u00e9 accedir a la informaci\u00f3 que necessiten en el moment que la necessiten, o b\u00e9 posar-se en contacte amb les persones que poden donar resposta.<br \/>\n&nbsp;<\/p>\n<p>&nbsp;<br \/>\n\u00a0<br \/>\nI seguim a: <a href=\"https:\/\/agora.xtec.cat\/escolafalguera\/projecte-educatiu\/cultura-digital\/admin-digital\/\">(Admin) digital<\/a><\/p>\n","protected":false},"author":1,"featured_media":0,"parent":1939,"menu_order":50,"comment_status":"closed","ping_status":"closed","template":"","meta":{"_bbp_topic_count":0,"_bbp_reply_count":0,"_bbp_total_topic_count":0,"_bbp_total_reply_count":0,"_bbp_voice_count":0,"_bbp_anonymous_reply_count":0,"_bbp_topic_count_hidden":0,"_bbp_reply_count_hidden":0,"_bbp_forum_subforum_count":0,"footnotes":""},"class_list":["post-3111","page","type-page","status-publish","hentry"],"post_mailing_queue_ids":[],"_links":{"self":[{"href":"https:\/\/agora.xtec.cat\/escolafalguera\/wp-json\/wp\/v2\/pages\/3111","targetHints":{"allow":["GET"]}}],"collection":[{"href":"https:\/\/agora.xtec.cat\/escolafalguera\/wp-json\/wp\/v2\/pages"}],"about":[{"href":"https:\/\/agora.xtec.cat\/escolafalguera\/wp-json\/wp\/v2\/types\/page"}],"author":[{"embeddable":true,"href":"https:\/\/agora.xtec.cat\/escolafalguera\/wp-json\/wp\/v2\/users\/1"}],"replies":[{"embeddable":true,"href":"https:\/\/agora.xtec.cat\/escolafalguera\/wp-json\/wp\/v2\/comments?post=3111"}],"version-history":[{"count":7,"href":"https:\/\/agora.xtec.cat\/escolafalguera\/wp-json\/wp\/v2\/pages\/3111\/revisions"}],"predecessor-version":[{"id":3513,"href":"https:\/\/agora.xtec.cat\/escolafalguera\/wp-json\/wp\/v2\/pages\/3111\/revisions\/3513"}],"up":[{"embeddable":true,"href":"https:\/\/agora.xtec.cat\/escolafalguera\/wp-json\/wp\/v2\/pages\/1939"}],"wp:attachment":[{"href":"https:\/\/agora.xtec.cat\/escolafalguera\/wp-json\/wp\/v2\/media?parent=3111"}],"curies":[{"name":"wp","href":"https:\/\/api.w.org\/{rel}","templated":true}]}}