{"id":3046,"date":"2025-09-22T23:52:54","date_gmt":"2025-09-22T21:52:54","guid":{"rendered":"https:\/\/agora.xtec.cat\/escolafalguera\/?page_id=3046"},"modified":"2026-02-12T20:51:17","modified_gmt":"2026-02-12T19:51:17","slug":"experiencies-steam","status":"publish","type":"page","link":"https:\/\/agora.xtec.cat\/escolafalguera\/projecte-educatiu\/cultura-digital\/experiencies-steam\/","title":{"rendered":"Experi\u00e8ncies STEAM"},"content":{"rendered":"<div style=\"width: 100%;\">\n<div style=\"position: relative; padding-bottom: 56.25%; padding-top: 0; height: 0;\"><iframe loading=\"lazy\" style=\"position: absolute; top: 0; left: 0; width: 100%; height: 100%;\" title=\"Rob\u00f2tica col\u00b7laborativa AMB LEGO\" src=\"https:\/\/view.genially.com\/692f43e319cdcbbd080cc0bf\" width=\"1200\" height=\"675\" frameborder=\"0\" scrolling=\"yes\" allowfullscreen=\"allowfullscreen\"><\/iframe><\/div>\n<\/div>\n<h2>\u00a0<\/h2>\n<h2 style=\"text-align: center;\"><span style=\"color: #333333;\">Escolta aquesta emissi\u00f3 de r\u00e0dio en qu\u00e8 parlen del nostre projecte&#8230;<\/span><\/h2>\n<!--[if lt IE 9]><script>document.createElement('audio');<\/script><![endif]-->\n<audio class=\"wp-audio-shortcode\" id=\"audio-3046-1\" preload=\"none\" style=\"width: 100%;\" controls=\"controls\"><source type=\"audio\/mpeg\" src=\"https:\/\/agora.xtec.cat\/escolafalguera\/wp-content\/uploads\/usu2427\/2025\/09\/Robotica_y_Liderazgo__Alumnos_de_Primaria_Crean_Redes_de_Aprend-2.mp3?_=1\" \/><a href=\"https:\/\/agora.xtec.cat\/escolafalguera\/wp-content\/uploads\/usu2427\/2025\/09\/Robotica_y_Liderazgo__Alumnos_de_Primaria_Crean_Redes_de_Aprend-2.mp3\">https:\/\/agora.xtec.cat\/escolafalguera\/wp-content\/uploads\/usu2427\/2025\/09\/Robotica_y_Liderazgo__Alumnos_de_Primaria_Crean_Redes_de_Aprend-2.mp3<\/a><\/audio>\n<p><iframe loading=\"lazy\" title=\"Dos colegios, un reto\" src=\"https:\/\/www.youtube.com\/embed\/DURA_Ee4910\" width=\"1200\" height=\"586\" frameborder=\"0\" allowfullscreen=\"allowfullscreen\"><\/iframe><\/p>\n<p><img loading=\"lazy\" decoding=\"async\" class=\"aligncenter size-large wp-image-3021\" src=\"https:\/\/agora.xtec.cat\/escolafalguera\/wp-content\/uploads\/usu2427\/2025\/09\/IMG_20250207_104158-1024x576.jpg\" alt=\"\" width=\"1024\" height=\"576\" srcset=\"https:\/\/agora.xtec.cat\/escolafalguera\/wp-content\/uploads\/usu2427\/2025\/09\/IMG_20250207_104158-1024x576.jpg 1024w, https:\/\/agora.xtec.cat\/escolafalguera\/wp-content\/uploads\/usu2427\/2025\/09\/IMG_20250207_104158-300x169.jpg 300w, https:\/\/agora.xtec.cat\/escolafalguera\/wp-content\/uploads\/usu2427\/2025\/09\/IMG_20250207_104158-768x432.jpg 768w, https:\/\/agora.xtec.cat\/escolafalguera\/wp-content\/uploads\/usu2427\/2025\/09\/IMG_20250207_104158-1536x864.jpg 1536w, https:\/\/agora.xtec.cat\/escolafalguera\/wp-content\/uploads\/usu2427\/2025\/09\/IMG_20250207_104158.jpg 2000w\" sizes=\"auto, (max-width: 1024px) 100vw, 1024px\" \/><\/p>\n<p><img loading=\"lazy\" decoding=\"async\" class=\"aligncenter size-large wp-image-3128\" src=\"https:\/\/agora.xtec.cat\/escolafalguera\/wp-content\/uploads\/usu2427\/2025\/11\/Captura-de-pantalla-2025-11-09-a-las-17.08.57-1024x566.png\" alt=\"\" width=\"1024\" height=\"566\" srcset=\"https:\/\/agora.xtec.cat\/escolafalguera\/wp-content\/uploads\/usu2427\/2025\/11\/Captura-de-pantalla-2025-11-09-a-las-17.08.57-1024x566.png 1024w, https:\/\/agora.xtec.cat\/escolafalguera\/wp-content\/uploads\/usu2427\/2025\/11\/Captura-de-pantalla-2025-11-09-a-las-17.08.57-300x166.png 300w, https:\/\/agora.xtec.cat\/escolafalguera\/wp-content\/uploads\/usu2427\/2025\/11\/Captura-de-pantalla-2025-11-09-a-las-17.08.57-768x425.png 768w, https:\/\/agora.xtec.cat\/escolafalguera\/wp-content\/uploads\/usu2427\/2025\/11\/Captura-de-pantalla-2025-11-09-a-las-17.08.57-1536x849.png 1536w, https:\/\/agora.xtec.cat\/escolafalguera\/wp-content\/uploads\/usu2427\/2025\/11\/Captura-de-pantalla-2025-11-09-a-las-17.08.57.png 2000w\" sizes=\"auto, (max-width: 1024px) 100vw, 1024px\" \/><\/p>\n<p><img loading=\"lazy\" decoding=\"async\" class=\"aligncenter size-large wp-image-3127\" src=\"https:\/\/agora.xtec.cat\/escolafalguera\/wp-content\/uploads\/usu2427\/2025\/11\/Captura-de-pantalla-2025-11-09-a-las-17.09.11-1024x566.png\" alt=\"\" width=\"1024\" height=\"566\" srcset=\"https:\/\/agora.xtec.cat\/escolafalguera\/wp-content\/uploads\/usu2427\/2025\/11\/Captura-de-pantalla-2025-11-09-a-las-17.09.11-1024x566.png 1024w, https:\/\/agora.xtec.cat\/escolafalguera\/wp-content\/uploads\/usu2427\/2025\/11\/Captura-de-pantalla-2025-11-09-a-las-17.09.11-300x166.png 300w, https:\/\/agora.xtec.cat\/escolafalguera\/wp-content\/uploads\/usu2427\/2025\/11\/Captura-de-pantalla-2025-11-09-a-las-17.09.11-768x425.png 768w, https:\/\/agora.xtec.cat\/escolafalguera\/wp-content\/uploads\/usu2427\/2025\/11\/Captura-de-pantalla-2025-11-09-a-las-17.09.11-1536x849.png 1536w, https:\/\/agora.xtec.cat\/escolafalguera\/wp-content\/uploads\/usu2427\/2025\/11\/Captura-de-pantalla-2025-11-09-a-las-17.09.11.png 2000w\" sizes=\"auto, (max-width: 1024px) 100vw, 1024px\" \/><\/p>\n<h2 style=\"text-align: center;\"><span style=\"color: #333333;\">La nova experi\u00e8ncia STEAM de l&#8217;escola&#8230;<\/span><\/h2>\n<p><a href=\"https:\/\/sites.google.com\/xtec.cat\/escolafalguera-uno-pc\/p\u00e0gina-principal\"><img loading=\"lazy\" decoding=\"async\" class=\"aligncenter size-large wp-image-3394\" src=\"https:\/\/agora.xtec.cat\/escolafalguera\/wp-content\/uploads\/usu2427\/2026\/02\/tetris-1024x662.png\" alt=\"\" width=\"1024\" height=\"662\" srcset=\"https:\/\/agora.xtec.cat\/escolafalguera\/wp-content\/uploads\/usu2427\/2026\/02\/tetris-1024x662.png 1024w, https:\/\/agora.xtec.cat\/escolafalguera\/wp-content\/uploads\/usu2427\/2026\/02\/tetris-300x194.png 300w, https:\/\/agora.xtec.cat\/escolafalguera\/wp-content\/uploads\/usu2427\/2026\/02\/tetris-768x496.png 768w, https:\/\/agora.xtec.cat\/escolafalguera\/wp-content\/uploads\/usu2427\/2026\/02\/tetris-1536x993.png 1536w, https:\/\/agora.xtec.cat\/escolafalguera\/wp-content\/uploads\/usu2427\/2026\/02\/tetris.png 2024w\" sizes=\"auto, (max-width: 1024px) 100vw, 1024px\" \/><\/a><\/p>\n<h3>\u00a0<\/h3>\n<h3><span style=\"color: #000000;\">I seguim a:<\/span> <a href=\"https:\/\/agora.xtec.cat\/escolafalguera\/projecte-educatiu\/cultura-digital\/comunicacio-digital\/\">Comunicaci\u00f3 digital<\/a><\/h3>\n","protected":false},"excerpt":{"rendered":"<p>\u00a0<br \/>\nEscolta aquesta emissi\u00f3 de r\u00e0dio en qu\u00e8 parlen del nostre projecte&#8230;<br \/>\n<a href=\"https:\/\/agora.xtec.cat\/escolafalguera\/wp-content\/uploads\/usu2427\/2025\/09\/Robotica_y_Liderazgo__Alumnos_de_Primaria_Crean_Redes_de_Aprend-2.mp3\">https:\/\/agora.xtec.cat\/escolafalguera\/wp-content\/uploads\/usu2427\/2025\/09\/Robotica_y_Liderazgo__Alumnos_de_Primaria_Crean_Redes_de_Aprend-2.mp3<\/a><\/p>\n<p>La nova experi\u00e8ncia STEAM de l&#8217;escola&#8230;<br \/>\n<a href=\"https:\/\/sites.google.com\/xtec.cat\/escolafalguera-uno-pc\/p\u00e0gina-principal\"><\/a><br \/>\n\u00a0<br \/>\nI seguim a: <a href=\"https:\/\/agora.xtec.cat\/escolafalguera\/projecte-educatiu\/cultura-digital\/comunicacio-digital\/\">Comunicaci\u00f3 digital<\/a><\/p>\n","protected":false},"author":1,"featured_media":0,"parent":1939,"menu_order":40,"comment_status":"closed","ping_status":"closed","template":"","meta":{"_bbp_topic_count":0,"_bbp_reply_count":0,"_bbp_total_topic_count":0,"_bbp_total_reply_count":0,"_bbp_voice_count":0,"_bbp_anonymous_reply_count":0,"_bbp_topic_count_hidden":0,"_bbp_reply_count_hidden":0,"_bbp_forum_subforum_count":0,"footnotes":""},"class_list":["post-3046","page","type-page","status-publish","hentry"],"post_mailing_queue_ids":[],"_links":{"self":[{"href":"https:\/\/agora.xtec.cat\/escolafalguera\/wp-json\/wp\/v2\/pages\/3046","targetHints":{"allow":["GET"]}}],"collection":[{"href":"https:\/\/agora.xtec.cat\/escolafalguera\/wp-json\/wp\/v2\/pages"}],"about":[{"href":"https:\/\/agora.xtec.cat\/escolafalguera\/wp-json\/wp\/v2\/types\/page"}],"author":[{"embeddable":true,"href":"https:\/\/agora.xtec.cat\/escolafalguera\/wp-json\/wp\/v2\/users\/1"}],"replies":[{"embeddable":true,"href":"https:\/\/agora.xtec.cat\/escolafalguera\/wp-json\/wp\/v2\/comments?post=3046"}],"version-history":[{"count":6,"href":"https:\/\/agora.xtec.cat\/escolafalguera\/wp-json\/wp\/v2\/pages\/3046\/revisions"}],"predecessor-version":[{"id":3514,"href":"https:\/\/agora.xtec.cat\/escolafalguera\/wp-json\/wp\/v2\/pages\/3046\/revisions\/3514"}],"up":[{"embeddable":true,"href":"https:\/\/agora.xtec.cat\/escolafalguera\/wp-json\/wp\/v2\/pages\/1939"}],"wp:attachment":[{"href":"https:\/\/agora.xtec.cat\/escolafalguera\/wp-json\/wp\/v2\/media?parent=3046"}],"curies":[{"name":"wp","href":"https:\/\/api.w.org\/{rel}","templated":true}]}}