{"id":2898,"date":"2025-06-16T23:39:30","date_gmt":"2025-06-16T21:39:30","guid":{"rendered":"https:\/\/agora.xtec.cat\/escolafalguera\/?page_id=2898"},"modified":"2025-06-18T00:16:45","modified_gmt":"2025-06-17T22:16:45","slug":"cinema-sessio-primaria","status":"publish","type":"page","link":"https:\/\/agora.xtec.cat\/escolafalguera\/del-projecte\/els-temes-de-lescola\/el-cinema\/cinema-sessio-primaria\/","title":{"rendered":"Cinema Sessi\u00f3 Prim\u00e0ria"},"content":{"rendered":"<p><iframe loading=\"lazy\" width=\"1200\" height=\"586\" src=\"https:\/\/www.youtube.com\/embed\/wMUKGc70xmg\" title=\"1r Curtmetratge\" frameborder=\"0\" allow=\"accelerometer; autoplay; clipboard-write; encrypted-media; gyroscope; picture-in-picture; web-share\" referrerpolicy=\"strict-origin-when-cross-origin\" allowfullscreen><\/iframe>\n<\/p>\n<p><iframe loading=\"lazy\" width=\"1200\" height=\"586\" src=\"https:\/\/www.youtube.com\/embed\/8VNZhLwbIgE\" title=\"2n Curtmetratge (documental)\" frameborder=\"0\" allow=\"accelerometer; autoplay; clipboard-write; encrypted-media; gyroscope; picture-in-picture; web-share\" referrerpolicy=\"strict-origin-when-cross-origin\" allowfullscreen><\/iframe>\n<\/p>\n<p><iframe loading=\"lazy\" width=\"1200\" height=\"586\" src=\"https:\/\/www.youtube.com\/embed\/_C7h-ijIBf4\" title=\"3r Curtmetratge (acci\u00f3)\" frameborder=\"0\" allow=\"accelerometer; autoplay; clipboard-write; encrypted-media; gyroscope; picture-in-picture; web-share\" referrerpolicy=\"strict-origin-when-cross-origin\" allowfullscreen><\/iframe>\n<\/p>\n<p><iframe loading=\"lazy\" width=\"1200\" height=\"586\" src=\"https:\/\/www.youtube.com\/embed\/ZQAMRGUwTEw\" title=\"3r Curtmetratge (acci\u00f3... clim\u00e0tica)\" frameborder=\"0\" allow=\"accelerometer; autoplay; clipboard-write; encrypted-media; gyroscope; picture-in-picture; web-share\" referrerpolicy=\"strict-origin-when-cross-origin\" allowfullscreen><\/iframe>\n<\/p>\n<p><iframe loading=\"lazy\" width=\"1200\" height=\"586\" src=\"https:\/\/www.youtube.com\/embed\/n_NLNXZRcFk\" title=\"4t Curtmetratge\" frameborder=\"0\" allow=\"accelerometer; autoplay; clipboard-write; encrypted-media; gyroscope; picture-in-picture; web-share\" referrerpolicy=\"strict-origin-when-cross-origin\" allowfullscreen><\/iframe>\n<\/p>\n<p><iframe loading=\"lazy\" width=\"1200\" height=\"586\" src=\"https:\/\/www.youtube.com\/embed\/aBW2fNBw8iQ\" title=\"5\u00e8 Curtmetratge (Com\u00e8dia rom\u00e0ntica)\" frameborder=\"0\" allow=\"accelerometer; autoplay; clipboard-write; encrypted-media; gyroscope; picture-in-picture; web-share\" referrerpolicy=\"strict-origin-when-cross-origin\" allowfullscreen><\/iframe>\n<\/p>\n<p><iframe loading=\"lazy\" width=\"1200\" height=\"586\" src=\"https:\/\/www.youtube.com\/embed\/9rX7Ckoqmdk\" title=\"6\u00e8 Curtmetratge\" frameborder=\"0\" allow=\"accelerometer; autoplay; clipboard-write; encrypted-media; gyroscope; picture-in-picture; web-share\" referrerpolicy=\"strict-origin-when-cross-origin\" allowfullscreen><\/iframe><\/p>\n","protected":false},"excerpt":{"rendered":"","protected":false},"author":1,"featured_media":0,"parent":2588,"menu_order":20,"comment_status":"closed","ping_status":"closed","template":"","meta":{"_bbp_topic_count":0,"_bbp_reply_count":0,"_bbp_total_topic_count":0,"_bbp_total_reply_count":0,"_bbp_voice_count":0,"_bbp_anonymous_reply_count":0,"_bbp_topic_count_hidden":0,"_bbp_reply_count_hidden":0,"_bbp_forum_subforum_count":0,"footnotes":""},"class_list":["post-2898","page","type-page","status-publish","hentry"],"post_mailing_queue_ids":[],"_links":{"self":[{"href":"https:\/\/agora.xtec.cat\/escolafalguera\/wp-json\/wp\/v2\/pages\/2898","targetHints":{"allow":["GET"]}}],"collection":[{"href":"https:\/\/agora.xtec.cat\/escolafalguera\/wp-json\/wp\/v2\/pages"}],"about":[{"href":"https:\/\/agora.xtec.cat\/escolafalguera\/wp-json\/wp\/v2\/types\/page"}],"author":[{"embeddable":true,"href":"https:\/\/agora.xtec.cat\/escolafalguera\/wp-json\/wp\/v2\/users\/1"}],"replies":[{"embeddable":true,"href":"https:\/\/agora.xtec.cat\/escolafalguera\/wp-json\/wp\/v2\/comments?post=2898"}],"version-history":[{"count":6,"href":"https:\/\/agora.xtec.cat\/escolafalguera\/wp-json\/wp\/v2\/pages\/2898\/revisions"}],"predecessor-version":[{"id":2925,"href":"https:\/\/agora.xtec.cat\/escolafalguera\/wp-json\/wp\/v2\/pages\/2898\/revisions\/2925"}],"up":[{"embeddable":true,"href":"https:\/\/agora.xtec.cat\/escolafalguera\/wp-json\/wp\/v2\/pages\/2588"}],"wp:attachment":[{"href":"https:\/\/agora.xtec.cat\/escolafalguera\/wp-json\/wp\/v2\/media?parent=2898"}],"curies":[{"name":"wp","href":"https:\/\/api.w.org\/{rel}","templated":true}]}}