{"id":2844,"date":"2025-04-08T22:21:20","date_gmt":"2025-04-08T20:21:20","guid":{"rendered":"https:\/\/agora.xtec.cat\/escolafalguera\/?page_id=2844"},"modified":"2025-12-01T01:14:43","modified_gmt":"2025-12-01T00:14:43","slug":"coorcat","status":"publish","type":"page","link":"https:\/\/agora.xtec.cat\/escolafalguera\/projecte-educatiu\/coorcat\/","title":{"rendered":"CoorCat"},"content":{"rendered":"<p>Una p\u00e0gina dedicada a la coordinaci\u00f3 per a la coordinaci\u00f3 de la Llengua Catalana.<\/p>\n<p><img loading=\"lazy\" decoding=\"async\" class=\"aligncenter size-large wp-image-2847\" src=\"https:\/\/agora.xtec.cat\/escolafalguera\/wp-content\/uploads\/usu2427\/2025\/04\/Captura-de-pantalla-2025-04-08-a-las-22.37.47-1024x178.png\" alt=\"\" width=\"1024\" height=\"178\" srcset=\"https:\/\/agora.xtec.cat\/escolafalguera\/wp-content\/uploads\/usu2427\/2025\/04\/Captura-de-pantalla-2025-04-08-a-las-22.37.47-1024x178.png 1024w, https:\/\/agora.xtec.cat\/escolafalguera\/wp-content\/uploads\/usu2427\/2025\/04\/Captura-de-pantalla-2025-04-08-a-las-22.37.47-300x52.png 300w, https:\/\/agora.xtec.cat\/escolafalguera\/wp-content\/uploads\/usu2427\/2025\/04\/Captura-de-pantalla-2025-04-08-a-las-22.37.47-768x133.png 768w, https:\/\/agora.xtec.cat\/escolafalguera\/wp-content\/uploads\/usu2427\/2025\/04\/Captura-de-pantalla-2025-04-08-a-las-22.37.47-1536x267.png 1536w, https:\/\/agora.xtec.cat\/escolafalguera\/wp-content\/uploads\/usu2427\/2025\/04\/Captura-de-pantalla-2025-04-08-a-las-22.37.47.png 2038w\" sizes=\"auto, (max-width: 1024px) 100vw, 1024px\" \/><\/p>\n<div style=\"width: 100%;\">\n<div style=\"position: relative; padding-bottom: 56.25%; padding-top: 0; height: 0;\"><iframe loading=\"lazy\" style=\"position: absolute; top: 0; left: 0; width: 100%; height: 100%;\" title=\"Qu\u00e8 trobareu en aquesta presentaci\u00f3?\" src=\"https:\/\/view.genially.com\/67e0e43ca2c30d377681c54d\" width=\"1200\" height=\"675\" frameborder=\"0\" scrolling=\"yes\" allowfullscreen=\"allowfullscreen\"><\/iframe><\/div>\n<\/div>\n<div><\/div>\n<div><\/div>\n<div><\/div>\n<h1><img loading=\"lazy\" decoding=\"async\" class=\"aligncenter wp-image-3247 size-medium\" src=\"https:\/\/agora.xtec.cat\/escolafalguera\/wp-content\/uploads\/usu2427\/2025\/12\/Coorcat-300x278.png\" alt=\"\" width=\"300\" height=\"278\" srcset=\"https:\/\/agora.xtec.cat\/escolafalguera\/wp-content\/uploads\/usu2427\/2025\/12\/Coorcat-300x278.png 300w, https:\/\/agora.xtec.cat\/escolafalguera\/wp-content\/uploads\/usu2427\/2025\/12\/Coorcat-1024x949.png 1024w, https:\/\/agora.xtec.cat\/escolafalguera\/wp-content\/uploads\/usu2427\/2025\/12\/Coorcat-768x712.png 768w, https:\/\/agora.xtec.cat\/escolafalguera\/wp-content\/uploads\/usu2427\/2025\/12\/Coorcat.png 1342w\" sizes=\"auto, (max-width: 300px) 100vw, 300px\" \/><\/h1>\n<h1 style=\"text-align: center;\"><span style=\"color: #000000;\"><span style=\"color: #ff0000;\">Activitats<\/span> <span style=\"color: #339966;\">Coorcat&#8230;<\/span><\/span><\/h1>\n<div><\/div>\n<h1 style=\"text-align: center;\"><span style=\"color: #000000;\">La Gran Cursa dels Reptes<\/span><\/h1>\n<div><\/div>\n<div style=\"width: 100%;\">\n<div style=\"position: relative; padding-bottom: 56.25%; padding-top: 0; height: 0;\"><iframe loading=\"lazy\" style=\"position: absolute; top: 0; left: 0; width: 100%; height: 100%;\" title=\"La Gran Cursa dels Reptes (circuit)\" src=\"https:\/\/view.genially.com\/691f74a07c6fc8b469fc6c73\" width=\"1200\" height=\"675\" frameborder=\"0\" scrolling=\"yes\" allowfullscreen=\"allowfullscreen\"><\/iframe><\/div>\n<\/div>\n<h1><\/h1>\n<h1 style=\"text-align: center;\"><span style=\"color: #000000;\">Cims castellers<\/span><\/h1>\n<div style=\"width: 100%;\">\n<div style=\"position: relative; padding-bottom: 100%; padding-top: 0; height: 0;\"><iframe loading=\"lazy\" style=\"position: absolute; top: 0; left: 0; width: 100%; height: 100%;\" title=\"Cims castellers\" src=\"https:\/\/view.genially.com\/691f7c1c887f0367cb6981f9\" width=\"800\" height=\"800\" frameborder=\"0\" scrolling=\"yes\" allowfullscreen=\"allowfullscreen\"><\/iframe><\/div>\n<\/div>\n<p>&nbsp;<\/p>\n<div><img loading=\"lazy\" decoding=\"async\" class=\"aligncenter wp-image-3253 size-large\" src=\"https:\/\/agora.xtec.cat\/escolafalguera\/wp-content\/uploads\/usu2427\/2025\/12\/coor-cims-1024x867.png\" alt=\"\" width=\"1024\" height=\"867\" srcset=\"https:\/\/agora.xtec.cat\/escolafalguera\/wp-content\/uploads\/usu2427\/2025\/12\/coor-cims-1024x867.png 1024w, https:\/\/agora.xtec.cat\/escolafalguera\/wp-content\/uploads\/usu2427\/2025\/12\/coor-cims-300x254.png 300w, https:\/\/agora.xtec.cat\/escolafalguera\/wp-content\/uploads\/usu2427\/2025\/12\/coor-cims-768x650.png 768w, https:\/\/agora.xtec.cat\/escolafalguera\/wp-content\/uploads\/usu2427\/2025\/12\/coor-cims-1536x1300.png 1536w, https:\/\/agora.xtec.cat\/escolafalguera\/wp-content\/uploads\/usu2427\/2025\/12\/coor-cims.png 1574w\" sizes=\"auto, (max-width: 1024px) 100vw, 1024px\" \/><\/div>\n<div><\/div>\n<div><\/div>\n<div><\/div>\n","protected":false},"excerpt":{"rendered":"<p>Una p\u00e0gina dedicada a la coordinaci\u00f3 per a la coordinaci\u00f3 de la Llengua Catalana.<\/p>\n<p>Activitats Coorcat&#8230;<\/p>\n<p>La Gran Cursa dels Reptes<\/p>\n<p>Cims castellers<\/p>\n<p>&nbsp;<\/p>\n","protected":false},"author":1,"featured_media":0,"parent":64,"menu_order":190,"comment_status":"closed","ping_status":"closed","template":"","meta":{"_bbp_topic_count":0,"_bbp_reply_count":0,"_bbp_total_topic_count":0,"_bbp_total_reply_count":0,"_bbp_voice_count":0,"_bbp_anonymous_reply_count":0,"_bbp_topic_count_hidden":0,"_bbp_reply_count_hidden":0,"_bbp_forum_subforum_count":0,"footnotes":""},"class_list":["post-2844","page","type-page","status-publish","hentry"],"post_mailing_queue_ids":[],"_links":{"self":[{"href":"https:\/\/agora.xtec.cat\/escolafalguera\/wp-json\/wp\/v2\/pages\/2844","targetHints":{"allow":["GET"]}}],"collection":[{"href":"https:\/\/agora.xtec.cat\/escolafalguera\/wp-json\/wp\/v2\/pages"}],"about":[{"href":"https:\/\/agora.xtec.cat\/escolafalguera\/wp-json\/wp\/v2\/types\/page"}],"author":[{"embeddable":true,"href":"https:\/\/agora.xtec.cat\/escolafalguera\/wp-json\/wp\/v2\/users\/1"}],"replies":[{"embeddable":true,"href":"https:\/\/agora.xtec.cat\/escolafalguera\/wp-json\/wp\/v2\/comments?post=2844"}],"version-history":[{"count":6,"href":"https:\/\/agora.xtec.cat\/escolafalguera\/wp-json\/wp\/v2\/pages\/2844\/revisions"}],"predecessor-version":[{"id":3254,"href":"https:\/\/agora.xtec.cat\/escolafalguera\/wp-json\/wp\/v2\/pages\/2844\/revisions\/3254"}],"up":[{"embeddable":true,"href":"https:\/\/agora.xtec.cat\/escolafalguera\/wp-json\/wp\/v2\/pages\/64"}],"wp:attachment":[{"href":"https:\/\/agora.xtec.cat\/escolafalguera\/wp-json\/wp\/v2\/media?parent=2844"}],"curies":[{"name":"wp","href":"https:\/\/api.w.org\/{rel}","templated":true}]}}