{"id":2588,"date":"2024-11-05T23:40:30","date_gmt":"2024-11-05T22:40:30","guid":{"rendered":"https:\/\/agora.xtec.cat\/escolafalguera\/?page_id=2588"},"modified":"2025-11-26T21:43:19","modified_gmt":"2025-11-26T20:43:19","slug":"el-cinema","status":"publish","type":"page","link":"https:\/\/agora.xtec.cat\/escolafalguera\/del-projecte\/els-temes-de-lescola\/el-cinema\/","title":{"rendered":"El cinema"},"content":{"rendered":"<p><img loading=\"lazy\" decoding=\"async\" class=\"aligncenter size-large wp-image-2635\" src=\"https:\/\/agora.xtec.cat\/escolafalguera\/wp-content\/uploads\/usu2427\/2024\/11\/Films-1024x356.png\" alt=\"\" width=\"1024\" height=\"356\" srcset=\"https:\/\/agora.xtec.cat\/escolafalguera\/wp-content\/uploads\/usu2427\/2024\/11\/Films-1024x356.png 1024w, https:\/\/agora.xtec.cat\/escolafalguera\/wp-content\/uploads\/usu2427\/2024\/11\/Films-300x104.png 300w, https:\/\/agora.xtec.cat\/escolafalguera\/wp-content\/uploads\/usu2427\/2024\/11\/Films-768x267.png 768w, https:\/\/agora.xtec.cat\/escolafalguera\/wp-content\/uploads\/usu2427\/2024\/11\/Films-1536x534.png 1536w, https:\/\/agora.xtec.cat\/escolafalguera\/wp-content\/uploads\/usu2427\/2024\/11\/Films-2048x711.png 2048w\" sizes=\"auto, (max-width: 1024px) 100vw, 1024px\" \/><\/p>\n<p><img loading=\"lazy\" decoding=\"async\" class=\"aligncenter size-large wp-image-2637\" src=\"https:\/\/agora.xtec.cat\/escolafalguera\/wp-content\/uploads\/usu2427\/2024\/11\/cine-logo-1024x401.png\" alt=\"\" width=\"1024\" height=\"401\" srcset=\"https:\/\/agora.xtec.cat\/escolafalguera\/wp-content\/uploads\/usu2427\/2024\/11\/cine-logo-1024x401.png 1024w, https:\/\/agora.xtec.cat\/escolafalguera\/wp-content\/uploads\/usu2427\/2024\/11\/cine-logo-300x117.png 300w, https:\/\/agora.xtec.cat\/escolafalguera\/wp-content\/uploads\/usu2427\/2024\/11\/cine-logo-768x301.png 768w, https:\/\/agora.xtec.cat\/escolafalguera\/wp-content\/uploads\/usu2427\/2024\/11\/cine-logo-1536x601.png 1536w, https:\/\/agora.xtec.cat\/escolafalguera\/wp-content\/uploads\/usu2427\/2024\/11\/cine-logo-2048x802.png 2048w\" sizes=\"auto, (max-width: 1024px) 100vw, 1024px\" \/><\/p>\n<p>&nbsp;<\/p>\n<p><img loading=\"lazy\" decoding=\"async\" class=\"aligncenter wp-image-2874 size-large\" src=\"https:\/\/agora.xtec.cat\/escolafalguera\/wp-content\/uploads\/usu2427\/2025\/06\/cartellera-1024x714.png\" alt=\"\" width=\"1024\" height=\"714\" srcset=\"https:\/\/agora.xtec.cat\/escolafalguera\/wp-content\/uploads\/usu2427\/2025\/06\/cartellera-1024x714.png 1024w, https:\/\/agora.xtec.cat\/escolafalguera\/wp-content\/uploads\/usu2427\/2025\/06\/cartellera-300x209.png 300w, https:\/\/agora.xtec.cat\/escolafalguera\/wp-content\/uploads\/usu2427\/2025\/06\/cartellera-768x536.png 768w, https:\/\/agora.xtec.cat\/escolafalguera\/wp-content\/uploads\/usu2427\/2025\/06\/cartellera.png 1300w\" sizes=\"auto, (max-width: 1024px) 100vw, 1024px\" \/><\/p>\n<p>&nbsp;<\/p>\n<p><iframe loading=\"lazy\" title=\"Carnaval 25'\" src=\"https:\/\/www.youtube.com\/embed\/s7sr20Yoqjc\" width=\"1280\" height=\"586\" frameborder=\"0\" allowfullscreen=\"allowfullscreen\"><\/iframe><\/p>\n<p><img loading=\"lazy\" decoding=\"async\" class=\"aligncenter wp-image-2876 size-large\" src=\"https:\/\/agora.xtec.cat\/escolafalguera\/wp-content\/uploads\/usu2427\/2025\/06\/Captura-de-pantalla-2025-06-01-a-las-21.15.29-1024x714.png\" alt=\"\" width=\"1024\" height=\"714\" srcset=\"https:\/\/agora.xtec.cat\/escolafalguera\/wp-content\/uploads\/usu2427\/2025\/06\/Captura-de-pantalla-2025-06-01-a-las-21.15.29-1024x714.png 1024w, https:\/\/agora.xtec.cat\/escolafalguera\/wp-content\/uploads\/usu2427\/2025\/06\/Captura-de-pantalla-2025-06-01-a-las-21.15.29-300x209.png 300w, https:\/\/agora.xtec.cat\/escolafalguera\/wp-content\/uploads\/usu2427\/2025\/06\/Captura-de-pantalla-2025-06-01-a-las-21.15.29-768x535.png 768w, https:\/\/agora.xtec.cat\/escolafalguera\/wp-content\/uploads\/usu2427\/2025\/06\/Captura-de-pantalla-2025-06-01-a-las-21.15.29-1536x1071.png 1536w, https:\/\/agora.xtec.cat\/escolafalguera\/wp-content\/uploads\/usu2427\/2025\/06\/Captura-de-pantalla-2025-06-01-a-las-21.15.29.png 1800w\" sizes=\"auto, (max-width: 1024px) 100vw, 1024px\" \/><\/p>\n<p>&nbsp;<\/p>\n<h2>Benvinguts a aquesta sessi\u00f3 cinematogr\u00e0fica&#8230; feu clic a la sessi\u00f3 que volgueu gaudir&#8230;.<\/h2>\n<p>&nbsp;<\/p>\n<p><a href=\"https:\/\/agora.xtec.cat\/escolafalguera\/del-projecte\/els-temes-de-lescola\/el-cinema\/cinema-sessio-infantil\/\"><img loading=\"lazy\" decoding=\"async\" class=\"alignleft wp-image-2903\" src=\"https:\/\/agora.xtec.cat\/escolafalguera\/wp-content\/uploads\/usu2427\/2025\/06\/Cinema-inf-300x233.png\" alt=\"\" width=\"480\" height=\"373\" srcset=\"https:\/\/agora.xtec.cat\/escolafalguera\/wp-content\/uploads\/usu2427\/2025\/06\/Cinema-inf-300x233.png 300w, https:\/\/agora.xtec.cat\/escolafalguera\/wp-content\/uploads\/usu2427\/2025\/06\/Cinema-inf-768x598.png 768w, https:\/\/agora.xtec.cat\/escolafalguera\/wp-content\/uploads\/usu2427\/2025\/06\/Cinema-inf.png 1000w\" sizes=\"auto, (max-width: 480px) 100vw, 480px\" \/><\/a><a href=\"https:\/\/agora.xtec.cat\/escolafalguera\/del-projecte\/els-temes-de-lescola\/el-cinema\/cinema-sessio-primaria\/\"><img loading=\"lazy\" decoding=\"async\" class=\"alignright wp-image-2940\" src=\"https:\/\/agora.xtec.cat\/escolafalguera\/wp-content\/uploads\/usu2427\/2025\/06\/Captura-de-pantalla-2025-06-20-a-las-17.15.59-300x223.png\" alt=\"\" width=\"480\" height=\"357\" srcset=\"https:\/\/agora.xtec.cat\/escolafalguera\/wp-content\/uploads\/usu2427\/2025\/06\/Captura-de-pantalla-2025-06-20-a-las-17.15.59-300x223.png 300w, https:\/\/agora.xtec.cat\/escolafalguera\/wp-content\/uploads\/usu2427\/2025\/06\/Captura-de-pantalla-2025-06-20-a-las-17.15.59-1024x761.png 1024w, https:\/\/agora.xtec.cat\/escolafalguera\/wp-content\/uploads\/usu2427\/2025\/06\/Captura-de-pantalla-2025-06-20-a-las-17.15.59-768x571.png 768w, https:\/\/agora.xtec.cat\/escolafalguera\/wp-content\/uploads\/usu2427\/2025\/06\/Captura-de-pantalla-2025-06-20-a-las-17.15.59-200x150.png 200w, https:\/\/agora.xtec.cat\/escolafalguera\/wp-content\/uploads\/usu2427\/2025\/06\/Captura-de-pantalla-2025-06-20-a-las-17.15.59.png 1387w\" sizes=\"auto, (max-width: 480px) 100vw, 480px\" \/><\/a><\/p>\n","protected":false},"excerpt":{"rendered":"<p>&nbsp;<\/p>\n<p>&nbsp;<\/p>\n<p>&nbsp;<br \/>\nBenvinguts a aquesta sessi\u00f3 cinematogr\u00e0fica&#8230; feu clic a la sessi\u00f3 que volgueu gaudir&#8230;.<br \/>\n&nbsp;<br \/>\n<a href=\"https:\/\/agora.xtec.cat\/escolafalguera\/del-projecte\/els-temes-de-lescola\/el-cinema\/cinema-sessio-infantil\/\"><\/a><a href=\"https:\/\/agora.xtec.cat\/escolafalguera\/del-projecte\/els-temes-de-lescola\/el-cinema\/cinema-sessio-primaria\/\"><\/a><\/p>\n","protected":false},"author":1,"featured_media":0,"parent":2585,"menu_order":20,"comment_status":"closed","ping_status":"closed","template":"","meta":{"_bbp_topic_count":0,"_bbp_reply_count":0,"_bbp_total_topic_count":0,"_bbp_total_reply_count":0,"_bbp_voice_count":0,"_bbp_anonymous_reply_count":0,"_bbp_topic_count_hidden":0,"_bbp_reply_count_hidden":0,"_bbp_forum_subforum_count":0,"footnotes":""},"class_list":["post-2588","page","type-page","status-publish","hentry"],"post_mailing_queue_ids":[],"_links":{"self":[{"href":"https:\/\/agora.xtec.cat\/escolafalguera\/wp-json\/wp\/v2\/pages\/2588","targetHints":{"allow":["GET"]}}],"collection":[{"href":"https:\/\/agora.xtec.cat\/escolafalguera\/wp-json\/wp\/v2\/pages"}],"about":[{"href":"https:\/\/agora.xtec.cat\/escolafalguera\/wp-json\/wp\/v2\/types\/page"}],"author":[{"embeddable":true,"href":"https:\/\/agora.xtec.cat\/escolafalguera\/wp-json\/wp\/v2\/users\/1"}],"replies":[{"embeddable":true,"href":"https:\/\/agora.xtec.cat\/escolafalguera\/wp-json\/wp\/v2\/comments?post=2588"}],"version-history":[{"count":7,"href":"https:\/\/agora.xtec.cat\/escolafalguera\/wp-json\/wp\/v2\/pages\/2588\/revisions"}],"predecessor-version":[{"id":2943,"href":"https:\/\/agora.xtec.cat\/escolafalguera\/wp-json\/wp\/v2\/pages\/2588\/revisions\/2943"}],"up":[{"embeddable":true,"href":"https:\/\/agora.xtec.cat\/escolafalguera\/wp-json\/wp\/v2\/pages\/2585"}],"wp:attachment":[{"href":"https:\/\/agora.xtec.cat\/escolafalguera\/wp-json\/wp\/v2\/media?parent=2588"}],"curies":[{"name":"wp","href":"https:\/\/api.w.org\/{rel}","templated":true}]}}