{"id":1948,"date":"2023-06-19T18:59:30","date_gmt":"2023-06-19T16:59:30","guid":{"rendered":"https:\/\/agora.xtec.cat\/escolafalguera\/?page_id=1948"},"modified":"2026-02-12T20:48:07","modified_gmt":"2026-02-12T19:48:07","slug":"comissio-digital","status":"publish","type":"page","link":"https:\/\/agora.xtec.cat\/escolafalguera\/projecte-educatiu\/cultura-digital\/comissio-digital\/","title":{"rendered":"Comissi\u00f3 digital"},"content":{"rendered":"<p>La nostra comissi\u00f3 digital sempre ha estat tot el claustre del centre.<\/p>\n<p>Una part petita, de tres membres, va ser la formadora en aspectes relacionats amb la cultura digital del centre i l&#8217;estrat\u00e8gia digital del centre.<\/p>\n<p>La comissi\u00f3 digital ha de ser tot el claustre perqu\u00e8 necessitem el comprom\u00eds professional i l&#8217;ajuda de tot el claustre per portar endavant el pla estrat\u00e8gic digital de la nostra escola.<\/p>\n<p>Els membres formadors van ser el coordinador digital (que alhora forma part de l&#8217;equip directiu), un mestre de cicle superior i una mestra d&#8217;infantil. El mestre de cicle superior ha esdevingut un referent de la cura i manteniment dels ordinadors de 5\u00e8 i 6\u00e8. La nostra mestra d&#8217;infantil ens va donar pausa en tot moment i sobretot cada vegada que s&#8217;ha posat en la pell dels altres companys i companyes per seguir amb tota la feina que va suposar i suposa el desenvolupament de la nostra compet\u00e8ncia digital.<\/p>\n<p>El coordinador digital sempre ha vetllat pel fucionament dels espais compartits, i per la gesti\u00f3 integral de tot el que forma part de la nostra cultura digital, i impulsant el pla d&#8217;estrat\u00e8gia digital. Per\u00f2 ja ho veurem a la secci\u00f3 Admin digital.<\/p>\n<p>\u00c9s molt important tenir en compte que el desenvolupament de la nostra EDC i la realitzaci\u00f3 de formacions va ser una acci\u00f3 estrat\u00e8gica premeditada per tal de donar sentit a ambd\u00f3s processos i que es poguessin retroalimentar i que fossin el m\u00e0xim de propers a la realitat del centre.<\/p>\n<h4>\u00a0<\/h4>\n<p>&nbsp;<\/p>\n<h4 style=\"text-align: center;\">Les tasques de la comissi\u00f3 s\u00f3n i seran, en el desplegament del nostra EDC, les seg\u00fcents:<\/h4>\n<p>&nbsp;<\/p>\n<p><img loading=\"lazy\" decoding=\"async\" class=\"aligncenter size-full wp-image-1969\" src=\"https:\/\/agora.xtec.cat\/escolafalguera\/wp-content\/uploads\/usu2427\/2023\/06\/Captura-de-pantalla-2023-06-19-a-las-20.19.29.png\" alt=\"\" width=\"2826\" height=\"1826\" srcset=\"https:\/\/agora.xtec.cat\/escolafalguera\/wp-content\/uploads\/usu2427\/2023\/06\/Captura-de-pantalla-2023-06-19-a-las-20.19.29.png 2826w, https:\/\/agora.xtec.cat\/escolafalguera\/wp-content\/uploads\/usu2427\/2023\/06\/Captura-de-pantalla-2023-06-19-a-las-20.19.29-300x194.png 300w, https:\/\/agora.xtec.cat\/escolafalguera\/wp-content\/uploads\/usu2427\/2023\/06\/Captura-de-pantalla-2023-06-19-a-las-20.19.29-1024x662.png 1024w, https:\/\/agora.xtec.cat\/escolafalguera\/wp-content\/uploads\/usu2427\/2023\/06\/Captura-de-pantalla-2023-06-19-a-las-20.19.29-768x496.png 768w, https:\/\/agora.xtec.cat\/escolafalguera\/wp-content\/uploads\/usu2427\/2023\/06\/Captura-de-pantalla-2023-06-19-a-las-20.19.29-1536x992.png 1536w, https:\/\/agora.xtec.cat\/escolafalguera\/wp-content\/uploads\/usu2427\/2023\/06\/Captura-de-pantalla-2023-06-19-a-las-20.19.29-2048x1323.png 2048w\" sizes=\"auto, (max-width: 2826px) 100vw, 2826px\" \/><\/p>\n<h4>\u00a0<\/h4>\n<h3>OBJECTIUS DE LA COMISSI\u00d3 DIGITAL<\/h3>\n<p>Promoure, concretar i desplegar el pla de tecnologies digitals i fer-ne el seguiment en el marc del projecte educatiu del centre.<br \/>\nRevisar peri\u00f2dicament (amb la complicitat de direcci\u00f3) les normes d&#8217;organitzaci\u00f3 i funcionament del centre (NOFC) per tal d&#8217;adequar-les als usos i a la normativa sobre privacitat i protecci\u00f3 de dades que el centre faci de les tecnologies digitals i dels dispositius personals.<br \/>\nPotenciar que les tecnologies digitals impregnin les programacions curriculars amb una mirada inclusiva.<br \/>\nVetllar pel desplegament curricular de la compet\u00e8ncia digital de l&#8217;alumne.<br \/>\nPromoure l&#8217;\u00fas de les tecnologies digitals en la pr\u00e0ctica educativa a l&#8217;aula, especialment en activitats STEAM.<br \/>\nVetllar per l&#8217;optimaci\u00f3 de l&#8217;\u00fas dels recursos tecnol\u00f2gics del centre.<br \/>\nVetllar perqu\u00e8 es garanteixi la inclusi\u00f3 digital de tot l&#8217;alumnat en els centres, tant pel que fa a l&#8217;acc\u00e9s als equipaments tecnol\u00f2gics com a les fonts d&#8217;informaci\u00f3 i comunicaci\u00f3.<br \/>\nPromoure l&#8217;aplicaci\u00f3 de mesures de protecci\u00f3 de continguts inadequats en l&#8217;acc\u00e9s a Internet, tant dels equipaments del centre com de les dades dels alumnes.<br \/>\nDinamitzar la pres\u00e8ncia a Internet del centre utilitzant en el possible plataformes de programari lliure que siguin respectuoses amb la privacitat de les dades (portal, EVA, blog, etc.).<br \/>\nEstablir el sistema de comunicaci\u00f3 digital del centre amb les fam\u00edlies i vetllar perqu\u00e8 es compleixi.<br \/>\nVetllar per l&#8217;aplicaci\u00f3 de les pol\u00edtiques de privacitat i seguretat de les dades i per les infraestructures digitals del centre educatiu.<br \/>\nVetllar perqu\u00e8 les fam\u00edlies rebin la informaci\u00f3 sobre les normes del centre pel que fa als dispositius digitals (usos, control parental, etc.).<br \/>\nTenir cura que els materials digitals difosos pel centre, que siguin accessibles en l\u00ednia, respectin els drets d&#8217;autoria i les llic\u00e8ncies d&#8217;\u00fas dels diferents elements que els integren (imatges, esquemes, textos, \u00e0udio, v\u00eddeo, etc.), donant prioritat a l&#8217;\u00fas de materials amb llic\u00e8ncies lliures o que permetin un \u00fas compartit, i vetllin per l&#8217;\u00fas d&#8217;un llenguatge plural que respecti la diversitat de g\u00e8nere.<\/p>\n<p>La Comissi\u00f3 digital es reunir\u00e0 peri\u00f2dicament per vetllar per la consecuci\u00f3 dels objectius descrits en el punt anterior, deixant const\u00e0ncia dels acords.<\/p>\n<p>Les reunions seran una al principi del curs, una trimestral, i una m\u00e9s un cop finalitzat el curs; per tal de:<\/p>\n<p>-Concretar els objectius digitals anuals recollits a l&#8217;EDC<br \/>\n-Organitzar els recursos tecnol\u00f2gics del centre<br \/>\n-Coordinar la posada en marxa del espais compartits<br \/>\n-Planificar les reunions de seguiment de la Comissi\u00f3 digital<br \/>\n-Actualitzar la informaci\u00f3 de la p\u00e0gina web sobre el curs escolar entrant<\/p>\n<p>Durant el curs els objectius seran:<\/p>\n<p>-Fer el seguiment de les activitats de l&#8217;EDC<\/p>\n<p>A la sessi\u00f3 de final de curs la feina ser\u00e0:<\/p>\n<p>-Avaluar la realitzaci\u00f3 de les activitats de l&#8217;EDC i el progr\u00e9s dels seus objectius<br \/>\n-Avaluar les actuacions per a cada objectiu de l&#8217;EDC<\/p>\n<p>Reunions extraordin\u00e0ries; es faran si es considera oport\u00fa a trav\u00e9s de qualsevol membre de la comissi\u00f3 digital o de la direcci\u00f3 del centre, pr\u00e8via notificaci\u00f3 a tots els membres, perqu\u00e8 ho requereixi la urg\u00e8ncia o la necessitat en la consecuci\u00f3 d&#8217;alguns dels objectius de l&#8217;EDC. I s&#8217;acordar\u00e0 la data entre tots els membres de la comissi\u00f3 digital.<\/p>\n<p>&nbsp;<\/p>\n<h4 style=\"text-align: center;\">Recordem que l&#8217;EDC \u00e9s un pla estrat\u00e8gic per a la consecuci\u00f3 d&#8217;uns objectius, a trav\u00e9s d&#8217;unes accions, que s\u00f3n el resultat de fer una diagnosi del centre; la qual ens ha donat informaci\u00f3 sobre el cam\u00ed a seguir:<\/h4>\n<p>&nbsp;<\/p>\n<p><img loading=\"lazy\" decoding=\"async\" class=\"aligncenter size-full wp-image-1968\" src=\"https:\/\/agora.xtec.cat\/escolafalguera\/wp-content\/uploads\/usu2427\/2023\/06\/Captura-de-pantalla-2023-06-19-a-las-20.19.40.png\" alt=\"\" width=\"2826\" height=\"1826\" srcset=\"https:\/\/agora.xtec.cat\/escolafalguera\/wp-content\/uploads\/usu2427\/2023\/06\/Captura-de-pantalla-2023-06-19-a-las-20.19.40.png 2826w, https:\/\/agora.xtec.cat\/escolafalguera\/wp-content\/uploads\/usu2427\/2023\/06\/Captura-de-pantalla-2023-06-19-a-las-20.19.40-300x194.png 300w, https:\/\/agora.xtec.cat\/escolafalguera\/wp-content\/uploads\/usu2427\/2023\/06\/Captura-de-pantalla-2023-06-19-a-las-20.19.40-1024x662.png 1024w, https:\/\/agora.xtec.cat\/escolafalguera\/wp-content\/uploads\/usu2427\/2023\/06\/Captura-de-pantalla-2023-06-19-a-las-20.19.40-768x496.png 768w, https:\/\/agora.xtec.cat\/escolafalguera\/wp-content\/uploads\/usu2427\/2023\/06\/Captura-de-pantalla-2023-06-19-a-las-20.19.40-1536x992.png 1536w, https:\/\/agora.xtec.cat\/escolafalguera\/wp-content\/uploads\/usu2427\/2023\/06\/Captura-de-pantalla-2023-06-19-a-las-20.19.40-2048x1323.png 2048w\" sizes=\"auto, (max-width: 2826px) 100vw, 2826px\" \/><\/p>\n<p>&nbsp;<\/p>\n<h3><img loading=\"lazy\" decoding=\"async\" class=\"aligncenter size-large wp-image-3341\" src=\"https:\/\/agora.xtec.cat\/escolafalguera\/wp-content\/uploads\/usu2427\/2026\/02\/IMG_0237-2-1024x683.jpg\" alt=\"\" width=\"1024\" height=\"683\" srcset=\"https:\/\/agora.xtec.cat\/escolafalguera\/wp-content\/uploads\/usu2427\/2026\/02\/IMG_0237-2-1024x683.jpg 1024w, https:\/\/agora.xtec.cat\/escolafalguera\/wp-content\/uploads\/usu2427\/2026\/02\/IMG_0237-2-300x200.jpg 300w, https:\/\/agora.xtec.cat\/escolafalguera\/wp-content\/uploads\/usu2427\/2026\/02\/IMG_0237-2-768x512.jpg 768w, https:\/\/agora.xtec.cat\/escolafalguera\/wp-content\/uploads\/usu2427\/2026\/02\/IMG_0237-2-1536x1024.jpg 1536w, https:\/\/agora.xtec.cat\/escolafalguera\/wp-content\/uploads\/usu2427\/2026\/02\/IMG_0237-2-2048x1365.jpg 2048w\" sizes=\"auto, (max-width: 1024px) 100vw, 1024px\" \/><\/h3>\n<h3>\u00a0<\/h3>\n<h3><span style=\"color: #000000;\">I seguim a:<\/span> <a href=\"https:\/\/agora.xtec.cat\/escolafalguera\/projecte-educatiu\/cultura-digital\/projecte-steam\/\">Projecte STEAM<\/a><\/h3>\n","protected":false},"excerpt":{"rendered":"<p>La nostra comissi\u00f3 digital sempre ha estat tot el claustre del centre.<br \/>\nUna part petita, de tres membres, va ser la formadora en aspectes relacionats amb la cultura digital del centre i l&#8217;estrat\u00e8gia digital del centre.<br \/>\nLa comissi\u00f3 digital ha de ser tot el claustre perqu\u00e8 necessitem&hellip;  <a href=\"https:\/\/agora.xtec.cat\/escolafalguera\/projecte-educatiu\/cultura-digital\/comissio-digital\/\" title=\"Read Comissi\u00f3 digital\">Llegeix m\u00e9s\u00bb<\/a><\/p>\n","protected":false},"author":1,"featured_media":0,"parent":1939,"menu_order":10,"comment_status":"closed","ping_status":"closed","template":"","meta":{"_bbp_topic_count":0,"_bbp_reply_count":0,"_bbp_total_topic_count":0,"_bbp_total_reply_count":0,"_bbp_voice_count":0,"_bbp_anonymous_reply_count":0,"_bbp_topic_count_hidden":0,"_bbp_reply_count_hidden":0,"_bbp_forum_subforum_count":0,"footnotes":""},"class_list":["post-1948","page","type-page","status-publish","hentry"],"post_mailing_queue_ids":[],"_links":{"self":[{"href":"https:\/\/agora.xtec.cat\/escolafalguera\/wp-json\/wp\/v2\/pages\/1948","targetHints":{"allow":["GET"]}}],"collection":[{"href":"https:\/\/agora.xtec.cat\/escolafalguera\/wp-json\/wp\/v2\/pages"}],"about":[{"href":"https:\/\/agora.xtec.cat\/escolafalguera\/wp-json\/wp\/v2\/types\/page"}],"author":[{"embeddable":true,"href":"https:\/\/agora.xtec.cat\/escolafalguera\/wp-json\/wp\/v2\/users\/1"}],"replies":[{"embeddable":true,"href":"https:\/\/agora.xtec.cat\/escolafalguera\/wp-json\/wp\/v2\/comments?post=1948"}],"version-history":[{"count":5,"href":"https:\/\/agora.xtec.cat\/escolafalguera\/wp-json\/wp\/v2\/pages\/1948\/revisions"}],"predecessor-version":[{"id":3510,"href":"https:\/\/agora.xtec.cat\/escolafalguera\/wp-json\/wp\/v2\/pages\/1948\/revisions\/3510"}],"up":[{"embeddable":true,"href":"https:\/\/agora.xtec.cat\/escolafalguera\/wp-json\/wp\/v2\/pages\/1939"}],"wp:attachment":[{"href":"https:\/\/agora.xtec.cat\/escolafalguera\/wp-json\/wp\/v2\/media?parent=1948"}],"curies":[{"name":"wp","href":"https:\/\/api.w.org\/{rel}","templated":true}]}}