{"id":1942,"date":"2023-06-19T18:53:37","date_gmt":"2023-06-19T16:53:37","guid":{"rendered":"https:\/\/agora.xtec.cat\/escolafalguera\/?page_id=1942"},"modified":"2026-02-12T20:48:37","modified_gmt":"2026-02-12T19:48:37","slug":"admin-digital","status":"publish","type":"page","link":"https:\/\/agora.xtec.cat\/escolafalguera\/projecte-educatiu\/cultura-digital\/admin-digital\/","title":{"rendered":"(Admin) digital"},"content":{"rendered":"<p>Aqu\u00ed exposem totes les plataformes d&#8217;administraci\u00f3 i gesti\u00f3 dels espai compartits o de funcionament.<\/p>\n<p>Treballem amb un servidor al centre amb acc\u00e9s remot (PER\u00d2 PROTEGIT D&#8217;ATACS O ENTRADES NO PERMESES, NOM\u00c9S S&#8217;HI ACCEDEIX AMB PERMISOS).<\/p>\n<p>EL NOSTRE N\u00daVOL:<br \/>\n<a href=\"https:\/\/os5.mycloud.com\" target=\"_blank\" rel=\"noopener\"><img loading=\"lazy\" decoding=\"async\" class=\"aligncenter wp-image-2532 size-large\" src=\"https:\/\/agora.xtec.cat\/escolafalguera\/wp-content\/uploads\/usu2427\/2024\/10\/cloud-1024x403.png\" alt=\"\" width=\"1024\" height=\"403\" srcset=\"https:\/\/agora.xtec.cat\/escolafalguera\/wp-content\/uploads\/usu2427\/2024\/10\/cloud-1024x403.png 1024w, https:\/\/agora.xtec.cat\/escolafalguera\/wp-content\/uploads\/usu2427\/2024\/10\/cloud-300x118.png 300w, https:\/\/agora.xtec.cat\/escolafalguera\/wp-content\/uploads\/usu2427\/2024\/10\/cloud-768x302.png 768w, https:\/\/agora.xtec.cat\/escolafalguera\/wp-content\/uploads\/usu2427\/2024\/10\/cloud-1536x605.png 1536w, https:\/\/agora.xtec.cat\/escolafalguera\/wp-content\/uploads\/usu2427\/2024\/10\/cloud-2048x806.png 2048w\" sizes=\"auto, (max-width: 1024px) 100vw, 1024px\" \/><\/a><\/p>\n<p>LA NOSTRA CONSOLA D&#8217;ADMINISTRACI\u00d3 DELS ESPAIS GOOGLE WORKSPACE PER EDUCACI\u00d3:<\/p>\n<p><a href=\"https:\/\/admin.google.com\/ac\/home?hl=es\" target=\"_blank\" rel=\"noopener\"><img loading=\"lazy\" decoding=\"async\" class=\"aligncenter wp-image-2528 size-large\" src=\"https:\/\/agora.xtec.cat\/escolafalguera\/wp-content\/uploads\/usu2427\/2024\/10\/google-1024x403.png\" alt=\"\" width=\"1024\" height=\"403\" srcset=\"https:\/\/agora.xtec.cat\/escolafalguera\/wp-content\/uploads\/usu2427\/2024\/10\/google-1024x403.png 1024w, https:\/\/agora.xtec.cat\/escolafalguera\/wp-content\/uploads\/usu2427\/2024\/10\/google-300x118.png 300w, https:\/\/agora.xtec.cat\/escolafalguera\/wp-content\/uploads\/usu2427\/2024\/10\/google-768x302.png 768w, https:\/\/agora.xtec.cat\/escolafalguera\/wp-content\/uploads\/usu2427\/2024\/10\/google-1536x605.png 1536w, https:\/\/agora.xtec.cat\/escolafalguera\/wp-content\/uploads\/usu2427\/2024\/10\/google-2048x806.png 2048w\" sizes=\"auto, (max-width: 1024px) 100vw, 1024px\" \/><\/a><\/p>\n<p>EL NOSTRE MOODLE:<\/p>\n<p><a href=\"https:\/\/educaciodigital.cat\/escolafalguera\/moodle\/\" target=\"_blank\" rel=\"noopener\"><img loading=\"lazy\" decoding=\"async\" class=\"aligncenter wp-image-2531 size-large\" src=\"https:\/\/agora.xtec.cat\/escolafalguera\/wp-content\/uploads\/usu2427\/2024\/10\/moodle-1024x403.png\" alt=\"\" width=\"1024\" height=\"403\" srcset=\"https:\/\/agora.xtec.cat\/escolafalguera\/wp-content\/uploads\/usu2427\/2024\/10\/moodle-1024x403.png 1024w, https:\/\/agora.xtec.cat\/escolafalguera\/wp-content\/uploads\/usu2427\/2024\/10\/moodle-300x118.png 300w, https:\/\/agora.xtec.cat\/escolafalguera\/wp-content\/uploads\/usu2427\/2024\/10\/moodle-768x302.png 768w, https:\/\/agora.xtec.cat\/escolafalguera\/wp-content\/uploads\/usu2427\/2024\/10\/moodle-1536x605.png 1536w, https:\/\/agora.xtec.cat\/escolafalguera\/wp-content\/uploads\/usu2427\/2024\/10\/moodle-2048x806.png 2048w\" sizes=\"auto, (max-width: 1024px) 100vw, 1024px\" \/><\/a><\/p>\n<p>&nbsp;<\/p>\n<p>LA CONSOLA D&#8217;ADMINISTRACI\u00d3 DELS NOSTRES DISPOSITIUS M\u00d2BILS:<\/p>\n<p><a href=\"https:\/\/escolafalguera.jamfcloud.com\/dashboard.html\" target=\"_blank\" rel=\"noopener\"><img loading=\"lazy\" decoding=\"async\" class=\"aligncenter wp-image-2529 size-large\" src=\"https:\/\/agora.xtec.cat\/escolafalguera\/wp-content\/uploads\/usu2427\/2024\/10\/jamf-1024x403.png\" alt=\"\" width=\"1024\" height=\"403\" srcset=\"https:\/\/agora.xtec.cat\/escolafalguera\/wp-content\/uploads\/usu2427\/2024\/10\/jamf-1024x403.png 1024w, https:\/\/agora.xtec.cat\/escolafalguera\/wp-content\/uploads\/usu2427\/2024\/10\/jamf-300x118.png 300w, https:\/\/agora.xtec.cat\/escolafalguera\/wp-content\/uploads\/usu2427\/2024\/10\/jamf-768x302.png 768w, https:\/\/agora.xtec.cat\/escolafalguera\/wp-content\/uploads\/usu2427\/2024\/10\/jamf-1536x605.png 1536w, https:\/\/agora.xtec.cat\/escolafalguera\/wp-content\/uploads\/usu2427\/2024\/10\/jamf-2048x806.png 2048w\" sizes=\"auto, (max-width: 1024px) 100vw, 1024px\" \/><\/a><\/p>\n<p>&nbsp;<\/p>\n<p>LA CONSOLA D&#8217;ADMINISTRACI\u00d3 DELS ORDINADORS DE L&#8217;ESCOLA:<\/p>\n<p><a href=\"https:\/\/www2.deepfreeze.com\/es\/Account\/Login\" target=\"_blank\" rel=\"noopener\"><img loading=\"lazy\" decoding=\"async\" class=\"aligncenter wp-image-2530 size-large\" src=\"https:\/\/agora.xtec.cat\/escolafalguera\/wp-content\/uploads\/usu2427\/2024\/10\/deep-freeze-1024x403.png\" alt=\"\" width=\"1024\" height=\"403\" srcset=\"https:\/\/agora.xtec.cat\/escolafalguera\/wp-content\/uploads\/usu2427\/2024\/10\/deep-freeze-1024x403.png 1024w, https:\/\/agora.xtec.cat\/escolafalguera\/wp-content\/uploads\/usu2427\/2024\/10\/deep-freeze-300x118.png 300w, https:\/\/agora.xtec.cat\/escolafalguera\/wp-content\/uploads\/usu2427\/2024\/10\/deep-freeze-768x302.png 768w, https:\/\/agora.xtec.cat\/escolafalguera\/wp-content\/uploads\/usu2427\/2024\/10\/deep-freeze-1536x605.png 1536w, https:\/\/agora.xtec.cat\/escolafalguera\/wp-content\/uploads\/usu2427\/2024\/10\/deep-freeze-2048x806.png 2048w\" sizes=\"auto, (max-width: 1024px) 100vw, 1024px\" \/><\/a><\/p>\n<p>&nbsp;<\/p>\n<p>L&#8217;INDIC PER A LA GESTI\u00d3 DELS ORDINADORS DELS ALUMNES I DEL PROFESSORAT I PER A LA GESTI\u00d3 DELS USUARIS:<\/p>\n<p><a href=\"https:\/\/aplicacions.gestioeducativa.gencat.cat\/siteminderagent\/forms\/gicar2021\/loginCorpCmo2021v17.fcc?TYPE=33554433&amp;REALMOID=06-0006f912-d8fa-1192-92c3-802b0a340000&amp;GUID=&amp;SMAUTHREASON=0&amp;METHOD=GET&amp;SMAGENTNAME=-SM-JQBOjQHFW32qhaFzfRxvjZBRwb35kvzx9Hh2XI9ZV%2bvTKy0PMQ2oZJVwbVTWDc9d&amp;TARGET=-SM-HTTPS%3a%2f%2faplicacions%2eensenyament%2egencat%2ecat%2fidpe%2fprofile%2fSAML2%2fRedirect%2fSSO%3fSAMLRequest%3dlZJLb8IwEIT-%2FSuQ7eZgSikWQKByKRAsitIdeKifZgCWzTr1OH-%2F-%2B-%2BhlCVXpB68Mnrb2ZnPCZ50I2Ytm6PG3hrgVzwedBI4nSRsdaiMJIUCZQHIOFKkU8floKHsWiscaY0mgVTIrBOGZwZpPYANgf7rkp42iwztneuIRFFjZaV2ikndQnoLFAIVVvKUplwB1hKF-%2FoT5XtVFEaD24dEJjqK8Wi9yrcsmHt3CuVR55cqG61OEPQ8JMAv7xPdJVJVDUTebK00nIEbqJSF0svlKxYs5hl7Tfs3A6h4LVMYFHHM-%2ByOZ8qSukzrt3xbpyI8RtbBAchJdxnjMB7142EtGW56IwUjw4QsL1udM7hRWCnfXAyy6IRL32-%2B261y35DJZOC-%2FoBNhkfaxAnYXtRzHWs-%2FGmDTf6V-%2FTi6UOukG-%2FHo8Yv52viUv4Kp1uZjZkE6yFjCokn35O8HmnwD%26RelayState%3dss-%3Amem-%3Ac9d4daf5e1b7482171f45b53a82a9b2f220a67b95d890a5c297dceddecdc8c84\" target=\"_blank\" rel=\"noopener\"><img loading=\"lazy\" decoding=\"async\" class=\"aligncenter wp-image-2534 size-large\" src=\"https:\/\/agora.xtec.cat\/escolafalguera\/wp-content\/uploads\/usu2427\/2024\/10\/indic-1024x403.png\" alt=\"\" width=\"1024\" height=\"403\" srcset=\"https:\/\/agora.xtec.cat\/escolafalguera\/wp-content\/uploads\/usu2427\/2024\/10\/indic-1024x403.png 1024w, https:\/\/agora.xtec.cat\/escolafalguera\/wp-content\/uploads\/usu2427\/2024\/10\/indic-300x118.png 300w, https:\/\/agora.xtec.cat\/escolafalguera\/wp-content\/uploads\/usu2427\/2024\/10\/indic-768x302.png 768w, https:\/\/agora.xtec.cat\/escolafalguera\/wp-content\/uploads\/usu2427\/2024\/10\/indic-1536x605.png 1536w, https:\/\/agora.xtec.cat\/escolafalguera\/wp-content\/uploads\/usu2427\/2024\/10\/indic-2048x806.png 2048w\" sizes=\"auto, (max-width: 1024px) 100vw, 1024px\" \/><\/a><\/p>\n<p>&nbsp;<\/p>\n<p>I PER UNA GESTI\u00d3 D&#8217;EQUIPS I USUARIS QUE VA UNA MICA M\u00c9S ENLL\u00c0 TENIM EL PORTAL INTUNE DE MICROSOFT:<\/p>\n<p><a href=\"https:\/\/login.microsoftonline.com\/edugencat.onmicrosoft.com\/oauth2\/v2.0\/authorize?redirect_uri=https%3A%2F%2Fintuneeducation.portal.azure.com%2Fsignin%2Findex%2F&amp;response_type=code%20id_token&amp;scope=https%3A%2F%2Fmanagement.core.windows.net%2F%2Fuser_impersonation%20openid%20email%20profile&amp;state=OpenIdConnect.AuthenticationProperties%3D1M9OGr_ATxjXO4U6YljB-ka2eLnciuDqvKO-KfJXRaeCg3HGEKlP8Qj0PtUo2Zx2KxuzQtFDXhquyWYT3JKGtS0v0eKVIdD6XnYjwCvHlXmtz6AKHgWCXJnhlcbYPUoRGcFQirY_7PhQ-3a_OVsz2CcCdSXDVpsWQB-xLIo-11zPnlCd09hNqxLytSfcGqAbnSlgGwRctAv2YfuUsqXzU9_YUVEAWCNXaQ_QWsZluwfRrkEFHfoTU9zk4xy7r8sisheJpV5aEYnaIXLERUS48iBctsQXXqSDVUlOmcIqqmBWsy8Cv_ZpHZe-TgkPFZidVlDCfKaKkXXAxlh_kcvdhoJmsQ08aLUMAirS4uj_Di-hTzTiu6mnA8HOpoVU_TPvlMK-T32_K8n4U6mXH7_F1tDNMS3GZDbQQyFHK2gSDFj8-iH5X0mnb54rAEOZA0CeErMiWykELddhnnOqEBIbGg&amp;response_mode=form_post&amp;nonce=638345602927931112.N2JiYWNkOTYtZTdmMy00NzVhLTllZTUtNDg2MTMwMWE3YmJhMGVjYmQyNGEtYzk4YS00YzhmLTg0NTItN2UyOTE4M2NhNjg3&amp;client_id=c44b4083-3bb0-49c1-b47d-974e53cbdf3c&amp;site_id=501430&amp;client-request-id=94b442ff-1752-4f51-85ca-1f6b11ceb000&amp;x-client-SKU=ID_NET472&amp;x-client-ver=6.30.1.0\" target=\"_blank\" rel=\"noopener\"><img loading=\"lazy\" decoding=\"async\" class=\"aligncenter wp-image-2533 size-large\" src=\"https:\/\/agora.xtec.cat\/escolafalguera\/wp-content\/uploads\/usu2427\/2024\/10\/intune-1024x403.png\" alt=\"\" width=\"1024\" height=\"403\" srcset=\"https:\/\/agora.xtec.cat\/escolafalguera\/wp-content\/uploads\/usu2427\/2024\/10\/intune-1024x403.png 1024w, https:\/\/agora.xtec.cat\/escolafalguera\/wp-content\/uploads\/usu2427\/2024\/10\/intune-300x118.png 300w, https:\/\/agora.xtec.cat\/escolafalguera\/wp-content\/uploads\/usu2427\/2024\/10\/intune-768x302.png 768w, https:\/\/agora.xtec.cat\/escolafalguera\/wp-content\/uploads\/usu2427\/2024\/10\/intune-1536x605.png 1536w, https:\/\/agora.xtec.cat\/escolafalguera\/wp-content\/uploads\/usu2427\/2024\/10\/intune-2048x806.png 2048w\" sizes=\"auto, (max-width: 1024px) 100vw, 1024px\" \/><\/a><\/p>\n<p>&nbsp;<\/p>\n<p>I ALTRES ESPAIS COMPARTITS, A M\u00c9S D&#8217;AQUESTA WEB, I LES XARXES SOCIALS I LA GESTI\u00d3 DINTRE ELS PERMISOS DE LA G-SUITE COORPORATIVA ESCOLAFALGUERA@XTEC.CAT.<\/p>\n<p>&nbsp;<\/p>\n<p><a href=\"https:\/\/visomdm.com\/rest\/sl\/saml\/sso?account=edu_gencat\" target=\"_blank\" rel=\"noopener\"><img loading=\"lazy\" decoding=\"async\" class=\"aligncenter wp-image-2543 size-large\" src=\"https:\/\/agora.xtec.cat\/escolafalguera\/wp-content\/uploads\/usu2427\/2024\/10\/espai-digital-1024x403.png\" alt=\"\" width=\"1024\" height=\"403\" srcset=\"https:\/\/agora.xtec.cat\/escolafalguera\/wp-content\/uploads\/usu2427\/2024\/10\/espai-digital-1024x403.png 1024w, https:\/\/agora.xtec.cat\/escolafalguera\/wp-content\/uploads\/usu2427\/2024\/10\/espai-digital-300x118.png 300w, https:\/\/agora.xtec.cat\/escolafalguera\/wp-content\/uploads\/usu2427\/2024\/10\/espai-digital-768x302.png 768w, https:\/\/agora.xtec.cat\/escolafalguera\/wp-content\/uploads\/usu2427\/2024\/10\/espai-digital-1536x604.png 1536w, https:\/\/agora.xtec.cat\/escolafalguera\/wp-content\/uploads\/usu2427\/2024\/10\/espai-digital.png 2000w\" sizes=\"auto, (max-width: 1024px) 100vw, 1024px\" \/><\/a><\/p>\n<p>&nbsp;<\/p>\n<h3><span style=\"color: #000000;\">I seguim a:<\/span> <a href=\"https:\/\/agora.xtec.cat\/escolafalguera\/projecte-educatiu\/cultura-digital\/dispositius\/\">Dispositius<\/a><\/h3>\n","protected":false},"excerpt":{"rendered":"<p>Aqu\u00ed exposem totes les plataformes d&#8217;administraci\u00f3 i gesti\u00f3 dels espai compartits o de funcionament.<br \/>\nTreballem amb un servidor al centre amb acc\u00e9s remot (PER\u00d2 PROTEGIT D&#8217;ATACS O ENTRADES NO PERMESES, NOM\u00c9S S&#8217;HI ACCEDEIX AMB PERMISOS).<br \/>\nEL NOSTRE N\u00daVOL:<br \/>\n<a href=\"https:\/\/os5.mycloud.com\" target=\"_blank\" rel=\"noopener\"><\/a><br \/>\nLA NOSTRA CONSOLA D&#8217;ADMINISTRACI\u00d3 DELS ESPAIS GOOGLE&hellip;  <a href=\"https:\/\/agora.xtec.cat\/escolafalguera\/projecte-educatiu\/cultura-digital\/admin-digital\/\" title=\"Read (Admin) digital\">Llegeix m\u00e9s\u00bb<\/a><\/p>\n","protected":false},"author":1,"featured_media":0,"parent":1939,"menu_order":60,"comment_status":"closed","ping_status":"closed","template":"","meta":{"_bbp_topic_count":0,"_bbp_reply_count":0,"_bbp_total_topic_count":0,"_bbp_total_reply_count":0,"_bbp_voice_count":0,"_bbp_anonymous_reply_count":0,"_bbp_topic_count_hidden":0,"_bbp_reply_count_hidden":0,"_bbp_forum_subforum_count":0,"footnotes":""},"class_list":["post-1942","page","type-page","status-publish","hentry"],"post_mailing_queue_ids":[],"_links":{"self":[{"href":"https:\/\/agora.xtec.cat\/escolafalguera\/wp-json\/wp\/v2\/pages\/1942","targetHints":{"allow":["GET"]}}],"collection":[{"href":"https:\/\/agora.xtec.cat\/escolafalguera\/wp-json\/wp\/v2\/pages"}],"about":[{"href":"https:\/\/agora.xtec.cat\/escolafalguera\/wp-json\/wp\/v2\/types\/page"}],"author":[{"embeddable":true,"href":"https:\/\/agora.xtec.cat\/escolafalguera\/wp-json\/wp\/v2\/users\/1"}],"replies":[{"embeddable":true,"href":"https:\/\/agora.xtec.cat\/escolafalguera\/wp-json\/wp\/v2\/comments?post=1942"}],"version-history":[{"count":7,"href":"https:\/\/agora.xtec.cat\/escolafalguera\/wp-json\/wp\/v2\/pages\/1942\/revisions"}],"predecessor-version":[{"id":3511,"href":"https:\/\/agora.xtec.cat\/escolafalguera\/wp-json\/wp\/v2\/pages\/1942\/revisions\/3511"}],"up":[{"embeddable":true,"href":"https:\/\/agora.xtec.cat\/escolafalguera\/wp-json\/wp\/v2\/pages\/1939"}],"wp:attachment":[{"href":"https:\/\/agora.xtec.cat\/escolafalguera\/wp-json\/wp\/v2\/media?parent=1942"}],"curies":[{"name":"wp","href":"https:\/\/api.w.org\/{rel}","templated":true}]}}