{"id":1801,"date":"2023-06-15T22:08:21","date_gmt":"2023-06-15T20:08:21","guid":{"rendered":"https:\/\/agora.xtec.cat\/escolafalguera\/?page_id=1801"},"modified":"2023-06-19T22:01:14","modified_gmt":"2023-06-19T20:01:14","slug":"avaluacio","status":"publish","type":"page","link":"https:\/\/agora.xtec.cat\/escolafalguera\/del-projecte\/edc\/avaluacio\/","title":{"rendered":"Avaluaci\u00f3"},"content":{"rendered":"<h3><img loading=\"lazy\" decoding=\"async\" class=\"aligncenter size-large wp-image-1759\" src=\"https:\/\/agora.xtec.cat\/escolafalguera\/wp-content\/uploads\/usu2427\/2023\/06\/Captura-de-pantalla-2023-06-06-a-las-1.02.04-1024x89.png\" alt=\"\" width=\"1024\" height=\"89\" srcset=\"https:\/\/agora.xtec.cat\/escolafalguera\/wp-content\/uploads\/usu2427\/2023\/06\/Captura-de-pantalla-2023-06-06-a-las-1.02.04-1024x89.png 1024w, https:\/\/agora.xtec.cat\/escolafalguera\/wp-content\/uploads\/usu2427\/2023\/06\/Captura-de-pantalla-2023-06-06-a-las-1.02.04-300x26.png 300w, https:\/\/agora.xtec.cat\/escolafalguera\/wp-content\/uploads\/usu2427\/2023\/06\/Captura-de-pantalla-2023-06-06-a-las-1.02.04-768x67.png 768w, https:\/\/agora.xtec.cat\/escolafalguera\/wp-content\/uploads\/usu2427\/2023\/06\/Captura-de-pantalla-2023-06-06-a-las-1.02.04-1536x133.png 1536w, https:\/\/agora.xtec.cat\/escolafalguera\/wp-content\/uploads\/usu2427\/2023\/06\/Captura-de-pantalla-2023-06-06-a-las-1.02.04-2048x178.png 2048w\" sizes=\"auto, (max-width: 1024px) 100vw, 1024px\" \/><\/h3>\n<h4><img loading=\"lazy\" decoding=\"async\" class=\"alignleft wp-image-1823 size-medium\" src=\"https:\/\/agora.xtec.cat\/escolafalguera\/wp-content\/uploads\/usu2427\/2023\/06\/1a65b79a9adc30a9ea4c2345e22910dc-232x300.jpg\" alt=\"\" width=\"232\" height=\"300\" srcset=\"https:\/\/agora.xtec.cat\/escolafalguera\/wp-content\/uploads\/usu2427\/2023\/06\/1a65b79a9adc30a9ea4c2345e22910dc-232x300.jpg 232w, https:\/\/agora.xtec.cat\/escolafalguera\/wp-content\/uploads\/usu2427\/2023\/06\/1a65b79a9adc30a9ea4c2345e22910dc.jpg 563w\" sizes=\"auto, (max-width: 232px) 100vw, 232px\" \/><\/h4>\n<h4>A trav\u00e9s de les actvitats planificades per a acad objectiu i a trav\u00e9s de la seva temporitzaci\u00f3 anirem avaluant el grau d&#8217;imapcte de cada activitat, i en conseq\u00fc\u00e8ncia de cada objectiu, aix\u00ed com el nivell d&#8217;assoliment.<\/h4>\n<h4><span style=\"font-weight: 400;\">La comissi\u00f3 digital s\u2019encarregar\u00e0 de valorar l\u2019estat actual d\u2019assoliment dels objectius i les activitats cada final de curs, fent servir de refer\u00e8ncia els indicadors i criteris d\u2019assoliment.<\/span><\/h4>\n<h4>Les accions que durem a terme per avaluar s\u00f3n:<\/h4>\n<h4>-Revisar les activitats planificades<\/h4>\n<h4>-Determinar el grau d&#8217;acompliment dels indicadors<\/h4>\n<h4>-Revisar els objectius i el grau d&#8217;assoliment<\/h4>\n<p>&nbsp;<\/p>\n<h3>Aqu\u00ed teniu la llista\u00a0d&#8217;indicadors i criteris d\u2019assoliment per a cada objectiu:<\/h3>\n<p><a href=\"https:\/\/docs.google.com\/spreadsheets\/d\/e\/2PACX-1vQsrkuQ2EVb8KE5hXitClQc5O5KGFEw7EQycBgOGneq2reiACD_WMMOuKMFk9PIyr5R10-35E_T82xI\/pubhtml\" target=\"_blank\" rel=\"noopener\"><img loading=\"lazy\" decoding=\"async\" class=\"aligncenter wp-image-1997 size-large\" src=\"https:\/\/agora.xtec.cat\/escolafalguera\/wp-content\/uploads\/usu2427\/2023\/06\/Avaluacio-1-928x1024.png\" alt=\"\" width=\"928\" height=\"1024\" srcset=\"https:\/\/agora.xtec.cat\/escolafalguera\/wp-content\/uploads\/usu2427\/2023\/06\/Avaluacio-1-928x1024.png 928w, https:\/\/agora.xtec.cat\/escolafalguera\/wp-content\/uploads\/usu2427\/2023\/06\/Avaluacio-1-272x300.png 272w, https:\/\/agora.xtec.cat\/escolafalguera\/wp-content\/uploads\/usu2427\/2023\/06\/Avaluacio-1-768x847.png 768w, https:\/\/agora.xtec.cat\/escolafalguera\/wp-content\/uploads\/usu2427\/2023\/06\/Avaluacio-1-1393x1536.png 1393w, https:\/\/agora.xtec.cat\/escolafalguera\/wp-content\/uploads\/usu2427\/2023\/06\/Avaluacio-1-1857x2048.png 1857w, https:\/\/agora.xtec.cat\/escolafalguera\/wp-content\/uploads\/usu2427\/2023\/06\/Avaluacio-1.png 1982w\" sizes=\"auto, (max-width: 928px) 100vw, 928px\" \/><\/a><\/p>\n<h3><\/h3>\n<h3>Aqui us deixem una mostra les fitxes d&#8217;actuacions amb tots els \u00edtems que avaluarem per veure com anem creixent en compet\u00e8ncia digital:<\/h3>\n<p><img loading=\"lazy\" decoding=\"async\" class=\"aligncenter wp-image-1999 size-large\" src=\"https:\/\/agora.xtec.cat\/escolafalguera\/wp-content\/uploads\/usu2427\/2023\/06\/Av-2-1024x910.png\" alt=\"\" width=\"1024\" height=\"910\" srcset=\"https:\/\/agora.xtec.cat\/escolafalguera\/wp-content\/uploads\/usu2427\/2023\/06\/Av-2-1024x910.png 1024w, https:\/\/agora.xtec.cat\/escolafalguera\/wp-content\/uploads\/usu2427\/2023\/06\/Av-2-300x267.png 300w, https:\/\/agora.xtec.cat\/escolafalguera\/wp-content\/uploads\/usu2427\/2023\/06\/Av-2-768x682.png 768w, https:\/\/agora.xtec.cat\/escolafalguera\/wp-content\/uploads\/usu2427\/2023\/06\/Av-2-1536x1365.png 1536w, https:\/\/agora.xtec.cat\/escolafalguera\/wp-content\/uploads\/usu2427\/2023\/06\/Av-2.png 1992w\" sizes=\"auto, (max-width: 1024px) 100vw, 1024px\" \/><\/p>\n<p>&nbsp;<\/p>\n<h4>Tamb\u00e9 us deixem un enlla\u00e7 d&#8217;inter\u00e8s per entendre el desenvolupament de la compet\u00e8ncia digital:<\/h4>\n<h3><a href=\"https:\/\/projectes.xtec.cat\/digital\/competencia-digital\/\" target=\"_blank\" rel=\"noopener\">Compet\u00e8ncia Digital<\/a><\/h3>\n<p>&nbsp;<\/p>\n<p><a href=\"https:\/\/projectes.xtec.cat\/digital\/competencia-digital\/\" target=\"_blank\" rel=\"noopener\"><img loading=\"lazy\" decoding=\"async\" class=\"aligncenter wp-image-2002 size-large\" src=\"https:\/\/agora.xtec.cat\/escolafalguera\/wp-content\/uploads\/usu2427\/2023\/06\/Digital-1024x709.png\" alt=\"\" width=\"1024\" height=\"709\" srcset=\"https:\/\/agora.xtec.cat\/escolafalguera\/wp-content\/uploads\/usu2427\/2023\/06\/Digital-1024x709.png 1024w, https:\/\/agora.xtec.cat\/escolafalguera\/wp-content\/uploads\/usu2427\/2023\/06\/Digital-300x208.png 300w, https:\/\/agora.xtec.cat\/escolafalguera\/wp-content\/uploads\/usu2427\/2023\/06\/Digital-768x532.png 768w, https:\/\/agora.xtec.cat\/escolafalguera\/wp-content\/uploads\/usu2427\/2023\/06\/Digital.png 1416w\" sizes=\"auto, (max-width: 1024px) 100vw, 1024px\" \/><\/a><\/p>\n<h4><span style=\"color: #000000;\">I tornem a:<\/span> <a href=\"https:\/\/agora.xtec.cat\/escolafalguera\/del-projecte\/edc\/\">EDC<\/a><\/h4>\n","protected":false},"excerpt":{"rendered":"<p>A trav\u00e9s de les actvitats planificades per a acad objectiu i a trav\u00e9s de la seva temporitzaci\u00f3 anirem avaluant el grau d&#8217;imapcte de cada activitat, i en conseq\u00fc\u00e8ncia de cada objectiu, aix\u00ed com el nivell d&#8217;assoliment.<br \/>\nLa comissi\u00f3 digital s\u2019encarregar\u00e0 de valorar l\u2019estat actual d\u2019assoliment dels&hellip;  <a href=\"https:\/\/agora.xtec.cat\/escolafalguera\/del-projecte\/edc\/avaluacio\/\" title=\"Read Avaluaci\u00f3\">Llegeix m\u00e9s\u00bb<\/a><\/p>\n","protected":false},"author":1,"featured_media":0,"parent":1699,"menu_order":4,"comment_status":"closed","ping_status":"closed","template":"","meta":{"_bbp_topic_count":0,"_bbp_reply_count":0,"_bbp_total_topic_count":0,"_bbp_total_reply_count":0,"_bbp_voice_count":0,"_bbp_anonymous_reply_count":0,"_bbp_topic_count_hidden":0,"_bbp_reply_count_hidden":0,"_bbp_forum_subforum_count":0,"footnotes":""},"class_list":["post-1801","page","type-page","status-publish","hentry"],"post_mailing_queue_ids":[],"_links":{"self":[{"href":"https:\/\/agora.xtec.cat\/escolafalguera\/wp-json\/wp\/v2\/pages\/1801","targetHints":{"allow":["GET"]}}],"collection":[{"href":"https:\/\/agora.xtec.cat\/escolafalguera\/wp-json\/wp\/v2\/pages"}],"about":[{"href":"https:\/\/agora.xtec.cat\/escolafalguera\/wp-json\/wp\/v2\/types\/page"}],"author":[{"embeddable":true,"href":"https:\/\/agora.xtec.cat\/escolafalguera\/wp-json\/wp\/v2\/users\/1"}],"replies":[{"embeddable":true,"href":"https:\/\/agora.xtec.cat\/escolafalguera\/wp-json\/wp\/v2\/comments?post=1801"}],"version-history":[{"count":4,"href":"https:\/\/agora.xtec.cat\/escolafalguera\/wp-json\/wp\/v2\/pages\/1801\/revisions"}],"predecessor-version":[{"id":2009,"href":"https:\/\/agora.xtec.cat\/escolafalguera\/wp-json\/wp\/v2\/pages\/1801\/revisions\/2009"}],"up":[{"embeddable":true,"href":"https:\/\/agora.xtec.cat\/escolafalguera\/wp-json\/wp\/v2\/pages\/1699"}],"wp:attachment":[{"href":"https:\/\/agora.xtec.cat\/escolafalguera\/wp-json\/wp\/v2\/media?parent=1801"}],"curies":[{"name":"wp","href":"https:\/\/api.w.org\/{rel}","templated":true}]}}