{"id":1798,"date":"2023-06-15T22:05:33","date_gmt":"2023-06-15T20:05:33","guid":{"rendered":"https:\/\/agora.xtec.cat\/escolafalguera\/?page_id=1798"},"modified":"2023-06-19T20:52:01","modified_gmt":"2023-06-19T18:52:01","slug":"objectius-2","status":"publish","type":"page","link":"https:\/\/agora.xtec.cat\/escolafalguera\/del-projecte\/edc\/objectius-2\/","title":{"rendered":"Objectius"},"content":{"rendered":"<h3><img loading=\"lazy\" decoding=\"async\" class=\"aligncenter size-large wp-image-1759\" src=\"https:\/\/agora.xtec.cat\/escolafalguera\/wp-content\/uploads\/usu2427\/2023\/06\/Captura-de-pantalla-2023-06-06-a-las-1.02.04-1024x89.png\" alt=\"\" width=\"1024\" height=\"89\" srcset=\"https:\/\/agora.xtec.cat\/escolafalguera\/wp-content\/uploads\/usu2427\/2023\/06\/Captura-de-pantalla-2023-06-06-a-las-1.02.04-1024x89.png 1024w, https:\/\/agora.xtec.cat\/escolafalguera\/wp-content\/uploads\/usu2427\/2023\/06\/Captura-de-pantalla-2023-06-06-a-las-1.02.04-300x26.png 300w, https:\/\/agora.xtec.cat\/escolafalguera\/wp-content\/uploads\/usu2427\/2023\/06\/Captura-de-pantalla-2023-06-06-a-las-1.02.04-768x67.png 768w, https:\/\/agora.xtec.cat\/escolafalguera\/wp-content\/uploads\/usu2427\/2023\/06\/Captura-de-pantalla-2023-06-06-a-las-1.02.04-1536x133.png 1536w, https:\/\/agora.xtec.cat\/escolafalguera\/wp-content\/uploads\/usu2427\/2023\/06\/Captura-de-pantalla-2023-06-06-a-las-1.02.04-2048x178.png 2048w\" sizes=\"auto, (max-width: 1024px) 100vw, 1024px\" \/><\/h3>\n<h4><img loading=\"lazy\" decoding=\"async\" class=\"alignleft wp-image-1767 size-medium\" src=\"https:\/\/agora.xtec.cat\/escolafalguera\/wp-content\/uploads\/usu2427\/2023\/06\/objectius-206x300.jpg\" alt=\"\" width=\"206\" height=\"300\" srcset=\"https:\/\/agora.xtec.cat\/escolafalguera\/wp-content\/uploads\/usu2427\/2023\/06\/objectius-206x300.jpg 206w, https:\/\/agora.xtec.cat\/escolafalguera\/wp-content\/uploads\/usu2427\/2023\/06\/objectius.jpg 563w\" sizes=\"auto, (max-width: 206px) 100vw, 206px\" \/><\/h4>\n<p>Aquest pla d&#8217;estrat\u00e8gia digital de centre (EDC) ha de quedar aprovat abans del 30 de juny de 2023 pel Consell Escolar, que ha d&#8217;aprovar aquesta EDC per la seva implicaci\u00f3 amb la resta de documents que tamb\u00e9 s\u00f3n aprovats directament pel mateix Consell Escolar.<\/p>\n<p>Per part dels centres sufragats amb fons p\u00fablics s&#8217;ha de considerar que l&#8217;EDC forma part del PEC.<\/p>\n<p>A m\u00e9s, a les Normes d&#8217;Organitzaci\u00f3 i Funcionament de Centre (NOFC) s&#8217;hi haur\u00e0 de recollir la normativa d&#8217;\u00fas dels equips, sancions per mal \u00fas, informacions a la fam\u00edlia sobre la cessi\u00f3 dels equips, etc. De la mateixa forma, el claustre n&#8217;haur\u00e0 d&#8217;estar assabentat, ja que en la seva redacci\u00f3 hi participa la Comissi\u00f3 d&#8217;Estrat\u00e8gia Digital, de la qual formen part membres del claustre.<\/p>\n<p>Incloure a les NOFC la normativa de l&#8217;\u00fas dels equips restar\u00e0 com a activitat a realitzar dins dels objectius d&#8217;aquesta EDC en l&#8217;apartat seg\u00fcent que podeu consultar des del men\u00fa de l&#8217;esquerra de la p\u00e0gina (apartat Planificaci\u00f3).<\/p>\n<h5><\/h5>\n<h5><\/h5>\n<h5>Relaci\u00f3 de la diagnosi amb els objectius<\/h5>\n<p>Amb l\u2019informe anterior a l\u2019escola Falguera ens hem decidit a treballar sobre els objectius seg\u00fcents:<\/p>\n<h6>Objectiu 1:<\/h6>\n<h6>Fer la FIC en EDC per donar a con\u00e8ixer al claustre la import\u00e0ncia de la creaci\u00f3 del PEDC.<\/h6>\n<p>L\u2019objectiu parla de com l&#8217;escola Falguera est\u00e0 immersa en un projecte per millorar les compet\u00e8ncies digitals dels alumnes. Aix\u00f2 demostra que l&#8217;escola ja est\u00e0 treballant en la creaci\u00f3 i implementaci\u00f3 d&#8217;un pla per millorar l&#8217;educaci\u00f3 digital.<\/p>\n<h6>Objectiu 2:<\/h6>\n<h6>Establir i difondre el protocol d&#8217;acollida digital del professorat, fam\u00edlies i alumnat.<\/h6>\n<p>Aquests protocols ens ajudaran a millorar el coneixement de tota la comunitat sobre el funcionament digital de l\u2019escola.<\/p>\n<h6>Objectiu 3:<\/h6>\n<h6>Establir i difondre el pla de comunicaci\u00f3.<\/h6>\n<p>Busquem assegurar una comunicaci\u00f3 efica\u00e7 i transparent entre tots els membres de la comunitat educativa.<\/p>\n<h6>Objectiu 4:<\/h6>\n<h6>Maximitzar la usabilitat dels dispositius i treballar de manera transversal amb qualsevol \u00e0rea, material i docent.<\/h6>\n<p>L\u2019escola Falguera est\u00e0 ben equipada amb material tecnol\u00f2gic. AEs busca que tots els membres de l&#8217;escola puguin utilitzar els dispositius tecnol\u00f2gics per millorar l&#8217;aprenentatge i treballar de manera conjunta i col\u00b7laborativa.<\/p>\n<h6>Objectiu 5:<\/h6>\n<h6>Gestionar l&#8217;organitzaci\u00f3 centralitzada de les eines de Google Workspace, Moodle, Genially, Wordwall i altres programaris.<\/h6>\n<p>Aquest objectiu es relaciona amb el prop\u00f2sit de millorar de manera eficient i organitzada les eines i recursos tecnol\u00f2gics de l&#8217;escola per garantir un \u00fas adequat i efica\u00e7.<\/p>\n<h6>Objectiu 6:<\/h6>\n<h6>Fomentar l&#8217;\u00fas i la creaci\u00f3 de recursos educatius per part del claustre i compartir-los.<\/h6>\n<p>\u00c9s important fomentar l&#8217;\u00fas i la creaci\u00f3 de recursos educatius per part del claustre i compartir-los.<\/p>\n<h6>Objectiu 7:<\/h6>\n<h6>Definir el desplegament de la compet\u00e8ncia digital de l&#8217;alumnat durant les etapes.<\/h6>\n<p>\u00c9s com l&#8217;escola Falguera vol que els alumnes desenvolupin compet\u00e8ncies digitals al llarg de les diferents etapes educatives. Aquest objectiu est\u00e0 relacionat amb l&#8217;objectiu de definir el desplegament de la compet\u00e8ncia digital de l&#8217;alumnat durant les etapes, assegurant una progressi\u00f3 adequada i una preparaci\u00f3 completa per a l&#8217;educaci\u00f3 secund\u00e0ria.<\/p>\n<h6>Objectiu 8:<\/h6>\n<h6>Ajudar a les fam\u00edlies a millora la seva CD per donar bons exemples i suport als fills<\/h6>\n<p>Evolucionar cap a una escola digitalment competent i innovadora. Tot el text mostra com l&#8217;escola Falguera est\u00e0 treballant en la millora de la compet\u00e8ncia digital, la incorporaci\u00f3 de tecnologies a l&#8217;educaci\u00f3 i l&#8217;adaptaci\u00f3 a nous entorns digitals. Aix\u00f2 est\u00e0 en l\u00ednia amb l&#8217;objectiu general d&#8217;evolucionar cap a una escola digitalment competent i innovadora, preparant els alumnes per a un futur tecnol\u00f2gic.<\/p>\n<p><iframe loading=\"lazy\" src=\"https:\/\/docs.google.com\/spreadsheets\/d\/e\/2PACX-1vS2_Q5wV0PnangUINnesRE1Mj-3mCxTI-40w0umoXAIHZs6QJkWqn_J9qsPqpcHnGW2QRb-Yi7d77-C\/pubhtml?widget=true&amp;headers=false\" width=\"1200\" height=\"806\"><\/iframe><\/p>\n<h5>Obectiu general d&#8217;aquesta EDC<\/h5>\n<p>L&#8217;objectiu principal, el que ha guiat l&#8217;elaboraci\u00f3 d&#8217;aquest pla estrat\u00e8gic anomenat Estrat\u00e8gia Digital de Centre, \u00e9s el d&#8217;ajudar a cr\u00e9ixer a tota la comunitat educativa en les seves destreses en el camp digital, a fer a tothom m\u00e9s competent digitalment. Per tant el que no podem perdre de vista a l&#8217;hora de redactar objectius \u00e9s que aquests ens han d&#8217;ajudar, des del seu redactat fins a les activitats que es planifiquen per assolir-los, a en la millora de la nostra compet\u00e8ncia docent. L&#8217;estrat\u00e8gia que seguim, conseq\u00fcentment, \u00e9s la de fer una planificaci\u00f3 d&#8217;activitats que ens ajudin a aconseguir uns objectius que hem pogut dissenyar gr\u00e0cies a l&#8217;an\u00e0lisi de la diagnosi de centre pr\u00e8via. Per finalment poder avaluar grau d&#8217;imapcte de les activitats i grau d&#8217;\u00e8xit per a la comunitat, i aix\u00ed poder valorar si hem ajudat als membres de la comunitat a cr\u00e9ixer en compet\u00e8ncia digital.<\/p>\n<h4><span style=\"color: #339966;\">Recordem:<\/span><\/h4>\n<p><a href=\"https:\/\/agora.xtec.cat\/escolafalguera\/edc\/diagnosi\/\">Diagnosi<\/a><\/p>\n<p><a href=\"https:\/\/agora.xtec.cat\/escolafalguera\/edc\/objectius-2\/\">Objectius<\/a><\/p>\n<p><a href=\"https:\/\/agora.xtec.cat\/escolafalguera\/edc\/planificacio\/\">Planificaci\u00f3<\/a><\/p>\n<p><a href=\"https:\/\/agora.xtec.cat\/escolafalguera\/edc\/avaluacio\/\">Avaluaci\u00f3<\/a><\/p>\n<p><img loading=\"lazy\" decoding=\"async\" class=\"aligncenter wp-image-1894 size-full\" src=\"https:\/\/agora.xtec.cat\/escolafalguera\/wp-content\/uploads\/usu2427\/2023\/06\/Captura-de-pantalla-2023-06-18-a-las-17.52.16.png\" alt=\"\" width=\"1587\" height=\"748\" srcset=\"https:\/\/agora.xtec.cat\/escolafalguera\/wp-content\/uploads\/usu2427\/2023\/06\/Captura-de-pantalla-2023-06-18-a-las-17.52.16.png 1587w, https:\/\/agora.xtec.cat\/escolafalguera\/wp-content\/uploads\/usu2427\/2023\/06\/Captura-de-pantalla-2023-06-18-a-las-17.52.16-300x141.png 300w, https:\/\/agora.xtec.cat\/escolafalguera\/wp-content\/uploads\/usu2427\/2023\/06\/Captura-de-pantalla-2023-06-18-a-las-17.52.16-1024x483.png 1024w, https:\/\/agora.xtec.cat\/escolafalguera\/wp-content\/uploads\/usu2427\/2023\/06\/Captura-de-pantalla-2023-06-18-a-las-17.52.16-768x362.png 768w, https:\/\/agora.xtec.cat\/escolafalguera\/wp-content\/uploads\/usu2427\/2023\/06\/Captura-de-pantalla-2023-06-18-a-las-17.52.16-1536x724.png 1536w\" sizes=\"auto, (max-width: 1587px) 100vw, 1587px\" \/><\/p>\n<h3><span style=\"color: #000000;\">I seguim a:<\/span> <a href=\"https:\/\/agora.xtec.cat\/escolafalguera\/edc\/planificacio\/\">Planificaci\u00f3<\/a><\/h3>\n","protected":false},"excerpt":{"rendered":"<p>Aquest pla d&#8217;estrat\u00e8gia digital de centre (EDC) ha de quedar aprovat abans del 30 de juny de 2023 pel Consell Escolar, que ha d&#8217;aprovar aquesta EDC per la seva implicaci\u00f3 amb la resta de documents que tamb\u00e9 s\u00f3n aprovats directament pel mateix Consell Escolar.<br \/>\nPer part&hellip;  <a href=\"https:\/\/agora.xtec.cat\/escolafalguera\/del-projecte\/edc\/objectius-2\/\" title=\"Read Objectius\">Llegeix m\u00e9s\u00bb<\/a><\/p>\n","protected":false},"author":1,"featured_media":0,"parent":1699,"menu_order":20,"comment_status":"closed","ping_status":"closed","template":"","meta":{"_bbp_topic_count":0,"_bbp_reply_count":0,"_bbp_total_topic_count":0,"_bbp_total_reply_count":0,"_bbp_voice_count":0,"_bbp_anonymous_reply_count":0,"_bbp_topic_count_hidden":0,"_bbp_reply_count_hidden":0,"_bbp_forum_subforum_count":0,"footnotes":""},"class_list":["post-1798","page","type-page","status-publish","hentry"],"post_mailing_queue_ids":[],"_links":{"self":[{"href":"https:\/\/agora.xtec.cat\/escolafalguera\/wp-json\/wp\/v2\/pages\/1798","targetHints":{"allow":["GET"]}}],"collection":[{"href":"https:\/\/agora.xtec.cat\/escolafalguera\/wp-json\/wp\/v2\/pages"}],"about":[{"href":"https:\/\/agora.xtec.cat\/escolafalguera\/wp-json\/wp\/v2\/types\/page"}],"author":[{"embeddable":true,"href":"https:\/\/agora.xtec.cat\/escolafalguera\/wp-json\/wp\/v2\/users\/1"}],"replies":[{"embeddable":true,"href":"https:\/\/agora.xtec.cat\/escolafalguera\/wp-json\/wp\/v2\/comments?post=1798"}],"version-history":[{"count":4,"href":"https:\/\/agora.xtec.cat\/escolafalguera\/wp-json\/wp\/v2\/pages\/1798\/revisions"}],"predecessor-version":[{"id":1983,"href":"https:\/\/agora.xtec.cat\/escolafalguera\/wp-json\/wp\/v2\/pages\/1798\/revisions\/1983"}],"up":[{"embeddable":true,"href":"https:\/\/agora.xtec.cat\/escolafalguera\/wp-json\/wp\/v2\/pages\/1699"}],"wp:attachment":[{"href":"https:\/\/agora.xtec.cat\/escolafalguera\/wp-json\/wp\/v2\/media?parent=1798"}],"curies":[{"name":"wp","href":"https:\/\/api.w.org\/{rel}","templated":true}]}}