{"id":1722,"date":"2023-04-11T06:35:40","date_gmt":"2023-04-11T04:35:40","guid":{"rendered":"https:\/\/agora.xtec.cat\/escolafalguera\/?page_id=1722"},"modified":"2026-03-22T23:24:59","modified_gmt":"2026-03-22T22:24:59","slug":"valentina-gaia","status":"publish","type":"page","link":"https:\/\/agora.xtec.cat\/escolafalguera\/del-projecte\/valentina-gaia\/","title":{"rendered":"La Valentina i la Gaia"},"content":{"rendered":"\n<div class=\"wp-block-getwid-image-box getwid-animation has-text-center has-mobile-layout-default has-mobile-alignment-default\" data-animation=\"zoomSmall\"><div class=\"wp-block-getwid-image-box__image-container is-position-top\"><div class=\"wp-block-getwid-image-box__image-wrapper\"><img loading=\"lazy\" decoding=\"async\" width=\"1778\" height=\"939\" src=\"https:\/\/agora.xtec.cat\/escolafalguera\/wp-content\/uploads\/usu2427\/2026\/03\/V-i-G.png\" alt=\"\" class=\"wp-block-getwid-image-box__image wp-image-4118\" srcset=\"https:\/\/agora.xtec.cat\/escolafalguera\/wp-content\/uploads\/usu2427\/2026\/03\/V-i-G.png 1778w, https:\/\/agora.xtec.cat\/escolafalguera\/wp-content\/uploads\/usu2427\/2026\/03\/V-i-G-300x158.png 300w, https:\/\/agora.xtec.cat\/escolafalguera\/wp-content\/uploads\/usu2427\/2026\/03\/V-i-G-1024x541.png 1024w, https:\/\/agora.xtec.cat\/escolafalguera\/wp-content\/uploads\/usu2427\/2026\/03\/V-i-G-768x406.png 768w, https:\/\/agora.xtec.cat\/escolafalguera\/wp-content\/uploads\/usu2427\/2026\/03\/V-i-G-1536x811.png 1536w\" sizes=\"auto, (max-width: 1778px) 100vw, 1778px\" \/><\/div><\/div><div class=\"wp-block-getwid-image-box__content\">\n<h3 class=\"wp-block-heading\"><\/h3>\n\n\n\n<p><\/p>\n<\/div><\/div>\n\n\n\n\n\n<div class=\"alignfull\" style=\"max-width: 100%; margin: 0;\">\n<div style=\"position: relative; padding-bottom: 56.25%; height: 0; overflow: hidden;\"><iframe style=\"position: absolute; top: 0; left: 0; width: 100%; height: 100%;\" src=\"https:\/\/www.youtube.com\/embed\/oaX5NG9TKTc?rel=0&amp;modestbranding=1\" frameborder=\"0\" allowfullscreen=\"allowfullscreen\"> <\/iframe><\/div>\n<\/div>\n\n\n\n<hr class=\"wp-block-separator has-alpha-channel-opacity\"\/>\n\n\n\n<h2 class=\"wp-block-heading\"><span style=\"color: #9f66d9;\">La Geganta&#8230;<\/span> <span style=\"color: #0da10f;\">va n\u00e9ixer l&#8217;any de la Festa Major Falguera&#8230;<\/span> <span style=\"color: #f5b916;\">i calia donar-li nom&#8230;<\/span> <span style=\"color: #4262c2;\">Els alumnes de 6\u00e8, en grups, varen fer uns v\u00eddeos per explicar i defensar, segons cada grup, quin nom havia de tenir. Aqu\u00ed teniu el proc\u00e9s de creaci\u00f3 de la gegantessa i el seu nom just a sota&#8230;<\/span>\ud83d\ude09<\/h2>\n\n\n\n<div class=\"alignfull\" style=\"max-width: 100%; margin: 0;\">\n<div style=\"position: relative; padding-bottom: 56.25%; height: 0; overflow: hidden;\"><iframe style=\"position: absolute; top: 0; left: 0; width: 100%; height: 100%;\" src=\"https:\/\/www.youtube.com\/embed\/2Fkjisks6ak?rel=0&amp;modestbranding=1\" frameborder=\"0\" allowfullscreen=\"allowfullscreen\"> <\/iframe><\/div>\n<\/div>\n\n\n\n<h2 class=\"wp-block-heading\"><span style=\"color: #9f66d9;\">I&#8230;<\/span> <span style=\"color: #0da10f;\">d&#8217;entre els noms que us v\u00e0ren proposar els alumnes de 6\u00e8&#8230;<\/span> <span style=\"color: #f5b916;\">del curs 22-23!<\/span> <span style=\"color: #4262c2;\">Aquest va ser el nom que v\u00e0reu triar&#8230;! Valentina Tereshkova \u263a\ufe0f<\/span><\/h2>\n\n\n\n<h2 class=\"wp-block-heading\"><span style=\"color: #9f66d9;\">I&#8230;<\/span> <span style=\"color: #0da10f;\">l&#8217;AFA va crear a la Gaia&#8230;<\/span><span style=\"color: #f5b916;\"> cla capgrossa que acompanyar\u00e0 a la<\/span><span style=\"color: #4262c2;\"> Valentina!<\/span><\/h2>\n\n\n\n<h2 class=\"wp-block-heading\"><span style=\"color: #0da10f;\">L&#8217;origen de Gegants i Gegantes,&#8230;<\/span><span style=\"color: #f5b916;\"> Capgrossos i Capgrosses<\/span><span style=\"color: #4262c2;\"> Mireu el v\u00eddeo!<\/span><\/h2>\n\n\n\n<p><\/p>\n\n\n\n<div class=\"alignfull\" style=\"max-width: 100%; margin: 0;\">\n<div style=\"position: relative; padding-bottom: 56.25%; height: 0; overflow: hidden;\"><iframe style=\"position: absolute; top: 0; left: 0; width: 100%; height: 100%;\" src=\"https:\/\/www.youtube.com\/embed\/-BSPx6_TClk?rel=0&amp;modestbranding=1\" frameborder=\"0\" allowfullscreen=\"allowfullscreen\"> <\/iframe><\/div>\n<\/div>\n\n\n\n<hr class=\"wp-block-separator has-alpha-channel-opacity\"\/>\n\n\n\n<h2 class=\"wp-block-heading\"><span style=\"color: #9f66d9;\">La <\/span><span style=\"color: #0da10f;\">Valentina <\/span><span style=\"color: #f5b916;\">Tereshkova <\/span><span style=\"color: #4262c2;\">i la <\/span><span style=\"color: #0da10f;\">Gaia<\/span><\/h2>\n\n\n\n<div class=\"wp-block-getwid-image-box getwid-animation has-text-center has-mobile-layout-default has-mobile-alignment-default\" data-animation=\"zoomSmall\"><div class=\"wp-block-getwid-image-box__image-container is-position-top\"><div class=\"wp-block-getwid-image-box__image-wrapper\"><img loading=\"lazy\" decoding=\"async\" width=\"1600\" height=\"720\" src=\"https:\/\/agora.xtec.cat\/escolafalguera\/wp-content\/uploads\/usu2427\/2024\/10\/Vi-G-f.png\" alt=\"\" class=\"wp-block-getwid-image-box__image wp-image-2522\" srcset=\"https:\/\/agora.xtec.cat\/escolafalguera\/wp-content\/uploads\/usu2427\/2024\/10\/Vi-G-f.png 1600w, https:\/\/agora.xtec.cat\/escolafalguera\/wp-content\/uploads\/usu2427\/2024\/10\/Vi-G-f-300x135.png 300w, https:\/\/agora.xtec.cat\/escolafalguera\/wp-content\/uploads\/usu2427\/2024\/10\/Vi-G-f-1024x461.png 1024w, https:\/\/agora.xtec.cat\/escolafalguera\/wp-content\/uploads\/usu2427\/2024\/10\/Vi-G-f-768x346.png 768w, https:\/\/agora.xtec.cat\/escolafalguera\/wp-content\/uploads\/usu2427\/2024\/10\/Vi-G-f-1536x691.png 1536w\" sizes=\"auto, (max-width: 1600px) 100vw, 1600px\" \/><\/div><\/div><div class=\"wp-block-getwid-image-box__content\">\n<h3 class=\"wp-block-heading\"><\/h3>\n\n\n\n<p><\/p>\n<\/div><\/div>\n\n\n\n<h2 class=\"wp-block-heading\"><span style=\"color: #3366ff;\">L&#8217;exposici\u00f3 dels treballs:<\/span><\/h2>\n\n\n\n<div class=\"wp-block-getwid-image-box getwid-animation has-text-center has-mobile-layout-default has-mobile-alignment-default\" data-animation=\"zoomSmall\"><div class=\"wp-block-getwid-image-box__image-container is-position-top\"><div class=\"wp-block-getwid-image-box__image-wrapper\"><img loading=\"lazy\" decoding=\"async\" width=\"1800\" height=\"812\" src=\"https:\/\/agora.xtec.cat\/escolafalguera\/wp-content\/uploads\/usu2427\/2024\/10\/valentina-gaia.png\" alt=\"\" class=\"wp-block-getwid-image-box__image wp-image-2516\" srcset=\"https:\/\/agora.xtec.cat\/escolafalguera\/wp-content\/uploads\/usu2427\/2024\/10\/valentina-gaia.png 1800w, https:\/\/agora.xtec.cat\/escolafalguera\/wp-content\/uploads\/usu2427\/2024\/10\/valentina-gaia-300x135.png 300w, https:\/\/agora.xtec.cat\/escolafalguera\/wp-content\/uploads\/usu2427\/2024\/10\/valentina-gaia-1024x462.png 1024w, https:\/\/agora.xtec.cat\/escolafalguera\/wp-content\/uploads\/usu2427\/2024\/10\/valentina-gaia-768x346.png 768w, https:\/\/agora.xtec.cat\/escolafalguera\/wp-content\/uploads\/usu2427\/2024\/10\/valentina-gaia-1536x693.png 1536w\" sizes=\"auto, (max-width: 1800px) 100vw, 1800px\" \/><\/div><\/div><div class=\"wp-block-getwid-image-box__content\">\n<h3 class=\"wp-block-heading\"><\/h3>\n\n\n\n<p><\/p>\n<\/div><\/div>\n\n\n\n<h2 class=\"wp-block-heading\"><span style=\"color: #3366ff;\">&nbsp;Som colla, som festes&#8230;<\/span><\/h2>\n\n\n\n<div class=\"wp-block-getwid-image-box getwid-animation has-text-center has-mobile-layout-default has-mobile-alignment-default\" data-animation=\"zoomSmall\"><div class=\"wp-block-getwid-image-box__image-container is-position-top\"><div class=\"wp-block-getwid-image-box__image-wrapper\"><img loading=\"lazy\" decoding=\"async\" width=\"2424\" height=\"1118\" src=\"https:\/\/agora.xtec.cat\/escolafalguera\/wp-content\/uploads\/usu2427\/2026\/02\/Captura-de-pantalla-2026-02-01-a-las-21.15.08.png\" alt=\"\" class=\"wp-block-getwid-image-box__image wp-image-3357\" srcset=\"https:\/\/agora.xtec.cat\/escolafalguera\/wp-content\/uploads\/usu2427\/2026\/02\/Captura-de-pantalla-2026-02-01-a-las-21.15.08.png 2424w, https:\/\/agora.xtec.cat\/escolafalguera\/wp-content\/uploads\/usu2427\/2026\/02\/Captura-de-pantalla-2026-02-01-a-las-21.15.08-300x138.png 300w, https:\/\/agora.xtec.cat\/escolafalguera\/wp-content\/uploads\/usu2427\/2026\/02\/Captura-de-pantalla-2026-02-01-a-las-21.15.08-1024x472.png 1024w, https:\/\/agora.xtec.cat\/escolafalguera\/wp-content\/uploads\/usu2427\/2026\/02\/Captura-de-pantalla-2026-02-01-a-las-21.15.08-768x354.png 768w, https:\/\/agora.xtec.cat\/escolafalguera\/wp-content\/uploads\/usu2427\/2026\/02\/Captura-de-pantalla-2026-02-01-a-las-21.15.08-1536x708.png 1536w, https:\/\/agora.xtec.cat\/escolafalguera\/wp-content\/uploads\/usu2427\/2026\/02\/Captura-de-pantalla-2026-02-01-a-las-21.15.08-2048x945.png 2048w\" sizes=\"auto, (max-width: 2424px) 100vw, 2424px\" \/><\/div><\/div><div class=\"wp-block-getwid-image-box__content\">\n<h3 class=\"wp-block-heading\"><\/h3>\n\n\n\n<p><\/p>\n<\/div><\/div>\n","protected":false},"excerpt":{"rendered":"<p>La Geganta&#8230; va n\u00e9ixer l&#8217;any de la Festa Major Falguera&#8230; i calia donar-li nom&#8230; Els alumnes de 6\u00e8, en grups, varen fer uns v\u00eddeos per explicar i defensar, segons cada grup, quin nom havia de tenir. Aqu\u00ed teniu el proc\u00e9s de creaci\u00f3 de la&hellip;  <a href=\"https:\/\/agora.xtec.cat\/escolafalguera\/del-projecte\/valentina-gaia\/\" title=\"Read La Valentina i la Gaia\">Llegeix m\u00e9s\u00bb<\/a><\/p>\n","protected":false},"author":1,"featured_media":0,"parent":66,"menu_order":70,"comment_status":"closed","ping_status":"closed","template":"","meta":{"_bbp_topic_count":0,"_bbp_reply_count":0,"_bbp_total_topic_count":0,"_bbp_total_reply_count":0,"_bbp_voice_count":0,"_bbp_anonymous_reply_count":0,"_bbp_topic_count_hidden":0,"_bbp_reply_count_hidden":0,"_bbp_forum_subforum_count":0,"footnotes":""},"class_list":["post-1722","page","type-page","status-publish","hentry"],"post_mailing_queue_ids":[],"_links":{"self":[{"href":"https:\/\/agora.xtec.cat\/escolafalguera\/wp-json\/wp\/v2\/pages\/1722","targetHints":{"allow":["GET"]}}],"collection":[{"href":"https:\/\/agora.xtec.cat\/escolafalguera\/wp-json\/wp\/v2\/pages"}],"about":[{"href":"https:\/\/agora.xtec.cat\/escolafalguera\/wp-json\/wp\/v2\/types\/page"}],"author":[{"embeddable":true,"href":"https:\/\/agora.xtec.cat\/escolafalguera\/wp-json\/wp\/v2\/users\/1"}],"replies":[{"embeddable":true,"href":"https:\/\/agora.xtec.cat\/escolafalguera\/wp-json\/wp\/v2\/comments?post=1722"}],"version-history":[{"count":6,"href":"https:\/\/agora.xtec.cat\/escolafalguera\/wp-json\/wp\/v2\/pages\/1722\/revisions"}],"predecessor-version":[{"id":4121,"href":"https:\/\/agora.xtec.cat\/escolafalguera\/wp-json\/wp\/v2\/pages\/1722\/revisions\/4121"}],"up":[{"embeddable":true,"href":"https:\/\/agora.xtec.cat\/escolafalguera\/wp-json\/wp\/v2\/pages\/66"}],"wp:attachment":[{"href":"https:\/\/agora.xtec.cat\/escolafalguera\/wp-json\/wp\/v2\/media?parent=1722"}],"curies":[{"name":"wp","href":"https:\/\/api.w.org\/{rel}","templated":true}]}}