{"id":1699,"date":"2023-02-02T22:32:48","date_gmt":"2023-02-02T21:32:48","guid":{"rendered":"https:\/\/agora.xtec.cat\/escolafalguera\/?page_id=1699"},"modified":"2025-01-24T01:14:07","modified_gmt":"2025-01-24T00:14:07","slug":"edc","status":"publish","type":"page","link":"https:\/\/agora.xtec.cat\/escolafalguera\/del-projecte\/edc\/","title":{"rendered":"Estrat\u00e8gia Digital de Centre"},"content":{"rendered":"<h3><img loading=\"lazy\" decoding=\"async\" class=\"aligncenter size-large wp-image-1759\" src=\"https:\/\/agora.xtec.cat\/escolafalguera\/wp-content\/uploads\/usu2427\/2023\/06\/Captura-de-pantalla-2023-06-06-a-las-1.02.04-1024x89.png\" alt=\"\" width=\"1024\" height=\"89\" srcset=\"https:\/\/agora.xtec.cat\/escolafalguera\/wp-content\/uploads\/usu2427\/2023\/06\/Captura-de-pantalla-2023-06-06-a-las-1.02.04-1024x89.png 1024w, https:\/\/agora.xtec.cat\/escolafalguera\/wp-content\/uploads\/usu2427\/2023\/06\/Captura-de-pantalla-2023-06-06-a-las-1.02.04-300x26.png 300w, https:\/\/agora.xtec.cat\/escolafalguera\/wp-content\/uploads\/usu2427\/2023\/06\/Captura-de-pantalla-2023-06-06-a-las-1.02.04-768x67.png 768w, https:\/\/agora.xtec.cat\/escolafalguera\/wp-content\/uploads\/usu2427\/2023\/06\/Captura-de-pantalla-2023-06-06-a-las-1.02.04-1536x133.png 1536w, https:\/\/agora.xtec.cat\/escolafalguera\/wp-content\/uploads\/usu2427\/2023\/06\/Captura-de-pantalla-2023-06-06-a-las-1.02.04-2048x178.png 2048w\" sizes=\"auto, (max-width: 1024px) 100vw, 1024px\" \/><\/h3>\n<p><img loading=\"lazy\" decoding=\"async\" class=\"alignleft size-medium wp-image-1768\" src=\"https:\/\/agora.xtec.cat\/escolafalguera\/wp-content\/uploads\/usu2427\/2023\/06\/intro-215x300.jpg\" alt=\"\" width=\"215\" height=\"300\" srcset=\"https:\/\/agora.xtec.cat\/escolafalguera\/wp-content\/uploads\/usu2427\/2023\/06\/intro-215x300.jpg 215w, https:\/\/agora.xtec.cat\/escolafalguera\/wp-content\/uploads\/usu2427\/2023\/06\/intro.jpg 437w\" sizes=\"auto, (max-width: 215px) 100vw, 215px\" \/><\/p>\n<h2>L&#8217;Escola Digitalment Ordenada<\/h2>\n<h6 class=\"CjVfdc\"><span class=\"C9DxTc \">Informaci\u00f3 del centre: <\/span><span class=\"C9DxTc \">Escola Falguera <\/span><span class=\"C9DxTc \">(Titularitat p\u00fablica), <\/span><span class=\"C9DxTc \">Codi: 08026221; c<\/span><span class=\"C9DxTc \">arrer Sant Josep 97-101, <\/span><span class=\"C9DxTc \">08980<\/span> Sant Feliu de Llobregat; <span class=\"C9DxTc \">Tel: <\/span><span class=\"C9DxTc \">93 666 17 53<\/span><span class=\"C9DxTc \">, <\/span><span class=\"C9DxTc \">Contacte: <\/span><a href=\"mailto:escolafalguera@xtec.cat\" target=\"_blank\" rel=\"noopener\"><span class=\"C9DxTc \">escolafalguera@xtec.cat<\/span><span class=\"C9DxTc \">\u00a0<\/span><\/a><\/h6>\n<h6 dir=\"ltr\">Youtube: <a href=\"https:\/\/www.youtube.com\/@EscolaFalguera\" target=\"_blank\" rel=\"noopener\">https:\/\/www.youtube.com\/@EscolaFalguera<\/a><span class=\"\"><span class=\"\">\u00a0<\/span><span class=\"C9DxTc \">(994 subscriptors, 343 v\u00eddeos en el moment de publicaci\u00f3 d&#8217;aquesta p\u00e0gina EDC)<\/span><\/span><\/h6>\n<h6 class=\"zfr3Q CDt4Ke \" dir=\"ltr\"><span class=\"C9DxTc \">Twitter: <a href=\"https:\/\/twitter.com\/EscolaFalguera\" target=\"_blank\" rel=\"noopener\">@EscolaFalguera<\/a> (664 seguidors, 2907 tuits en el moment de publicaci\u00f3 d&#8217;aquesta p\u00e0gina EDC)<\/span><\/h6>\n<h6 dir=\"ltr\">Flickr: <a href=\"https:\/\/www.flickr.com\/photos\/escolafalguera\/albums\" target=\"_blank\" rel=\"noopener\">escolafalguera\/albums<\/a>\u00a0(46,977 fotos <span class=\"C9DxTc \">en el moment de publicaci\u00f3 d&#8217;aquesta p\u00e0gina EDC)<\/span><\/h6>\n<h6 dir=\"ltr\">Instagram: <a href=\"https:\/\/www.instagram.com\/escolafalguera\/\" target=\"_blank\" rel=\"noopener\">@escolafalguera<\/a> <span class=\"\"><span class=\"C9DxTc \">(877 subscriptors, 1420 publicacions en el moment de publicaci\u00f3 d&#8217;aquesta p\u00e0gina EDC)<\/span><\/span><\/h6>\n<h6>Edat de la nova p\u00e0gina: 1 any (48.895 visitants en el moment de publicaci\u00f3 d&#8217;aquesta p\u00e0gina EDC)<\/h6>\n<p>La p\u00e0gina antiga va tenir molt\u00edsimes visites i era molt ben valorada, per\u00f2 v\u00e0rem decidir fer el canvi cap a l&#8217;espai NODES. Per\u00f2 li donarem a aquesta nova p\u00e0gina una identitat i caracter\u00edstiques que la facin \u00fanica.<\/p>\n<h6 dir=\"ltr\"><\/h6>\n<h4>Iniciem el Pla per elaborar la nostra Estrat\u00e8gia Digital de Centre (EDC)<\/h4>\n<p>L\u2019Estrat\u00e8gia Digital de Centre (EDC) recull totes les accions que es realitzen a l&#8217;Escola Falguera per aconseguir l&#8217;assoliment de la compet\u00e8ncia digital de l\u2019alumnat, del professorat i del centre educatiu. D&#8217;acord amb el Pla d\u2019educaci\u00f3 digital de Catalunya (PEDC), des del centre volem donar resposta a la necessitat d\u2019assolir la fita d\u2019una societat digitalment competent, fent \u00e8mfasi en l\u2019equitat i tenint en compte l\u2019evoluci\u00f3 del context social i tecnol\u00f2gic.<br \/>\nL\u2019EDC t\u00e9, b\u00e0sicament dues parts. Una primera part que \u00e9s l&#8217;estrat\u00e8gica (diagn\u00f2si, objectius, planificaci\u00f3 amb les seves activitats i avaluaci\u00f3 de la mateixa), on es defineix quina \u00e9s la visi\u00f3 del centre i quins s\u00f3n els objectius que ens plantegem pr\u00e8via diagnosi del centre.<br \/>\nLa segona part mostra la cultura digital, on es van recollint els acords, documents, protocols, etc&#8230; que ja es duen a terme a l&#8217;escola.<br \/>\nLa Comissi\u00f3 d&#8217;Estrat\u00e8gia Digital de Centre (CEDC) a l&#8217;Escola Falguera \u00e9s l&#8217;encarregada de definir i implementar l\u2019estrat\u00e8gia que vol seguir el centre en relaci\u00f3 amb les tecnologies digitals, amb l\u2019objectiu que l\u2019alumnat, els docents i el centre assoleixin el nivell m\u00e9s alt possible de maduresa i compet\u00e8ncia digital des d\u2019una perspectiva d\u2019innovaci\u00f3 i de millora cont\u00ednues.<\/p>\n<p><a href=\"https:\/\/projectes.xtec.cat\/edc-suport\/wp-content\/uploads\/usu2435\/2021\/03\/1_Qu\u00e8-\u00e9s-lEDC_v3.pdf\" target=\"_blank\" rel=\"noopener\"><img loading=\"lazy\" decoding=\"async\" class=\"aligncenter wp-image-1971 size-full\" src=\"https:\/\/agora.xtec.cat\/escolafalguera\/wp-content\/uploads\/usu2427\/2023\/06\/Captura-de-pantalla-2023-06-19-a-las-20.18.45.png\" alt=\"\" width=\"2778\" height=\"1721\" srcset=\"https:\/\/agora.xtec.cat\/escolafalguera\/wp-content\/uploads\/usu2427\/2023\/06\/Captura-de-pantalla-2023-06-19-a-las-20.18.45.png 2778w, https:\/\/agora.xtec.cat\/escolafalguera\/wp-content\/uploads\/usu2427\/2023\/06\/Captura-de-pantalla-2023-06-19-a-las-20.18.45-300x186.png 300w, https:\/\/agora.xtec.cat\/escolafalguera\/wp-content\/uploads\/usu2427\/2023\/06\/Captura-de-pantalla-2023-06-19-a-las-20.18.45-1024x634.png 1024w, https:\/\/agora.xtec.cat\/escolafalguera\/wp-content\/uploads\/usu2427\/2023\/06\/Captura-de-pantalla-2023-06-19-a-las-20.18.45-768x476.png 768w, https:\/\/agora.xtec.cat\/escolafalguera\/wp-content\/uploads\/usu2427\/2023\/06\/Captura-de-pantalla-2023-06-19-a-las-20.18.45-1536x952.png 1536w, https:\/\/agora.xtec.cat\/escolafalguera\/wp-content\/uploads\/usu2427\/2023\/06\/Captura-de-pantalla-2023-06-19-a-las-20.18.45-2048x1269.png 2048w\" sizes=\"auto, (max-width: 2778px) 100vw, 2778px\" \/><\/a><\/p>\n<p><a href=\"https:\/\/projectes.xtec.cat\/edc-suport\/wp-content\/uploads\/usu2435\/2021\/03\/2_Qu\u00e8-\u00e9s-la-Cultura-digital-dun-centre_v3.pdf\" target=\"_blank\" rel=\"noopener\"><img loading=\"lazy\" decoding=\"async\" class=\"aligncenter wp-image-1972 size-full\" src=\"https:\/\/agora.xtec.cat\/escolafalguera\/wp-content\/uploads\/usu2427\/2023\/06\/Captura-de-pantalla-2023-06-19-a-las-20.19.00.png\" alt=\"\" width=\"2741\" height=\"1689\" srcset=\"https:\/\/agora.xtec.cat\/escolafalguera\/wp-content\/uploads\/usu2427\/2023\/06\/Captura-de-pantalla-2023-06-19-a-las-20.19.00.png 2741w, https:\/\/agora.xtec.cat\/escolafalguera\/wp-content\/uploads\/usu2427\/2023\/06\/Captura-de-pantalla-2023-06-19-a-las-20.19.00-300x185.png 300w, https:\/\/agora.xtec.cat\/escolafalguera\/wp-content\/uploads\/usu2427\/2023\/06\/Captura-de-pantalla-2023-06-19-a-las-20.19.00-1024x631.png 1024w, https:\/\/agora.xtec.cat\/escolafalguera\/wp-content\/uploads\/usu2427\/2023\/06\/Captura-de-pantalla-2023-06-19-a-las-20.19.00-768x473.png 768w, https:\/\/agora.xtec.cat\/escolafalguera\/wp-content\/uploads\/usu2427\/2023\/06\/Captura-de-pantalla-2023-06-19-a-las-20.19.00-1536x946.png 1536w, https:\/\/agora.xtec.cat\/escolafalguera\/wp-content\/uploads\/usu2427\/2023\/06\/Captura-de-pantalla-2023-06-19-a-las-20.19.00-2048x1262.png 2048w\" sizes=\"auto, (max-width: 2741px) 100vw, 2741px\" \/><\/a><\/p>\n<p><a href=\"https:\/\/projectes.xtec.cat\/edc-suport\/wp-content\/uploads\/usu2435\/2021\/03\/3_Fases-de-lEDC_v3.pdf\" target=\"_blank\" rel=\"noopener\"><img loading=\"lazy\" decoding=\"async\" class=\"aligncenter wp-image-1970 size-full\" src=\"https:\/\/agora.xtec.cat\/escolafalguera\/wp-content\/uploads\/usu2427\/2023\/06\/Captura-de-pantalla-2023-06-19-a-las-20.19.11.png\" alt=\"\" width=\"2789\" height=\"1753\" srcset=\"https:\/\/agora.xtec.cat\/escolafalguera\/wp-content\/uploads\/usu2427\/2023\/06\/Captura-de-pantalla-2023-06-19-a-las-20.19.11.png 2789w, https:\/\/agora.xtec.cat\/escolafalguera\/wp-content\/uploads\/usu2427\/2023\/06\/Captura-de-pantalla-2023-06-19-a-las-20.19.11-300x189.png 300w, https:\/\/agora.xtec.cat\/escolafalguera\/wp-content\/uploads\/usu2427\/2023\/06\/Captura-de-pantalla-2023-06-19-a-las-20.19.11-1024x644.png 1024w, https:\/\/agora.xtec.cat\/escolafalguera\/wp-content\/uploads\/usu2427\/2023\/06\/Captura-de-pantalla-2023-06-19-a-las-20.19.11-768x483.png 768w, https:\/\/agora.xtec.cat\/escolafalguera\/wp-content\/uploads\/usu2427\/2023\/06\/Captura-de-pantalla-2023-06-19-a-las-20.19.11-1536x965.png 1536w, https:\/\/agora.xtec.cat\/escolafalguera\/wp-content\/uploads\/usu2427\/2023\/06\/Captura-de-pantalla-2023-06-19-a-las-20.19.11-2048x1287.png 2048w\" sizes=\"auto, (max-width: 2789px) 100vw, 2789px\" \/><\/a><\/p>\n<h5>Qu\u00e8 \u00e9s l&#8217;Estrat\u00e8gia Digital de l\u2019escola Falguera?<\/h5>\n<p>L&#8217;EDC de l\u2019escola Falguera \u00e9s un document que explica com fem servir els aparells tecnol\u00f2gics aqu\u00ed a l\u2019escola i com aprenem moltes m\u00e9s habilitats digitals.<\/p>\n<p>Ajuda a planificar i aconseguir els objectius de ser uns experts digitals tots qui formem part de l\u2019escola: els i les alumnes, mestres i fam\u00edlies.<\/p>\n<p>L&#8217;estrat\u00e8gia t\u00e9 dues parts: una part que diu qu\u00e8 volem fer en un futur proper i una part que recull les coses digitals que ja estem fent fa molt de temps!<\/p>\n<p>A la primera part, per fer aquesta estrat\u00e8gia digital de la nostra escola, hem passat per tres fases: a\u00a0la primera fase, ens hem mirat b\u00e9 i ens hem fet preguntes per veure com d&#8217;experts som en tecnologia utilitzant una eina de diagn\u00f2stic que es diu Selfie de centre i que despr\u00e9s t\u2019explicarem. Aquestes preguntes les vam fer a l\u2019escola durant el mes de febrer d\u2019aquest curs. Despr\u00e9s, a la segona fase, hem decidit qu\u00e8 volem aconseguir i ho hem apuntat com a objectius. Els objectius estan fets a partir dels punts forts i punts febles a partir de la diagnosi. Finalment hem plantejat quines coses concretes farem per aconseguir aquests objectius. \u00c9s molt important veure qu\u00e8 fem b\u00e9 i qu\u00e8 podem millorar. L&#8217;estrat\u00e8gia la farem durant uns tres o quatre anys, i durant aquest temps anem fent coses concretes i veiem si funcionen. Tamb\u00e9 ha de canviar i adaptar-se a mesura que anem aprenent i millorant entre tots i totes.<\/p>\n<p>La segona part de l&#8217;estrat\u00e8gia digital recull els documents amb totes les coses digitals que ja fem a l&#8217;escola Falguera (que s\u00f3n moltes!). Hi ha coses com els llibres digitals, els serveis que fem servir a l&#8217;ordinador, la rob\u00f2tica,&#8230;<\/p>\n<p>En conclusi\u00f3, l&#8217;estrat\u00e8gia vol dir que aprenem a fer les coses de manera organitzada, amb un m\u00e8tode que ens ajuda a millorar, amb coses interessants que estan dins el que fem i que ens ajuden a parlar i comunicar-nos millor. I tot aix\u00f2 \u00e9s perqu\u00e8 siguem experts digitals i estiguem preparats per a un futur tecnol\u00f2gic.<\/p>\n<h3><span style=\"color: #000000;\">I seguim a:<\/span> <a href=\"https:\/\/agora.xtec.cat\/escolafalguera\/edc\/diagnosi\/\">Diagnosi<\/a><\/h3>\n","protected":false},"excerpt":{"rendered":"<p>L&#8217;Escola Digitalment Ordenada<br \/>\nInformaci\u00f3 del centre: Escola Falguera (Titularitat p\u00fablica), Codi: 08026221; carrer Sant Josep 97-101, 08980 Sant Feliu de Llobregat; Tel: 93 666 17 53, Contacte: <a href=\"mailto:escolafalguera@xtec.cat\" target=\"_blank\" rel=\"noopener\">escolafalguera@xtec.cat\u00a0<\/a><br \/>\nYoutube: <a href=\"https:\/\/www.youtube.com\/@EscolaFalguera\" target=\"_blank\" rel=\"noopener\">https:\/\/www.youtube.com\/@EscolaFalguera<\/a>\u00a0(994 subscriptors, 343 v\u00eddeos en el moment de publicaci\u00f3 d&#8217;aquesta p\u00e0gina EDC)<br \/>\nTwitter:&hellip;  <a href=\"https:\/\/agora.xtec.cat\/escolafalguera\/del-projecte\/edc\/\" title=\"Read Estrat\u00e8gia Digital de Centre\">Llegeix m\u00e9s\u00bb<\/a><\/p>\n","protected":false},"author":1,"featured_media":0,"parent":66,"menu_order":130,"comment_status":"closed","ping_status":"closed","template":"","meta":{"_bbp_topic_count":0,"_bbp_reply_count":0,"_bbp_total_topic_count":0,"_bbp_total_reply_count":0,"_bbp_voice_count":0,"_bbp_anonymous_reply_count":0,"_bbp_topic_count_hidden":0,"_bbp_reply_count_hidden":0,"_bbp_forum_subforum_count":0,"footnotes":""},"class_list":["post-1699","page","type-page","status-publish","hentry"],"post_mailing_queue_ids":[],"_links":{"self":[{"href":"https:\/\/agora.xtec.cat\/escolafalguera\/wp-json\/wp\/v2\/pages\/1699","targetHints":{"allow":["GET"]}}],"collection":[{"href":"https:\/\/agora.xtec.cat\/escolafalguera\/wp-json\/wp\/v2\/pages"}],"about":[{"href":"https:\/\/agora.xtec.cat\/escolafalguera\/wp-json\/wp\/v2\/types\/page"}],"author":[{"embeddable":true,"href":"https:\/\/agora.xtec.cat\/escolafalguera\/wp-json\/wp\/v2\/users\/1"}],"replies":[{"embeddable":true,"href":"https:\/\/agora.xtec.cat\/escolafalguera\/wp-json\/wp\/v2\/comments?post=1699"}],"version-history":[{"count":4,"href":"https:\/\/agora.xtec.cat\/escolafalguera\/wp-json\/wp\/v2\/pages\/1699\/revisions"}],"predecessor-version":[{"id":2739,"href":"https:\/\/agora.xtec.cat\/escolafalguera\/wp-json\/wp\/v2\/pages\/1699\/revisions\/2739"}],"up":[{"embeddable":true,"href":"https:\/\/agora.xtec.cat\/escolafalguera\/wp-json\/wp\/v2\/pages\/66"}],"wp:attachment":[{"href":"https:\/\/agora.xtec.cat\/escolafalguera\/wp-json\/wp\/v2\/media?parent=1699"}],"curies":[{"name":"wp","href":"https:\/\/api.w.org\/{rel}","templated":true}]}}