{"id":737,"date":"2020-07-06T18:12:39","date_gmt":"2020-07-06T16:12:39","guid":{"rendered":"https:\/\/agora.xtec.cat\/escolaeuropa\/?page_id=737"},"modified":"2020-07-06T18:22:27","modified_gmt":"2020-07-06T16:22:27","slug":"internet-segura","status":"publish","type":"page","link":"https:\/\/agora.xtec.cat\/escolaeuropa\/projecte-educatiu\/internet-segura\/","title":{"rendered":"Internet Segura"},"content":{"rendered":"<p>Amb la col\u00b7laboraci\u00f3 dels <strong>Mossos d&#8217;Esquadra<\/strong> de Salou.<\/p>\n<p>Es tracta d&#8217;unes <strong>xerrades orientades a les fam\u00edlies<\/strong> de l&#8217;escola on es posen de manifest els perills d&#8217;un \u00fas inadequat de les <strong>xarxes socials<\/strong>. Donat que els alumnes de cicle superior comencen a entrar en contacte amb les xarxes socials, es fa molt \u00fatil i necessari orientar als pares i mares en aquest repte de conviure amb aquestes aplicacions.<\/p>\n<p><a href=\"https:\/\/internetsegura.cat\/habits-ciber-saludables\/\" target=\"_blank\" rel=\"noopener noreferrer\"><img loading=\"lazy\" decoding=\"async\" class=\"aligncenter wp-image-738\" src=\"https:\/\/agora.xtec.cat\/escolaeuropa\/wp-content\/uploads\/usu2148\/2020\/07\/cibersaludables.jpg\" alt=\"\" width=\"267\" height=\"267\" srcset=\"https:\/\/agora.xtec.cat\/escolaeuropa\/wp-content\/uploads\/usu2148\/2020\/07\/cibersaludables.jpg 750w, https:\/\/agora.xtec.cat\/escolaeuropa\/wp-content\/uploads\/usu2148\/2020\/07\/cibersaludables-150x150.jpg 150w, https:\/\/agora.xtec.cat\/escolaeuropa\/wp-content\/uploads\/usu2148\/2020\/07\/cibersaludables-300x300.jpg 300w\" sizes=\"auto, (max-width: 267px) 100vw, 267px\" \/><\/a><\/p>\n<p style=\"text-align: center;\">En aquest enlla\u00e7 de <a href=\"https:\/\/internetsegura.cat\/\">INTERNETSEGURA.CAT<\/a> podeu informar-vos i orientar-vos en temes de ciberseguretat per als vostres fills i filles.<\/p>\n<p>&nbsp;<\/p>\n<p style=\"text-align: center;\"><strong>CLIQUEU<\/strong> al Mussol i trobareu activitats d&#8217;internet segura.<\/p>\n<p><a href=\"http:\/\/www.edu365.cat\/internetsegura\/index.html\" target=\"_blank\" rel=\"noopener noreferrer\"><img loading=\"lazy\" decoding=\"async\" class=\"wp-image-742 size-full aligncenter\" src=\"https:\/\/agora.xtec.cat\/escolaeuropa\/wp-content\/uploads\/usu2148\/2020\/07\/edu365.png\" alt=\"\" width=\"300\" height=\"80\" \/><\/a><\/p>\n","protected":false},"excerpt":{"rendered":"<p>Amb la col\u00b7laboraci\u00f3 dels Mossos d&#8217;Esquadra de Salou. Es tracta d&#8217;unes xerrades orientades a les fam\u00edlies de l&#8217;escola on es posen de manifest els perills d&#8217;un \u00fas inadequat de les xarxes socials. Donat que els alumnes de cicle superior comencen a entrar en contacte amb les xarxes socials, es fa molt \u00fatil i necessari orientar [&hellip;]<\/p>\n","protected":false},"author":3,"featured_media":0,"parent":64,"menu_order":0,"comment_status":"closed","ping_status":"closed","template":"page-templates\/side-menu.php","meta":{"_bbp_topic_count":0,"_bbp_reply_count":0,"_bbp_total_topic_count":0,"_bbp_total_reply_count":0,"_bbp_voice_count":0,"_bbp_anonymous_reply_count":0,"_bbp_topic_count_hidden":0,"_bbp_reply_count_hidden":0,"_bbp_forum_subforum_count":0,"site-sidebar-layout":"default","site-content-layout":"","ast-site-content-layout":"","site-content-style":"default","site-sidebar-style":"default","ast-global-header-display":"","ast-banner-title-visibility":"","ast-main-header-display":"","ast-hfb-above-header-display":"","ast-hfb-below-header-display":"","ast-hfb-mobile-header-display":"","site-post-title":"","ast-breadcrumbs-content":"","ast-featured-img":"","footer-sml-layout":"","theme-transparent-header-meta":"","adv-header-id-meta":"","stick-header-meta":"","header-above-stick-meta":"","header-main-stick-meta":"","header-below-stick-meta":"","astra-migrate-meta-layouts":"default","ast-page-background-enabled":"default","ast-page-background-meta":{"desktop":{"background-color":"var(--ast-global-color-4)","background-image":"","background-repeat":"repeat","background-position":"center center","background-size":"auto","background-attachment":"scroll","background-type":"","background-media":"","overlay-type":"","overlay-color":"","overlay-opacity":"","overlay-gradient":""},"tablet":{"background-color":"","background-image":"","background-repeat":"repeat","background-position":"center center","background-size":"auto","background-attachment":"scroll","background-type":"","background-media":"","overlay-type":"","overlay-color":"","overlay-opacity":"","overlay-gradient":""},"mobile":{"background-color":"","background-image":"","background-repeat":"repeat","background-position":"center center","background-size":"auto","background-attachment":"scroll","background-type":"","background-media":"","overlay-type":"","overlay-color":"","overlay-opacity":"","overlay-gradient":""}},"ast-content-background-meta":{"desktop":{"background-color":"var(--ast-global-color-5)","background-image":"","background-repeat":"repeat","background-position":"center center","background-size":"auto","background-attachment":"scroll","background-type":"","background-media":"","overlay-type":"","overlay-color":"","overlay-opacity":"","overlay-gradient":""},"tablet":{"background-color":"var(--ast-global-color-5)","background-image":"","background-repeat":"repeat","background-position":"center center","background-size":"auto","background-attachment":"scroll","background-type":"","background-media":"","overlay-type":"","overlay-color":"","overlay-opacity":"","overlay-gradient":""},"mobile":{"background-color":"var(--ast-global-color-5)","background-image":"","background-repeat":"repeat","background-position":"center center","background-size":"auto","background-attachment":"scroll","background-type":"","background-media":"","overlay-type":"","overlay-color":"","overlay-opacity":"","overlay-gradient":""}},"footnotes":""},"class_list":["post-737","page","type-page","status-publish","hentry"],"post_mailing_queue_ids":[],"_links":{"self":[{"href":"https:\/\/agora.xtec.cat\/escolaeuropa\/wp-json\/wp\/v2\/pages\/737","targetHints":{"allow":["GET"]}}],"collection":[{"href":"https:\/\/agora.xtec.cat\/escolaeuropa\/wp-json\/wp\/v2\/pages"}],"about":[{"href":"https:\/\/agora.xtec.cat\/escolaeuropa\/wp-json\/wp\/v2\/types\/page"}],"author":[{"embeddable":true,"href":"https:\/\/agora.xtec.cat\/escolaeuropa\/wp-json\/wp\/v2\/users\/3"}],"replies":[{"embeddable":true,"href":"https:\/\/agora.xtec.cat\/escolaeuropa\/wp-json\/wp\/v2\/comments?post=737"}],"version-history":[{"count":4,"href":"https:\/\/agora.xtec.cat\/escolaeuropa\/wp-json\/wp\/v2\/pages\/737\/revisions"}],"predecessor-version":[{"id":747,"href":"https:\/\/agora.xtec.cat\/escolaeuropa\/wp-json\/wp\/v2\/pages\/737\/revisions\/747"}],"up":[{"embeddable":true,"href":"https:\/\/agora.xtec.cat\/escolaeuropa\/wp-json\/wp\/v2\/pages\/64"}],"wp:attachment":[{"href":"https:\/\/agora.xtec.cat\/escolaeuropa\/wp-json\/wp\/v2\/media?parent=737"}],"curies":[{"name":"wp","href":"https:\/\/api.w.org\/{rel}","templated":true}]}}