{"id":731,"date":"2020-07-06T17:58:11","date_gmt":"2020-07-06T15:58:11","guid":{"rendered":"https:\/\/agora.xtec.cat\/escolaeuropa\/?page_id=731"},"modified":"2020-07-06T18:00:44","modified_gmt":"2020-07-06T16:00:44","slug":"no-passis-de-roda-a-roda","status":"publish","type":"page","link":"https:\/\/agora.xtec.cat\/escolaeuropa\/projecte-educatiu\/no-passis-de-roda-a-roda\/","title":{"rendered":"No passis de Roda a Roda"},"content":{"rendered":"<p>L&#8217;escola Europa participa en unes jornades de sensibiltatzaci\u00f3 juntament amb la Federaci\u00f3 Mestral.<\/p>\n<p><strong>La Federaci\u00f3 MESTRAL \u2013 COCEMFE TARRAGONA<\/strong>\u00a0\u00e9s una federaci\u00f3 de diferents associacions que treballen per millorar la qualitat de vida de persones amb discapacitats d\u2019origen f\u00edsic i\/o org\u00e0nic a les comarques de Tarragona.<\/p>\n<p>De les diferents activitats que ofereix els nostres alumnes de cicle superior participen en <strong>No passis de Roda a Roda. <\/strong><\/p>\n<p class=\"rtejustify\"><strong>&#8216;No Passis de Roda a Roda&#8217;<\/strong>\u00a0organitzat per la\u00a0Lliga d&#8217;Afectats Reumatol\u00f2gics,\u00a0en col\u00b7laboraci\u00f3 amb la Federaci\u00f3 MESTRAL-Cocemfe Tarragona. \u00c9s un programa \u00a0dirigit a la comunitat educativa en el que es\u00a0<strong>consciencia a l\u2019alumnat en el civisme i proactivitat envers a les persones amb discapacitats<\/strong>\u00a0f\u00edsiques i\/o org\u00e0niques i la seva situaci\u00f3, amb xerrades informatives i orientatives per la prevenci\u00f3 d\u2019accidents en tots els \u00e0mbits.<\/p>\n<p class=\"rtejustify\">El programa inclou activitats participatives d\u2019esport com el b\u00e0squet amb cadira de rodes, jocs o circuits en els que es posa en pr\u00e0ctica i de manifest la problem\u00e0tica i limitaci\u00f3 que suposen les barrers arquitect\u00f2niques.<\/p>\n<div class=\"rtejustify\"><\/div>\n<h3 class=\"rtejustify\">Seq\u00fcenciaci\u00f3 de l&#8217;activitat<\/h3>\n<div class=\"rtejustify\">\n<p><u><strong>Part te\u00f2rica:<\/strong><\/u><\/p>\n<p>Xerrada interactiva per part de dos monitors amb discapacitat f\u00edsica sobre el que comporta anar en cadira de rodes, la prevenci\u00f3 d&#8217;accidents i sobre les seves viv\u00e8ncies. En aquest apartat els alumnes poden preguntar als monitors els seus dubtes.<\/p>\n<p><a href=\"https:\/\/agora.xtec.cat\/escolaeuropa\/wp-content\/uploads\/usu2148\/2020\/07\/roda-a-roda.jpg\"><img loading=\"lazy\" decoding=\"async\" class=\"alignnone wp-image-732\" src=\"https:\/\/agora.xtec.cat\/escolaeuropa\/wp-content\/uploads\/usu2148\/2020\/07\/roda-a-roda-1024x768.jpg\" alt=\"\" width=\"720\" height=\"540\" srcset=\"https:\/\/agora.xtec.cat\/escolaeuropa\/wp-content\/uploads\/usu2148\/2020\/07\/roda-a-roda-1024x768.jpg 1024w, https:\/\/agora.xtec.cat\/escolaeuropa\/wp-content\/uploads\/usu2148\/2020\/07\/roda-a-roda-300x225.jpg 300w, https:\/\/agora.xtec.cat\/escolaeuropa\/wp-content\/uploads\/usu2148\/2020\/07\/roda-a-roda-768x576.jpg 768w, https:\/\/agora.xtec.cat\/escolaeuropa\/wp-content\/uploads\/usu2148\/2020\/07\/roda-a-roda-200x150.jpg 200w, https:\/\/agora.xtec.cat\/escolaeuropa\/wp-content\/uploads\/usu2148\/2020\/07\/roda-a-roda.jpg 1227w\" sizes=\"auto, (max-width: 720px) 100vw, 720px\" \/><\/a><\/p>\n<p><u><strong>Part pr\u00e0ctica:<\/strong><\/u><\/p>\n<p>Circuit de detecci\u00f3 de barreres arquitect\u00f2niques per el centre educatiu i pr\u00e0ctica d\u2019un esport unificat (b\u00e0squet, boccia, tennis taula&#8230;)<\/p>\n<p><a href=\"https:\/\/agora.xtec.cat\/escolaeuropa\/wp-content\/uploads\/usu2148\/2020\/07\/roda-a-roda1.jpg\"><img loading=\"lazy\" decoding=\"async\" class=\"alignnone size-large wp-image-733\" src=\"https:\/\/agora.xtec.cat\/escolaeuropa\/wp-content\/uploads\/usu2148\/2020\/07\/roda-a-roda1-1024x768.jpg\" alt=\"\" width=\"1024\" height=\"768\" srcset=\"https:\/\/agora.xtec.cat\/escolaeuropa\/wp-content\/uploads\/usu2148\/2020\/07\/roda-a-roda1-1024x768.jpg 1024w, https:\/\/agora.xtec.cat\/escolaeuropa\/wp-content\/uploads\/usu2148\/2020\/07\/roda-a-roda1-300x225.jpg 300w, https:\/\/agora.xtec.cat\/escolaeuropa\/wp-content\/uploads\/usu2148\/2020\/07\/roda-a-roda1-768x576.jpg 768w, https:\/\/agora.xtec.cat\/escolaeuropa\/wp-content\/uploads\/usu2148\/2020\/07\/roda-a-roda1-200x150.jpg 200w, https:\/\/agora.xtec.cat\/escolaeuropa\/wp-content\/uploads\/usu2148\/2020\/07\/roda-a-roda1.jpg 1227w\" sizes=\"auto, (max-width: 1024px) 100vw, 1024px\" \/><\/a><\/p>\n<p><u><strong>Activitats complement\u00e0ries<\/strong><\/u><\/p>\n<p>Dins del programa &#8216;No Passis de Roda a Roda&#8217; se celebra cada any un\u00a0concurs fotogr\u00e0fic i literari\u00a0amb els alumnes que hi han participat. En aquest concurs hi ha diferents modalitats de participaci\u00f3:<\/p>\n<ul>\n<li><strong>Experi\u00e8ncia fotogr\u00e0fica<\/strong>: concurs de fotografies de tem\u00e0tica d\u2019imatges que tinguin a veure amb la discapacitat: vida di\u00e0ria, esport, barreres arquitect\u00f2niques<\/li>\n<li><strong>Certamen literari<\/strong>: recull de contes sobre temes relacionats amb la discapacitat<\/li>\n<li><strong>Recull de frases i reflexions\u00a0<\/strong>sobre el m\u00f3n de la discapacitat<\/li>\n<\/ul>\n<p>En acabar el curs es realitza el lliurament de premis i s&#8217;edita un llibre on es recullen les fotografies, contes i frases dels alumnes.<\/p>\n<\/div>\n","protected":false},"excerpt":{"rendered":"<p>L&#8217;escola Europa participa en unes jornades de sensibiltatzaci\u00f3 juntament amb la Federaci\u00f3 Mestral. La Federaci\u00f3 MESTRAL \u2013 COCEMFE TARRAGONA\u00a0\u00e9s una federaci\u00f3 de diferents associacions que treballen per millorar la qualitat de vida de persones amb discapacitats d\u2019origen f\u00edsic i\/o org\u00e0nic a les comarques de Tarragona. De les diferents activitats que ofereix els nostres alumnes de [&hellip;]<\/p>\n","protected":false},"author":3,"featured_media":0,"parent":64,"menu_order":0,"comment_status":"closed","ping_status":"closed","template":"page-templates\/side-menu.php","meta":{"_bbp_topic_count":0,"_bbp_reply_count":0,"_bbp_total_topic_count":0,"_bbp_total_reply_count":0,"_bbp_voice_count":0,"_bbp_anonymous_reply_count":0,"_bbp_topic_count_hidden":0,"_bbp_reply_count_hidden":0,"_bbp_forum_subforum_count":0,"site-sidebar-layout":"default","site-content-layout":"","ast-site-content-layout":"","site-content-style":"default","site-sidebar-style":"default","ast-global-header-display":"","ast-banner-title-visibility":"","ast-main-header-display":"","ast-hfb-above-header-display":"","ast-hfb-below-header-display":"","ast-hfb-mobile-header-display":"","site-post-title":"","ast-breadcrumbs-content":"","ast-featured-img":"","footer-sml-layout":"","theme-transparent-header-meta":"","adv-header-id-meta":"","stick-header-meta":"","header-above-stick-meta":"","header-main-stick-meta":"","header-below-stick-meta":"","astra-migrate-meta-layouts":"default","ast-page-background-enabled":"default","ast-page-background-meta":{"desktop":{"background-color":"var(--ast-global-color-4)","background-image":"","background-repeat":"repeat","background-position":"center center","background-size":"auto","background-attachment":"scroll","background-type":"","background-media":"","overlay-type":"","overlay-color":"","overlay-opacity":"","overlay-gradient":""},"tablet":{"background-color":"","background-image":"","background-repeat":"repeat","background-position":"center center","background-size":"auto","background-attachment":"scroll","background-type":"","background-media":"","overlay-type":"","overlay-color":"","overlay-opacity":"","overlay-gradient":""},"mobile":{"background-color":"","background-image":"","background-repeat":"repeat","background-position":"center center","background-size":"auto","background-attachment":"scroll","background-type":"","background-media":"","overlay-type":"","overlay-color":"","overlay-opacity":"","overlay-gradient":""}},"ast-content-background-meta":{"desktop":{"background-color":"var(--ast-global-color-5)","background-image":"","background-repeat":"repeat","background-position":"center center","background-size":"auto","background-attachment":"scroll","background-type":"","background-media":"","overlay-type":"","overlay-color":"","overlay-opacity":"","overlay-gradient":""},"tablet":{"background-color":"var(--ast-global-color-5)","background-image":"","background-repeat":"repeat","background-position":"center center","background-size":"auto","background-attachment":"scroll","background-type":"","background-media":"","overlay-type":"","overlay-color":"","overlay-opacity":"","overlay-gradient":""},"mobile":{"background-color":"var(--ast-global-color-5)","background-image":"","background-repeat":"repeat","background-position":"center center","background-size":"auto","background-attachment":"scroll","background-type":"","background-media":"","overlay-type":"","overlay-color":"","overlay-opacity":"","overlay-gradient":""}},"footnotes":""},"class_list":["post-731","page","type-page","status-publish","hentry"],"post_mailing_queue_ids":[],"_links":{"self":[{"href":"https:\/\/agora.xtec.cat\/escolaeuropa\/wp-json\/wp\/v2\/pages\/731","targetHints":{"allow":["GET"]}}],"collection":[{"href":"https:\/\/agora.xtec.cat\/escolaeuropa\/wp-json\/wp\/v2\/pages"}],"about":[{"href":"https:\/\/agora.xtec.cat\/escolaeuropa\/wp-json\/wp\/v2\/types\/page"}],"author":[{"embeddable":true,"href":"https:\/\/agora.xtec.cat\/escolaeuropa\/wp-json\/wp\/v2\/users\/3"}],"replies":[{"embeddable":true,"href":"https:\/\/agora.xtec.cat\/escolaeuropa\/wp-json\/wp\/v2\/comments?post=731"}],"version-history":[{"count":2,"href":"https:\/\/agora.xtec.cat\/escolaeuropa\/wp-json\/wp\/v2\/pages\/731\/revisions"}],"predecessor-version":[{"id":736,"href":"https:\/\/agora.xtec.cat\/escolaeuropa\/wp-json\/wp\/v2\/pages\/731\/revisions\/736"}],"up":[{"embeddable":true,"href":"https:\/\/agora.xtec.cat\/escolaeuropa\/wp-json\/wp\/v2\/pages\/64"}],"wp:attachment":[{"href":"https:\/\/agora.xtec.cat\/escolaeuropa\/wp-json\/wp\/v2\/media?parent=731"}],"curies":[{"name":"wp","href":"https:\/\/api.w.org\/{rel}","templated":true}]}}