{"id":660,"date":"2020-07-03T13:37:54","date_gmt":"2020-07-03T11:37:54","guid":{"rendered":"https:\/\/agora.xtec.cat\/escolaeuropa\/?page_id=660"},"modified":"2025-06-05T13:06:20","modified_gmt":"2025-06-05T11:06:20","slug":"llibres-i-materials-pel-curs-2020-21","status":"publish","type":"page","link":"https:\/\/agora.xtec.cat\/escolaeuropa\/secretaria\/llibres-i-materials-pel-curs-2020-21\/","title":{"rendered":"Llibres i materials"},"content":{"rendered":"<h5><strong>LLISTATS DE LLIBRES I MATERIALS CURS 2025-26<\/strong><\/h5>\n<h5><strong><em>\u00a0<\/em><\/strong><\/h5>\n<p>Benvolgudes fam\u00edlies,<\/p>\n<p>En aquests enlla\u00e7os trobareu el llistat de llibres i materials que necessitaran els vostres fills\/es pel curs 2025-26.<\/p>\n<div style=\"width: 100%;\">\n<div style=\"position: relative; padding-bottom: 16.67%; padding-top: 0; height: 0;\"><iframe loading=\"lazy\" style=\"position: absolute; top: 0; left: 0; width: 100%; height: 100%;\" title=\"Genially sin t\u00edtulo\" src=\"https:\/\/view.genially.com\/62b08e76355c430018bf0dbd\" width=\"1200\" height=\"200\" frameborder=\"0\" scrolling=\"yes\" allowfullscreen=\"allowfullscreen\"><\/iframe><\/div>\n<\/div>\n<h5><\/h5>\n<p>&nbsp;<\/p>\n<h5><span style=\"color: #000000;\">PER ADQUIRIR ELS LLIBRES A TRAV\u00c9S DE L&#8217;<strong>AFA<\/strong> CLIQUEU AL SEG\u00dcENT ENLLA\u00c7\u00a0<\/span> <a href=\"https:\/\/agora.xtec.cat\/escolaeuropa\/ampa\/\"><strong>AFA<\/strong><\/a><\/h5>\n","protected":false},"excerpt":{"rendered":"<p>LLISTATS DE LLIBRES I MATERIALS CURS 2025-26 \u00a0 Benvolgudes fam\u00edlies, En aquests enlla\u00e7os trobareu el llistat de llibres i materials que necessitaran els vostres fills\/es pel curs 2025-26. &nbsp; PER ADQUIRIR ELS LLIBRES A TRAV\u00c9S DE L&#8217;AFA CLIQUEU AL SEG\u00dcENT ENLLA\u00c7\u00a0 AFA<\/p>\n","protected":false},"author":3,"featured_media":0,"parent":652,"menu_order":0,"comment_status":"closed","ping_status":"closed","template":"page-templates\/side-menu.php","meta":{"_bbp_topic_count":0,"_bbp_reply_count":0,"_bbp_total_topic_count":0,"_bbp_total_reply_count":0,"_bbp_voice_count":0,"_bbp_anonymous_reply_count":0,"_bbp_topic_count_hidden":0,"_bbp_reply_count_hidden":0,"_bbp_forum_subforum_count":0,"site-sidebar-layout":"default","site-content-layout":"","ast-site-content-layout":"","site-content-style":"default","site-sidebar-style":"default","ast-global-header-display":"","ast-banner-title-visibility":"","ast-main-header-display":"","ast-hfb-above-header-display":"","ast-hfb-below-header-display":"","ast-hfb-mobile-header-display":"","site-post-title":"","ast-breadcrumbs-content":"","ast-featured-img":"","footer-sml-layout":"","theme-transparent-header-meta":"","adv-header-id-meta":"","stick-header-meta":"","header-above-stick-meta":"","header-main-stick-meta":"","header-below-stick-meta":"","astra-migrate-meta-layouts":"default","ast-page-background-enabled":"default","ast-page-background-meta":{"desktop":{"background-color":"var(--ast-global-color-4)","background-image":"","background-repeat":"repeat","background-position":"center center","background-size":"auto","background-attachment":"scroll","background-type":"","background-media":"","overlay-type":"","overlay-color":"","overlay-opacity":"","overlay-gradient":""},"tablet":{"background-color":"","background-image":"","background-repeat":"repeat","background-position":"center center","background-size":"auto","background-attachment":"scroll","background-type":"","background-media":"","overlay-type":"","overlay-color":"","overlay-opacity":"","overlay-gradient":""},"mobile":{"background-color":"","background-image":"","background-repeat":"repeat","background-position":"center center","background-size":"auto","background-attachment":"scroll","background-type":"","background-media":"","overlay-type":"","overlay-color":"","overlay-opacity":"","overlay-gradient":""}},"ast-content-background-meta":{"desktop":{"background-color":"var(--ast-global-color-5)","background-image":"","background-repeat":"repeat","background-position":"center center","background-size":"auto","background-attachment":"scroll","background-type":"","background-media":"","overlay-type":"","overlay-color":"","overlay-opacity":"","overlay-gradient":""},"tablet":{"background-color":"var(--ast-global-color-5)","background-image":"","background-repeat":"repeat","background-position":"center center","background-size":"auto","background-attachment":"scroll","background-type":"","background-media":"","overlay-type":"","overlay-color":"","overlay-opacity":"","overlay-gradient":""},"mobile":{"background-color":"var(--ast-global-color-5)","background-image":"","background-repeat":"repeat","background-position":"center center","background-size":"auto","background-attachment":"scroll","background-type":"","background-media":"","overlay-type":"","overlay-color":"","overlay-opacity":"","overlay-gradient":""}},"footnotes":""},"class_list":["post-660","page","type-page","status-publish","hentry"],"post_mailing_queue_ids":[],"_links":{"self":[{"href":"https:\/\/agora.xtec.cat\/escolaeuropa\/wp-json\/wp\/v2\/pages\/660","targetHints":{"allow":["GET"]}}],"collection":[{"href":"https:\/\/agora.xtec.cat\/escolaeuropa\/wp-json\/wp\/v2\/pages"}],"about":[{"href":"https:\/\/agora.xtec.cat\/escolaeuropa\/wp-json\/wp\/v2\/types\/page"}],"author":[{"embeddable":true,"href":"https:\/\/agora.xtec.cat\/escolaeuropa\/wp-json\/wp\/v2\/users\/3"}],"replies":[{"embeddable":true,"href":"https:\/\/agora.xtec.cat\/escolaeuropa\/wp-json\/wp\/v2\/comments?post=660"}],"version-history":[{"count":7,"href":"https:\/\/agora.xtec.cat\/escolaeuropa\/wp-json\/wp\/v2\/pages\/660\/revisions"}],"predecessor-version":[{"id":4334,"href":"https:\/\/agora.xtec.cat\/escolaeuropa\/wp-json\/wp\/v2\/pages\/660\/revisions\/4334"}],"up":[{"embeddable":true,"href":"https:\/\/agora.xtec.cat\/escolaeuropa\/wp-json\/wp\/v2\/pages\/652"}],"wp:attachment":[{"href":"https:\/\/agora.xtec.cat\/escolaeuropa\/wp-json\/wp\/v2\/media?parent=660"}],"curies":[{"name":"wp","href":"https:\/\/api.w.org\/{rel}","templated":true}]}}