{"id":658,"date":"2020-07-03T13:37:14","date_gmt":"2020-07-03T11:37:14","guid":{"rendered":"https:\/\/agora.xtec.cat\/escolaeuropa\/?page_id=658"},"modified":"2021-06-03T15:47:46","modified_gmt":"2021-06-03T13:47:46","slug":"preinscripcio-i-matricula","status":"publish","type":"page","link":"https:\/\/agora.xtec.cat\/escolaeuropa\/secretaria\/preinscripcio-i-matricula\/","title":{"rendered":"Preinscripci\u00f3 i matr\u00edcula"},"content":{"rendered":"<h5><span style=\"color: #000000;\"><strong>PROC\u00c9S DE PREINSCRIPCI\u00d3 I MATR\u00cdCULA<\/strong><\/span><\/h5>\n<ul>\n<li><a href=\"http:\/\/queestudiar.gencat.cat\/ca\/preinscripcio\/estudis\/obligatoris\/\" target=\"_blank\" rel=\"noopener noreferrer\">Informaci\u00f3 del Departament d\u2019Educaci\u00f3.<\/a><\/li>\n<li>Instruccions per fer la\u00a0PREINSCRIPCI\u00d3: trucar al tel\u00e8fon: 977 384 996\u00a0<em>(de 9 a 13h.)\u00a0<\/em>o enviar un email a: escolaeuropa<span class=\"atwho-query\">@escolaeuropa.cat<\/span><\/li>\n<\/ul>\n<div style=\"width: 100%;\">\n<div style=\"position: relative; padding-bottom: 56.25%; padding-top: 0; height: 0;\"><iframe loading=\"lazy\" src=\"https:\/\/view.genial.ly\/6048936edf27ce0d70510b20\" width=\"1200\" height=\"675\" frameborder=\"0\"><\/iframe><\/div>\n<\/div>\n","protected":false},"excerpt":{"rendered":"<p>PROC\u00c9S DE PREINSCRIPCI\u00d3 I MATR\u00cdCULA Informaci\u00f3 del Departament d\u2019Educaci\u00f3. Instruccions per fer la\u00a0PREINSCRIPCI\u00d3: trucar al tel\u00e8fon: 977 384 996\u00a0(de 9 a 13h.)\u00a0o enviar un email a: escolaeuropa@escolaeuropa.cat<\/p>\n","protected":false},"author":3,"featured_media":0,"parent":652,"menu_order":0,"comment_status":"closed","ping_status":"closed","template":"page-templates\/side-menu.php","meta":{"_bbp_topic_count":0,"_bbp_reply_count":0,"_bbp_total_topic_count":0,"_bbp_total_reply_count":0,"_bbp_voice_count":0,"_bbp_anonymous_reply_count":0,"_bbp_topic_count_hidden":0,"_bbp_reply_count_hidden":0,"_bbp_forum_subforum_count":0,"site-sidebar-layout":"default","site-content-layout":"","ast-site-content-layout":"","site-content-style":"default","site-sidebar-style":"default","ast-global-header-display":"","ast-banner-title-visibility":"","ast-main-header-display":"","ast-hfb-above-header-display":"","ast-hfb-below-header-display":"","ast-hfb-mobile-header-display":"","site-post-title":"","ast-breadcrumbs-content":"","ast-featured-img":"","footer-sml-layout":"","theme-transparent-header-meta":"","adv-header-id-meta":"","stick-header-meta":"","header-above-stick-meta":"","header-main-stick-meta":"","header-below-stick-meta":"","astra-migrate-meta-layouts":"default","ast-page-background-enabled":"default","ast-page-background-meta":{"desktop":{"background-color":"var(--ast-global-color-4)","background-image":"","background-repeat":"repeat","background-position":"center center","background-size":"auto","background-attachment":"scroll","background-type":"","background-media":"","overlay-type":"","overlay-color":"","overlay-opacity":"","overlay-gradient":""},"tablet":{"background-color":"","background-image":"","background-repeat":"repeat","background-position":"center center","background-size":"auto","background-attachment":"scroll","background-type":"","background-media":"","overlay-type":"","overlay-color":"","overlay-opacity":"","overlay-gradient":""},"mobile":{"background-color":"","background-image":"","background-repeat":"repeat","background-position":"center center","background-size":"auto","background-attachment":"scroll","background-type":"","background-media":"","overlay-type":"","overlay-color":"","overlay-opacity":"","overlay-gradient":""}},"ast-content-background-meta":{"desktop":{"background-color":"var(--ast-global-color-5)","background-image":"","background-repeat":"repeat","background-position":"center center","background-size":"auto","background-attachment":"scroll","background-type":"","background-media":"","overlay-type":"","overlay-color":"","overlay-opacity":"","overlay-gradient":""},"tablet":{"background-color":"var(--ast-global-color-5)","background-image":"","background-repeat":"repeat","background-position":"center center","background-size":"auto","background-attachment":"scroll","background-type":"","background-media":"","overlay-type":"","overlay-color":"","overlay-opacity":"","overlay-gradient":""},"mobile":{"background-color":"var(--ast-global-color-5)","background-image":"","background-repeat":"repeat","background-position":"center center","background-size":"auto","background-attachment":"scroll","background-type":"","background-media":"","overlay-type":"","overlay-color":"","overlay-opacity":"","overlay-gradient":""}},"footnotes":""},"class_list":["post-658","page","type-page","status-publish","hentry"],"post_mailing_queue_ids":[],"_links":{"self":[{"href":"https:\/\/agora.xtec.cat\/escolaeuropa\/wp-json\/wp\/v2\/pages\/658","targetHints":{"allow":["GET"]}}],"collection":[{"href":"https:\/\/agora.xtec.cat\/escolaeuropa\/wp-json\/wp\/v2\/pages"}],"about":[{"href":"https:\/\/agora.xtec.cat\/escolaeuropa\/wp-json\/wp\/v2\/types\/page"}],"author":[{"embeddable":true,"href":"https:\/\/agora.xtec.cat\/escolaeuropa\/wp-json\/wp\/v2\/users\/3"}],"replies":[{"embeddable":true,"href":"https:\/\/agora.xtec.cat\/escolaeuropa\/wp-json\/wp\/v2\/comments?post=658"}],"version-history":[{"count":3,"href":"https:\/\/agora.xtec.cat\/escolaeuropa\/wp-json\/wp\/v2\/pages\/658\/revisions"}],"predecessor-version":[{"id":1739,"href":"https:\/\/agora.xtec.cat\/escolaeuropa\/wp-json\/wp\/v2\/pages\/658\/revisions\/1739"}],"up":[{"embeddable":true,"href":"https:\/\/agora.xtec.cat\/escolaeuropa\/wp-json\/wp\/v2\/pages\/652"}],"wp:attachment":[{"href":"https:\/\/agora.xtec.cat\/escolaeuropa\/wp-json\/wp\/v2\/media?parent=658"}],"curies":[{"name":"wp","href":"https:\/\/api.w.org\/{rel}","templated":true}]}}