{"id":645,"date":"2020-07-03T12:42:03","date_gmt":"2020-07-03T10:42:03","guid":{"rendered":"https:\/\/agora.xtec.cat\/escolaeuropa\/?page_id=645"},"modified":"2026-04-07T10:53:00","modified_gmt":"2026-04-07T08:53:00","slug":"dinantia","status":"publish","type":"page","link":"https:\/\/agora.xtec.cat\/escolaeuropa\/dinantia\/","title":{"rendered":"Dinantia"},"content":{"rendered":"<h5><span style=\"color: #008080;\"><span style=\"color: #000000;\">Nova aplicaci\u00f3 de comunicaci\u00f3 amb la comunitat educativa del nostre centre.<br \/>\n<\/span><\/span><\/h5>\n<h5><\/h5>\n<h5><span style=\"color: #000000;\">Enlla\u00e7os a descarregues<\/span><\/h5>\n<p><a href=\"https:\/\/play.google.com\/store\/apps\/details?id=com.dinantia.dinantia\" target=\"_blank\" rel=\"noopener noreferrer\"><img loading=\"lazy\" decoding=\"async\" class=\"alignnone wp-image-643\" src=\"https:\/\/agora.xtec.cat\/escolaeuropa\/wp-content\/uploads\/usu2148\/2020\/07\/logo-google-play.png\" alt=\"\" width=\"323\" height=\"125\" srcset=\"https:\/\/agora.xtec.cat\/escolaeuropa\/wp-content\/uploads\/usu2148\/2020\/07\/logo-google-play.png 646w, https:\/\/agora.xtec.cat\/escolaeuropa\/wp-content\/uploads\/usu2148\/2020\/07\/logo-google-play-300x116.png 300w\" sizes=\"auto, (max-width: 323px) 100vw, 323px\" \/><\/a><\/p>\n<p><a href=\"https:\/\/apps.apple.com\/es\/app\/dinantia\/id1057051981\" target=\"_blank\" rel=\"noopener noreferrer\"><img loading=\"lazy\" decoding=\"async\" class=\"alignnone wp-image-642\" src=\"https:\/\/agora.xtec.cat\/escolaeuropa\/wp-content\/uploads\/usu2148\/2020\/07\/logo-AppStore.png\" alt=\"\" width=\"323\" height=\"125\" srcset=\"https:\/\/agora.xtec.cat\/escolaeuropa\/wp-content\/uploads\/usu2148\/2020\/07\/logo-AppStore.png 646w, https:\/\/agora.xtec.cat\/escolaeuropa\/wp-content\/uploads\/usu2148\/2020\/07\/logo-AppStore-300x116.png 300w\" sizes=\"auto, (max-width: 323px) 100vw, 323px\" \/><\/a><\/p>\n","protected":false},"excerpt":{"rendered":"<p>Nova aplicaci\u00f3 de comunicaci\u00f3 amb la comunitat educativa del nostre centre. Enlla\u00e7os a descarregues<\/p>\n","protected":false},"author":3,"featured_media":0,"parent":0,"menu_order":0,"comment_status":"closed","ping_status":"closed","template":"","meta":{"_bbp_topic_count":0,"_bbp_reply_count":0,"_bbp_total_topic_count":0,"_bbp_total_reply_count":0,"_bbp_voice_count":0,"_bbp_anonymous_reply_count":0,"_bbp_topic_count_hidden":0,"_bbp_reply_count_hidden":0,"_bbp_forum_subforum_count":0,"site-sidebar-layout":"default","site-content-layout":"","ast-site-content-layout":"default","site-content-style":"default","site-sidebar-style":"default","ast-global-header-display":"","ast-banner-title-visibility":"","ast-main-header-display":"","ast-hfb-above-header-display":"","ast-hfb-below-header-display":"","ast-hfb-mobile-header-display":"","site-post-title":"","ast-breadcrumbs-content":"","ast-featured-img":"","footer-sml-layout":"","theme-transparent-header-meta":"","adv-header-id-meta":"","stick-header-meta":"","header-above-stick-meta":"","header-main-stick-meta":"","header-below-stick-meta":"","astra-migrate-meta-layouts":"set","ast-page-background-enabled":"default","ast-page-background-meta":{"desktop":{"background-color":"var(--ast-global-color-4)","background-image":"","background-repeat":"repeat","background-position":"center center","background-size":"auto","background-attachment":"scroll","background-type":"","background-media":"","overlay-type":"","overlay-color":"","overlay-opacity":"","overlay-gradient":""},"tablet":{"background-color":"","background-image":"","background-repeat":"repeat","background-position":"center center","background-size":"auto","background-attachment":"scroll","background-type":"","background-media":"","overlay-type":"","overlay-color":"","overlay-opacity":"","overlay-gradient":""},"mobile":{"background-color":"","background-image":"","background-repeat":"repeat","background-position":"center center","background-size":"auto","background-attachment":"scroll","background-type":"","background-media":"","overlay-type":"","overlay-color":"","overlay-opacity":"","overlay-gradient":""}},"ast-content-background-meta":{"desktop":{"background-color":"var(--ast-global-color-5)","background-image":"","background-repeat":"repeat","background-position":"center center","background-size":"auto","background-attachment":"scroll","background-type":"","background-media":"","overlay-type":"","overlay-color":"","overlay-opacity":"","overlay-gradient":""},"tablet":{"background-color":"var(--ast-global-color-5)","background-image":"","background-repeat":"repeat","background-position":"center center","background-size":"auto","background-attachment":"scroll","background-type":"","background-media":"","overlay-type":"","overlay-color":"","overlay-opacity":"","overlay-gradient":""},"mobile":{"background-color":"var(--ast-global-color-5)","background-image":"","background-repeat":"repeat","background-position":"center center","background-size":"auto","background-attachment":"scroll","background-type":"","background-media":"","overlay-type":"","overlay-color":"","overlay-opacity":"","overlay-gradient":""}},"footnotes":""},"class_list":["post-645","page","type-page","status-publish","hentry"],"post_mailing_queue_ids":[],"_links":{"self":[{"href":"https:\/\/agora.xtec.cat\/escolaeuropa\/wp-json\/wp\/v2\/pages\/645","targetHints":{"allow":["GET"]}}],"collection":[{"href":"https:\/\/agora.xtec.cat\/escolaeuropa\/wp-json\/wp\/v2\/pages"}],"about":[{"href":"https:\/\/agora.xtec.cat\/escolaeuropa\/wp-json\/wp\/v2\/types\/page"}],"author":[{"embeddable":true,"href":"https:\/\/agora.xtec.cat\/escolaeuropa\/wp-json\/wp\/v2\/users\/3"}],"replies":[{"embeddable":true,"href":"https:\/\/agora.xtec.cat\/escolaeuropa\/wp-json\/wp\/v2\/comments?post=645"}],"version-history":[{"count":4,"href":"https:\/\/agora.xtec.cat\/escolaeuropa\/wp-json\/wp\/v2\/pages\/645\/revisions"}],"predecessor-version":[{"id":4730,"href":"https:\/\/agora.xtec.cat\/escolaeuropa\/wp-json\/wp\/v2\/pages\/645\/revisions\/4730"}],"wp:attachment":[{"href":"https:\/\/agora.xtec.cat\/escolaeuropa\/wp-json\/wp\/v2\/media?parent=645"}],"curies":[{"name":"wp","href":"https:\/\/api.w.org\/{rel}","templated":true}]}}