{"id":575,"date":"2020-06-09T15:46:50","date_gmt":"2020-06-09T13:46:50","guid":{"rendered":"https:\/\/agora.xtec.cat\/escolaeuropa\/?page_id=575"},"modified":"2026-04-07T10:57:31","modified_gmt":"2026-04-07T08:57:31","slug":"pagaments","status":"publish","type":"page","link":"https:\/\/agora.xtec.cat\/escolaeuropa\/pagaments\/","title":{"rendered":"Pagaments"},"content":{"rendered":"<h5>TOTA LA INFORMACI\u00d3 PER REALITZAR EL PAGAMENT DEL MATERIAL DID\u00c0CTIC FUNGIBLE CLICANT A L&#8217;ENLLA\u00c7 DE LA CLASSE<\/h5>\n<p>Benvolgudes fam\u00edlies,<\/p>\n<p>En aquests enlla\u00e7os trobareu el llistat de llibres i materials que necessitaran els vostres fills\/es pel curs 2024-25 i les instruccions per a realitzar el pagament.<\/p>\n<h5><strong>LLISTATS DE LLIBRES I MATERIALS CURS 2024-25<\/strong><\/h5>\n<div style=\"width: 100%;\">\n<div style=\"position: relative; padding-bottom: 16.67%; padding-top: 0; height: 0;\"><iframe loading=\"lazy\" style=\"position: absolute; top: 0; left: 0; width: 100%; height: 100%;\" title=\"Genially sin t\u00edtulo\" src=\"https:\/\/view.genially.com\/62b08e76355c430018bf0dbd\" width=\"1200\" height=\"200\" frameborder=\"0\" scrolling=\"yes\" allowfullscreen=\"allowfullscreen\"><\/iframe><\/div>\n<\/div>\n<p>PER ADQUIRIR ELS LLIBRES A TRAV\u00c9S DE L&#8217;<strong>AFA<\/strong> CLIQUEU AL SEG\u00dcENT ENLLA\u00c7 <a style=\"font-size: 1.125em; font-weight: bold;\" href=\"https:\/\/agora.xtec.cat\/escolaeuropa\/ampa\/\"><strong>AFA<\/strong><\/a><\/p>\n","protected":false},"excerpt":{"rendered":"<p>TOTA LA INFORMACI\u00d3 PER REALITZAR EL PAGAMENT DEL MATERIAL DID\u00c0CTIC FUNGIBLE CLICANT A L&#8217;ENLLA\u00c7 DE LA CLASSE Benvolgudes fam\u00edlies, En aquests enlla\u00e7os trobareu el llistat de llibres i materials que necessitaran els vostres fills\/es pel curs 2024-25 i les instruccions per a realitzar el pagament. LLISTATS DE LLIBRES I MATERIALS CURS 2024-25 PER ADQUIRIR ELS [&hellip;]<\/p>\n","protected":false},"author":3,"featured_media":0,"parent":0,"menu_order":0,"comment_status":"closed","ping_status":"closed","template":"","meta":{"_bbp_topic_count":0,"_bbp_reply_count":0,"_bbp_total_topic_count":0,"_bbp_total_reply_count":0,"_bbp_voice_count":0,"_bbp_anonymous_reply_count":0,"_bbp_topic_count_hidden":0,"_bbp_reply_count_hidden":0,"_bbp_forum_subforum_count":0,"site-sidebar-layout":"default","site-content-layout":"","ast-site-content-layout":"default","site-content-style":"default","site-sidebar-style":"default","ast-global-header-display":"","ast-banner-title-visibility":"","ast-main-header-display":"","ast-hfb-above-header-display":"","ast-hfb-below-header-display":"","ast-hfb-mobile-header-display":"","site-post-title":"","ast-breadcrumbs-content":"","ast-featured-img":"","footer-sml-layout":"","theme-transparent-header-meta":"","adv-header-id-meta":"","stick-header-meta":"","header-above-stick-meta":"","header-main-stick-meta":"","header-below-stick-meta":"","astra-migrate-meta-layouts":"set","ast-page-background-enabled":"default","ast-page-background-meta":{"desktop":{"background-color":"var(--ast-global-color-4)","background-image":"","background-repeat":"repeat","background-position":"center center","background-size":"auto","background-attachment":"scroll","background-type":"","background-media":"","overlay-type":"","overlay-color":"","overlay-opacity":"","overlay-gradient":""},"tablet":{"background-color":"","background-image":"","background-repeat":"repeat","background-position":"center center","background-size":"auto","background-attachment":"scroll","background-type":"","background-media":"","overlay-type":"","overlay-color":"","overlay-opacity":"","overlay-gradient":""},"mobile":{"background-color":"","background-image":"","background-repeat":"repeat","background-position":"center center","background-size":"auto","background-attachment":"scroll","background-type":"","background-media":"","overlay-type":"","overlay-color":"","overlay-opacity":"","overlay-gradient":""}},"ast-content-background-meta":{"desktop":{"background-color":"var(--ast-global-color-5)","background-image":"","background-repeat":"repeat","background-position":"center center","background-size":"auto","background-attachment":"scroll","background-type":"","background-media":"","overlay-type":"","overlay-color":"","overlay-opacity":"","overlay-gradient":""},"tablet":{"background-color":"var(--ast-global-color-5)","background-image":"","background-repeat":"repeat","background-position":"center center","background-size":"auto","background-attachment":"scroll","background-type":"","background-media":"","overlay-type":"","overlay-color":"","overlay-opacity":"","overlay-gradient":""},"mobile":{"background-color":"var(--ast-global-color-5)","background-image":"","background-repeat":"repeat","background-position":"center center","background-size":"auto","background-attachment":"scroll","background-type":"","background-media":"","overlay-type":"","overlay-color":"","overlay-opacity":"","overlay-gradient":""}},"footnotes":""},"class_list":["post-575","page","type-page","status-publish","hentry"],"post_mailing_queue_ids":[],"_links":{"self":[{"href":"https:\/\/agora.xtec.cat\/escolaeuropa\/wp-json\/wp\/v2\/pages\/575","targetHints":{"allow":["GET"]}}],"collection":[{"href":"https:\/\/agora.xtec.cat\/escolaeuropa\/wp-json\/wp\/v2\/pages"}],"about":[{"href":"https:\/\/agora.xtec.cat\/escolaeuropa\/wp-json\/wp\/v2\/types\/page"}],"author":[{"embeddable":true,"href":"https:\/\/agora.xtec.cat\/escolaeuropa\/wp-json\/wp\/v2\/users\/3"}],"replies":[{"embeddable":true,"href":"https:\/\/agora.xtec.cat\/escolaeuropa\/wp-json\/wp\/v2\/comments?post=575"}],"version-history":[{"count":6,"href":"https:\/\/agora.xtec.cat\/escolaeuropa\/wp-json\/wp\/v2\/pages\/575\/revisions"}],"predecessor-version":[{"id":4744,"href":"https:\/\/agora.xtec.cat\/escolaeuropa\/wp-json\/wp\/v2\/pages\/575\/revisions\/4744"}],"wp:attachment":[{"href":"https:\/\/agora.xtec.cat\/escolaeuropa\/wp-json\/wp\/v2\/media?parent=575"}],"curies":[{"name":"wp","href":"https:\/\/api.w.org\/{rel}","templated":true}]}}