{"id":779,"date":"2019-11-20T19:37:24","date_gmt":"2019-11-20T18:37:24","guid":{"rendered":"https:\/\/agora.xtec.cat\/escolaestevebarrachina\/?page_id=779"},"modified":"2022-11-10T16:16:47","modified_gmt":"2022-11-10T15:16:47","slug":"monografics","status":"publish","type":"page","link":"https:\/\/agora.xtec.cat\/escolaestevebarrachina\/nivells\/comunitat-de-grans\/monografics\/","title":{"rendered":"Monogr\u00e0fics"},"content":{"rendered":"<p>Els alumnes de la comunitat de grans tamb\u00e9 porten a terme sessions de <strong>monogr\u00e0fic<\/strong> de: catal\u00e0, castell\u00e0 i\u00a0 matem\u00e0tiques dins el seu horari lectiu.<\/p>\n<p><span style=\"font-weight: 400;\">Els monogr\u00e0fics s\u00f3n franges hor\u00e0ries dedicades al treball sistem\u00e0tic de diferents \u00e0mbits:<\/span><\/p>\n<ul>\n<li style=\"font-weight: 400;\" aria-level=\"1\"><span style=\"font-weight: 400;\">Llengua catalana.<\/span><\/li>\n<li style=\"font-weight: 400;\" aria-level=\"1\"><span style=\"font-weight: 400;\">Llengua castellana.<\/span><\/li>\n<li style=\"font-weight: 400;\" aria-level=\"1\"><span style=\"font-weight: 400;\">Llengua anglesa.<\/span><\/li>\n<li style=\"font-weight: 400;\" aria-level=\"1\"><span style=\"font-weight: 400;\">\u00c0mbit matem\u00e0tic.<\/span><\/li>\n<\/ul>\n<p><span style=\"font-weight: 400;\">El principal objectiu dels monogr\u00e0fics \u00e9s el treball de tots aquells continguts que formen la base sobre la qual es treballaran les diferents compet\u00e8ncies en els Projectes d\u2019\u00c0mbit. En altres paraules en els monogr\u00e0fics es plantegen continguts relacionats amb els aspectes m\u00e9s formals de la llengua (gram\u00e0tica, ortografia, tipologies textuals i eines de comprensi\u00f3 lectora) i aspectes fonamentals de l\u2019\u00e0mbit matem\u00e0tic com pot ser l\u2019aritm\u00e8tica que despr\u00e9s es posaran en pr\u00e0ctica en els diferents Projectes d\u2019\u00c0mbit i en els ABPs.\u00a0<\/span><\/p>\n<p><span style=\"font-weight: 400;\">Dins dels monogr\u00e0fics en llengua catalana i castellana s\u2019utilitzen dos manuals anomenants \u201cM\u00f3n Ortogr\u00e0fic\u201d de l\u2019editorial Barcanova.\u00a0<\/span><\/p>\n<p><span style=\"font-weight: 400;\">De totes maneres altres activitats que es poden proposar dins de l\u2019hora de monogr\u00e0fic poden ser:<\/span><\/p>\n<ul>\n<li style=\"font-weight: 400;\" aria-level=\"1\"><span style=\"font-weight: 400;\">Activitats seleccionades dels ex\u00e0mens de compet\u00e8ncies b\u00e0siques.<\/span><\/li>\n<li style=\"font-weight: 400;\" aria-level=\"1\"><span style=\"font-weight: 400;\">Dictats.<\/span><\/li>\n<li style=\"font-weight: 400;\" aria-level=\"1\"><span style=\"font-weight: 400;\">Treball sobre tipologies textuals.<\/span><\/li>\n<\/ul>\n","protected":false},"excerpt":{"rendered":"<p>Els alumnes de la comunitat de grans tamb\u00e9 porten a terme sessions de monogr\u00e0fic de: catal\u00e0, castell\u00e0 i\u00a0 matem\u00e0tiques dins el seu horari lectiu.<br \/>\nEls monogr\u00e0fics s\u00f3n franges hor\u00e0ries dedicades al treball sistem\u00e0tic de diferents \u00e0mbits:<\/p>\n<ul>\n<li style=\"font-weight: 400;\" aria-level=\"1\">Llengua catalana.<\/li>\n<li style=\"font-weight: 400;\" aria-level=\"1\">Llengua castellana.<\/li>\n<li style=\"font-weight: 400;\"&hellip;  <a href=\"https:\/\/agora.xtec.cat\/escolaestevebarrachina\/nivells\/comunitat-de-grans\/monografics\/\" title=\"Read Monogr\u00e0fics\">Llegeix m\u00e9s\u00bb<\/a><br \/>\n","protected":false},"author":1,"featured_media":0,"parent":733,"menu_order":34,"comment_status":"closed","ping_status":"closed","template":"page-templates\/side-menu.php","meta":{"_bbp_topic_count":0,"_bbp_reply_count":0,"_bbp_total_topic_count":0,"_bbp_total_reply_count":0,"_bbp_voice_count":0,"_bbp_anonymous_reply_count":0,"_bbp_topic_count_hidden":0,"_bbp_reply_count_hidden":0,"_bbp_forum_subforum_count":0,"footnotes":""},"class_list":["post-779","page","type-page","status-publish","hentry"],"post_mailing_queue_ids":[],"_links":{"self":[{"href":"https:\/\/agora.xtec.cat\/escolaestevebarrachina\/wp-json\/wp\/v2\/pages\/779","targetHints":{"allow":["GET"]}}],"collection":[{"href":"https:\/\/agora.xtec.cat\/escolaestevebarrachina\/wp-json\/wp\/v2\/pages"}],"about":[{"href":"https:\/\/agora.xtec.cat\/escolaestevebarrachina\/wp-json\/wp\/v2\/types\/page"}],"author":[{"embeddable":true,"href":"https:\/\/agora.xtec.cat\/escolaestevebarrachina\/wp-json\/wp\/v2\/users\/1"}],"replies":[{"embeddable":true,"href":"https:\/\/agora.xtec.cat\/escolaestevebarrachina\/wp-json\/wp\/v2\/comments?post=779"}],"version-history":[{"count":3,"href":"https:\/\/agora.xtec.cat\/escolaestevebarrachina\/wp-json\/wp\/v2\/pages\/779\/revisions"}],"predecessor-version":[{"id":11853,"href":"https:\/\/agora.xtec.cat\/escolaestevebarrachina\/wp-json\/wp\/v2\/pages\/779\/revisions\/11853"}],"up":[{"embeddable":true,"href":"https:\/\/agora.xtec.cat\/escolaestevebarrachina\/wp-json\/wp\/v2\/pages\/733"}],"wp:attachment":[{"href":"https:\/\/agora.xtec.cat\/escolaestevebarrachina\/wp-json\/wp\/v2\/media?parent=779"}],"curies":[{"name":"wp","href":"https:\/\/api.w.org\/{rel}","templated":true}]}}