{"id":777,"date":"2019-11-20T19:34:12","date_gmt":"2019-11-20T18:34:12","guid":{"rendered":"https:\/\/agora.xtec.cat\/escolaestevebarrachina\/?page_id=777"},"modified":"2022-11-17T15:57:28","modified_gmt":"2022-11-17T14:57:28","slug":"abp","status":"publish","type":"page","link":"https:\/\/agora.xtec.cat\/escolaestevebarrachina\/nivells\/comunitat-de-grans\/abp\/","title":{"rendered":"Els aprenentatges basats en preguntes (ABP)"},"content":{"rendered":"<p>L&#8217;<strong>aprenentatge basat en preguntes o ABP<\/strong> \u00e9s una metodologia d&#8217;aprenentatge actiu centrada en els interessos dels estudiants. L\u2019horari tamb\u00e9 contempla les estones dedicades a les diferents especialitats: educaci\u00f3 f\u00edsica, angl\u00e8s, m\u00fasica, religi\u00f3\/cultura i el treball sistem\u00e0tic de les lleng\u00fces i les matem\u00e0tiques en les sessions dedicades als monogr\u00e0fics.<\/p>\n","protected":false},"excerpt":{"rendered":"<p>L&#8217;aprenentatge basat en preguntes o ABP \u00e9s una metodologia d&#8217;aprenentatge actiu centrada en els interessos dels estudiants. L\u2019horari tamb\u00e9 contempla les estones dedicades a les diferents especialitats: educaci\u00f3 f\u00edsica, angl\u00e8s, m\u00fasica, religi\u00f3\/cultura i el treball sistem\u00e0tic de les lleng\u00fces i les matem\u00e0tiques en les sessions&hellip;  <a href=\"https:\/\/agora.xtec.cat\/escolaestevebarrachina\/nivells\/comunitat-de-grans\/abp\/\" title=\"Read Els aprenentatges basats en preguntes (ABP)\">Llegeix m\u00e9s\u00bb<\/a><\/p>\n","protected":false},"author":1,"featured_media":0,"parent":733,"menu_order":33,"comment_status":"closed","ping_status":"closed","template":"page-templates\/side-menu.php","meta":{"_bbp_topic_count":0,"_bbp_reply_count":0,"_bbp_total_topic_count":0,"_bbp_total_reply_count":0,"_bbp_voice_count":0,"_bbp_anonymous_reply_count":0,"_bbp_topic_count_hidden":0,"_bbp_reply_count_hidden":0,"_bbp_forum_subforum_count":0,"footnotes":""},"class_list":["post-777","page","type-page","status-publish","hentry"],"post_mailing_queue_ids":[],"_links":{"self":[{"href":"https:\/\/agora.xtec.cat\/escolaestevebarrachina\/wp-json\/wp\/v2\/pages\/777","targetHints":{"allow":["GET"]}}],"collection":[{"href":"https:\/\/agora.xtec.cat\/escolaestevebarrachina\/wp-json\/wp\/v2\/pages"}],"about":[{"href":"https:\/\/agora.xtec.cat\/escolaestevebarrachina\/wp-json\/wp\/v2\/types\/page"}],"author":[{"embeddable":true,"href":"https:\/\/agora.xtec.cat\/escolaestevebarrachina\/wp-json\/wp\/v2\/users\/1"}],"replies":[{"embeddable":true,"href":"https:\/\/agora.xtec.cat\/escolaestevebarrachina\/wp-json\/wp\/v2\/comments?post=777"}],"version-history":[{"count":3,"href":"https:\/\/agora.xtec.cat\/escolaestevebarrachina\/wp-json\/wp\/v2\/pages\/777\/revisions"}],"predecessor-version":[{"id":11864,"href":"https:\/\/agora.xtec.cat\/escolaestevebarrachina\/wp-json\/wp\/v2\/pages\/777\/revisions\/11864"}],"up":[{"embeddable":true,"href":"https:\/\/agora.xtec.cat\/escolaestevebarrachina\/wp-json\/wp\/v2\/pages\/733"}],"wp:attachment":[{"href":"https:\/\/agora.xtec.cat\/escolaestevebarrachina\/wp-json\/wp\/v2\/media?parent=777"}],"curies":[{"name":"wp","href":"https:\/\/api.w.org\/{rel}","templated":true}]}}