{"id":746,"date":"2019-11-13T22:21:31","date_gmt":"2019-11-13T21:21:31","guid":{"rendered":"https:\/\/agora.xtec.cat\/escolaestevebarrachina\/?page_id=746"},"modified":"2025-02-10T10:56:30","modified_gmt":"2025-02-10T09:56:30","slug":"com-aprenem-les-matematiques","status":"publish","type":"page","link":"https:\/\/agora.xtec.cat\/escolaestevebarrachina\/nivells\/comunitat-de-mitjans\/com-aprenem-les-matematiques\/","title":{"rendered":"Com aprenem les matem\u00e0tiques?"},"content":{"rendered":"<p>Pel treball de les matem\u00e0tiques, la descomposici\u00f3 dels n\u00fameros, les operacions&#8230; al centre ho fem de manera manipulativa. Per dur a terme aquesta tasca, fem servir el BASE 10 o Cubs multi base.<\/p>\n<p><strong>El BASE 10 o Cubs multi base<\/strong>, es tracta d\u2019un\u00a0<strong>recurs did\u00e0ctic<\/strong>\u00a0que permet comprendre i visualitzar de forma concreta el s<strong>istema de numeraci\u00f3<\/strong>\u00a0decimal. Tamb\u00e9 serveix per a\u00a0<strong>realitzar operacions matem\u00e0tiques<\/strong>\u00a0amb nombres reals de forma molt visual (suma, resta, multiplicaci\u00f3, divisi\u00f3 i arrels quadrades fins a 999).<\/p>\n<p><strong>V\u00cdDEOS EXPLICATIUS<\/strong> (Lara Gim\u00e9nez Barragan)<\/p>\n<p><b>Divisi\u00f3 d\u2019una xifra amb material Base 10: <\/b><a href=\"https:\/\/youtu.be\/gjMe_LTQ0-E?feature=shared\"><b>https:\/\/youtu.be\/gjMe_LTQ0-E?feature=shared<\/b><\/a><\/p>\n<p><b>Divisi\u00f3 d\u2019una xifra amb algorisme: <\/b><a href=\"https:\/\/youtu.be\/tAW_R608zWc?feature=shared\"><b>https:\/\/youtu.be\/tAW_R608zWc?feature=shared<\/b><\/a><\/p>\n<p><b>Multiplicaci\u00f3 de dues xifres amb material Base 10: <\/b><a href=\"https:\/\/youtu.be\/kycxOQUxVlU\"><b>https:\/\/youtu.be\/kycxOQUxVlU<\/b><\/a><\/p>\n<p><b>Multiplicaci\u00f3 de dues xifres pas a l\u2019abstracci\u00f3: <\/b><a href=\"https:\/\/youtu.be\/6iSL5o1sBsc\"><b>https:\/\/youtu.be\/6iSL5o1sBsc<\/b><\/a><\/p>\n<p><b>Multiplicaci\u00f3 d\u2019una xifra amb material Base 10: <\/b><a href=\"https:\/\/youtu.be\/-ODjSjuwIrY\"><b>https:\/\/youtu.be\/-ODjSjuwIrY<\/b><\/a><\/p>\n<p><b>Multiplicaci\u00f3 d\u2019una xifra pas a l\u2019abstracci\u00f3: <\/b><a href=\"https:\/\/youtu.be\/X2v-Oo6CIJ8\"><b>https:\/\/youtu.be\/X2v-Oo6CIJ8<\/b><\/a><\/p>\n<p><b>Resta din\u00e0mica amb material Base 10: <\/b><a href=\"https:\/\/youtu.be\/zHAAIpRjTFo\"><b>https:\/\/youtu.be\/zHAAIpRjTFo<\/b><\/a><\/p>\n<p><b>Resta din\u00e0mica pas a l\u2019abstracci\u00f3: <\/b><a href=\"https:\/\/youtu.be\/ewG4IsgqhHY\"><b>https:\/\/youtu.be\/ewG4IsgqhHY<\/b><\/a><\/p>\n<p><b>Divisi\u00f3 d\u2019una xifra amb material Base 10: <\/b><a href=\"https:\/\/youtu.be\/QWz70OykGQM\"><b>https:\/\/youtu.be\/QWz70OykGQM<\/b><\/a><\/p>\n<p><b>Divisi\u00f3 d\u2019una xifra pas a l\u2019abstracci\u00f3: <\/b><a href=\"https:\/\/youtu.be\/p6fhdIkNXnU\"><b>https:\/\/youtu.be\/p6fhdIkNXnU<\/b><\/a><\/p>\n<p><b>Suma din\u00e0mica amb material Base 10: <\/b><a href=\"https:\/\/youtu.be\/6gwSs1VdJ4Y\"><b>https:\/\/youtu.be\/6gwSs1VdJ4Y<\/b><\/a><\/p>\n<p><b>Suma din\u00e0mica pas a l\u2019abstracci\u00f3: <\/b><a href=\"https:\/\/youtu.be\/5AU--nJvufE\"><b>https:\/\/youtu.be\/5AU&#8211;nJvufE<\/b><\/a><\/p>\n<p><b>Resta senzilla amb material Base 10: <\/b><a href=\"https:\/\/youtu.be\/UfGf7gvqZeQ\"><b>https:\/\/youtu.be\/UfGf7gvqZeQ<\/b><\/a><\/p>\n<p><b>Resta senzilla pas a l\u2019abstracci\u00f3: <\/b><a href=\"https:\/\/youtu.be\/ttihTpBgPdE\"><b>https:\/\/youtu.be\/ttihTpBgPdE<\/b><\/a><\/p>\n<p><b>Suma senzilla amb material Base 10: <\/b><a href=\"https:\/\/youtu.be\/bO3VpAzctwo\"><b>https:\/\/youtu.be\/bO3VpAzctwo<\/b><\/a><\/p>\n<p><b>Suma senzilla pas a l\u2019abstracci\u00f3: <\/b><a href=\"https:\/\/youtu.be\/XzJthAYgL48\"><b>https:\/\/youtu.be\/XzJthAYgL48<\/b><\/a><\/p>\n","protected":false},"excerpt":{"rendered":"<p>Pel treball de les matem\u00e0tiques, la descomposici\u00f3 dels n\u00fameros, les operacions&#8230; al centre ho fem de manera manipulativa. Per dur a terme aquesta tasca, fem servir el BASE 10 o Cubs multi base.<br \/>\nEl BASE 10 o Cubs multi base, es tracta d\u2019un\u00a0recurs did\u00e0ctic\u00a0que permet comprendre&hellip;  <a href=\"https:\/\/agora.xtec.cat\/escolaestevebarrachina\/nivells\/comunitat-de-mitjans\/com-aprenem-les-matematiques\/\" title=\"Read Com aprenem les matem\u00e0tiques?\">Llegeix m\u00e9s\u00bb<\/a><\/p>\n","protected":false},"author":1,"featured_media":0,"parent":729,"menu_order":24,"comment_status":"closed","ping_status":"closed","template":"page-templates\/side-menu.php","meta":{"_bbp_topic_count":0,"_bbp_reply_count":0,"_bbp_total_topic_count":0,"_bbp_total_reply_count":0,"_bbp_voice_count":0,"_bbp_anonymous_reply_count":0,"_bbp_topic_count_hidden":0,"_bbp_reply_count_hidden":0,"_bbp_forum_subforum_count":0,"footnotes":""},"class_list":["post-746","page","type-page","status-publish","hentry"],"post_mailing_queue_ids":[],"_links":{"self":[{"href":"https:\/\/agora.xtec.cat\/escolaestevebarrachina\/wp-json\/wp\/v2\/pages\/746","targetHints":{"allow":["GET"]}}],"collection":[{"href":"https:\/\/agora.xtec.cat\/escolaestevebarrachina\/wp-json\/wp\/v2\/pages"}],"about":[{"href":"https:\/\/agora.xtec.cat\/escolaestevebarrachina\/wp-json\/wp\/v2\/types\/page"}],"author":[{"embeddable":true,"href":"https:\/\/agora.xtec.cat\/escolaestevebarrachina\/wp-json\/wp\/v2\/users\/1"}],"replies":[{"embeddable":true,"href":"https:\/\/agora.xtec.cat\/escolaestevebarrachina\/wp-json\/wp\/v2\/comments?post=746"}],"version-history":[{"count":4,"href":"https:\/\/agora.xtec.cat\/escolaestevebarrachina\/wp-json\/wp\/v2\/pages\/746\/revisions"}],"predecessor-version":[{"id":12151,"href":"https:\/\/agora.xtec.cat\/escolaestevebarrachina\/wp-json\/wp\/v2\/pages\/746\/revisions\/12151"}],"up":[{"embeddable":true,"href":"https:\/\/agora.xtec.cat\/escolaestevebarrachina\/wp-json\/wp\/v2\/pages\/729"}],"wp:attachment":[{"href":"https:\/\/agora.xtec.cat\/escolaestevebarrachina\/wp-json\/wp\/v2\/media?parent=746"}],"curies":[{"name":"wp","href":"https:\/\/api.w.org\/{rel}","templated":true}]}}