{"id":744,"date":"2019-11-13T22:18:49","date_gmt":"2019-11-13T21:18:49","guid":{"rendered":"https:\/\/agora.xtec.cat\/escolaestevebarrachina\/?page_id=744"},"modified":"2022-11-10T16:04:36","modified_gmt":"2022-11-10T15:04:36","slug":"monografics","status":"publish","type":"page","link":"https:\/\/agora.xtec.cat\/escolaestevebarrachina\/nivells\/comunitat-de-mitjans\/monografics\/","title":{"rendered":"Monogr\u00e0fics"},"content":{"rendered":"<p><span style=\"font-weight: 400;\">L&#8217;estona de <strong>monogr\u00e0fics de lleng\u00fces i matem\u00e0tiques<\/strong> estan pensades per fer un treball sistem\u00e0tic i competencial d\u2019aquestes \u00e0rees amb materials manipulatius.<\/span><\/p>\n<p>En aquest espai els alumnes treballen de manera m\u00e9s sistem\u00e0tica els continguts corresponent al seu nivell utilitzant <strong>materials manipulatius<\/strong> i acabant passant a l\u2019abstracci\u00f3 i evid\u00e8ncies en el paper. <span style=\"font-weight: 400;\">L\u2019objectiu \u00e9s que els infants facin propostes for\u00e7a aut\u00f2nomes per treballar aquests continguts i que la mestra pugui fer activitats individuals o amb un petit grup per introduir i treballar conceptes.<\/span><\/p>\n","protected":false},"excerpt":{"rendered":"<p>L&#8217;estona de monogr\u00e0fics de lleng\u00fces i matem\u00e0tiques estan pensades per fer un treball sistem\u00e0tic i competencial d\u2019aquestes \u00e0rees amb materials manipulatius.<br \/>\nEn aquest espai els alumnes treballen de manera m\u00e9s sistem\u00e0tica els continguts corresponent al seu nivell utilitzant materials manipulatius i acabant passant a l\u2019abstracci\u00f3 i&hellip;  <a href=\"https:\/\/agora.xtec.cat\/escolaestevebarrachina\/nivells\/comunitat-de-mitjans\/monografics\/\" title=\"Read Monogr\u00e0fics\">Llegeix m\u00e9s\u00bb<\/a><\/p>\n","protected":false},"author":1,"featured_media":0,"parent":729,"menu_order":23,"comment_status":"closed","ping_status":"closed","template":"page-templates\/side-menu.php","meta":{"_bbp_topic_count":0,"_bbp_reply_count":0,"_bbp_total_topic_count":0,"_bbp_total_reply_count":0,"_bbp_voice_count":0,"_bbp_anonymous_reply_count":0,"_bbp_topic_count_hidden":0,"_bbp_reply_count_hidden":0,"_bbp_forum_subforum_count":0,"footnotes":""},"class_list":["post-744","page","type-page","status-publish","hentry"],"post_mailing_queue_ids":[],"_links":{"self":[{"href":"https:\/\/agora.xtec.cat\/escolaestevebarrachina\/wp-json\/wp\/v2\/pages\/744","targetHints":{"allow":["GET"]}}],"collection":[{"href":"https:\/\/agora.xtec.cat\/escolaestevebarrachina\/wp-json\/wp\/v2\/pages"}],"about":[{"href":"https:\/\/agora.xtec.cat\/escolaestevebarrachina\/wp-json\/wp\/v2\/types\/page"}],"author":[{"embeddable":true,"href":"https:\/\/agora.xtec.cat\/escolaestevebarrachina\/wp-json\/wp\/v2\/users\/1"}],"replies":[{"embeddable":true,"href":"https:\/\/agora.xtec.cat\/escolaestevebarrachina\/wp-json\/wp\/v2\/comments?post=744"}],"version-history":[{"count":4,"href":"https:\/\/agora.xtec.cat\/escolaestevebarrachina\/wp-json\/wp\/v2\/pages\/744\/revisions"}],"predecessor-version":[{"id":11848,"href":"https:\/\/agora.xtec.cat\/escolaestevebarrachina\/wp-json\/wp\/v2\/pages\/744\/revisions\/11848"}],"up":[{"embeddable":true,"href":"https:\/\/agora.xtec.cat\/escolaestevebarrachina\/wp-json\/wp\/v2\/pages\/729"}],"wp:attachment":[{"href":"https:\/\/agora.xtec.cat\/escolaestevebarrachina\/wp-json\/wp\/v2\/media?parent=744"}],"curies":[{"name":"wp","href":"https:\/\/api.w.org\/{rel}","templated":true}]}}