{"id":71,"date":"2014-09-18T12:44:56","date_gmt":"2014-09-18T11:44:56","guid":{"rendered":"http:\/\/agora.xtec.cat\/escolaestevebarrachina\/?page_id=71"},"modified":"2019-09-22T19:22:34","modified_gmt":"2019-09-22T17:22:34","slug":"serveis-digitals","status":"publish","type":"page","link":"https:\/\/agora.xtec.cat\/escolaestevebarrachina\/serveis\/serveis-digitals\/","title":{"rendered":"DINANTIA"},"content":{"rendered":"<p><a href=\"https:\/\/agora.xtec.cat\/escolaestevebarrachina\/wp-content\/uploads\/usu1360\/2019\/09\/Dinantia.png\"><img loading=\"lazy\" decoding=\"async\" class=\"aligncenter size-full wp-image-623\" src=\"https:\/\/agora.xtec.cat\/escolaestevebarrachina\/wp-content\/uploads\/usu1360\/2019\/09\/Dinantia.png\" alt=\"\" width=\"222\" height=\"65\" \/><\/a><\/p>\n<p>L\u2019escola ha posat en marxa una plataforma de comunicaci\u00f3 interna anomenada <strong>DINANTIA<\/strong>, que ens ajudar\u00e0 a fer m\u00e9s \u00e0gil les comunicacions dels centre: informacions, sortides, horaris&#8230;<\/p>\n<p>Per poder accedir heu d\u2019entrar amb el correu electr\u00f2nic que hagueu facilitat al centre, o b\u00e9, passar pel centre i actualitzar-lo, i aix\u00ed descarregar l\u2019aplicaci\u00f3 i acceptar la nostra invitaci\u00f3.<\/p>\n<p>Podeu trobar m\u00e9s informaci\u00f3 <a href=\"https:\/\/www.dinantia.com\/ca\/funcionalitats\/per-a-les-families\" target=\"_blank\" rel=\"noopener noreferrer\">aqu\u00ed<\/a>.<\/p>\n<p><a href=\"https:\/\/app.dinantia.com\" target=\"_blank\" rel=\"noopener noreferrer\">Accedir a DINANTIA.<\/a><\/p>\n","protected":false},"excerpt":{"rendered":"<p><a href=\"https:\/\/agora.xtec.cat\/escolaestevebarrachina\/wp-content\/uploads\/usu1360\/2019\/09\/Dinantia.png\"><\/a><br \/>\nL\u2019escola ha posat en marxa una plataforma de comunicaci\u00f3 interna anomenada DINANTIA, que ens ajudar\u00e0 a fer m\u00e9s \u00e0gil les comunicacions dels centre: informacions, sortides, horaris&#8230;<br \/>\nPer poder accedir heu d\u2019entrar amb el correu electr\u00f2nic que hagueu facilitat al centre, o b\u00e9, passar pel centre&hellip;  <a href=\"https:\/\/agora.xtec.cat\/escolaestevebarrachina\/serveis\/serveis-digitals\/\" title=\"Read DINANTIA\">Llegeix m\u00e9s\u00bb<\/a><\/p>\n","protected":false},"author":1,"featured_media":0,"parent":66,"menu_order":10,"comment_status":"closed","ping_status":"closed","template":"page-templates\/side-menu.php","meta":{"_bbp_topic_count":0,"_bbp_reply_count":0,"_bbp_total_topic_count":0,"_bbp_total_reply_count":0,"_bbp_voice_count":0,"_bbp_anonymous_reply_count":0,"_bbp_topic_count_hidden":0,"_bbp_reply_count_hidden":0,"_bbp_forum_subforum_count":0,"footnotes":""},"class_list":["post-71","page","type-page","status-publish","hentry"],"post_mailing_queue_ids":[],"_links":{"self":[{"href":"https:\/\/agora.xtec.cat\/escolaestevebarrachina\/wp-json\/wp\/v2\/pages\/71","targetHints":{"allow":["GET"]}}],"collection":[{"href":"https:\/\/agora.xtec.cat\/escolaestevebarrachina\/wp-json\/wp\/v2\/pages"}],"about":[{"href":"https:\/\/agora.xtec.cat\/escolaestevebarrachina\/wp-json\/wp\/v2\/types\/page"}],"author":[{"embeddable":true,"href":"https:\/\/agora.xtec.cat\/escolaestevebarrachina\/wp-json\/wp\/v2\/users\/1"}],"replies":[{"embeddable":true,"href":"https:\/\/agora.xtec.cat\/escolaestevebarrachina\/wp-json\/wp\/v2\/comments?post=71"}],"version-history":[{"count":2,"href":"https:\/\/agora.xtec.cat\/escolaestevebarrachina\/wp-json\/wp\/v2\/pages\/71\/revisions"}],"predecessor-version":[{"id":624,"href":"https:\/\/agora.xtec.cat\/escolaestevebarrachina\/wp-json\/wp\/v2\/pages\/71\/revisions\/624"}],"up":[{"embeddable":true,"href":"https:\/\/agora.xtec.cat\/escolaestevebarrachina\/wp-json\/wp\/v2\/pages\/66"}],"wp:attachment":[{"href":"https:\/\/agora.xtec.cat\/escolaestevebarrachina\/wp-json\/wp\/v2\/media?parent=71"}],"curies":[{"name":"wp","href":"https:\/\/api.w.org\/{rel}","templated":true}]}}