{"id":565,"date":"2019-09-22T14:42:33","date_gmt":"2019-09-22T12:42:33","guid":{"rendered":"https:\/\/agora.xtec.cat\/escolaestevebarrachina\/?page_id=565"},"modified":"2025-02-05T12:57:30","modified_gmt":"2025-02-05T11:57:30","slug":"activitats-complementaries","status":"publish","type":"page","link":"https:\/\/agora.xtec.cat\/escolaestevebarrachina\/projecte-educatiu\/activitats-complementaries\/","title":{"rendered":"Activitats complement\u00e0ries"},"content":{"rendered":"<ul>\n<li>Participaci\u00f3 en les activitats proposades per l\u2019Ajuntament a la guia de suport educatiu.<\/li>\n<li>Activitats aqu\u00e0tiques per l\u2019alumnat de comunitat de mitjans i 4t de prim\u00e0ria (Subvencionada per l&#8217;Ajuntament de Sitges).<\/li>\n<li>Iniciaci\u00f3 a la vela lleugera per a l\u2019alumnat de 5\u00e8 i 6\u00e8 de prim\u00e0ria.<\/li>\n<li>Audicions musicals a l\u2019escola.<\/li>\n<li>Teatre en angl\u00e8s a l\u2019escola.<\/li>\n<li>Sortides relacionades amb les programacions de cada comunitat o nivell.<\/li>\n<li>Col\u00f2nies a I5, 2n, 4t i 6\u00e8 de prim\u00e0ria.<\/li>\n<\/ul>\n","protected":false},"excerpt":{"rendered":"<ul>\n<li>Participaci\u00f3 en les activitats proposades per l\u2019Ajuntament a la guia de suport educatiu.<\/li>\n<li>Activitats aqu\u00e0tiques per l\u2019alumnat de comunitat de mitjans i 4t de prim\u00e0ria (Subvencionada per l&#8217;Ajuntament de Sitges).<\/li>\n<li>Iniciaci\u00f3 a la vela lleugera per a l\u2019alumnat de 5\u00e8 i 6\u00e8 de prim\u00e0ria.<\/li>\n<li>Audicions musicals a l\u2019escola.<\/li>\n<li>Teatre&hellip;  <a href=\"https:\/\/agora.xtec.cat\/escolaestevebarrachina\/projecte-educatiu\/activitats-complementaries\/\" title=\"Read Activitats complement\u00e0ries\">Llegeix m\u00e9s\u00bb<\/a><br \/>\n","protected":false},"author":1,"featured_media":0,"parent":64,"menu_order":120,"comment_status":"closed","ping_status":"closed","template":"page-templates\/side-menu.php","meta":{"_bbp_topic_count":0,"_bbp_reply_count":0,"_bbp_total_topic_count":0,"_bbp_total_reply_count":0,"_bbp_voice_count":0,"_bbp_anonymous_reply_count":0,"_bbp_topic_count_hidden":0,"_bbp_reply_count_hidden":0,"_bbp_forum_subforum_count":0,"footnotes":""},"class_list":["post-565","page","type-page","status-publish","hentry"],"post_mailing_queue_ids":[],"_links":{"self":[{"href":"https:\/\/agora.xtec.cat\/escolaestevebarrachina\/wp-json\/wp\/v2\/pages\/565","targetHints":{"allow":["GET"]}}],"collection":[{"href":"https:\/\/agora.xtec.cat\/escolaestevebarrachina\/wp-json\/wp\/v2\/pages"}],"about":[{"href":"https:\/\/agora.xtec.cat\/escolaestevebarrachina\/wp-json\/wp\/v2\/types\/page"}],"author":[{"embeddable":true,"href":"https:\/\/agora.xtec.cat\/escolaestevebarrachina\/wp-json\/wp\/v2\/users\/1"}],"replies":[{"embeddable":true,"href":"https:\/\/agora.xtec.cat\/escolaestevebarrachina\/wp-json\/wp\/v2\/comments?post=565"}],"version-history":[{"count":3,"href":"https:\/\/agora.xtec.cat\/escolaestevebarrachina\/wp-json\/wp\/v2\/pages\/565\/revisions"}],"predecessor-version":[{"id":12150,"href":"https:\/\/agora.xtec.cat\/escolaestevebarrachina\/wp-json\/wp\/v2\/pages\/565\/revisions\/12150"}],"up":[{"embeddable":true,"href":"https:\/\/agora.xtec.cat\/escolaestevebarrachina\/wp-json\/wp\/v2\/pages\/64"}],"wp:attachment":[{"href":"https:\/\/agora.xtec.cat\/escolaestevebarrachina\/wp-json\/wp\/v2\/media?parent=565"}],"curies":[{"name":"wp","href":"https:\/\/api.w.org\/{rel}","templated":true}]}}