{"id":11298,"date":"2020-04-24T15:01:51","date_gmt":"2020-04-24T13:01:51","guid":{"rendered":"https:\/\/agora.xtec.cat\/escolaestevebarrachina\/?page_id=11298"},"modified":"2020-11-16T10:18:14","modified_gmt":"2020-11-16T09:18:14","slug":"preguntes-frequents","status":"publish","type":"page","link":"https:\/\/agora.xtec.cat\/escolaestevebarrachina\/preguntes-frequents\/","title":{"rendered":"Tutorials escola virtual"},"content":{"rendered":"<p>Us deixem uns enlla\u00e7os a v\u00eddeos que podran resoldre alguns dels problemes inform\u00e0tics amb els qu\u00e8 us podeu trobar aquests dies. Esperem que us sigui d&#8217;utilitat:<\/p>\n<p>Crear un compte de correu GMail:<\/p>\n<ul>\n<li><a href=\"https:\/\/docs.google.com\/document\/d\/1iDKiGvriFdVtiSV0pDSrbSKmlRDUamdTAHTBOVCZIvU\/edit?usp=sharing\" target=\"_blank\" rel=\"noopener noreferrer\">Document en catal\u00e0\u00a0<\/a><\/li>\n<li><a href=\"https:\/\/drive.google.com\/file\/d\/1iRbCPcieZb8dxU9LEmp6wNVpjqmuAua8\/view?usp=sharing\" target=\"_blank\" rel=\"noopener noreferrer\">V\u00eddeo en catal\u00e0<\/a><\/li>\n<li><a href=\"https:\/\/docs.google.com\/document\/d\/1amUv-WxZe8agsXpEEhiiHNDZmM0Hk57Y-WyZQhFnzrA\/edit?usp=sharing\" target=\"_blank\" rel=\"noopener noreferrer\">Document en castell\u00e0<\/a><\/li>\n<\/ul>\n<p>Pujar document al Drive<\/p>\n<ul>\n<li><a href=\"https:\/\/drive.google.com\/file\/d\/1W9jwfH9iVSU7GN2rLcf2wnvhTy8ajeHn\/view?usp=sharing\" target=\"_blank\" rel=\"noopener noreferrer\">Catal\u00e0<\/a><\/li>\n<li><a href=\"https:\/\/drive.google.com\/file\/d\/1h-lIgZaN_vp4md9Ibe01wNfd9z8RUXT9\/view?usp=sharing\" target=\"_blank\" rel=\"noopener noreferrer\">Castell\u00e0<\/a><\/li>\n<\/ul>\n<p>Com descarregar Zoom:<\/p>\n<ul>\n<li><a href=\"https:\/\/drive.google.com\/file\/d\/1Oav3mhxGtTVuzWwSp76SNP4RuWxIyr4R\/view?usp=sharing\" target=\"_blank\" rel=\"noopener noreferrer\">Catal\u00e0<\/a><\/li>\n<li><a href=\"https:\/\/drive.google.com\/file\/d\/1wdmPcqCZxPzBEF83hksR4qFVCJ0hxsP0\/view?usp=sharing\" target=\"_blank\" rel=\"noopener noreferrer\">Castell\u00e0\u00a0<\/a><\/li>\n<\/ul>\n<p>Connectar el m\u00f2dem de wifi port\u00e0til<\/p>\n<ul>\n<li><a href=\"https:\/\/drive.google.com\/file\/d\/1DEA1C8TQNEYXzd4TyERWRPV7G_yZgtTE\/view?usp=sharing\">Document en catal\u00e0<\/a><\/li>\n<\/ul>\n","protected":false},"excerpt":{"rendered":"<p>Us deixem uns enlla\u00e7os a v\u00eddeos que podran resoldre alguns dels problemes inform\u00e0tics amb els qu\u00e8 us podeu trobar aquests dies. Esperem que us sigui d&#8217;utilitat:<br \/>\nCrear un compte de correu GMail:<\/p>\n<ul>\n<li><a href=\"https:\/\/docs.google.com\/document\/d\/1iDKiGvriFdVtiSV0pDSrbSKmlRDUamdTAHTBOVCZIvU\/edit?usp=sharing\" target=\"_blank\" rel=\"noopener noreferrer\">Document en catal\u00e0\u00a0<\/a><\/li>\n<li><a href=\"https:\/\/drive.google.com\/file\/d\/1iRbCPcieZb8dxU9LEmp6wNVpjqmuAua8\/view?usp=sharing\" target=\"_blank\" rel=\"noopener noreferrer\">V\u00eddeo en catal\u00e0<\/a><\/li>\n<li><a href=\"https:\/\/docs.google.com\/document\/d\/1amUv-WxZe8agsXpEEhiiHNDZmM0Hk57Y-WyZQhFnzrA\/edit?usp=sharing\" target=\"_blank\"&hellip;  <a href=\"https:\/\/agora.xtec.cat\/escolaestevebarrachina\/preguntes-frequents\/\" title=\"Read Tutorials escola virtual\">Llegeix m\u00e9s\u00bb<\/a><br \/>\n","protected":false},"author":1,"featured_media":0,"parent":0,"menu_order":0,"comment_status":"closed","ping_status":"closed","template":"","meta":{"_bbp_topic_count":0,"_bbp_reply_count":0,"_bbp_total_topic_count":0,"_bbp_total_reply_count":0,"_bbp_voice_count":0,"_bbp_anonymous_reply_count":0,"_bbp_topic_count_hidden":0,"_bbp_reply_count_hidden":0,"_bbp_forum_subforum_count":0,"footnotes":""},"class_list":["post-11298","page","type-page","status-publish","hentry"],"post_mailing_queue_ids":[],"_links":{"self":[{"href":"https:\/\/agora.xtec.cat\/escolaestevebarrachina\/wp-json\/wp\/v2\/pages\/11298","targetHints":{"allow":["GET"]}}],"collection":[{"href":"https:\/\/agora.xtec.cat\/escolaestevebarrachina\/wp-json\/wp\/v2\/pages"}],"about":[{"href":"https:\/\/agora.xtec.cat\/escolaestevebarrachina\/wp-json\/wp\/v2\/types\/page"}],"author":[{"embeddable":true,"href":"https:\/\/agora.xtec.cat\/escolaestevebarrachina\/wp-json\/wp\/v2\/users\/1"}],"replies":[{"embeddable":true,"href":"https:\/\/agora.xtec.cat\/escolaestevebarrachina\/wp-json\/wp\/v2\/comments?post=11298"}],"version-history":[{"count":4,"href":"https:\/\/agora.xtec.cat\/escolaestevebarrachina\/wp-json\/wp\/v2\/pages\/11298\/revisions"}],"predecessor-version":[{"id":11515,"href":"https:\/\/agora.xtec.cat\/escolaestevebarrachina\/wp-json\/wp\/v2\/pages\/11298\/revisions\/11515"}],"wp:attachment":[{"href":"https:\/\/agora.xtec.cat\/escolaestevebarrachina\/wp-json\/wp\/v2\/media?parent=11298"}],"curies":[{"name":"wp","href":"https:\/\/api.w.org\/{rel}","templated":true}]}}