{"id":9787,"date":"2025-02-10T13:16:19","date_gmt":"2025-02-10T12:16:19","guid":{"rendered":"https:\/\/agora.xtec.cat\/escolaestelguinardo\/?page_id=9787"},"modified":"2025-02-11T12:26:54","modified_gmt":"2025-02-11T11:26:54","slug":"segon-cicle-3r-i-4t","status":"publish","type":"page","link":"https:\/\/agora.xtec.cat\/escolaestelguinardo\/primaria\/segon-cicle-3r-i-4t\/","title":{"rendered":"Segon Cicle: 3r i 4t"},"content":{"rendered":"\n<p><strong>Teatre en angl\u00e8s<\/strong><\/p>\n\n\n\n<p>Es prepara una obra de teatre en angl\u00e8s durant les sessions establertes. Portaran el gui\u00f3 de l\u2019obra de teatre a casa per aprendre el paper del seu personatge. Per ambientar una mica l\u2019obra, els infants poden portar alguna disfressa, roba i\/o complements que l\u2019identifiqui amb el personatge. Aquests els podran anar portant per anar assajant, per\u00f2 sobretot el dia de la representaci\u00f3 caldr\u00e0 que estigui a l\u2019escola. Els vostres fills\/es apuntaran a l\u2019agenda la data de la representaci\u00f3, amb antelaci\u00f3 i us convidarem a veure-la; recordeu que nom\u00e9s poden assistir a la representaci\u00f3 les fam\u00edlies dels alumnes que fan l\u2019obra.<\/p>\n\n\n\n<p>Si s\u2019escau, els alumnes tamb\u00e9 podran elaborar algun tipus de decorat per a la funci\u00f3 i en alguna ocasi\u00f3, representaran l\u2019obra als companys i companyes d\u2019educaci\u00f3 Infantil.<\/p>\n\n\n\n<p><strong>Compet\u00e8ncia digital &#8211; Rob\u00f2tica<\/strong><\/p>\n\n\n\n<p>Per tal de desenvolupar una compet\u00e8ncia digital al 2n cicle en aquest espai es treballar\u00e0 l\u2019alfabetitzaci\u00f3 tecnol\u00f2gica des de la vessant de l\u2019\u00fas responsable de les TIC, com a eina de comunicaci\u00f3 i recerca d\u2019informaci\u00f3 i com a recurs per refor\u00e7ar conceptes treballats a altres \u00e0rees curriculars. Combinarem l\u2019\u00fas de tauletes i ordinadors entenent el maquinari com un mitj\u00e0 per aconseguir els objectius proposats. La idea principal \u00e9s anar treballant habilitats com l\u2019\u00fas de la pantalla t\u00e1ctil, con\u00e8ixer les icones i alguns programes d\u2019edici\u00f3 de textos i de recerca a un navegador.&nbsp;<\/p>\n\n\n\n<p>Treballem tamb\u00e9 la rob\u00f2tica a trav\u00e9s de dispositius adequats a l\u2019edat i el nivell de l\u2019alumnat per tal de fomentar el pensament computacional i les\u00a0habilitats relacionades amb la programaci\u00f3.<\/p>\n\n\n\n<p><strong>Espai de llengua i matem\u00e0tiques<\/strong><\/p>\n\n\n\n<p>Ho anomenem matejocs i en aquest espai es treballa l\u2019\u00e0mbit matem\u00e0tic des de la manipulaci\u00f3 i experimentaci\u00f3 mitjan\u00e7ant el joc. La sessi\u00f3 consta de tres parts: la primera \u00e9s la d\u2019organitzaci\u00f3 i introducci\u00f3 on ens plantegem el que treballem, com ho treballem, el que necessitem, volem i som capa\u00e7os d\u2019assolir\u2026 La segona part \u00e9s la fase de desenvolupament de l\u2019activitat i la tercera fase \u00e9s la de conclusi\u00f3 que pot ser que es quedi en una reflexi\u00f3 individual escrita en un document o b\u00e9, una reflexi\u00f3 grupal en una posada en com\u00fa.&nbsp;&nbsp;&nbsp;<\/p>\n\n\n\n<p>Es treballa la llengua catalana amb diverses propostes did\u00e0ctiques amb diversitat de textos, tant orals com tipogr\u00e0fics; mitjans audiovisuals i activitats interactives entre l\u2019alumnat.<\/p>\n","protected":false},"excerpt":{"rendered":"<p>Teatre en angl\u00e8s Es prepara una obra de teatre en angl\u00e8s durant les sessions establertes. Portaran el gui\u00f3 de l\u2019obra [&hellip;]<\/p>\n","protected":false},"author":1,"featured_media":0,"parent":9773,"menu_order":0,"comment_status":"closed","ping_status":"close","template":"","meta":{"_bbp_topic_count":0,"_bbp_reply_count":0,"_bbp_total_topic_count":0,"_bbp_total_reply_count":0,"_bbp_voice_count":0,"_bbp_anonymous_reply_count":0,"_bbp_topic_count_hidden":0,"_bbp_reply_count_hidden":0,"_bbp_forum_subforum_count":0,"site-sidebar-layout":"default","site-content-layout":"","ast-site-content-layout":"default","site-content-style":"default","site-sidebar-style":"default","ast-global-header-display":"","ast-banner-title-visibility":"","ast-main-header-display":"","ast-hfb-above-header-display":"","ast-hfb-below-header-display":"","ast-hfb-mobile-header-display":"","site-post-title":"","ast-breadcrumbs-content":"","ast-featured-img":"","footer-sml-layout":"","theme-transparent-header-meta":"","adv-header-id-meta":"","stick-header-meta":"","header-above-stick-meta":"","header-main-stick-meta":"","header-below-stick-meta":"","astra-migrate-meta-layouts":"set","ast-page-background-enabled":"default","ast-page-background-meta":{"desktop":{"background-color":"var(--ast-global-color-4)","background-image":"","background-repeat":"repeat","background-position":"center center","background-size":"auto","background-attachment":"scroll","background-type":"","background-media":"","overlay-type":"","overlay-color":"","overlay-opacity":"","overlay-gradient":""},"tablet":{"background-color":"","background-image":"","background-repeat":"repeat","background-position":"center center","background-size":"auto","background-attachment":"scroll","background-type":"","background-media":"","overlay-type":"","overlay-color":"","overlay-opacity":"","overlay-gradient":""},"mobile":{"background-color":"","background-image":"","background-repeat":"repeat","background-position":"center center","background-size":"auto","background-attachment":"scroll","background-type":"","background-media":"","overlay-type":"","overlay-color":"","overlay-opacity":"","overlay-gradient":""}},"ast-content-background-meta":{"desktop":{"background-color":"var(--ast-global-color-5)","background-image":"","background-repeat":"repeat","background-position":"center center","background-size":"auto","background-attachment":"scroll","background-type":"","background-media":"","overlay-type":"","overlay-color":"","overlay-opacity":"","overlay-gradient":""},"tablet":{"background-color":"var(--ast-global-color-5)","background-image":"","background-repeat":"repeat","background-position":"center center","background-size":"auto","background-attachment":"scroll","background-type":"","background-media":"","overlay-type":"","overlay-color":"","overlay-opacity":"","overlay-gradient":""},"mobile":{"background-color":"var(--ast-global-color-5)","background-image":"","background-repeat":"repeat","background-position":"center center","background-size":"auto","background-attachment":"scroll","background-type":"","background-media":"","overlay-type":"","overlay-color":"","overlay-opacity":"","overlay-gradient":""}},"footnotes":""},"class_list":["post-9787","page","type-page","status-publish","hentry"],"post_mailing_queue_ids":[],"_links":{"self":[{"href":"https:\/\/agora.xtec.cat\/escolaestelguinardo\/wp-json\/wp\/v2\/pages\/9787","targetHints":{"allow":["GET"]}}],"collection":[{"href":"https:\/\/agora.xtec.cat\/escolaestelguinardo\/wp-json\/wp\/v2\/pages"}],"about":[{"href":"https:\/\/agora.xtec.cat\/escolaestelguinardo\/wp-json\/wp\/v2\/types\/page"}],"author":[{"embeddable":true,"href":"https:\/\/agora.xtec.cat\/escolaestelguinardo\/wp-json\/wp\/v2\/users\/1"}],"replies":[{"embeddable":true,"href":"https:\/\/agora.xtec.cat\/escolaestelguinardo\/wp-json\/wp\/v2\/comments?post=9787"}],"version-history":[{"count":3,"href":"https:\/\/agora.xtec.cat\/escolaestelguinardo\/wp-json\/wp\/v2\/pages\/9787\/revisions"}],"predecessor-version":[{"id":9876,"href":"https:\/\/agora.xtec.cat\/escolaestelguinardo\/wp-json\/wp\/v2\/pages\/9787\/revisions\/9876"}],"up":[{"embeddable":true,"href":"https:\/\/agora.xtec.cat\/escolaestelguinardo\/wp-json\/wp\/v2\/pages\/9773"}],"wp:attachment":[{"href":"https:\/\/agora.xtec.cat\/escolaestelguinardo\/wp-json\/wp\/v2\/media?parent=9787"}],"curies":[{"name":"wp","href":"https:\/\/api.w.org\/{rel}","templated":true}]}}