{"id":9776,"date":"2025-02-10T13:13:15","date_gmt":"2025-02-10T12:13:15","guid":{"rendered":"https:\/\/agora.xtec.cat\/escolaestelguinardo\/?page_id=9776"},"modified":"2025-02-10T13:17:31","modified_gmt":"2025-02-10T12:17:31","slug":"primer-cicle-1r-i-2n","status":"publish","type":"page","link":"https:\/\/agora.xtec.cat\/escolaestelguinardo\/primaria\/primer-cicle-1r-i-2n\/","title":{"rendered":"Primer Cicle: 1r i 2n"},"content":{"rendered":"\n<p><strong>Espai de <\/strong><strong>matem\u00e0tiques<\/strong><strong> i llengua<\/strong><\/p>\n\n\n\n<p>En aquest taller experimentem amb materials manipulables que ens serveixen per interioritzar diferents aprenentatges dels continguts de matem\u00e0tiques del\u00a0 curr\u00edculum de cicle inicial. Constru\u00efm cossos geom\u00e8trics, provem amb els t\u00e0ngrams, fem geoplans, mesurem i pesem objectes reals i fem exercicis de simetria.<\/p>\n\n\n\n<p>En aquest espai tamb\u00e9 es presenten unes activitats que promouen l\u2019aprenentatge de la llengua a trav\u00e9s de jocs ling\u00fc\u00edstics i materials m\u00e9s manipulables. La metodologia resulta m\u00e9s activa i aut\u00f2noma permetent a l\u2019alumne anar experimentant en funci\u00f3 del seu nivell actual de compet\u00e8ncies i afavoreix tamb\u00e9 el treball cooperatiu entre iguals del cicle inicial. Fem servir jocs de confegir paraules o frases amb lletra de pal i lligada, jocs de tampons, escriure amb pintura, lletres magn\u00e8tiques, jocs de comprensi\u00f3 lectora, elaboraci\u00f3 de c\u00f2mic i contes\u2026<\/p>\n\n\n\n<p><strong>Experimentaci\u00f3&nbsp; i <\/strong><strong>rob\u00f2tica<\/strong><\/p>\n\n\n\n<p>L\u2019experimentaci\u00f3 \u00e9s fonamental en l\u2019aprofundiment dels aprenentatges perqu\u00e8&nbsp; permet participar activament en el proc\u00e9s d\u2019adquisici\u00f3 de coneixements. Els coneixements que assoleixin mitjan\u00e7ant l\u2019experimentaci\u00f3 <strong>es consoliden de manera m\u00e9s significativa<\/strong> i permeten construir una bona base per adquirir posteriors aprenentatges. Aix\u00f2 nom\u00e9s ho poden fer descobrint, provant, manipulant i experimentant.<\/p>\n\n\n\n<p>En aquest espai aplicarem el funcionament de l\u2019experimentaci\u00f3 no nom\u00e9s a l\u2019\u00e0rea de medi sin\u00f3 tamb\u00e9 al vessant art\u00edstic, f\u00edsic i de llenguatge.<\/p>\n\n\n\n<p><strong>Teatre en castell\u00e0<\/strong><\/p>\n\n\n\n<p>Es prepara una obra de teatre en castell\u00e0. Portaran el gui\u00f3 de l\u2019obra de teatre a casa per aprendre el paper del seu personatge. Per ambientar una mica l\u2019obra, els infants poden portar alguna disfressa, roba, complement, etc. que l\u2019identifiqui amb el personatge. Aquests els podran anar portant per anar assajant, per\u00f2 sobretot el dia de la representaci\u00f3 caldr\u00e0 que hi siguin a l\u2019escola. Els vostres fills\/illes apuntaran a l\u2019agenda la data de la representaci\u00f3, amb antelaci\u00f3 i us convidarem a veure-la; recordeu que nom\u00e9s poden assistir a la representaci\u00f3 les fam\u00edlies dels alumnes que fan l\u2019obra.<\/p>\n\n\n\n<p>Si s\u2019escau els alumnes tamb\u00e9 podran elaborar algun tipus de decorat per la funci\u00f3 i en alguna ocasi\u00f3 representaran l\u2019obra als companys i companyes d\u2019educaci\u00f3 Infantil.<\/p>\n","protected":false},"excerpt":{"rendered":"<p>Espai de matem\u00e0tiques i llengua En aquest taller experimentem amb materials manipulables que ens serveixen per interioritzar diferents aprenentatges dels [&hellip;]<\/p>\n","protected":false},"author":1,"featured_media":0,"parent":9773,"menu_order":0,"comment_status":"closed","ping_status":"close","template":"","meta":{"_bbp_topic_count":0,"_bbp_reply_count":0,"_bbp_total_topic_count":0,"_bbp_total_reply_count":0,"_bbp_voice_count":0,"_bbp_anonymous_reply_count":0,"_bbp_topic_count_hidden":0,"_bbp_reply_count_hidden":0,"_bbp_forum_subforum_count":0,"site-sidebar-layout":"default","site-content-layout":"","ast-site-content-layout":"default","site-content-style":"default","site-sidebar-style":"default","ast-global-header-display":"","ast-banner-title-visibility":"","ast-main-header-display":"","ast-hfb-above-header-display":"","ast-hfb-below-header-display":"","ast-hfb-mobile-header-display":"","site-post-title":"","ast-breadcrumbs-content":"","ast-featured-img":"","footer-sml-layout":"","theme-transparent-header-meta":"","adv-header-id-meta":"","stick-header-meta":"","header-above-stick-meta":"","header-main-stick-meta":"","header-below-stick-meta":"","astra-migrate-meta-layouts":"set","ast-page-background-enabled":"default","ast-page-background-meta":{"desktop":{"background-color":"var(--ast-global-color-4)","background-image":"","background-repeat":"repeat","background-position":"center center","background-size":"auto","background-attachment":"scroll","background-type":"","background-media":"","overlay-type":"","overlay-color":"","overlay-opacity":"","overlay-gradient":""},"tablet":{"background-color":"","background-image":"","background-repeat":"repeat","background-position":"center center","background-size":"auto","background-attachment":"scroll","background-type":"","background-media":"","overlay-type":"","overlay-color":"","overlay-opacity":"","overlay-gradient":""},"mobile":{"background-color":"","background-image":"","background-repeat":"repeat","background-position":"center center","background-size":"auto","background-attachment":"scroll","background-type":"","background-media":"","overlay-type":"","overlay-color":"","overlay-opacity":"","overlay-gradient":""}},"ast-content-background-meta":{"desktop":{"background-color":"var(--ast-global-color-5)","background-image":"","background-repeat":"repeat","background-position":"center center","background-size":"auto","background-attachment":"scroll","background-type":"","background-media":"","overlay-type":"","overlay-color":"","overlay-opacity":"","overlay-gradient":""},"tablet":{"background-color":"var(--ast-global-color-5)","background-image":"","background-repeat":"repeat","background-position":"center center","background-size":"auto","background-attachment":"scroll","background-type":"","background-media":"","overlay-type":"","overlay-color":"","overlay-opacity":"","overlay-gradient":""},"mobile":{"background-color":"var(--ast-global-color-5)","background-image":"","background-repeat":"repeat","background-position":"center center","background-size":"auto","background-attachment":"scroll","background-type":"","background-media":"","overlay-type":"","overlay-color":"","overlay-opacity":"","overlay-gradient":""}},"footnotes":""},"class_list":["post-9776","page","type-page","status-publish","hentry"],"post_mailing_queue_ids":[],"_links":{"self":[{"href":"https:\/\/agora.xtec.cat\/escolaestelguinardo\/wp-json\/wp\/v2\/pages\/9776","targetHints":{"allow":["GET"]}}],"collection":[{"href":"https:\/\/agora.xtec.cat\/escolaestelguinardo\/wp-json\/wp\/v2\/pages"}],"about":[{"href":"https:\/\/agora.xtec.cat\/escolaestelguinardo\/wp-json\/wp\/v2\/types\/page"}],"author":[{"embeddable":true,"href":"https:\/\/agora.xtec.cat\/escolaestelguinardo\/wp-json\/wp\/v2\/users\/1"}],"replies":[{"embeddable":true,"href":"https:\/\/agora.xtec.cat\/escolaestelguinardo\/wp-json\/wp\/v2\/comments?post=9776"}],"version-history":[{"count":3,"href":"https:\/\/agora.xtec.cat\/escolaestelguinardo\/wp-json\/wp\/v2\/pages\/9776\/revisions"}],"predecessor-version":[{"id":9792,"href":"https:\/\/agora.xtec.cat\/escolaestelguinardo\/wp-json\/wp\/v2\/pages\/9776\/revisions\/9792"}],"up":[{"embeddable":true,"href":"https:\/\/agora.xtec.cat\/escolaestelguinardo\/wp-json\/wp\/v2\/pages\/9773"}],"wp:attachment":[{"href":"https:\/\/agora.xtec.cat\/escolaestelguinardo\/wp-json\/wp\/v2\/media?parent=9776"}],"curies":[{"name":"wp","href":"https:\/\/api.w.org\/{rel}","templated":true}]}}